{"id":29800,"date":"2025-02-28T14:27:50","date_gmt":"2025-02-28T17:27:50","guid":{"rendered":"https:\/\/wp.ufpel.edu.br\/progep\/?page_id=29800"},"modified":"2025-07-04T12:55:27","modified_gmt":"2025-07-04T15:55:27","slug":"tecnico-em-hidrologia","status":"publish","type":"page","link":"https:\/\/wp.ufpel.edu.br\/progep\/tecnico-em-hidrologia\/","title":{"rendered":"Cargos TAE: T\u00e9cnico em Hidrologia"},"content":{"rendered":"\n<div class=\"wp-block-group\"><div class=\"wp-block-group__inner-container is-layout-constrained wp-block-group-is-layout-constrained\">\n<div class=\"logoTituloModelStyle\"><img class=\"size-medium wp-image-27184 alignleft\" src=\"https:\/\/wp.ufpel.edu.br\/progep\/files\/2025\/03\/logo-progep_atualizacao-nome_AZUL.png\" alt=\"\" \/><\/p>\n<div><strong>T\u00e9cnico em Hidrologia<\/strong><\/div>\n<\/div>\n<hr class=\"hrModelStyle\" \/>\n<div class=\"descriptionModelStyle\">Esta p\u00e1gina apresenta os dados referentes a carreira dos\/as servidores\/as.<\/div>\n<\/div><\/div>\n\n\n<div class=\"cargoDescriptionStyle\">\n<div class=\"infoCargo\">N\u00edvel de Classifica\u00e7\u00e3o:\u00a0<strong>D<\/strong><br \/>\nDenomina\u00e7\u00e3o do cargo:<br \/>\n<strong>T\u00e9cnico em Hidrologiao<\/strong><br \/>\nC\u00f3digo CBO: <strong>3123-15<\/strong><\/div>\n<div class=\"requisitosCargo\"><span style=\"font-size: 16pt;padding-bottom: 0.5rem\"><strong>Requisitos de Qualifica\u00e7\u00e3o para Ingresso no Cargo<\/strong>:<\/span><br \/>\n<strong>Escolaridade<\/strong>: M\u00e9dio Profissionalizante ou M\u00e9dio Completo + Curso T\u00e9cnico<br \/>\n<strong>Outros<\/strong>:\u00a0(\u2013)<br \/>\n<strong>Habilita\u00e7\u00e3o Profissional: <\/strong>Registro no Conselho competente \u2013 Resolu\u00e7\u00e3o n\u00ba 262, de 28 de julho de 1979 &#8211; CONFEA.<\/div>\n<div class=\"descSumaryCargo\"><span style=\"font-size: 16pt;font-weight: bold;padding-bottom: 0.5rem\">Descri\u00e7\u00e3o Sum\u00e1ria do Cargo:<\/span><br \/>\nExecutar levantamentos geod\u00e9sicos e topohidrogr\u00e1ficos, por meio de levantamentos altim\u00e9tricos e planim\u00e9tricos; implantam, no campo, pontos de projeto, locando obras de sistemas de transporte, obras civis, industriais, rurais e delimitando glebas; planejam trabalhos em geom\u00e1tica; analisar documentos e informa\u00e7\u00f5es cartogr\u00e1ficas, interpretando fotos terrestres, fotos a\u00e9reas, imagens orbitais, cartas, mapas, plantas, identificando acidentes geom\u00e9tricos e pontos de apoio para georeferenciamento e amarra\u00e7\u00e3o, coletando dados geom\u00e9tricos. Efetuar c\u00e1lculos e desenhos e elaboram documentos cartogr\u00e1ficos, definindo escalas e c\u00e1lculos cartogr\u00e1ficos, efetuando aerotriangula\u00e7\u00e3o, restituindo fotografias a\u00e9reas.<br \/>\nAssessorar nas atividades de ensino, pesquisa e extens\u00e3o. <\/div>\n<div class=\"atividadesCargo\"><span style=\"font-size: 16pt;font-weight: bold\">Descri\u00e7\u00e3o de Atividades T\u00edpicas do Cargo:<\/span><br \/>\n<strong>\u2022 Executar levantamentos geod\u00e9sicos e topohidrogr\u00e1ficos:<br \/>\n<\/strong>Executar levantamento cadastral; realizar levantamentos altim\u00e9tricos; realizar levantamentos planim\u00e9tricos; medir \u00e2ngulos e dist\u00e2ncias; determinar coordenadas geogr\u00e1ficas e planoretan-gulares (UTM); transportar coordenadas; determinar norte verdadeiro; determinar norte magn\u00e9tico; elaborar relat\u00f3rio.<strong><br \/>\n\u2022 Planejar trabalhos em geom\u00e1tica:<br \/>\n<\/strong>Definir escopo; definir metodologia; definir log\u00edstica; especificar equipamentos, acess\u00f3rios e materiais; quantificar equipamentos, acess\u00f3rios e materiais; dimensionar equipes de campo: t\u00e9cnicos, top\u00f3grafos e auxiliares; dimensionar equipes de escrit\u00f3rio: desenhistas e calculista; elaborar planilha de custos; elaborar cronograma f\u00edsico-financeiro.<strong><br \/>\n\u2022 Analisar documentos e informa\u00e7\u00f5es cartogr\u00e1ficas:<br \/>\n<\/strong>Interpretar imagens orbitais; interpretar mapas, cartas e plantas; interpretar relevos para implanta\u00e7\u00e3o de linhas de explora\u00e7\u00e3o; identificar acidentes geom\u00e9tricos; identificar pontos de apoio para georeferenciamento e amarra\u00e7\u00e3o; coletar dados geom\u00e9tricos.<strong><br \/>\n\u2022 Efetuar c\u00e1lculos e desenhos:<br \/>\n<\/strong>Calcular declina\u00e7\u00e3o magn\u00e9tica; calcular converg\u00eancia meridiana; calcular norte verdadeiro; calcular \u00e1reas de terrenos; calcular dist\u00e2ncias, azimutes e coordenadas; calcular curvas de n\u00edvel por interpola\u00e7\u00e3o; elaborar planta topogr\u00e1fica, conforme normas da ABNT; elaborar representa\u00e7\u00f5es gr\u00e1ficas.<strong><br \/>\n\u2022 Elaborar documentos cartogr\u00e1ficos:<br \/>\n<\/strong>Definir tipo de documento; definir escalas e c\u00e1lculos cartogr\u00e1ficos; definir sistema de proje\u00e7\u00e3o; editar documentos cartogr\u00e1ficos; reambular fotografia a\u00e9rea; revisar documentos cartogr\u00e1ficos; criar base cartogr\u00e1fica; criar arte final de documentos cartogr\u00e1ficos.<strong><br \/>\n\u2022 Utilizar recursos de inform\u00e1tica.<br \/>\n\u2022Executar outras tarefas de mesma natureza e n\u00edvel de complexidade associadas ao ambiente organizacional.<\/strong><\/div>\n<\/div>","protected":false},"excerpt":{"rendered":"<p>T\u00e9cnico em Hidrologia Esta p\u00e1gina apresenta os dados referentes a carreira dos\/as servidores\/as. N\u00edvel de Classifica\u00e7\u00e3o:\u00a0D Denomina\u00e7\u00e3o do cargo: T\u00e9cnico em Hidrologiao C\u00f3digo CBO: 3123-15 Requisitos de Qualifica\u00e7\u00e3o para Ingresso no Cargo: Escolaridade: M\u00e9dio Profissionalizante ou M\u00e9dio Completo + Curso T\u00e9cnico Outros:\u00a0(\u2013) Habilita\u00e7\u00e3o Profissional: Registro no Conselho competente \u2013 Resolu\u00e7\u00e3o n\u00ba 262, de 28 de [&hellip;]<\/p>\n","protected":false},"author":21,"featured_media":0,"parent":0,"menu_order":0,"comment_status":"closed","ping_status":"closed","template":"","meta":{"footnotes":""},"class_list":["post-29800","page","type-page","status-publish","hentry"],"_links":{"self":[{"href":"https:\/\/wp.ufpel.edu.br\/progep\/wp-json\/wp\/v2\/pages\/29800","targetHints":{"allow":["GET"]}}],"collection":[{"href":"https:\/\/wp.ufpel.edu.br\/progep\/wp-json\/wp\/v2\/pages"}],"about":[{"href":"https:\/\/wp.ufpel.edu.br\/progep\/wp-json\/wp\/v2\/types\/page"}],"author":[{"embeddable":true,"href":"https:\/\/wp.ufpel.edu.br\/progep\/wp-json\/wp\/v2\/users\/21"}],"replies":[{"embeddable":true,"href":"https:\/\/wp.ufpel.edu.br\/progep\/wp-json\/wp\/v2\/comments?post=29800"}],"version-history":[{"count":6,"href":"https:\/\/wp.ufpel.edu.br\/progep\/wp-json\/wp\/v2\/pages\/29800\/revisions"}],"predecessor-version":[{"id":34699,"href":"https:\/\/wp.ufpel.edu.br\/progep\/wp-json\/wp\/v2\/pages\/29800\/revisions\/34699"}],"wp:attachment":[{"href":"https:\/\/wp.ufpel.edu.br\/progep\/wp-json\/wp\/v2\/media?parent=29800"}],"curies":[{"name":"wp","href":"https:\/\/api.w.org\/{rel}","templated":true}]}}