{"id":29790,"date":"2025-02-28T14:04:46","date_gmt":"2025-02-28T17:04:46","guid":{"rendered":"https:\/\/wp.ufpel.edu.br\/progep\/?page_id=29790"},"modified":"2025-07-04T12:55:15","modified_gmt":"2025-07-04T15:55:15","slug":"tecnico-em-geologia","status":"publish","type":"page","link":"https:\/\/wp.ufpel.edu.br\/progep\/tecnico-em-geologia\/","title":{"rendered":"Cargos TAE: T\u00e9cnico em Geologia"},"content":{"rendered":"\n<div class=\"wp-block-group\"><div class=\"wp-block-group__inner-container is-layout-constrained wp-block-group-is-layout-constrained\">\n<div class=\"logoTituloModelStyle\"><img class=\"size-medium wp-image-27184 alignleft\" src=\"https:\/\/wp.ufpel.edu.br\/progep\/files\/2025\/03\/logo-progep_atualizacao-nome_AZUL.png\" alt=\"\" \/><\/p>\n<div><strong>T\u00e9cnico em Geologia<\/strong><\/div>\n<\/div>\n<hr class=\"hrModelStyle\" \/>\n<div class=\"descriptionModelStyle\">Esta p\u00e1gina apresenta os dados referentes a carreira dos\/as servidores\/as.<\/div>\n<\/div><\/div>\n\n\n<div class=\"cargoDescriptionStyle\">\n<div class=\"infoCargo\">N\u00edvel de Classifica\u00e7\u00e3o:\u00a0<strong>D<\/strong><br \/>\nDenomina\u00e7\u00e3o do cargo:<br \/>\n<strong>\u00a0T\u00e9cnico em Geologia<\/strong><br \/>\nC\u00f3digo CBO: <strong>3161-10<\/strong><\/div>\n<div class=\"requisitosCargo\"><span style=\"font-size: 16pt;padding-bottom: 0.5rem\"><strong>Requisitos de Qualifica\u00e7\u00e3o para Ingresso no Cargo<\/strong>:<\/span><br \/>\n<strong>Escolaridade<\/strong>: M\u00e9dio Profissionalizante ou M\u00e9dio Completo + Curso T\u00e9cnico<br \/>\n<strong>Outros<\/strong>: \u00a0(\u2013)<br \/>\n<strong>Habilita\u00e7\u00e3o Profissional: <\/strong>Registro no Conselho competente \u2013 Resolu\u00e7\u00e3o n\u00ba 262, de 28 de julho de 1979 &#8211; CONFEA.<\/div>\n<div class=\"descSumaryCargo\"><span style=\"font-size: 16pt;font-weight: bold;padding-bottom: 0.5rem\">Descri\u00e7\u00e3o Sum\u00e1ria do Cargo:<\/span><br \/>\nAuxiliar ge\u00f3logos e engenheiros nos trabalhos de prospec\u00e7\u00e3o de recursos minerais. Coletar amostras e processam dados geol\u00f3gicos, geof\u00edsicos e geoqu\u00edmicos. Preparar amostras minerais e monitorar processos de an\u00e1lises laboratoriais. Identificar \u00e1reas de potencial mineral por meio de levantamentos topogr\u00e1ficos, geol\u00f3gicos e cartogr\u00e1ficos. Controlar a qualidade de frente de lavra e participam de estudos de impacto ambiental.<br \/>\nAssessorar nas atividades de ensino, pesquisa e extens\u00e3o. <\/div>\n<div class=\"atividadesCargo\"><span style=\"font-size: 16pt;font-weight: bold\">Descri\u00e7\u00e3o de Atividades T\u00edpicas do Cargo:<\/span><br \/>\n<strong>\u2022 Fornecer suporte para prospec\u00e7\u00e3o de recursos minerais:<br \/>\n<\/strong>Definir base operacional de trabalho e apoio log\u00edstico; definir equipe, equipamentos, m\u00e9todos e padr\u00f5es de trabalho; auxiliar na defini\u00e7\u00e3o de cronograma de trabalho; treinar equipe de trabalho; coordenar equipe de trabalho; administrar custos operacionais; realizar levantamento topogr\u00e1fico; realizar mapeamento geol\u00f3gico; localizar pontos de amostragem; registrar dados de perfilagem de po\u00e7os e desvios de furos; descrever aspectos macrosc\u00f3picos de amostras.<strong><br \/>\n\u2022 Coletar amostras geoqu\u00edmicas, geof\u00edsicas e geol\u00f3gicas:<br \/>\n<\/strong>Coletar amostras de sedimentos de corrente; coletar amostras de concentrado de bateia; coletar amostras de rochas; coletar amostras de solo; coletar amostras de trado; coletar amostras de spt (sondagem de persuss\u00e3o tracion\u00e1ria); coletar amostras de testemunhos de sondagem; coletar amostras de canal; coletar amostra indeformada; coletar amostras de plantas e f\u00f3sseis; coletar amostras de \u00e1gua; coletar amostras de gases; coletar amostras de \u00f3leo.<strong><br \/>\n\u2022 Processar dados geol\u00f3gicos, geof\u00edsicos e geoqu\u00edmicos:<br \/>\n<\/strong>Conferir dados; compilar dados; avaliar e interpretar dados; elaborar mapas e perfis geogr\u00e1ficos; elaborar relat\u00f3rios t\u00e9cnicos; atualizar mapas e documentos.<strong><br \/>\n\u2022 Preparar amostras minerais:<br \/>\n<\/strong>Homogeneizar amostras; quartear amostras; secar amostras por via \u00famida; separar amos-tras por granulometria britar amostras; pulverizar amostras; organizar amostras; concentrar amostras volumetricamente; calcular densidades de amostras; confeccionar l\u00e2minas de amostras; protocolizar amostras conforme normas legais e, em vig\u00eancia para an\u00e1lises laboratoriais; monitorar processos de an\u00e1lises laboratoriais.<strong><br \/>\n\u2022 Identificar \u00e1reas de potencial mineral:<br \/>\n<\/strong>Efetuar levantamento de publica\u00e7\u00f5es t\u00e9cnicas; identificar \u00e1reas de pesquisa; consultar mapas aerogeof\u00edsicos, relat\u00f3rios e cartas topogr\u00e1ficas; efetuar reconhecimento cartogr\u00e1fico; identificar vias de acesso; efetuar reconhecimento geol\u00f3gico.<strong><br \/>\n\u2022 Controlar qualidade de frente de lavra:<br \/>\n<\/strong>Determinar teor de min\u00e9rio conforme amostragens; selecionar locais para extra\u00e7\u00e3o de recursos minerais; instalar piez\u00f4metro; delimitar \u00e1reas de est\u00e9ril de \u00e1reas de min\u00e9rio; fiscalizar avan\u00e7o de lavra; calcular controle de qualidade de pilha de estoque e homogeneiza\u00e7\u00e3o; gerar informa\u00e7\u00f5es para c\u00e1lculo de vida \u00fatil da mina.<strong><br \/>\n\u2022 Participar de estudos de impacto ambiental:<br \/>\n<\/strong>Detectar emiss\u00e3o de poluentes no solo; detectar poluentes em bacias hidrogr\u00e1ficas; detectar \u00edndices de desmatamento; detectar \u00edndices de eros\u00e3o; detectar emiss\u00e3o de poluentes na at-mosfera; registrar ocorr\u00eancia de fauna e flora espec\u00edfica; participar na confec\u00e7\u00e3o de planos derecupera\u00e7\u00e3o de \u00e1reas degrad\u00e1veis.<strong><br \/>\n\u2022 Utilizar recursos de inform\u00e1tica.<br \/>\n\u2022Executar outras tarefas de mesma natureza e n\u00edvel de complexidade associadas ao ambiente organizacional.<\/strong><\/div>\n<\/div>","protected":false},"excerpt":{"rendered":"<p>T\u00e9cnico em Geologia Esta p\u00e1gina apresenta os dados referentes a carreira dos\/as servidores\/as. N\u00edvel de Classifica\u00e7\u00e3o:\u00a0D Denomina\u00e7\u00e3o do cargo: \u00a0T\u00e9cnico em Geologia C\u00f3digo CBO: 3161-10 Requisitos de Qualifica\u00e7\u00e3o para Ingresso no Cargo: Escolaridade: M\u00e9dio Profissionalizante ou M\u00e9dio Completo + Curso T\u00e9cnico Outros: \u00a0(\u2013) Habilita\u00e7\u00e3o Profissional: Registro no Conselho competente \u2013 Resolu\u00e7\u00e3o n\u00ba 262, de 28 [&hellip;]<\/p>\n","protected":false},"author":21,"featured_media":0,"parent":0,"menu_order":0,"comment_status":"closed","ping_status":"closed","template":"","meta":{"footnotes":""},"class_list":["post-29790","page","type-page","status-publish","hentry"],"_links":{"self":[{"href":"https:\/\/wp.ufpel.edu.br\/progep\/wp-json\/wp\/v2\/pages\/29790","targetHints":{"allow":["GET"]}}],"collection":[{"href":"https:\/\/wp.ufpel.edu.br\/progep\/wp-json\/wp\/v2\/pages"}],"about":[{"href":"https:\/\/wp.ufpel.edu.br\/progep\/wp-json\/wp\/v2\/types\/page"}],"author":[{"embeddable":true,"href":"https:\/\/wp.ufpel.edu.br\/progep\/wp-json\/wp\/v2\/users\/21"}],"replies":[{"embeddable":true,"href":"https:\/\/wp.ufpel.edu.br\/progep\/wp-json\/wp\/v2\/comments?post=29790"}],"version-history":[{"count":5,"href":"https:\/\/wp.ufpel.edu.br\/progep\/wp-json\/wp\/v2\/pages\/29790\/revisions"}],"predecessor-version":[{"id":34698,"href":"https:\/\/wp.ufpel.edu.br\/progep\/wp-json\/wp\/v2\/pages\/29790\/revisions\/34698"}],"wp:attachment":[{"href":"https:\/\/wp.ufpel.edu.br\/progep\/wp-json\/wp\/v2\/media?parent=29790"}],"curies":[{"name":"wp","href":"https:\/\/api.w.org\/{rel}","templated":true}]}}