{"id":29787,"date":"2025-02-28T13:53:35","date_gmt":"2025-02-28T16:53:35","guid":{"rendered":"https:\/\/wp.ufpel.edu.br\/progep\/?page_id=29787"},"modified":"2025-07-04T12:54:26","modified_gmt":"2025-07-04T15:54:26","slug":"tecnico-em-farmacia","status":"publish","type":"page","link":"https:\/\/wp.ufpel.edu.br\/progep\/tecnico-em-farmacia\/","title":{"rendered":"Cargos TAE: T\u00e9cnico em Farm\u00e1cia"},"content":{"rendered":"\n<div class=\"wp-block-group\"><div class=\"wp-block-group__inner-container is-layout-constrained wp-block-group-is-layout-constrained\">\n<div class=\"logoTituloModelStyle\"><img class=\"size-medium wp-image-27184 alignleft\" src=\"https:\/\/wp.ufpel.edu.br\/progep\/files\/2025\/03\/logo-progep_atualizacao-nome_AZUL.png\" alt=\"\" \/><\/p>\n<div><strong>T\u00e9cnico em Farm\u00e1cia<\/strong><\/div>\n<\/div>\n<hr class=\"hrModelStyle\" \/>\n<div class=\"descriptionModelStyle\">Esta p\u00e1gina apresenta os dados referentes a carreira dos\/as servidores\/as.<\/div>\n<\/div><\/div>\n\n\n<div class=\"cargoDescriptionStyle\">\n<div class=\"infoCargo\"><span>N\u00edvel de Classifica\u00e7\u00e3o:\u00a0<strong>D<\/strong><\/span><br \/>\n<span>Denomina\u00e7\u00e3o do cargo:<br \/>\n<strong>\u00a0T\u00e9cnico em Farm\u00e1cia<\/strong><\/span><br \/>\n<span>C\u00f3digo CBO: <strong>3251-15<\/strong><\/span><\/div>\n<div class=\"requisitosCargo\"><span style=\"font-size: 16pt;padding-bottom: 0.5rem\"><strong>Requisitos de Qualifica\u00e7\u00e3o para Ingresso no Cargo<\/strong>:<\/span><br \/>\n<span><strong>Escolaridade<\/strong>: M\u00e9dio Profissionalizante ou M\u00e9dio Completo + Curso T\u00e9cnico<\/span><br \/>\n<span><strong>Outros<\/strong>:\u00a0(\u2013)<\/span><br \/>\n<strong><span>Habilita\u00e7\u00e3o Profissional: <\/span><\/strong><span>Registro no Conselho competente &#8211; Decreto 793\/93<\/span><strong>.<\/strong><\/div>\n<div class=\"descSumaryCargo\"><span style=\"font-size: 16pt;font-weight: bold;padding-bottom: 0.5rem\">Descri\u00e7\u00e3o Sum\u00e1ria do Cargo:<\/span><br \/>\n<span>Realizar opera\u00e7\u00f5es farmacot\u00e9cnicas, conferir f\u00f3rmulas, efetuar manuten\u00e7\u00e3o de rotina em equipamentos, utens\u00edlios de laborat\u00f3rio e r\u00f3tulos das mat\u00e9rias-primas. Controlar estoques, fazer testes de qualidade de mat\u00e9rias-primas, equipamentos e ambiente. Documentar atividades e procedimentos da manipula\u00e7\u00e3o farmac\u00eautica.<br \/>\nAssessorar nas atividades de ensino, pesquisa e extens\u00e3o. <\/span><\/div>\n<div class=\"atividadesCargo\"><span style=\"font-size: 16pt;font-weight: bold\">Descri\u00e7\u00e3o de Atividades T\u00edpicas do Cargo:<\/span><br \/>\n<span><strong>\u2022 Efetuar manuten\u00e7\u00e3o de rotina:<br \/>\n<\/strong>Higienizar equipamentos e utens\u00edlios de laborat\u00f3rio; solicitar manuten\u00e7\u00e3o preventiva e corretiva de equipamentos; encaminhar para descarte o material contaminado.<strong><br \/>\n\u2022 Controlar estoques:<br \/>\n<\/strong>Fazer pedidos; repor estoques de medicamentos; conferir embalagens; efetuar trocas de produtos; encaminhar produtos vencidos aos \u00f3rg\u00e3os competentes.<strong><br \/>\n\u2022 Documentar atividades e procedimentos:<br \/>\n<\/strong>Registrar entrada e sa\u00edda de estoques; listar manuten\u00e7\u00f5es de rotina; relacionar produtos vencidos; controlar condi\u00e7\u00f5es de armazenamento e prazos de validade; documentar dispensa\u00e7\u00e3o de medicamentos; documentar aplica\u00e7\u00e3o de injet\u00e1veis; registrar compra e venda de me-dicamentos de controle especial.<strong><br \/>\n\u2022 Trabalhar de acordo com as boas pr\u00e1ticas de manipula\u00e7\u00e3o e dispensa\u00e7\u00e3o:<br \/>\n<\/strong>Utilizar equipamento de prote\u00e7\u00e3o individual (EPI); aplicar t\u00e9cnicas de seguran\u00e7a e higiene pessoal; separar material para descarte; seguir procedimentos operacionais padr\u00f5es; cumprir prazos estabelecidos.<strong><br \/>\n\u2022 Atender usu\u00e1rios:<br \/>\n<\/strong>Interpretar receitas; sugerir gen\u00e9ricos e similares; dispensar medicamentos; orientar consumidores sobre uso correto, rea\u00e7\u00f5es adversas e conserva\u00e7\u00e3o dos medicamentos; carimbar receita na substitui\u00e7\u00e3o do \u00e9tico pelo gen\u00e9rico ou similar; realizar farmacovigil\u00e2ncia; separar medicamentos em drogarias hospitalares.<strong><br \/>\n\u2022 Utilizar recursos de inform\u00e1tica.<br \/>\n\u2022 Participar de campanhas sanit\u00e1rias.<br \/>\n\u2022Executar outras tarefas de mesma natureza e n\u00edvel de complexidade associadas ao ambiente organizacional.<\/strong><\/span><\/div>\n<\/div>","protected":false},"excerpt":{"rendered":"<p>T\u00e9cnico em Farm\u00e1cia Esta p\u00e1gina apresenta os dados referentes a carreira dos\/as servidores\/as. N\u00edvel de Classifica\u00e7\u00e3o:\u00a0D Denomina\u00e7\u00e3o do cargo: \u00a0T\u00e9cnico em Farm\u00e1cia C\u00f3digo CBO: 3251-15 Requisitos de Qualifica\u00e7\u00e3o para Ingresso no Cargo: Escolaridade: M\u00e9dio Profissionalizante ou M\u00e9dio Completo + Curso T\u00e9cnico Outros:\u00a0(\u2013) Habilita\u00e7\u00e3o Profissional: Registro no Conselho competente &#8211; Decreto 793\/93. Descri\u00e7\u00e3o Sum\u00e1ria do Cargo: [&hellip;]<\/p>\n","protected":false},"author":21,"featured_media":0,"parent":0,"menu_order":0,"comment_status":"closed","ping_status":"closed","template":"","meta":{"footnotes":""},"class_list":["post-29787","page","type-page","status-publish","hentry"],"_links":{"self":[{"href":"https:\/\/wp.ufpel.edu.br\/progep\/wp-json\/wp\/v2\/pages\/29787","targetHints":{"allow":["GET"]}}],"collection":[{"href":"https:\/\/wp.ufpel.edu.br\/progep\/wp-json\/wp\/v2\/pages"}],"about":[{"href":"https:\/\/wp.ufpel.edu.br\/progep\/wp-json\/wp\/v2\/types\/page"}],"author":[{"embeddable":true,"href":"https:\/\/wp.ufpel.edu.br\/progep\/wp-json\/wp\/v2\/users\/21"}],"replies":[{"embeddable":true,"href":"https:\/\/wp.ufpel.edu.br\/progep\/wp-json\/wp\/v2\/comments?post=29787"}],"version-history":[{"count":5,"href":"https:\/\/wp.ufpel.edu.br\/progep\/wp-json\/wp\/v2\/pages\/29787\/revisions"}],"predecessor-version":[{"id":34697,"href":"https:\/\/wp.ufpel.edu.br\/progep\/wp-json\/wp\/v2\/pages\/29787\/revisions\/34697"}],"wp:attachment":[{"href":"https:\/\/wp.ufpel.edu.br\/progep\/wp-json\/wp\/v2\/media?parent=29787"}],"curies":[{"name":"wp","href":"https:\/\/api.w.org\/{rel}","templated":true}]}}