{"id":29776,"date":"2025-02-28T11:23:04","date_gmt":"2025-02-28T14:23:04","guid":{"rendered":"https:\/\/wp.ufpel.edu.br\/progep\/?page_id=29776"},"modified":"2025-07-04T12:53:58","modified_gmt":"2025-07-04T15:53:58","slug":"tecnico-em-enfermagem","status":"publish","type":"page","link":"https:\/\/wp.ufpel.edu.br\/progep\/tecnico-em-enfermagem\/","title":{"rendered":"Cargos TAE: T\u00e9cnico em Enfermagem"},"content":{"rendered":"\n<div class=\"wp-block-group\"><div class=\"wp-block-group__inner-container is-layout-constrained wp-block-group-is-layout-constrained\">\n<div class=\"logoTituloModelStyle\"><img class=\"size-medium wp-image-27184 alignleft\" src=\"https:\/\/wp.ufpel.edu.br\/progep\/files\/2025\/03\/logo-progep_atualizacao-nome_AZUL.png\" alt=\"\" \/><\/p>\n<div><strong>T\u00e9cnico em Enfermagem<\/strong><\/div>\n<\/div>\n<hr class=\"hrModelStyle\" \/>\n<div class=\"descriptionModelStyle\">Esta p\u00e1gina apresenta os dados referentes a carreira dos\/as servidores\/as.<\/div>\n<\/div><\/div>\n\n\n<div class=\"cargoDescriptionStyle\">\n<div class=\"infoCargo\"><span>N\u00edvel de Classifica\u00e7\u00e3o:\u00a0<strong>D<\/strong><\/span><br \/>\n<span>Denomina\u00e7\u00e3o do cargo:<br \/>\n<strong>\u00a0T\u00e9cnico em Enfermagem<\/strong><\/span><br \/>\n<span>C\u00f3digo CBO: <strong>3222-05<\/strong><\/span><\/div>\n<div class=\"requisitosCargo\"><span style=\"font-size: 16pt;padding-bottom: 0.5rem\"><strong>Requisitos de Qualifica\u00e7\u00e3o para Ingresso no Cargo<\/strong>:<\/span><br \/>\n<span><strong>Escolaridade<\/strong>: M\u00e9dio Profissionalizante ou M\u00e9dio Completo + Curso T\u00e9cnico<\/span><br \/>\n<span><strong>Outros<\/strong>: (\u2013)<\/span><br \/>\n<strong>Habilita\u00e7\u00e3o Profissional: <\/strong>Registro no Conselho competente \u2013 Resolu\u00e7\u00e3o COFEN n\u00ba 244\/2000<\/span><strong><span style=\"font-family: 'comic sans ms', sans-serif\">.<\/strong><\/div>\n<div class=\"descSumaryCargo\"><span style=\"font-size: 16pt;font-weight: bold;padding-bottom: 0.5rem\">Descri\u00e7\u00e3o Sum\u00e1ria do Cargo:<\/span><br \/>\n<span>Desempenhar atividades t\u00e9cnicas de enfermagem em hospitais, cl\u00ednicas e outros estabelecimentos de assist\u00eancia m\u00e9dica, embarca\u00e7\u00f5es e domic\u00edlios; atuar em cirurgia, terapia, puericultura, pediatria, psiquiatria, obstetr\u00edcia, sa\u00fade ocupacional e outras; prestar assist\u00eancia ao paciente, atuando sob supervis\u00e3o de enfermeiro; organizar ambiente de trabalho. Trabalhar em conformidade \u00e0s boas pr\u00e1ticas, normas e procedimentos de biosseguran\u00e7a. Assessorar nas atividades de ensino, pesquisa e extens\u00e3o. <\/span><\/div>\n<div class=\"atividadesCargo\"><span style=\"font-size: 16pt;font-weight: bold\">Descri\u00e7\u00e3o de Atividades T\u00edpicas do Cargo:<\/span><br \/>\n<span><strong>\u2022 Prestar assist\u00eancia ao paciente: <\/strong>Puncionar acesso venoso; aspirar c\u00e2nula oro-traqueal e de traqueotomia; massagear paciente; trocar curativos; mudar dec\u00fabito no leito; proteger proemin\u00eancias \u00f3sseas; aplicar bolsa de gelo e calor \u00famido e seco; estimular paciente (movimentos ativos e passivos); proceder \u00e0 inaloterapia; estimular a fun\u00e7\u00e3o v\u00e9sico-intestinal; oferecer comadre e papagaio; aplicar clister (lavagem intestinal); introduzir cateter naso-g\u00e1strico e vesical; ajudar paciente a alimentar-se; instalar alimenta\u00e7\u00e3o induzida; controlar balan\u00e7o h\u00eddrico; remover o paciente; cuidar de corpo ap\u00f3s morte.<strong><br \/>\n\u2022 Administrar medica\u00e7\u00e3o prescrita: <\/strong>Verificar medicamentos recebidos; identificar medica\u00e7\u00e3o a ser administrada (leito, nome e registro do paciente); preparar medica\u00e7\u00e3o prescrita; verificar via de administra\u00e7\u00e3o; preparar paciente para medica\u00e7\u00e3o (jejum, desjejum); executar assepsia; acompanhar paciente na ingest\u00e3o de medicamento; acompanhar tempo de administra\u00e7\u00e3o de soro e medica\u00e7\u00e3o; administrar em separado medicamentos incompat\u00edveis; instalar hemoderivados; atentar para temperatura e rea\u00e7\u00f5es de paciente em transfus\u00f5es; administrar produtos quimioter\u00e1picos.<strong><br \/>\n\u2022 Auxiliar equipe t\u00e9cnica em procedimentos espec\u00edficos:<br \/>\n<\/strong>Auxiliar equipe em procedimentos invasivos; auxiliar em reanima\u00e7\u00e3o de paciente; aprontar paciente para exame e cirurgia; efetuar tricotomia; coletar material para exames; efetuar testes e exames (cut\u00e2neo, ergom\u00e9trico, eletrocardiograma); controlar administra\u00e7\u00e3o de vacinas.<strong><br \/>\n\u2022 Promover sa\u00fade mental: <\/strong>Averiguar paciente e pertences (drogas, \u00e1lcool etc.); atuar em a\u00e7\u00f5es preventivas visando minimizar situa\u00e7\u00f5es de risco; estimular paciente na express\u00e3o de sentimentos; conduzir paciente a atividades sociais; proteger paciente durante crises; acionar equipe de seguran\u00e7a.<strong><br \/>\n\u2022 Trabalhar com biosseguran\u00e7a e seguran\u00e7a: <\/strong>Lavar m\u00e3os antes e ap\u00f3s cada procedimento; usar equipamento de prote\u00e7\u00e3o individual (EPI); precaver-se contra efeitos adversos dos produtos; providenciar limpeza concorrente e terminal; desinfectar aparelhos e materiais; esterilizar instrumental; acondicionar perfurocortante para descarte; descartar material contaminado; tomar vacinas; seguir protocolo em caso de contamina\u00e7\u00e3o ou acidente.<strong><br \/>\n\u2022 Comunicar-se: <\/strong>Orientar familiares e pacientes; conversar com paciente; colher informa\u00e7\u00f5es sobre e com o paciente; trocar informa\u00e7\u00f5es t\u00e9cnicas; comunicar ao m\u00e9dico efeitos adversos dos medicamentos; ministrar palestras; etiquetar pertences de paciente; etiquetar prescri\u00e7\u00e3o m\u00e9dica (leito, nome e registro do paciente); marcar tipo de contamina\u00e7\u00e3o do hamper e lixo; interpretar testes cut\u00e2neos; registrar administra\u00e7\u00e3o de medica\u00e7\u00e3o; registrar intercorr\u00eancias e procedimentos realizados; ler registro de procedimentos realizados e intercorr\u00eancias.<strong><br \/>\n\u2022 Participar em campanhas de sa\u00fade p\u00fablica.<br \/>\n\u2022 <\/strong>Manipular equipamentos.<strong><br \/>\n\u2022 Calcular dosagem de medicamentos.<br \/>\n<\/strong>\u2022 Utilizar recursos de inform\u00e1tica.<strong><br \/>\n\u2022 Executar outras tarefas de mesma natureza e n\u00edvel de complexidade associadas ao ambiente organizacional.<\/strong><\/span><\/div>\n<\/div>","protected":false},"excerpt":{"rendered":"<p>T\u00e9cnico em Enfermagem Esta p\u00e1gina apresenta os dados referentes a carreira dos\/as servidores\/as. N\u00edvel de Classifica\u00e7\u00e3o:\u00a0D Denomina\u00e7\u00e3o do cargo: \u00a0T\u00e9cnico em Enfermagem C\u00f3digo CBO: 3222-05 Requisitos de Qualifica\u00e7\u00e3o para Ingresso no Cargo: Escolaridade: M\u00e9dio Profissionalizante ou M\u00e9dio Completo + Curso T\u00e9cnico Outros: (\u2013) Habilita\u00e7\u00e3o Profissional: Registro no Conselho competente \u2013 Resolu\u00e7\u00e3o COFEN n\u00ba 244\/2000. Descri\u00e7\u00e3o [&hellip;]<\/p>\n","protected":false},"author":21,"featured_media":0,"parent":0,"menu_order":0,"comment_status":"closed","ping_status":"closed","template":"","meta":{"footnotes":""},"class_list":["post-29776","page","type-page","status-publish","hentry"],"_links":{"self":[{"href":"https:\/\/wp.ufpel.edu.br\/progep\/wp-json\/wp\/v2\/pages\/29776","targetHints":{"allow":["GET"]}}],"collection":[{"href":"https:\/\/wp.ufpel.edu.br\/progep\/wp-json\/wp\/v2\/pages"}],"about":[{"href":"https:\/\/wp.ufpel.edu.br\/progep\/wp-json\/wp\/v2\/types\/page"}],"author":[{"embeddable":true,"href":"https:\/\/wp.ufpel.edu.br\/progep\/wp-json\/wp\/v2\/users\/21"}],"replies":[{"embeddable":true,"href":"https:\/\/wp.ufpel.edu.br\/progep\/wp-json\/wp\/v2\/comments?post=29776"}],"version-history":[{"count":5,"href":"https:\/\/wp.ufpel.edu.br\/progep\/wp-json\/wp\/v2\/pages\/29776\/revisions"}],"predecessor-version":[{"id":34695,"href":"https:\/\/wp.ufpel.edu.br\/progep\/wp-json\/wp\/v2\/pages\/29776\/revisions\/34695"}],"wp:attachment":[{"href":"https:\/\/wp.ufpel.edu.br\/progep\/wp-json\/wp\/v2\/media?parent=29776"}],"curies":[{"name":"wp","href":"https:\/\/api.w.org\/{rel}","templated":true}]}}