{"id":29772,"date":"2025-02-28T11:15:34","date_gmt":"2025-02-28T14:15:34","guid":{"rendered":"https:\/\/wp.ufpel.edu.br\/progep\/?page_id=29772"},"modified":"2025-07-04T12:53:45","modified_gmt":"2025-07-04T15:53:45","slug":"tecnico-em-eletroeletronica","status":"publish","type":"page","link":"https:\/\/wp.ufpel.edu.br\/progep\/tecnico-em-eletroeletronica\/","title":{"rendered":"Cargos TAE: T\u00e9cnico em Eletroeletr\u00f4nica"},"content":{"rendered":"\n<div class=\"wp-block-group\"><div class=\"wp-block-group__inner-container is-layout-constrained wp-block-group-is-layout-constrained\">\n<div class=\"logoTituloModelStyle\"><img class=\"size-medium wp-image-27184 alignleft\" src=\"https:\/\/wp.ufpel.edu.br\/progep\/files\/2025\/03\/logo-progep_atualizacao-nome_AZUL.png\" alt=\"\" \/><\/p>\n<div><strong>T\u00e9cnico em Eletroeletr\u00f4nica<\/strong><\/div>\n<\/div>\n<hr class=\"hrModelStyle\" \/>\n<div class=\"descriptionModelStyle\">Esta p\u00e1gina apresenta os dados referentes a carreira dos\/as servidores\/as.<\/div>\n<\/div><\/div>\n\n\n<div class=\"cargoDescriptionStyle\">\n<div class=\"infoCargo\"><span>N\u00edvel de Classifica\u00e7\u00e3o:\u00a0<strong>D<\/strong><\/span><br \/>\n<span>Denomina\u00e7\u00e3o do cargo:<br \/>\n<strong>\u00a0T\u00e9cnico em Eletroeletr\u00f4nica<\/strong><\/span><br \/>\n<span>C\u00f3digo CBO: <strong> 313 <\/strong><\/span><\/div>\n<div class=\"requisitosCargo\"><span style=\"font-size: 16pt;padding-bottom: 0.5rem\"><strong>Requisitos de Qualifica\u00e7\u00e3o para Ingresso no Cargo<\/strong>:<\/span><br \/>\n<span><strong>Escolaridade<\/strong>: M\u00e9dio Profissionalizante ou M\u00e9dio Completo + Curso T\u00e9cnico<\/span><br \/>\n<span><strong>Outros<\/strong>: (\u2013)<\/span><br \/>\n<strong><span>Habilita\u00e7\u00e3o Profissional: <\/span><\/strong><span>Registro no Conselho competente. Resolu\u00e7\u00e3o n\u00ba <\/span><span>262, de 28 de julho de 1979 do CONFEA.<\/span><\/div>\n<div class=\"descSumaryCargo\"><span style=\"font-size: 16pt;font-weight: bold;padding-bottom: 0.5rem\">Descri\u00e7\u00e3o Sum\u00e1ria do Cargo:<\/span><br \/>\nExecutar tarefas de manuten\u00e7\u00e3o, instala\u00e7\u00e3o e repara\u00e7\u00e3o de sistemas eletroeletr\u00f4nicos convencionais e<br \/>\nautomatizados, bem como as de coordena\u00e7\u00e3o e desenvolvimento de equipes de trabalho no planejamento,<br \/>\ndesenvolvimento, avalia\u00e7\u00e3o de projetos e aplica\u00e7\u00e3o de normas t\u00e9cnicas. Assessorar nas atividades de<br \/>\nensino, pesquisa e extens\u00e3o.<br \/>\n<\/span><\/div>\n<div class=\"atividadesCargo\"><span style=\"font-size: 16pt;font-weight: bold\">Descri\u00e7\u00e3o de Atividades T\u00edpicas do Cargo:<\/span><br \/>\n<span>\u2022 Colaborar nos trabalhos de estudo e aperfei\u00e7oamento de instala\u00e7\u00f5es e equipamentos eletroeletr\u00f4nicos.<strong><br \/>\n\u2022 Preparar estimativas das quantidades e custos dos materiais e m\u00e3o-de-obra necess\u00e1rios \u00e0 fabrica\u00e7\u00e3o e montagem de instala\u00e7\u00f5es e equipamentos eletroeletr\u00f4nicos.<br \/>\n<\/strong>\u2022 Proceder a ensaios de controle t\u00e9cnico dos produtos.<strong><br \/>\n\u2022 Aplicar conhecimentos te\u00f3ricos e pr\u00e1ticos de eletricidade e de eletr\u00f4nica.<br \/>\n<\/strong>\u2022 Auxiliar em trabalhos de pesquisa, ensino e administra\u00e7\u00e3o referente \u00e0 \u00e1rea eletroeletr\u00f4nica.<strong><br \/>\n\u2022 Aperfei\u00e7oar m\u00e1quinas, ferramentas e equipamentos de funcionamento eletroeletr\u00f4nico, executando tecnicamente projetos, colaborando na assist\u00eancia t\u00e9cnica, registrando o desempenho e avaliando a efici\u00eancia.<br \/>\n<\/strong>\u2022 Elaborar relat\u00f3rios de atividades.<strong><br \/>\n\u2022 Auxiliar na elabora\u00e7\u00e3o de projetos que envolvam equipamentos e instala\u00e7\u00f5es eletr\u00f4nicas.<br \/>\n<\/strong>\u2022 Instalar e executar manuten\u00e7\u00e3o preventiva e corretivas em equipamentos<strong>.<br \/>\n\u2022 Dar pareceres relacionados com assuntos t\u00e9cnicos na sua \u00e1rea de atua\u00e7\u00e3o.<br \/>\n<\/strong>\u2022 Reparar aparelhos de precis\u00e3o.<strong><br \/>\n\u2022 Coordenar e orientar o trabalho dos auxiliares.<br \/>\n<\/strong>\u2022 Utilizar recursos de inform\u00e1tica.<strong><br \/>\n\u2022 Executar outras tarefas de mesma natureza e n\u00edvel de complexidade associado ao ambiente organizacional.<\/strong><\/span><\/div>\n<\/div>","protected":false},"excerpt":{"rendered":"<p>T\u00e9cnico em Eletroeletr\u00f4nica Esta p\u00e1gina apresenta os dados referentes a carreira dos\/as servidores\/as. N\u00edvel de Classifica\u00e7\u00e3o:\u00a0D Denomina\u00e7\u00e3o do cargo: \u00a0T\u00e9cnico em Eletroeletr\u00f4nica C\u00f3digo CBO: 313 Requisitos de Qualifica\u00e7\u00e3o para Ingresso no Cargo: Escolaridade: M\u00e9dio Profissionalizante ou M\u00e9dio Completo + Curso T\u00e9cnico Outros: (\u2013) Habilita\u00e7\u00e3o Profissional: Registro no Conselho competente. Resolu\u00e7\u00e3o n\u00ba 262, de 28 de [&hellip;]<\/p>\n","protected":false},"author":21,"featured_media":0,"parent":0,"menu_order":0,"comment_status":"closed","ping_status":"closed","template":"","meta":{"_crdt_document":"","footnotes":""},"class_list":["post-29772","page","type-page","status-publish","hentry"],"_links":{"self":[{"href":"https:\/\/wp.ufpel.edu.br\/progep\/wp-json\/wp\/v2\/pages\/29772","targetHints":{"allow":["GET"]}}],"collection":[{"href":"https:\/\/wp.ufpel.edu.br\/progep\/wp-json\/wp\/v2\/pages"}],"about":[{"href":"https:\/\/wp.ufpel.edu.br\/progep\/wp-json\/wp\/v2\/types\/page"}],"author":[{"embeddable":true,"href":"https:\/\/wp.ufpel.edu.br\/progep\/wp-json\/wp\/v2\/users\/21"}],"replies":[{"embeddable":true,"href":"https:\/\/wp.ufpel.edu.br\/progep\/wp-json\/wp\/v2\/comments?post=29772"}],"version-history":[{"count":6,"href":"https:\/\/wp.ufpel.edu.br\/progep\/wp-json\/wp\/v2\/pages\/29772\/revisions"}],"predecessor-version":[{"id":34694,"href":"https:\/\/wp.ufpel.edu.br\/progep\/wp-json\/wp\/v2\/pages\/29772\/revisions\/34694"}],"wp:attachment":[{"href":"https:\/\/wp.ufpel.edu.br\/progep\/wp-json\/wp\/v2\/media?parent=29772"}],"curies":[{"name":"wp","href":"https:\/\/api.w.org\/{rel}","templated":true}]}}