{"id":29766,"date":"2025-02-28T10:49:06","date_gmt":"2025-02-28T13:49:06","guid":{"rendered":"https:\/\/wp.ufpel.edu.br\/progep\/?page_id=29766"},"modified":"2025-07-04T12:53:30","modified_gmt":"2025-07-04T15:53:30","slug":"tecnico-em-eletromecanica","status":"publish","type":"page","link":"https:\/\/wp.ufpel.edu.br\/progep\/tecnico-em-eletromecanica\/","title":{"rendered":"Cargos TAE: T\u00e9cnico em Eletromec\u00e2nica"},"content":{"rendered":"\n<div class=\"wp-block-group\"><div class=\"wp-block-group__inner-container is-layout-constrained wp-block-group-is-layout-constrained\">\n<div class=\"logoTituloModelStyle\"><img class=\"size-medium wp-image-27184 alignleft\" src=\"https:\/\/wp.ufpel.edu.br\/progep\/files\/2025\/03\/logo-progep_atualizacao-nome_AZUL.png\" alt=\"\" \/><\/p>\n<div><strong>T\u00e9cnico em Eletromec\u00e2nica<\/strong><\/div>\n<\/div>\n<hr class=\"hrModelStyle\" \/>\n<div class=\"descriptionModelStyle\">Esta p\u00e1gina apresenta os dados referentes a carreira dos\/as servidores\/as.<\/div>\n<\/div><\/div>\n\n\n<div class=\"cargoDescriptionStyle\">\n<div class=\"infoCargo\"><span>N\u00edvel de Classifica\u00e7\u00e3o:\u00a0<strong>D<\/strong><\/span><br \/>\n<span>Denomina\u00e7\u00e3o do cargo:<br \/>\n<strong>\u00a0T\u00e9cnico em Eletromec\u00e2nica<\/strong><\/span><br \/>\n<span>C\u00f3digo CBO: <strong>3003-05<\/strong><\/span><\/div>\n<div class=\"requisitosCargo\"><span style=\"font-size: 16pt;padding-bottom: 0.5rem\"><strong>Requisitos de Qualifica\u00e7\u00e3o para Ingresso no Cargo<\/strong>:<\/span><br \/>\n<strong>Escolaridade<\/strong>: M\u00e9dio Profissionalizante ou M\u00e9dio Completo + Curso T\u00e9cnico<\/span><br \/>\n<span><strong>Outros<\/strong>: Experi\u00eancia de 12 meses<\/span><br \/>\n<strong><span>Habilita\u00e7\u00e3o Profissional: <\/span><\/strong><span>Registro no Conselho competente \u2013 Resolu\u00e7\u00e3o n\u00ba 262, de 28 de julho de 1979 &#8211; CONFEA<\/span><strong><span>.<\/span><\/strong><\/div>\n<div class=\"descSumaryCargo\"><span style=\"font-size: 16pt;font-weight: bold;padding-bottom: 0.5rem\">Descri\u00e7\u00e3o Sum\u00e1ria do Cargo:<\/span><br \/>\n<span>Planejar, executar e participar da elabora\u00e7\u00e3o de projetos eletromec\u00e2nicos de m\u00e1quinas, equipamentos e instala\u00e7\u00f5es. Usinar pe\u00e7as e interpretar esquemas de montagem e desenhos t\u00e9cnicos. Montar m\u00e1quinas e realizar manuten\u00e7\u00e3o eletromec\u00e2nica de m\u00e1quinas, equipamentos e instala\u00e7\u00f5es.<br \/>\nAssessorar nas atividades de ensino, pesquisa e extens\u00e3o. <\/span><\/div>\n<div class=\"atividadesCargo\"><span style=\"font-size: 16pt;font-weight: bold\">Descri\u00e7\u00e3o de Atividades T\u00edpicas do Cargo:<\/span><br \/>\n<span><strong>\u2022 Participar da elabora\u00e7\u00e3o de projetos e m\u00e1quinas, equipamentos e instala\u00e7\u00f5es:<br \/>\n<\/strong>Auxiliar nas especifica\u00e7\u00f5es do projeto; avaliar caracter\u00edsticas do local de implanta\u00e7\u00e3o de m\u00e1quinas, equipamentos e instala\u00e7\u00f5es; elaborar desenhos t\u00e9cnicos de m\u00e1quinas, equipamentos e instala\u00e7\u00f5es de acordo com normas t\u00e9cnicas; consultar normas de ergonomia e seguran\u00e7a do trabalho de acordo com as caracter\u00edsticas do projeto; auxiliar na especifica\u00e7\u00e3o de componentes eletromec\u00e2nicos do projeto; listar materiais necess\u00e1rios para a execu\u00e7\u00e3o do projeto; elaborar esquema de instala\u00e7\u00e3o de m\u00e1quinas, equipamentos e instala\u00e7\u00f5es; colaborar na elabora\u00e7\u00e3o do or\u00e7amento; elaborar relat\u00f3rios de custo-benef\u00edcio para an\u00e1lise t\u00e9cnico-financeira do projeto.<strong><br \/>\n\u2022 Planejar a execu\u00e7\u00e3o do projeto:<br \/>\n<\/strong>Interpretar o projeto; elaborar plano de trabalho para a fabrica\u00e7\u00e3o de componentes eletromec\u00e2nicos; definir etapas de produ\u00e7\u00e3o a serem executadas; relacionar pessoas e equipamentos para a execu\u00e7\u00e3o do projeto; elaborar cronograma de atividades; Identificar a necessidade de dispositivos e ferramentas para melhoria dos recursos produtivos.<strong><br \/>\n\u2022 Usinar pe\u00e7as:<br \/>\n<\/strong>Interpretar desenhos t\u00e9cnicos das pe\u00e7as a serem usinadas; preparar local de trabalho; pre-parar m\u00e1quinas para usinagem de pe\u00e7as conforme o projeto; verificar dimens\u00f5es da mat\u00e9ria-prima para usinagem conforme o projeto; operar m\u00e1quinas para usinagem de pe\u00e7as; inspecionar dimens\u00f5es das pe\u00e7as usinadas; Verificar o acabamento das pe\u00e7as usinadas.<strong><br \/>\n\u2022 Montar m\u00e1quinas, equipamentos e instala\u00e7\u00f5es:<br \/>\n<\/strong>Interpretar esquemas de montagem de m\u00e1quinas, equipamentos e instala\u00e7\u00f5es; preparar o local para montagem de m\u00e1quinas, equipamentos e instala\u00e7\u00f5es; selecionar componentes eletromec\u00e2nicos, ferramentas e instrumentos para a montagem; montar os componentes do produto; avaliar etapas da montagem; testar o funcionamento do produto ap\u00f3s a montagem.<strong><br \/>\n\u2022 Realizar manuten\u00e7\u00e3o de m\u00e1quinas, equipamentos e instala\u00e7\u00f5es:<br \/>\n<\/strong>Participar na elabora\u00e7\u00e3o de planos de manuten\u00e7\u00e3o; estabelecer condi\u00e7\u00f5es de seguran\u00e7a para executar a manuten\u00e7\u00e3o; interpretar instru\u00e7\u00f5es de manuten\u00e7\u00e3o; selecionar ferramentas e<br \/>\ninstrumentos para realizar a manuten\u00e7\u00e3o; identificar as causas de defeitos em m\u00e1quinas, equipamentos e instala\u00e7\u00f5es; listar pe\u00e7as danificadas; especificar componentes para reposi\u00e7\u00e3o; definir a alternativa a ser seguida para o conserto; substituir componentes danificados; testar funcionamento do equipamento ap\u00f3s o conserto; atualizar registros de manuten\u00e7\u00e3o de m\u00e1quinas, equipamentos e instala\u00e7\u00f5es; modernizar m\u00e1quinas, equipamentos e instala\u00e7\u00f5es; inspecionar m\u00e1quinas, equipamentos e instala\u00e7\u00f5es.<strong><br \/>\n\u2022 Utilizar recursos de inform\u00e1tica.<br \/>\n\u2022 Executar outras tarefas de mesma natureza e n\u00edvel de complexidade associado ao ambiente organizacional.<\/strong><\/span><\/div>\n<\/div>","protected":false},"excerpt":{"rendered":"<p>T\u00e9cnico em Eletromec\u00e2nica Esta p\u00e1gina apresenta os dados referentes a carreira dos\/as servidores\/as. N\u00edvel de Classifica\u00e7\u00e3o:\u00a0D Denomina\u00e7\u00e3o do cargo: \u00a0T\u00e9cnico em Eletromec\u00e2nica C\u00f3digo CBO: 3003-05 Requisitos de Qualifica\u00e7\u00e3o para Ingresso no Cargo: Escolaridade: M\u00e9dio Profissionalizante ou M\u00e9dio Completo + Curso T\u00e9cnico Outros: Experi\u00eancia de 12 meses Habilita\u00e7\u00e3o Profissional: Registro no Conselho competente \u2013 Resolu\u00e7\u00e3o n\u00ba [&hellip;]<\/p>\n","protected":false},"author":21,"featured_media":0,"parent":0,"menu_order":0,"comment_status":"closed","ping_status":"closed","template":"","meta":{"footnotes":""},"class_list":["post-29766","page","type-page","status-publish","hentry"],"_links":{"self":[{"href":"https:\/\/wp.ufpel.edu.br\/progep\/wp-json\/wp\/v2\/pages\/29766","targetHints":{"allow":["GET"]}}],"collection":[{"href":"https:\/\/wp.ufpel.edu.br\/progep\/wp-json\/wp\/v2\/pages"}],"about":[{"href":"https:\/\/wp.ufpel.edu.br\/progep\/wp-json\/wp\/v2\/types\/page"}],"author":[{"embeddable":true,"href":"https:\/\/wp.ufpel.edu.br\/progep\/wp-json\/wp\/v2\/users\/21"}],"replies":[{"embeddable":true,"href":"https:\/\/wp.ufpel.edu.br\/progep\/wp-json\/wp\/v2\/comments?post=29766"}],"version-history":[{"count":7,"href":"https:\/\/wp.ufpel.edu.br\/progep\/wp-json\/wp\/v2\/pages\/29766\/revisions"}],"predecessor-version":[{"id":34692,"href":"https:\/\/wp.ufpel.edu.br\/progep\/wp-json\/wp\/v2\/pages\/29766\/revisions\/34692"}],"wp:attachment":[{"href":"https:\/\/wp.ufpel.edu.br\/progep\/wp-json\/wp\/v2\/media?parent=29766"}],"curies":[{"name":"wp","href":"https:\/\/api.w.org\/{rel}","templated":true}]}}