{"id":29763,"date":"2025-02-28T10:28:48","date_gmt":"2025-02-28T13:28:48","guid":{"rendered":"https:\/\/wp.ufpel.edu.br\/progep\/?page_id=29763"},"modified":"2025-07-04T12:53:16","modified_gmt":"2025-07-04T15:53:16","slug":"tecnico-em-eletrotecnica","status":"publish","type":"page","link":"https:\/\/wp.ufpel.edu.br\/progep\/tecnico-em-eletrotecnica\/","title":{"rendered":"Cargos TAE: T\u00e9cnico em Eletrot\u00e9cnica"},"content":{"rendered":"\n<div class=\"wp-block-group\"><div class=\"wp-block-group__inner-container is-layout-constrained wp-block-group-is-layout-constrained\">\n<div class=\"logoTituloModelStyle\"><img class=\"size-medium wp-image-27184 alignleft\" src=\"https:\/\/wp.ufpel.edu.br\/progep\/files\/2025\/03\/logo-progep_atualizacao-nome_AZUL.png\" alt=\"\" \/><\/p>\n<div><strong>T\u00e9cnico em Eletrot\u00e9cnica<\/strong><\/div>\n<\/div>\n<hr class=\"hrModelStyle\" \/>\n<div class=\"descriptionModelStyle\">Esta p\u00e1gina apresenta os dados referentes a carreira dos\/as servidores\/as.<\/div>\n<\/div><\/div>\n\n\n<div class=\"cargoDescriptionStyle\">\n<div class=\"infoCargo\"><span>N\u00edvel de Classifica\u00e7\u00e3o:\u00a0<strong>D<\/strong><\/span><br \/>\n<span>Denomina\u00e7\u00e3o do cargo:<br \/>\n<strong>\u00a0T\u00e9cnico em Eletrot\u00e9cnica<\/strong><\/span><br \/>\n<span>C\u00f3digo CBO: <strong>3131<\/strong><\/span><\/div>\n<div class=\"requisitosCargo\"><span style=\"font-size: 16pt;padding-bottom: 0.5rem\"><strong>Requisitos de Qualifica\u00e7\u00e3o para Ingresso no Cargo<\/strong>:<\/span><br \/>\n<span><strong>Escolaridade<\/strong>: M\u00e9dio Profissionalizante ou M\u00e9dio Completo + Curso T\u00e9cnico<\/span><br \/>\n<span><strong>Outros<\/strong>: Experi\u00eancia de 12 meses<\/span><br \/>\n<strong><span>Habilita\u00e7\u00e3o Profissional: <\/span><\/strong><span>Registro no Conselho competente \u2013 Resolu\u00e7\u00e3o n\u00ba 262, de 28 de julho de 1979 &#8211; CONFEA.<\/span><\/div>\n<div class=\"descSumaryCargo\"><span style=\"font-size: 16pt;font-weight: bold;padding-bottom: 0.5rem\">Descri\u00e7\u00e3o Sum\u00e1ria do Cargo:<\/span><br \/>\n<span>lanejar atividades do trabalho. Elaborar estudos e projetos. Participar no desenvolvimento de processos. Realizar projetos. Operar sistemas el\u00e9tricos e executar manuten\u00e7\u00e3o. Aplicar normas e procedimentos de seguran\u00e7a no trabalho.<br \/>\nAssessorar nas atividades de ensino, pesquisa e extens\u00e3o. <\/span><\/div>\n<div class=\"atividadesCargo\"><span style=\"font-size: 16pt;font-weight: bold\">Descri\u00e7\u00e3o de Atividades T\u00edpicas do Cargo:<\/span><br \/>\n<span>\u2022Realizar estudos sobre sistemas e instala\u00e7\u00f5es el\u00e9tricas, efetuando experi\u00eancias, c\u00e1lculos, medi\u00e7\u00f5es e outras opera\u00e7\u00f5es, colaborando em trabalhos de pesquisa e aperfei\u00e7oa-mento relativos a instala\u00e7\u00f5es de produ\u00e7\u00e3o e distribui\u00e7\u00e3o de energia.<strong><br \/>\n\u2022Preparar estimativas detalhadas das quantidades e custos de materiais e m\u00e3o-de-obra necess\u00e1rios, efetuando c\u00e1lculos, estimativas e proje\u00e7\u00f5es, determinando os meios requeri-dos para a fabrica\u00e7\u00e3o e montagem das instala\u00e7\u00f5es e equipamentos el\u00e9tricos.<br \/>\n<\/strong>\u2022Orientar as atividades dos trabalhadores de sua equipe nas diferentes fases dos trabalhos, acompanhando a execu\u00e7\u00e3o das tarefas, solucionando problemas, prestando escla-recimentos e tomando outras medidas que assegurem a observ\u00e2ncia dos padr\u00f5es t\u00e9cnicos estabelecidos.<strong><br \/>\n\u2022Inspecionar as redes de transmiss\u00e3o e distribui\u00e7\u00e3o de energia, verificando poss\u00edveis falhas e orientando a manuten\u00e7\u00e3o das redes.<br \/>\n<\/strong>\u2022Conduzir a execu\u00e7\u00e3o t\u00e9cnica referente \u00e0 instala\u00e7\u00e3o de tubula\u00e7\u00f5es, por onde passam os fios el\u00e9tricos.<strong><br \/>\n\u2022 Executar projetos de ilumina\u00e7\u00e3o e neste sentido proceder \u00e0 instala\u00e7\u00e3o de cabos el\u00e9tri-cos, conex\u00e3o e condutores e outro aparelhos de ilumina\u00e7\u00e3o.<br \/>\n<\/strong>\u2022Auxiliar em trabalhos de pesquisa, ensino e administra\u00e7\u00e3o referente \u00e0 \u00e1rea de eletricidade.<strong><br \/>\n\u2022 Aperfei\u00e7oar m\u00e1quinas, ferramentas e equipamentos.<br \/>\n<\/strong>\u2022 Executar tecnicamente os projetos de equipamentos e instala\u00e7\u00f5es el\u00e9tricas. Colaborar na assist\u00eancia t\u00e9cnica de equipamentos el\u00e9tricos.<strong><br \/>\n\u2022 Registrar o desempenho, avaliar a efici\u00eancia.<br \/>\n<\/strong>\u2022 Auxiliar na elabora\u00e7\u00e3o de projetos e fazer manuten\u00e7\u00e3o dos equipamentos el\u00e9tricos.<strong><br \/>\n\u2022 Colaborar a elabora\u00e7\u00e3o de relat\u00f3rios de atividades.<br \/>\n\u2022<\/strong> Utilizar recursos de inform\u00e1tica.<strong><br \/>\n\u2022Executar outras tarefas de mesma natureza e n\u00edvel de complexidade associadas ao ambiente organizacional.<\/strong><\/span><\/div>\n<\/div>","protected":false},"excerpt":{"rendered":"<p>T\u00e9cnico em Eletrot\u00e9cnica Esta p\u00e1gina apresenta os dados referentes a carreira dos\/as servidores\/as. N\u00edvel de Classifica\u00e7\u00e3o:\u00a0D Denomina\u00e7\u00e3o do cargo: \u00a0T\u00e9cnico em Eletrot\u00e9cnica C\u00f3digo CBO: 3131 Requisitos de Qualifica\u00e7\u00e3o para Ingresso no Cargo: Escolaridade: M\u00e9dio Profissionalizante ou M\u00e9dio Completo + Curso T\u00e9cnico Outros: Experi\u00eancia de 12 meses Habilita\u00e7\u00e3o Profissional: Registro no Conselho competente \u2013 Resolu\u00e7\u00e3o n\u00ba [&hellip;]<\/p>\n","protected":false},"author":21,"featured_media":0,"parent":0,"menu_order":0,"comment_status":"closed","ping_status":"closed","template":"","meta":{"footnotes":""},"class_list":["post-29763","page","type-page","status-publish","hentry"],"_links":{"self":[{"href":"https:\/\/wp.ufpel.edu.br\/progep\/wp-json\/wp\/v2\/pages\/29763","targetHints":{"allow":["GET"]}}],"collection":[{"href":"https:\/\/wp.ufpel.edu.br\/progep\/wp-json\/wp\/v2\/pages"}],"about":[{"href":"https:\/\/wp.ufpel.edu.br\/progep\/wp-json\/wp\/v2\/types\/page"}],"author":[{"embeddable":true,"href":"https:\/\/wp.ufpel.edu.br\/progep\/wp-json\/wp\/v2\/users\/21"}],"replies":[{"embeddable":true,"href":"https:\/\/wp.ufpel.edu.br\/progep\/wp-json\/wp\/v2\/comments?post=29763"}],"version-history":[{"count":6,"href":"https:\/\/wp.ufpel.edu.br\/progep\/wp-json\/wp\/v2\/pages\/29763\/revisions"}],"predecessor-version":[{"id":34691,"href":"https:\/\/wp.ufpel.edu.br\/progep\/wp-json\/wp\/v2\/pages\/29763\/revisions\/34691"}],"wp:attachment":[{"href":"https:\/\/wp.ufpel.edu.br\/progep\/wp-json\/wp\/v2\/media?parent=29763"}],"curies":[{"name":"wp","href":"https:\/\/api.w.org\/{rel}","templated":true}]}}