{"id":29759,"date":"2025-02-28T10:21:49","date_gmt":"2025-02-28T13:21:49","guid":{"rendered":"https:\/\/wp.ufpel.edu.br\/progep\/?page_id=29759"},"modified":"2025-07-04T12:53:02","modified_gmt":"2025-07-04T15:53:02","slug":"tecnico-em-eletronica","status":"publish","type":"page","link":"https:\/\/wp.ufpel.edu.br\/progep\/tecnico-em-eletronica\/","title":{"rendered":"Cargos TAE: T\u00e9cnico em Eletr\u00f4nica"},"content":{"rendered":"\n<div class=\"wp-block-group\"><div class=\"wp-block-group__inner-container is-layout-constrained wp-block-group-is-layout-constrained\">\n<div class=\"logoTituloModelStyle\"><img class=\"size-medium wp-image-27184 alignleft\" src=\"https:\/\/wp.ufpel.edu.br\/progep\/files\/2025\/03\/logo-progep_atualizacao-nome_AZUL.png\" alt=\"\" \/><\/p>\n<div><strong>T\u00e9cnico em Eletr\u00f4nica<\/strong><\/div>\n<\/div>\n<hr class=\"hrModelStyle\" \/>\n<div class=\"descriptionModelStyle\">Esta p\u00e1gina apresenta os dados referentes a carreira dos\/as servidores\/as.<\/div>\n<\/div><\/div>\n\n\n<div class=\"cargoDescriptionStyle\">\n<div class=\"infoCargo\"><span>N\u00edvel de Classifica\u00e7\u00e3o:\u00a0<strong>D<\/strong><\/span><br \/>\n<span>Denomina\u00e7\u00e3o do cargo:<br \/>\n<strong>\u00a0T\u00e9cnico em Eletr\u00f4nica<\/strong><\/span><br \/>\n<span>C\u00f3digo CBO: <strong> 9.22.90<\/strong><\/span><\/div>\n<div class=\"requisitosCargo\"><span style=\"font-size: 16pt;padding-bottom: 0.5rem\"><strong>Requisitos de Qualifica\u00e7\u00e3o para Ingresso no Cargo<\/strong>:<\/span><br \/>\n<span><strong>Escolaridade<\/strong>: M\u00e9dio Profissionalizante ou M\u00e9dio Completo + Curso T\u00e9cnico.<\/span><br \/>\n<span><strong>Outros<\/strong>: (\u2013)<\/span><br \/>\n<strong><span>Habilita\u00e7\u00e3o Profissional<\/span><\/strong>.<\/div>\n<div class=\"descSumaryCargo\"><span style=\"font-size: 16pt;font-weight: bold;padding-bottom: 0.5rem\">Descri\u00e7\u00e3o Sum\u00e1ria do Cargo:<\/span><br \/>\n<span>Executar sob a supervis\u00e3o superior, trabalho t\u00e9cnico de manuten\u00e7\u00e3o, produ\u00e7\u00e3o, aperfei\u00e7oamento e<br \/>\ninstala\u00e7\u00e3o de m\u00e1quinas, aparelhos e equipamentos eletr\u00f4nicos. <\/span><\/div>\n<div class=\"atividadesCargo\"><span style=\"font-size: 16pt;font-weight: bold\">Descri\u00e7\u00e3o de Atividades T\u00edpicas do Cargo:<\/span><br \/>\n<span><strong>\u2022 <\/strong>Auxiliar em trabalhos de pesquisa, ensino e administra\u00e7\u00e3o referente \u00e0 \u00e1rea eletr\u00f4nica.<br \/>\n<strong>\u2022 Aperfei\u00e7oar m\u00e1quinas, ferramentas e equipamentos de funcionamento eletr\u00f4nico.<br \/>\n\u2022 <\/strong>Colaborar na assist\u00eancia t\u00e9cnica de equipamentos eletr\u00f4nicos da entidade.<strong><br \/>\n\u2022 Registrar o desempenho dos equipamentos e instala\u00e7\u00f5es eletr\u00f4nicos.<br \/>\n\u2022 <\/strong>Avaliar a efici\u00eancia da utiliza\u00e7\u00e3o dos equipamentos eletr\u00f4nicos.<strong><br \/>\n\u2022 Elaborar relat\u00f3rios de atividades da unidade.<br \/>\n\u2022 <\/strong>Auxiliar na elabora\u00e7\u00e3o de projetos que envolvam equipamentos e instala\u00e7\u00f5es eletr\u00f4nicas.<strong><br \/>\n\u2022 Executar manuten\u00e7\u00e3o em aparelhos de televis\u00e3o, monitores a cores e preto e branco entre outros<br \/>\nsimilares.<br \/>\n\u2022 <\/strong>Conhecer uma estrutura de produ\u00e7\u00e3o de televis\u00e3o.<strong><br \/>\n\u2022 Executar plano de manuten\u00e7\u00e3o preventiva e corretiva.<br \/>\n\u2022 <\/strong>Instalar equipamentos de um sistema de produ\u00e7\u00e3o e distribui\u00e7\u00e3o de audiovisual.<strong><br \/>\n\u2022 Reparar os microsc\u00f3pios e aparelhos assemelhados, regulando e ajustando-os, substituindo pe\u00e7as,<br \/>\nl\u00e2mpadas, testando-os, comparando e analisando-os para mant\u00ea-los em opera\u00e7\u00e3o adequada.<br \/>\n\u2022 <\/strong>Coordenar o trabalho dos auxiliares, do setor, orientando-os quanto \u00e0 execu\u00e7\u00e3o das tarefas e o<br \/>\ntransporte de aparelhos.<strong><br \/>\n\u2022 Preencher formul\u00e1rios de servi\u00e7o, especificando defeitos e proced\u00eancia dos aparelhos, anotando<br \/>\ndatas de entrada e sa\u00edda do material e outros dados importantes.<br \/>\n\u2022 <\/strong>Executar outras tarefas de mesma natureza e n\u00edvel de dificuldade.<\/span><\/div>\n<\/div>","protected":false},"excerpt":{"rendered":"<p>T\u00e9cnico em Eletr\u00f4nica Esta p\u00e1gina apresenta os dados referentes a carreira dos\/as servidores\/as. N\u00edvel de Classifica\u00e7\u00e3o:\u00a0D Denomina\u00e7\u00e3o do cargo: \u00a0T\u00e9cnico em Eletr\u00f4nica C\u00f3digo CBO: 9.22.90 Requisitos de Qualifica\u00e7\u00e3o para Ingresso no Cargo: Escolaridade: M\u00e9dio Profissionalizante ou M\u00e9dio Completo + Curso T\u00e9cnico. Outros: (\u2013) Habilita\u00e7\u00e3o Profissional. Descri\u00e7\u00e3o Sum\u00e1ria do Cargo: Executar sob a supervis\u00e3o superior, trabalho [&hellip;]<\/p>\n","protected":false},"author":21,"featured_media":0,"parent":0,"menu_order":0,"comment_status":"closed","ping_status":"closed","template":"","meta":{"footnotes":""},"class_list":["post-29759","page","type-page","status-publish","hentry"],"_links":{"self":[{"href":"https:\/\/wp.ufpel.edu.br\/progep\/wp-json\/wp\/v2\/pages\/29759","targetHints":{"allow":["GET"]}}],"collection":[{"href":"https:\/\/wp.ufpel.edu.br\/progep\/wp-json\/wp\/v2\/pages"}],"about":[{"href":"https:\/\/wp.ufpel.edu.br\/progep\/wp-json\/wp\/v2\/types\/page"}],"author":[{"embeddable":true,"href":"https:\/\/wp.ufpel.edu.br\/progep\/wp-json\/wp\/v2\/users\/21"}],"replies":[{"embeddable":true,"href":"https:\/\/wp.ufpel.edu.br\/progep\/wp-json\/wp\/v2\/comments?post=29759"}],"version-history":[{"count":6,"href":"https:\/\/wp.ufpel.edu.br\/progep\/wp-json\/wp\/v2\/pages\/29759\/revisions"}],"predecessor-version":[{"id":34690,"href":"https:\/\/wp.ufpel.edu.br\/progep\/wp-json\/wp\/v2\/pages\/29759\/revisions\/34690"}],"wp:attachment":[{"href":"https:\/\/wp.ufpel.edu.br\/progep\/wp-json\/wp\/v2\/media?parent=29759"}],"curies":[{"name":"wp","href":"https:\/\/api.w.org\/{rel}","templated":true}]}}