{"id":29755,"date":"2025-02-28T10:04:13","date_gmt":"2025-02-28T13:04:13","guid":{"rendered":"https:\/\/wp.ufpel.edu.br\/progep\/?page_id=29755"},"modified":"2025-07-04T12:52:50","modified_gmt":"2025-07-04T15:52:50","slug":"tecnico-em-edificacoes","status":"publish","type":"page","link":"https:\/\/wp.ufpel.edu.br\/progep\/tecnico-em-edificacoes\/","title":{"rendered":"Cargos TAE: T\u00e9cnico em Edifica\u00e7\u00f5es"},"content":{"rendered":"\n<div class=\"wp-block-group\"><div class=\"wp-block-group__inner-container is-layout-constrained wp-block-group-is-layout-constrained\">\n<div class=\"logoTituloModelStyle\"><img class=\"size-medium wp-image-27184 alignleft\" src=\"https:\/\/wp.ufpel.edu.br\/progep\/files\/2025\/03\/logo-progep_atualizacao-nome_AZUL.png\" alt=\"\" \/><\/p>\n<div><strong>T\u00e9cnico em Edifica\u00e7\u00f5es<\/strong><\/div>\n<\/div>\n<hr class=\"hrModelStyle\" \/>\n<div class=\"descriptionModelStyle\">Esta p\u00e1gina apresenta os dados referentes a carreira dos\/as servidores\/as.<\/div>\n<\/div><\/div>\n\n\n<div class=\"cargoDescriptionStyle\">\n<div class=\"infoCargo\"><span>N\u00edvel de Classifica\u00e7\u00e3o:\u00a0<strong>D<\/strong><\/span><br \/>\n<span>Denomina\u00e7\u00e3o do cargo:<br \/>\n<strong>\u00a0T\u00e9cnico em Edifica\u00e7\u00f5es<\/strong><\/span><br \/>\n<span>C\u00f3digo CBO: <strong>3121<\/strong><\/span><\/div>\n<div class=\"requisitosCargo\"><span style=\"font-size: 16pt;padding-bottom: 0.5rem\"><strong>Requisitos de Qualifica\u00e7\u00e3o para Ingresso no Cargo<\/strong>:<\/span><br \/>\n<span><strong>Escolaridade<\/strong>: M\u00e9dio Profissionalizante ou M\u00e9dio Completo + Curso T\u00e9cnico<\/span><br \/>\n<span><strong>Outros<\/strong>: (\u2013)<\/span><br \/>\n<strong><span>Habilita\u00e7\u00e3o Profissional:<\/span><\/strong> <span>Registro no Registro competente \u2013 Resolu\u00e7\u00e3o n\u00ba 262, de 28 de julho de 1979 &#8211; CONFEA.<\/span><\/div>\n<div class=\"descSumaryCargo\"><span style=\"font-size: 16pt;font-weight: bold;padding-bottom: 0.5rem\">Descri\u00e7\u00e3o Sum\u00e1ria do Cargo:<\/span><br \/>\n<span>Realizam levantamentos topogr\u00e1ficos e planialtim\u00e9tricos. Desenvolvem e legalizam projetos de edifica\u00e7\u00f5es sob supervis\u00e3o de um engenheiro civil; planejam a execu\u00e7\u00e3o, or\u00e7am e providenciam suprimentos e supervisionam a execu\u00e7\u00e3o de obras e servi\u00e7os. Treinam m\u00e3o-de-obra e realizam o controle tecnol\u00f3gico de materiais e do solo.<br \/>\nAssessorar nas atividades de ensino, pesquisa e extens\u00e3o. <\/span><\/div>\n<div class=\"atividadesCargo\"><span style=\"font-size: 16pt;font-weight: bold\">Descri\u00e7\u00e3o de Atividades T\u00edpicas do Cargo:<\/span><br \/>\n<span><strong>\u2022 Realizar levantamento topogr\u00e1fico:<br \/>\n<\/strong>Fazer levantamento planialtim\u00e9rico; elaborar desenho topogr\u00e1fico; desenvolver planilhas de c\u00e1lculo; locar obras; conferir cotas e medidas.<br \/>\n<strong>\u2022 Desenvolver projetos sob supervis\u00e3o:<br \/>\n<\/strong>Coletar dados do local; interpretar projetos; elaborar plantas seguindo normas e especifica\u00e7\u00f5es t\u00e9cnicas; elaborar projetos arquitet\u00f4nicos; desenvolver projeto de estrutura de concreto; elaborar projetos de estrutura met\u00e1lica, instala\u00e7\u00f5es hidrossanit\u00e1rias, el\u00e9tricas, telef\u00f4nicas, de preven\u00e7\u00e3o e combate \u00e0 inc\u00eandios, de ar condicionado e cabeamento estruturado.<strong><br \/>\n\u2022 Legalizar projetos e obras:<br \/>\n<\/strong>Conferir projetos; selecionar documentos para legaliza\u00e7\u00e3o da obra; encaminhar projetos para aprova\u00e7\u00e3o junto aos \u00f3rg\u00e3os competentes; controlar prazo de documenta\u00e7\u00e3o; organizar arquivo t\u00e9cnico.<strong><br \/>\n\u2022 Planejar o trabalho de execu\u00e7\u00e3o de obras civis:<br \/>\n<\/strong>Elaborar plano de a\u00e7\u00e3o; participar da defini\u00e7\u00e3o de m\u00e9todos e t\u00e9cnicas construtivas; listar m\u00e1quinas, equipamentos e ferramentas; elaborar cronograma de suprimentos; racionalizar canteiro de obras; acompanhar os resultados dos servi\u00e7os.<strong><br \/>\n\u2022 Or\u00e7ar obras:<br \/>\n<\/strong>Fazer estimativa de custos; interpretar projetos e especifica\u00e7\u00f5es t\u00e9cnicas; fazer visita t\u00e9cnica para levantamento de dados; levantar quantitativos de projetos de edifica\u00e7\u00f5es; cotar pre\u00e7os de insumos e servi\u00e7os; fazer composi\u00e7\u00e3o de custos diretos e indiretos; elaborar planilha de quantidade e de custos; comparar custos; elaborar cronograma f\u00edsico-financeiro.<strong><br \/>\n\u2022 Providenciar suprimentos e servi\u00e7os:<br \/>\n<\/strong>Pesquisar a exist\u00eancia de novas tecnoogias; elaborar cronograma de compras; consultar estoque; selecionar fornecedores; fazer cota\u00e7\u00f5es de pre\u00e7os; elaborar estudo comparativo de custos; negociar prazos de entrega e condi\u00e7\u00f5es de pagamento de produtos e servi\u00e7os.<strong><br \/>\n\u2022 Supervisionar execu\u00e7\u00e3o de obras:<br \/>\n<\/strong>Inspecionar a qualidade dos materiais e servi\u00e7os; controlar o estoque e o armazenamento de materiais; seguir as instru\u00e7\u00f5es dos fabricantes; racionalizar o uso dos materiais; cumprir cronograma preestabelecido; conferir execu\u00e7\u00e3o e qualidade dos servi\u00e7os; fiscalizar obras; realizar medi\u00e7\u00f5es; realizar apropria\u00e7\u00e3o de m\u00e1quinas, equipamentos e m\u00e3o-de-obra; fazer di\u00e1rio de obras; solucionar problemas de execu\u00e7\u00e3o; zelar pela organiza\u00e7\u00e3o, seguran\u00e7a e limpeza da obra; padronizar procedimentos.<strong><br \/>\n\u2022 Executar controle tecnol\u00f3gico de materiais e solos:<br \/>\n<\/strong>Aplicar normas t\u00e9cnicas; operar equipamentos de laborat\u00f3rio e sondagem; executar servi\u00e7os de sondagem; coordenar equipe de coleta de amostras e ensaios; coletar amostras; executar ensaios; especificar e quantificar os materiais utilizados nos ensaios; elaborar e analisar relat\u00f3rios t\u00e9cnicos; controlar estoque dos materiais de ensaio.<strong><br \/>\n\u2022 Executar a manuten\u00e7\u00e3o e conserva\u00e7\u00e3o de obras:<br \/>\n<\/strong>Fazer visita t\u00e9cnica para diagn\u00f3stico; verificar responsabilidade; apresentar solu\u00e7\u00f5es alternativas; or\u00e7ar o servi\u00e7o; providenciar o reparo; supervisionar a execu\u00e7\u00e3o<strong>.<br \/>\n\u2022 Utilizar recursos de inform\u00e1tica.<br \/>\n\u2022 Executar outras tarefas de mesma natureza e n\u00edvel de complexidade associadas ao ambiente organizacional.<\/strong><\/span><\/div>\n<\/div>","protected":false},"excerpt":{"rendered":"<p>T\u00e9cnico em Edifica\u00e7\u00f5es Esta p\u00e1gina apresenta os dados referentes a carreira dos\/as servidores\/as. N\u00edvel de Classifica\u00e7\u00e3o:\u00a0D Denomina\u00e7\u00e3o do cargo: \u00a0T\u00e9cnico em Edifica\u00e7\u00f5es C\u00f3digo CBO: 3121 Requisitos de Qualifica\u00e7\u00e3o para Ingresso no Cargo: Escolaridade: M\u00e9dio Profissionalizante ou M\u00e9dio Completo + Curso T\u00e9cnico Outros: (\u2013) Habilita\u00e7\u00e3o Profissional: Registro no Registro competente \u2013 Resolu\u00e7\u00e3o n\u00ba 262, de 28 [&hellip;]<\/p>\n","protected":false},"author":21,"featured_media":0,"parent":0,"menu_order":0,"comment_status":"closed","ping_status":"closed","template":"","meta":{"footnotes":""},"class_list":["post-29755","page","type-page","status-publish","hentry"],"_links":{"self":[{"href":"https:\/\/wp.ufpel.edu.br\/progep\/wp-json\/wp\/v2\/pages\/29755","targetHints":{"allow":["GET"]}}],"collection":[{"href":"https:\/\/wp.ufpel.edu.br\/progep\/wp-json\/wp\/v2\/pages"}],"about":[{"href":"https:\/\/wp.ufpel.edu.br\/progep\/wp-json\/wp\/v2\/types\/page"}],"author":[{"embeddable":true,"href":"https:\/\/wp.ufpel.edu.br\/progep\/wp-json\/wp\/v2\/users\/21"}],"replies":[{"embeddable":true,"href":"https:\/\/wp.ufpel.edu.br\/progep\/wp-json\/wp\/v2\/comments?post=29755"}],"version-history":[{"count":5,"href":"https:\/\/wp.ufpel.edu.br\/progep\/wp-json\/wp\/v2\/pages\/29755\/revisions"}],"predecessor-version":[{"id":34689,"href":"https:\/\/wp.ufpel.edu.br\/progep\/wp-json\/wp\/v2\/pages\/29755\/revisions\/34689"}],"wp:attachment":[{"href":"https:\/\/wp.ufpel.edu.br\/progep\/wp-json\/wp\/v2\/media?parent=29755"}],"curies":[{"name":"wp","href":"https:\/\/api.w.org\/{rel}","templated":true}]}}