{"id":29752,"date":"2025-02-28T09:57:09","date_gmt":"2025-02-28T12:57:09","guid":{"rendered":"https:\/\/wp.ufpel.edu.br\/progep\/?page_id=29752"},"modified":"2025-07-04T12:52:32","modified_gmt":"2025-07-04T15:52:32","slug":"tecnico-em-contabilidade","status":"publish","type":"page","link":"https:\/\/wp.ufpel.edu.br\/progep\/tecnico-em-contabilidade\/","title":{"rendered":"Cargos TAE: T\u00e9cnico em Contabilidade"},"content":{"rendered":"\n<div class=\"wp-block-group\"><div class=\"wp-block-group__inner-container is-layout-constrained wp-block-group-is-layout-constrained\">\n<div class=\"logoTituloModelStyle\"><img class=\"size-medium wp-image-27184 alignleft\" src=\"https:\/\/wp.ufpel.edu.br\/progep\/files\/2025\/03\/logo-progep_atualizacao-nome_AZUL.png\" alt=\"\" \/><\/p>\n<div><strong>T\u00e9cnico em Contabilidade<\/strong><\/div>\n<\/div>\n<hr class=\"hrModelStyle\" \/>\n<div class=\"descriptionModelStyle\">Esta p\u00e1gina apresenta os dados referentes a carreira dos\/as servidores\/as.<\/div>\n<\/div><\/div>\n\n\n<div class=\"cargoDescriptionStyle\">\n<div class=\"infoCargo\"><span>N\u00edvel de Classifica\u00e7\u00e3o:\u00a0<strong>D<\/strong><\/span><br \/>\n<span>Denomina\u00e7\u00e3o do cargo:<br \/>\n<strong>\u00a0T\u00e9cnico em Contabilidade<\/strong><\/span><br \/>\n<span>C\u00f3digo CBO: <strong>3511- 05<\/strong><\/span><\/div>\n<div class=\"requisitosCargo\"><span style=\"font-size: 16pt;padding-bottom: 0.5rem\"><strong>Requisitos de Qualifica\u00e7\u00e3o para Ingresso no Cargo<\/strong>:<\/span><br \/>\n<span><strong>Escolaridade<\/strong>: M\u00e9dio Profissionalizante ou M\u00e9dio Completo + Curso T\u00e9cnico<\/span><br \/>\n<span><strong>Outros<\/strong>: (\u2013)<\/span><br \/>\n<strong><span>Habilita\u00e7\u00e3o Profissional: <\/span><\/strong><span style=\"font-family: 'comic sans ms', sans-serif\">Registro no Conselho competente.<\/span><\/div>\n<div class=\"descSumaryCargo\"><span style=\"font-size: 16pt;font-weight: bold;padding-bottom: 0.5rem\">Descri\u00e7\u00e3o Sum\u00e1ria do Cargo:<\/span><br \/>\n<span>Identificar documentos e informa\u00e7\u00f5es, atender \u00e0 fiscaliza\u00e7\u00e3o e proceder \u00e0 consultoria<br \/>\nExecutar a contabilidade geral, operacionalizar a contabilidade de custos e efetuar contabilidade gerencial. Realizar controle patrimonial.<br \/>\nAssessorar nas atividades de ensino, pesquisa e extens\u00e3o. <\/span><\/div>\n<div class=\"atividadesCargo\"><span style=\"font-size: 16pt;font-weight: bold\">Descri\u00e7\u00e3o de Atividades T\u00edpicas do Cargo:<\/span><br \/>\n<span><strong>\u2022 Identificar documentos e informa\u00e7\u00f5es:<br \/>\n<\/strong>Distinguir os atos dos fatos administrativos, encaminhar os documentos aos setores compe-tentes; classificar documentos fiscais e cont\u00e1beis; enviar documentos para serem arquiva-dos; eliminar documentos do arquivo ap\u00f3s prazo legal.<strong><br \/>\n\u2022 Executar a contabilidade geral:<br \/>\n<\/strong>Desenvolver plano de contas; efetuar lan\u00e7amentos cont\u00e1beis; fazer balancetes de verifica\u00e7\u00e3o; conciliar contas; analisar contas patrimoniais; formar pe\u00e7as cont\u00e1beis das empresas; emitir di\u00e1rio, raz\u00e3o e livros fiscais; apurar impostos; atender a obriga\u00e7\u00f5es fiscais acess\u00f3rias; assessorar auditoria.<strong><br \/>\n\u2022 Realizar controle patrimonial:<br \/>\n<\/strong>Controlar a entrada de ativos imobilizados; depreciar bens; reavaliar bens; corrigir bens; calcular juros sobre patrim\u00f4nio em forma\u00e7\u00e3o; amortizar os gastos e custos incorridos; proceder \u00e0 equival\u00eancia patrimonial: dar baixa ao ativo imobilizado; apurar o resultado da aliena\u00e7\u00e3o; inventariar o patrim\u00f4nio.<strong><br \/>\n\u2022 Operacionalizar a contabilidade de custos:<br \/>\n<\/strong>Levantar estoque; relacionar custos operacionais e n\u00e3o operacionais; demonstrar custo in-corrido e ou or\u00e7ado. identificar custo gerencial e administrativo; contabilizar custo or\u00e7ado ou incorrido; criar relat\u00f3rio de custo.<strong><br \/>\n\u2022 Efetuar contabilidade gerencial:<br \/>\n<\/strong>Compilar informa\u00e7\u00f5es cont\u00e1beis; analisar comportamento das contas; preparar fluxo de caixa; fazer previs\u00e3o or\u00e7ament\u00e1ria; acompanhar os resultados finais da empresa; efetuar an\u00e1lises comparativas; executar o planejamento tribut\u00e1rio; fornecer subs\u00eddios aos administradores da empresa; elaborar o balan\u00e7o social.<strong><br \/>\n\u2022 Atender \u00e0 fiscaliza\u00e7\u00e3o:<br \/>\n<\/strong>Disponibilizar documentos e livros; prestar esclarecimentos; preparar relat\u00f3rios; auxiliar na defesa administrativa.<br \/>\n<strong>\u2022 Utilizar recursos de inform\u00e1tica.<br \/>\n\u2022Executar outras tarefas de mesma natureza e n\u00edvel de complexidade associadas ao ambiente organizacional.<\/strong><\/span><\/div>\n<\/div>","protected":false},"excerpt":{"rendered":"<p>T\u00e9cnico em Contabilidade Esta p\u00e1gina apresenta os dados referentes a carreira dos\/as servidores\/as. N\u00edvel de Classifica\u00e7\u00e3o:\u00a0D Denomina\u00e7\u00e3o do cargo: \u00a0T\u00e9cnico em Contabilidade C\u00f3digo CBO: 3511- 05 Requisitos de Qualifica\u00e7\u00e3o para Ingresso no Cargo: Escolaridade: M\u00e9dio Profissionalizante ou M\u00e9dio Completo + Curso T\u00e9cnico Outros: (\u2013) Habilita\u00e7\u00e3o Profissional: Registro no Conselho competente. Descri\u00e7\u00e3o Sum\u00e1ria do Cargo: Identificar [&hellip;]<\/p>\n","protected":false},"author":21,"featured_media":0,"parent":0,"menu_order":0,"comment_status":"closed","ping_status":"closed","template":"","meta":{"footnotes":""},"class_list":["post-29752","page","type-page","status-publish","hentry"],"_links":{"self":[{"href":"https:\/\/wp.ufpel.edu.br\/progep\/wp-json\/wp\/v2\/pages\/29752","targetHints":{"allow":["GET"]}}],"collection":[{"href":"https:\/\/wp.ufpel.edu.br\/progep\/wp-json\/wp\/v2\/pages"}],"about":[{"href":"https:\/\/wp.ufpel.edu.br\/progep\/wp-json\/wp\/v2\/types\/page"}],"author":[{"embeddable":true,"href":"https:\/\/wp.ufpel.edu.br\/progep\/wp-json\/wp\/v2\/users\/21"}],"replies":[{"embeddable":true,"href":"https:\/\/wp.ufpel.edu.br\/progep\/wp-json\/wp\/v2\/comments?post=29752"}],"version-history":[{"count":7,"href":"https:\/\/wp.ufpel.edu.br\/progep\/wp-json\/wp\/v2\/pages\/29752\/revisions"}],"predecessor-version":[{"id":34688,"href":"https:\/\/wp.ufpel.edu.br\/progep\/wp-json\/wp\/v2\/pages\/29752\/revisions\/34688"}],"wp:attachment":[{"href":"https:\/\/wp.ufpel.edu.br\/progep\/wp-json\/wp\/v2\/media?parent=29752"}],"curies":[{"name":"wp","href":"https:\/\/api.w.org\/{rel}","templated":true}]}}