{"id":29748,"date":"2025-02-27T15:12:03","date_gmt":"2025-02-27T18:12:03","guid":{"rendered":"https:\/\/wp.ufpel.edu.br\/progep\/?page_id=29748"},"modified":"2025-07-04T12:52:19","modified_gmt":"2025-07-04T15:52:19","slug":"tecnico-em-audiovisual","status":"publish","type":"page","link":"https:\/\/wp.ufpel.edu.br\/progep\/tecnico-em-audiovisual\/","title":{"rendered":"Cargos TAE: T\u00e9cnico em Audiovisual"},"content":{"rendered":"\n<div class=\"wp-block-group\"><div class=\"wp-block-group__inner-container is-layout-constrained wp-block-group-is-layout-constrained\">\n<div class=\"logoTituloModelStyle\"><img class=\"size-medium wp-image-27184 alignleft\" src=\"https:\/\/wp.ufpel.edu.br\/progep\/files\/2025\/03\/logo-progep_atualizacao-nome_AZUL.png\" alt=\"\" \/><\/p>\n<div><strong>T\u00e9cnico em Audiovisual<\/strong><\/div>\n<\/div>\n<hr class=\"hrModelStyle\" \/>\n<div class=\"descriptionModelStyle\">Esta p\u00e1gina apresenta os dados referentes a carreira dos\/as servidores\/as.<\/div>\n<\/div><\/div>\n\n\n<div class=\"cargoDescriptionStyle\">\n<div class=\"infoCargo\"><span>N\u00edvel de Classifica\u00e7\u00e3o:\u00a0<strong>D<\/strong><\/span><br \/>\n<span>Denomina\u00e7\u00e3o do cargo:<br \/>\n<strong>\u00a0T\u00e9cnico em Audiovisual<\/strong><\/span><br \/>\n<span>C\u00f3digo CBO: <strong>3744-05<\/strong><\/span><\/div>\n<div class=\"requisitosCargo\"><span style=\"font-size: 16pt;padding-bottom: 0.5rem\"><strong>Requisitos de Qualifica\u00e7\u00e3o para Ingresso no Cargo<\/strong>:<\/span><br \/>\n<span><strong>Escolaridade<\/strong>: M\u00e9dio Profissionalizante ou M\u00e9dio Completo + experi\u00eancia<\/span><br \/>\n<span><strong>Outros<\/strong>: (\u2013)<\/span><br \/>\n<strong><span>Habilita\u00e7\u00e3o Profissional.<\/span><\/strong><\/div>\n<div class=\"descSumaryCargo\"><span style=\"font-size: 16pt;font-weight: bold;padding-bottom: 0.5rem\">Descri\u00e7\u00e3o Sum\u00e1ria do Cargo:<\/span><br \/>\n<span>Montar e projetar filmes cinematogr\u00e1ficos, manejar equipamentos audiovisuais utilizando nas diversas atividades did\u00e1ticas, pesquisa e extens\u00e3o, bem como operar equipamentos eletr\u00f4nicos para grava\u00e7\u00e3o em fita ou fios magn\u00e9ticos, filmes ou discos virgens.<br \/>\nAssessorar nas atividades de ensino, pesquisa e extens\u00e3o. <\/span><\/div>\n<div class=\"atividadesCargo\"><span style=\"font-size: 16pt;font-weight: bold\">Descri\u00e7\u00e3o de Atividades T\u00edpicas do Cargo:<\/span><br \/>\n<span>\u2022 Instalar alto-falantes e microfones nos lugares apropriados.<strong><br \/>\n\u2022 Ligar os amplificadores por interm\u00e9dio de conectores el\u00e9tricos.<br \/>\n<\/strong>\u2022 Testar a instala\u00e7\u00e3o fazendo as conex\u00f5es convenientes.<strong><br \/>\n\u2022 Montar e instalar equipamentos de sonoriza\u00e7\u00e3o, retroprojetores de slides e pel\u00edculas, v\u00eddeo-tape, videocassete, e similares.<br \/>\n<\/strong>\u2022 Manejar equipamentos audiovisual, projetando filmes e coordenando o sistema el\u00e9trico durante as proje\u00e7\u00f5es.<strong><br \/>\n\u2022 Colaborar na produ\u00e7\u00e3o de material did\u00e1tico, pesquisa e extens\u00e3o que necessitar de recursos audiovisuais.<br \/>\n<\/strong>\u2022 Manter e conservar os equipamentos sob sua responsabilidade.<strong><br \/>\n\u2022 Executar pequenos trabalhos de manuten\u00e7\u00e3o de aparelhagem.<br \/>\n<\/strong>\u2022 Controlar a circula\u00e7\u00e3o dos equipamentos registrados sua movimenta\u00e7\u00e3o em fich\u00e1rio apropriado.<strong><br \/>\n\u2022 Utilizar recursos de inform\u00e1tica.<br \/>\n<\/strong>\u2022 Executar outras tarefas de mesma natureza e n\u00edvel de complexidade associadas ao ambiente organizacional.<\/span><\/div>\n<\/div>","protected":false},"excerpt":{"rendered":"<p>T\u00e9cnico em Audiovisual Esta p\u00e1gina apresenta os dados referentes a carreira dos\/as servidores\/as. N\u00edvel de Classifica\u00e7\u00e3o:\u00a0D Denomina\u00e7\u00e3o do cargo: \u00a0T\u00e9cnico em Audiovisual C\u00f3digo CBO: 3744-05 Requisitos de Qualifica\u00e7\u00e3o para Ingresso no Cargo: Escolaridade: M\u00e9dio Profissionalizante ou M\u00e9dio Completo + experi\u00eancia Outros: (\u2013) Habilita\u00e7\u00e3o Profissional. Descri\u00e7\u00e3o Sum\u00e1ria do Cargo: Montar e projetar filmes cinematogr\u00e1ficos, manejar equipamentos [&hellip;]<\/p>\n","protected":false},"author":21,"featured_media":0,"parent":0,"menu_order":0,"comment_status":"closed","ping_status":"closed","template":"","meta":{"footnotes":""},"class_list":["post-29748","page","type-page","status-publish","hentry"],"_links":{"self":[{"href":"https:\/\/wp.ufpel.edu.br\/progep\/wp-json\/wp\/v2\/pages\/29748","targetHints":{"allow":["GET"]}}],"collection":[{"href":"https:\/\/wp.ufpel.edu.br\/progep\/wp-json\/wp\/v2\/pages"}],"about":[{"href":"https:\/\/wp.ufpel.edu.br\/progep\/wp-json\/wp\/v2\/types\/page"}],"author":[{"embeddable":true,"href":"https:\/\/wp.ufpel.edu.br\/progep\/wp-json\/wp\/v2\/users\/21"}],"replies":[{"embeddable":true,"href":"https:\/\/wp.ufpel.edu.br\/progep\/wp-json\/wp\/v2\/comments?post=29748"}],"version-history":[{"count":6,"href":"https:\/\/wp.ufpel.edu.br\/progep\/wp-json\/wp\/v2\/pages\/29748\/revisions"}],"predecessor-version":[{"id":34687,"href":"https:\/\/wp.ufpel.edu.br\/progep\/wp-json\/wp\/v2\/pages\/29748\/revisions\/34687"}],"wp:attachment":[{"href":"https:\/\/wp.ufpel.edu.br\/progep\/wp-json\/wp\/v2\/media?parent=29748"}],"curies":[{"name":"wp","href":"https:\/\/api.w.org\/{rel}","templated":true}]}}