{"id":29745,"date":"2025-02-27T15:04:29","date_gmt":"2025-02-27T18:04:29","guid":{"rendered":"https:\/\/wp.ufpel.edu.br\/progep\/?page_id=29745"},"modified":"2025-07-04T12:52:05","modified_gmt":"2025-07-04T15:52:05","slug":"tecnico-em-artes-graficas","status":"publish","type":"page","link":"https:\/\/wp.ufpel.edu.br\/progep\/tecnico-em-artes-graficas\/","title":{"rendered":"Cargos TAE: T\u00e9cnico em Artes Gr\u00e1ficas"},"content":{"rendered":"\n<div class=\"wp-block-group\"><div class=\"wp-block-group__inner-container is-layout-constrained wp-block-group-is-layout-constrained\">\n<div class=\"logoTituloModelStyle\"><img class=\"size-medium wp-image-27184 alignleft\" src=\"https:\/\/wp.ufpel.edu.br\/progep\/files\/2025\/03\/logo-progep_atualizacao-nome_AZUL.png\" alt=\"\" \/><\/p>\n<div><strong>T\u00e9cnico em Artes Gr\u00e1ficas<\/strong><\/div>\n<\/div>\n<hr class=\"hrModelStyle\" \/>\n<div class=\"descriptionModelStyle\">Esta p\u00e1gina apresenta os dados referentes a carreira dos\/as servidores\/as.<\/div>\n<\/div><\/div>\n\n\n<div class=\"cargoDescriptionStyle\">\n<div class=\"infoCargo\"><span>N\u00edvel de Classifica\u00e7\u00e3o:\u00a0<strong>D<\/strong><\/span><br \/>\n<span>Denomina\u00e7\u00e3o do cargo:<br \/>\n<strong>\u00a0T\u00e9cnico em Artes Gr\u00e1ficas<\/strong><\/span><br \/>\n<span>C\u00f3digo CBO: <strong>3713-10<\/strong><\/span><\/div>\n<div class=\"requisitosCargo\"><span style=\"font-size: 16pt;padding-bottom: 0.5rem\"><strong>Requisitos de Qualifica\u00e7\u00e3o para Ingresso no Cargo<\/strong>:<\/span><br \/>\n<span><strong>Escolaridade<\/strong>: M\u00e9dio Profissionalizante ou M\u00e9dio Completo + Curso T\u00e9cnico<\/span><br \/>\n<span><strong>Outros<\/strong>: (\u2013)<\/span><br \/>\n<strong><span>Habilita\u00e7\u00e3o Profissional: <\/span><\/strong><span>Registro no Conselho competente \u2013 Resolu\u00e7\u00e3o n\u00ba 262, de 28 de julho de 1979 \u2013 CONFEA.<\/span><\/div>\n<div class=\"descSumaryCargo\"><span style=\"font-size: 16pt;font-weight: bold;padding-bottom: 0.5rem\">Descri\u00e7\u00e3o Sum\u00e1ria do Cargo:<\/span><br \/>\n<span>Realizar programa\u00e7\u00f5es visuais gr\u00e1ficas, buscando alternativas para melhoria em tecnologias e mat\u00e9rias &#8211; primas e implantar novas tecnologias. Operar m\u00e1quinas e equipamentos de pr\u00e9-impress\u00e3o de produtos gr\u00e1ficos, planejar e controlar o processo de produ\u00e7\u00e3o. Realizar controle de qualidade das mat\u00e9rias &#8211; primas e do produto final.<br \/>\nAssessorar nas atividades de ensino, pesquisa e extens\u00e3o. <\/span><\/div>\n<div class=\"atividadesCargo\"><span style=\"font-size: 16pt;font-weight: bold\">Descri\u00e7\u00e3o de Atividades T\u00edpicas do Cargo:<\/span><br \/>\n<span><strong>\u2022 Realizar programa\u00e7\u00e3o visual gr\u00e1fica:<br \/>\n<\/strong>Elaborar leiaute; desenvolver arte-final; analisar viabilidade t\u00e9cnica e econ\u00f4mica; definir tecnologias, sistemas e processos de produ\u00e7\u00e3o; definir mat\u00e9ria-prima para a produ\u00e7\u00e3o; elaborar especifica\u00e7\u00e3o t\u00e9cnica.<strong><br \/>\n\u2022 Prestar assist\u00eancia t\u00e9cnica:<br \/>\n<\/strong>Orientar sobre possibilidades e restri\u00e7\u00f5es de materiais e processos; propor solu\u00e7\u00f5es correti-vas no local de ocorr\u00eancia; fornecer informa\u00e7\u00f5es t\u00e9cnicas; elaborar manuais de procedimentos.<strong><br \/>\n\u2022 Buscar alternativas para melhorias em tecnologias e mat\u00e9rias-primas:<br \/>\n<\/strong>Avaliar tend\u00eancias de mercado; consultar normas e fontes de informa\u00e7\u00f5es t\u00e9cnicas; realizar visitas t\u00e9cnicas a empresas e fornecedores para coleta de informa\u00e7\u00f5es; analisar tecnologias dispon\u00edveis no mercado.<strong><br \/>\n\u2022 Implantar novas tecnologias:<br \/>\n<\/strong>Definir caracter\u00edsticas t\u00e9cnicas de equipamentos; Estimar custos de implanta\u00e7\u00e3o e opera\u00e7\u00e3o; Promover melhorias do equipamento (upgrade).<strong><br \/>\n\u2022 Operar m\u00e1quinas e equipamentos nos processos de pr\u00e9-impress\u00e3o:<br \/>\n<\/strong>Realizar opera\u00e7\u00f5es de processamento de imagem; operar equipamentos para reprodu\u00e7\u00e3o da imagem; operar equipamentos para montagem; operar m\u00e1quinas de gera\u00e7\u00e3o de matrizes.<strong><br \/>\n\u2022 Realizar planejamento e controle da produ\u00e7\u00e3o e da qualidade:<br \/>\n<\/strong>Elaborar planejamento da produ\u00e7\u00e3o; elaborar programa\u00e7\u00e3o para desenvolvimento da produ\u00e7\u00e3o; controlar o andamento das atividades de produ\u00e7\u00e3o; alimentar bancos de dados.<strong><br \/>\n\u2022 Utilizar recursos de inform\u00e1tica.<br \/>\n\u2022 Executar outras tarefas de mesma natureza e n\u00edvel de complexidade associadas ao ambiente organizacional.<\/strong><\/span><\/div>\n<\/div>","protected":false},"excerpt":{"rendered":"<p>T\u00e9cnico em Artes Gr\u00e1ficas Esta p\u00e1gina apresenta os dados referentes a carreira dos\/as servidores\/as. N\u00edvel de Classifica\u00e7\u00e3o:\u00a0D Denomina\u00e7\u00e3o do cargo: \u00a0T\u00e9cnico em Artes Gr\u00e1ficas C\u00f3digo CBO: 3713-10 Requisitos de Qualifica\u00e7\u00e3o para Ingresso no Cargo: Escolaridade: M\u00e9dio Profissionalizante ou M\u00e9dio Completo + Curso T\u00e9cnico Outros: (\u2013) Habilita\u00e7\u00e3o Profissional: Registro no Conselho competente \u2013 Resolu\u00e7\u00e3o n\u00ba 262, [&hellip;]<\/p>\n","protected":false},"author":21,"featured_media":0,"parent":0,"menu_order":0,"comment_status":"closed","ping_status":"closed","template":"","meta":{"footnotes":""},"class_list":["post-29745","page","type-page","status-publish","hentry"],"_links":{"self":[{"href":"https:\/\/wp.ufpel.edu.br\/progep\/wp-json\/wp\/v2\/pages\/29745","targetHints":{"allow":["GET"]}}],"collection":[{"href":"https:\/\/wp.ufpel.edu.br\/progep\/wp-json\/wp\/v2\/pages"}],"about":[{"href":"https:\/\/wp.ufpel.edu.br\/progep\/wp-json\/wp\/v2\/types\/page"}],"author":[{"embeddable":true,"href":"https:\/\/wp.ufpel.edu.br\/progep\/wp-json\/wp\/v2\/users\/21"}],"replies":[{"embeddable":true,"href":"https:\/\/wp.ufpel.edu.br\/progep\/wp-json\/wp\/v2\/comments?post=29745"}],"version-history":[{"count":4,"href":"https:\/\/wp.ufpel.edu.br\/progep\/wp-json\/wp\/v2\/pages\/29745\/revisions"}],"predecessor-version":[{"id":34686,"href":"https:\/\/wp.ufpel.edu.br\/progep\/wp-json\/wp\/v2\/pages\/29745\/revisions\/34686"}],"wp:attachment":[{"href":"https:\/\/wp.ufpel.edu.br\/progep\/wp-json\/wp\/v2\/media?parent=29745"}],"curies":[{"name":"wp","href":"https:\/\/api.w.org\/{rel}","templated":true}]}}