{"id":29742,"date":"2025-02-27T14:12:48","date_gmt":"2025-02-27T17:12:48","guid":{"rendered":"https:\/\/wp.ufpel.edu.br\/progep\/?page_id=29742"},"modified":"2025-07-04T12:51:52","modified_gmt":"2025-07-04T15:51:52","slug":"tecnico-em-arquivo","status":"publish","type":"page","link":"https:\/\/wp.ufpel.edu.br\/progep\/tecnico-em-arquivo\/","title":{"rendered":"Cargos TAE: T\u00e9cnico em Arquivo"},"content":{"rendered":"\n<div class=\"wp-block-group\"><div class=\"wp-block-group__inner-container is-layout-constrained wp-block-group-is-layout-constrained\">\n<div class=\"logoTituloModelStyle\"><img class=\"size-medium wp-image-27184 alignleft\" src=\"https:\/\/wp.ufpel.edu.br\/progep\/files\/2025\/03\/logo-progep_atualizacao-nome_AZUL.png\" alt=\"\" \/><\/p>\n<div><strong>T\u00e9cnico em Arquivo<\/strong><\/div>\n<\/div>\n<hr class=\"hrModelStyle\" \/>\n<div class=\"descriptionModelStyle\">Esta p\u00e1gina apresenta os dados referentes a carreira dos\/as servidores\/as.<\/div>\n<\/div><\/div>\n\n\n<div class=\"cargoDescriptionStyle\">\n<div class=\"infoCargo\"><span>N\u00edvel de Classifica\u00e7\u00e3o:\u00a0<strong>D<\/strong><\/span><br \/>\n<span>Denomina\u00e7\u00e3o do cargo:<br \/>\n<strong>\u00a0T\u00e9cnico em Arquivo<\/strong><\/span><br \/>\n<span>C\u00f3digo CBO: <strong>4151- 05<\/strong><\/span><\/div>\n<div class=\"requisitosCargo\"><span style=\"font-size: 16pt;padding-bottom: 0.5rem\"><strong>Requisitos de Qualifica\u00e7\u00e3o para Ingresso no Cargo<\/strong>:<\/span><br \/>\n<span><strong>Escolaridade<\/strong>: M\u00e9dio Profissionalizante ou M\u00e9dio Completo + Curso T\u00e9cnico<\/span><br \/>\n<span style=\"font-family: 'comic sans ms', sans-serif\"><strong>Outros<\/strong>: (\u2013)<\/span><br \/>\n<strong><span>Habilita\u00e7\u00e3o Profissional: <\/span><\/strong><span style=\"font-family: 'comic sans ms', sans-serif\">Lei n\u00ba 6.546, de 04 de julho de 1978 &#8211; Disp\u00f5e sobre a regulamenta\u00e7\u00e3o de T\u00e9cnico de Arquivo. Decreto n\u00ba 82.590, de 06 de novembro de 1985 &#8211; Regulamenta a Lei n\u00ba 6.546, de 4\/07\/78.<\/span><\/div>\n<div class=\"descSumaryCargo\"><span style=\"font-size: 16pt;font-weight: bold;padding-bottom: 0.5rem\">Descri\u00e7\u00e3o Sum\u00e1ria do Cargo:<\/span><br \/>\n<span>Auxiliar especialistas das diversas \u00e1reas, nos trabalhos de organiza\u00e7\u00e3o, conserva\u00e7\u00e3o, pesquisa e difus\u00e3o de documentos e objetos de car\u00e1ter hist\u00f3rico, art\u00edstico, cient\u00edfico e liter\u00e1rio ou de outra natureza.<br \/>\nAssessorar nas atividades de ensino, pesquisa e extens\u00e3o. <\/span><\/div>\n<div class=\"atividadesCargo\"><span style=\"font-size: 16pt;font-weight: bold\">Descri\u00e7\u00e3o de Atividades T\u00edpicas do Cargo:<\/span><br \/>\n<span><strong>\u2022 Orientar usu\u00e1rios:<br \/>\n<\/strong>Entrevistar o usu\u00e1rio; atender pesquisa do usu\u00e1rio; esclarecer d\u00favidas do usu\u00e1rio; indicar fontes similares; emprestar material para outros setores da institui\u00e7\u00e3o; emprestar materiais para outras institui\u00e7\u00f5es; pedir emprestado materiais de outras institui\u00e7\u00f5es; emprestar materi-ais para uso domiciliar; reservar material para o usu\u00e1rio; antecipar devolu\u00e7\u00e3o; receber devolu\u00e7\u00e3o de materiais do acervo; controlar a utiliza\u00e7\u00e3o dos materiais; aplicar penalidades por atraso.<strong><br \/>\n\u2022 Recuperar dados e informa\u00e7\u00f5es:<br \/>\n<\/strong>Pesquisar dados; preparar dados; rastrear normas t\u00e9cnicas; elaborar lista de classifica\u00e7\u00e3o; enumerar itens para classifica\u00e7\u00e3o; codificar itens do question\u00e1rio; consistir dados.<strong><br \/>\n\u2022 Disponibilizar fonte de dados para usu\u00e1rios:<br \/>\n<\/strong>Alfabetar fichas; montar sum\u00e1rios correntes; elaborar instrumentos de pesquisa; expor novas aquisi\u00e7\u00f5es; realizar exposi\u00e7\u00f5es tempor\u00e1rias e permanentes do acervo; guardar material nas estantes; ler estantes; desmagnetizar material bibliogr\u00e1fico; repor fichas nos livros; disponibi-lizar documentos em formato digital.<strong><br \/>\n\u2022 Providenciar aquisi\u00e7\u00e3o do material para o acervo:<br \/>\n<\/strong>Propor aquisi\u00e7\u00e3o do material; levantar pre\u00e7o do material; solicitar fatura; acessar sistema de aquisi\u00e7\u00e3o de material; solicitar doa\u00e7\u00f5es; permutar material com outras institui\u00e7\u00f5es; listar material bibliogr\u00e1fico em duplicata.<strong><br \/>\n\u2022 Incorporar material ao acervo:<br \/>\n<\/strong>Registrar a entrada do material; conferir material adquirido; controlar a qualidade do material; fazer preparo f\u00edsico do material; preparar material para digita\u00e7\u00e3o; auxiliar a cataloga\u00e7\u00e3o do material; colocar n\u00famero de chamada no material; colocar c\u00f3digos de barras; magnetizar material.<strong><br \/>\n\u2022 Organizar o acervo:<br \/>\n<\/strong>Organizar fisicamente o acervo; classificar documentos; registrar documentos; tipificar arquivos; montar arquivos nas formas eletr\u00f4nica e papel; arquivar fichas e documentos nas formas eletr\u00f4nica e papel; organizar sites de entidades normativas; onventariar o acervo.<strong><br \/>\n\u2022 Preservar acervo:<br \/>\n<\/strong>Higienizar material; desinfetar material; controlar embalagem e armazenamento de material; controlar par\u00e2metros ambientais para preserva\u00e7\u00e3o; orientar o usu\u00e1rio sobre a utiliza\u00e7\u00e3o do material; revisar o estado f\u00edsico dos materiais devolvidos; encadernar material; reproduzir documentos e materiais<strong>.<br \/>\n\u2022 Prestar servi\u00e7o de comuta\u00e7\u00e3o:<br \/>\n<\/strong>Receber pedidos de material; pesquisar em cat\u00e1logo coletivo nacional; pesquisar acervos de outras institui\u00e7\u00f5es; encaminhar pedidos; emitir pedidos a bibliotecas base; verificar solicita\u00e7\u00f5es de comuta\u00e7\u00e3o; comunicar chegada de material ao usu\u00e1rio; reclamar falhas no processo de comuta\u00e7\u00e3o; cobrar do usu\u00e1rio pelos servi\u00e7os prestados.<strong><br \/>\n\u2022 Alimentar base de dados:<br \/>\n<\/strong>Atualizar base de dados do acervo; introduzir novas informa\u00e7\u00f5es em banco de dados; digitali-zar acervo; cadastrar usu\u00e1rios e usu\u00e1rios; atualizar cadastro de usu\u00e1rios e usu\u00e1rios.<strong><br \/>\n\u2022 Elaborar estat\u00edsticas:<br \/>\n<\/strong>Coletar dados; revisar coleta de dados; acrescentar dados \u00e0 planilha pr\u00e9-existente; organizar dados estat\u00edsticos; elaborar relat\u00f3rios; fornecer resultados para an\u00e1lise do acervo<strong>.<br \/>\n\u2022 Utilizar recursos de inform\u00e1tica.<br \/>\n\u2022 Executar outras tarefas de mesma natureza e n\u00edvel de complexidade associadas ao ambiente organizacional.<\/strong><\/span><\/div>\n<\/div>","protected":false},"excerpt":{"rendered":"<p>T\u00e9cnico em Arquivo Esta p\u00e1gina apresenta os dados referentes a carreira dos\/as servidores\/as. N\u00edvel de Classifica\u00e7\u00e3o:\u00a0D Denomina\u00e7\u00e3o do cargo: \u00a0T\u00e9cnico em Arquivo C\u00f3digo CBO: 4151- 05 Requisitos de Qualifica\u00e7\u00e3o para Ingresso no Cargo: Escolaridade: M\u00e9dio Profissionalizante ou M\u00e9dio Completo + Curso T\u00e9cnico Outros: (\u2013) Habilita\u00e7\u00e3o Profissional: Lei n\u00ba 6.546, de 04 de julho de 1978 [&hellip;]<\/p>\n","protected":false},"author":21,"featured_media":0,"parent":0,"menu_order":0,"comment_status":"closed","ping_status":"closed","template":"","meta":{"footnotes":""},"class_list":["post-29742","page","type-page","status-publish","hentry"],"_links":{"self":[{"href":"https:\/\/wp.ufpel.edu.br\/progep\/wp-json\/wp\/v2\/pages\/29742","targetHints":{"allow":["GET"]}}],"collection":[{"href":"https:\/\/wp.ufpel.edu.br\/progep\/wp-json\/wp\/v2\/pages"}],"about":[{"href":"https:\/\/wp.ufpel.edu.br\/progep\/wp-json\/wp\/v2\/types\/page"}],"author":[{"embeddable":true,"href":"https:\/\/wp.ufpel.edu.br\/progep\/wp-json\/wp\/v2\/users\/21"}],"replies":[{"embeddable":true,"href":"https:\/\/wp.ufpel.edu.br\/progep\/wp-json\/wp\/v2\/comments?post=29742"}],"version-history":[{"count":4,"href":"https:\/\/wp.ufpel.edu.br\/progep\/wp-json\/wp\/v2\/pages\/29742\/revisions"}],"predecessor-version":[{"id":34685,"href":"https:\/\/wp.ufpel.edu.br\/progep\/wp-json\/wp\/v2\/pages\/29742\/revisions\/34685"}],"wp:attachment":[{"href":"https:\/\/wp.ufpel.edu.br\/progep\/wp-json\/wp\/v2\/media?parent=29742"}],"curies":[{"name":"wp","href":"https:\/\/api.w.org\/{rel}","templated":true}]}}