{"id":29734,"date":"2025-02-27T13:42:09","date_gmt":"2025-02-27T16:42:09","guid":{"rendered":"https:\/\/wp.ufpel.edu.br\/progep\/?page_id=29734"},"modified":"2025-07-04T12:51:26","modified_gmt":"2025-07-04T15:51:26","slug":"tecnico-em-agropecuaria","status":"publish","type":"page","link":"https:\/\/wp.ufpel.edu.br\/progep\/tecnico-em-agropecuaria\/","title":{"rendered":"Cargos TAE: T\u00e9cnico em Agropecu\u00e1ria"},"content":{"rendered":"\n<div class=\"wp-block-group\"><div class=\"wp-block-group__inner-container is-layout-constrained wp-block-group-is-layout-constrained\">\n<div class=\"logoTituloModelStyle\"><img class=\"size-medium wp-image-27184 alignleft\" src=\"https:\/\/wp.ufpel.edu.br\/progep\/files\/2025\/03\/logo-progep_atualizacao-nome_AZUL.png\" alt=\"\" \/><\/p>\n<div><strong>T\u00e9cnico em Agropecu\u00e1ria<\/strong><\/div>\n<\/div>\n<hr class=\"hrModelStyle\" \/>\n<div class=\"descriptionModelStyle\">Esta p\u00e1gina apresenta os dados referentes a carreira dos\/as servidores\/as.<\/div>\n<\/div><\/div>\n\n\n<div class=\"cargoDescriptionStyle\">\n<div class=\"infoCargo\"><span>N\u00edvel de Classifica\u00e7\u00e3o:\u00a0<strong>D<\/strong><\/span><br \/>\n<span>Denomina\u00e7\u00e3o do cargo:<br \/>\n<strong>\u00a0T\u00e9cnico em Agropecu\u00e1ria<\/strong><\/span><br \/>\n<span>C\u00f3digo CBO: <strong>3211-10<\/strong><\/span><\/div>\n<div class=\"requisitosCargo\"><span style=\"font-size:\"><strong>Requisitos de Qualifica\u00e7\u00e3o para Ingresso no Cargo<\/strong>:<\/span><br \/>\n<span><strong>Escolaridade<\/strong>: M\u00e9dio Profissionalizante ou M\u00e9dio Completo + Curso T\u00e9cnico<\/span><br \/>\n<span><strong>Outros<\/strong>: Experi\u00eancia de 12 meses<\/span><br \/>\n<strong><span>Habilita\u00e7\u00e3o Profissional: <\/span><\/strong><span style=\"font-family: 'comic sans ms', sans-serif\">Registro no Conselho competente \u2013 Resolu\u00e7\u00e3o n\u00ba 262, de 28 de julho de 1979 &#8211; CONFEA<\/span><strong><span style=\"font-family: 'comic sans ms', sans-serif\">.<\/span><\/strong><\/div>\n<div class=\"descSumaryCargo\"><span style=\"font-size: 16pt;font-weight: bold;padding-bottom: 0.5rem\">Descri\u00e7\u00e3o Sum\u00e1ria do Cargo:<\/span><br \/>\n<span>Prestar assist\u00eancia e consultoria t\u00e9cnicas, orientando diretamente produtores sobre produ\u00e7\u00e3o agropecu\u00e1ria, comercializa\u00e7\u00e3o e procedimentos de biosseguridade. Executar projetos agropecu\u00e1rios em suas diversas etapas. Planejar atividades agropecu\u00e1rias. Promover organiza\u00e7\u00e3o, extens\u00e3o e capacita\u00e7\u00e3o rural. Fiscalizar produ\u00e7\u00e3o agropecu\u00e1ria. Desenvolver tecnologias adaptadas \u00e0 produ\u00e7\u00e3o agropecu\u00e1ria.<br \/>\nAssessorar nas atividades de ensino, pesquisa e extens\u00e3o. <\/span><\/div>\n<div class=\"atividadesCargo\"><span style=\"font-size: 16pt;font-weight: bold\">Descri\u00e7\u00e3o de Atividades T\u00edpicas do Cargo:<\/span><br \/>\n<span><strong>\u2022 Orientar na escolha do local para atividade:<br \/>\n<\/strong>Orientar sobre preserva\u00e7\u00e3o ambiental; orientar coleta de amostras para an\u00e1lises e exames; orientar sobre preparo, corre\u00e7\u00e3o e conserva\u00e7\u00e3o de solo; orientar sobre \u00e9poca de plantio, tratos culturais e colheita; orientar na defini\u00e7\u00e3o e manejo de equipamentos, m\u00e1quinas e implementos; orientar constru\u00e7\u00f5es e instala\u00e7\u00f5es agropecu\u00e1rias; orientar na escolha de esp\u00e9cies e cultivares; orientar sobre t\u00e9cnicas de plantio; orientar sobre tratamento da \u00e1gua a ser utilizada na produ\u00e7\u00e3o agropecu\u00e1ria; orientar sobre formas e manejo de irriga\u00e7\u00e3o e drenagem; orientar manejo integrado de pragas e doen\u00e7as; orientar sobre uso de equipamentos de prote\u00e7\u00e3o individual (EPI); orientar no beneficiamento de produtos agropecu\u00e1rios; orientar podas, raleios, desbrotas e desbastes; orientar sobre padr\u00e3o de produ\u00e7\u00e3o de sementes e mudas; orientar na legaliza\u00e7\u00e3o de empreendimentos agropecu\u00e1rios; orientar sobre t\u00e9cnicas de reprodu\u00e7\u00e3o animal e vegetal; orientar escolha e manejo de pastagem e forrageiras; orientar alimenta\u00e7\u00e3o e manejo de animais; orientar sobre formula\u00e7\u00f5es de ra\u00e7\u00f5es; orientar manejo do desenvolvimento animal; orientar sobre pequenas interven\u00e7\u00f5es cir\u00fargicas; orientar no controle de animais transmissores de doen\u00e7as; orientar pr\u00e9-abate; recomendar compra e venda de animais; orientar na recupera\u00e7\u00e3o de \u00e1reas degradadas.<strong><br \/>\n\u2022 Executar projetos agropecu\u00e1rios:<br \/>\n<\/strong>Executar levantamento do custo-benef\u00edcio para o produtor; verificar disponibilidade e qualidade da \u00e1gua a ser utilizada na produ\u00e7\u00e3o agropecu\u00e1ria; coletar amostras para an\u00e1lise (sangue, solos, ra\u00e7\u00f5es, plantas, forragens, cereais e outros); locar curva em n\u00edvel, canais para irriga\u00e7\u00e3o, tomadas d&#8217;\u00e1gua e outros; acompanhar constru\u00e7\u00e3o de curva em n\u00edvel; interpretar an\u00e1lises de solo e resultados laboratoriais; regular m\u00e1quinas e equipamentos; elaborar relat\u00f3rios, laudos, pareceres, per\u00edcias e avalia\u00e7\u00f5es; coletar dados meteorol\u00f3gicos; coletar dados experimentais; conduzir experimentos de pesquisa; levantar dados de pragas e doen\u00e7as; supervisionar atividades agropecu\u00e1rias; manejar reprodu\u00e7\u00e3o de animais; realizar cruzamento de cultivares; realizar pequenas interven\u00e7\u00f5es cir\u00fargicas; formular ra\u00e7\u00f5es de animais; auxiliar partos em animais; realizar necropsias de animais.<strong><br \/>\n\u2022 Planejar atividades agropecu\u00e1rias:<br \/>\n<\/strong>Verificar infra-estrutura (m\u00e1quinas, equipamentos, instala\u00e7\u00f5es e outros); levantar dados sobre a \u00e1rea a ser trabalhada; planejar rota\u00e7\u00e3o de culturas; disseminar produ\u00e7\u00e3o org\u00e2nica.<strong><br \/>\n\u2022 Fiscalizar produ\u00e7\u00e3o agropecu\u00e1ria:<br \/>\n<\/strong>Fiscalizar produ\u00e7\u00e3o de mudas e sementes; enviar amostras de produtos agropecu\u00e1rios para an\u00e1lises laboratoriais; classificar produtos vegetais; inspecionar sanidade de produtos agropecu\u00e1rios; fiscalizar vacina\u00e7\u00e3o de animais; fiscalizar aplica\u00e7\u00e3o de agrot\u00f3xicos; inspecionar cumprimento de normas e padr\u00f5es t\u00e9cnicos; fiscalizar documenta\u00e7\u00e3o de produtos agropecu\u00e1rios.<strong><br \/>\n\u2022 Recomendar procedimentos de biosseguridade:<br \/>\n<\/strong>Recomendar quanto ao uso racional de agrot\u00f3xicos e medicamentos veterin\u00e1rios; recomendar sobre isolamento de \u00e1rea de produ\u00e7\u00e3o e acesso de pessoas e animais; recomendar sobre destino de embalagens de agrot\u00f3xicos e medicamentos veterin\u00e1rios; recomendar sobre t\u00e9cnica de quarentena de plantas e animais; recomendar sobre limpeza e desinfe\u00e7\u00e3o de m\u00e1quinas, equipamentos e instala\u00e7\u00f5es; orientar destino de animais mortos; orientar manejo de dejetos; recomendar sobre t\u00e9cnica de vazio sanit\u00e1rio.<strong><br \/>\n\u2022 Desenvolver tecnologias:<br \/>\n<\/strong>Adaptar tecnologias de produ\u00e7\u00e3o; criar t\u00e9cnicas alternativas para plantio, aplica\u00e7\u00e3o de agrot\u00f3xicos e outros; adaptar instala\u00e7\u00f5es e equipamentos conforme necessidade.<strong><br \/>\n\u2022 Utilizar recursos de inform\u00e1tica.<br \/>\n\u2022 Executar outras tarefas de mesma natureza e n\u00edvel de complexidade associadas ao ambiente organizacional.<\/strong><\/span><\/div>\n<\/div>","protected":false},"excerpt":{"rendered":"<p>T\u00e9cnico em Agropecu\u00e1ria Esta p\u00e1gina apresenta os dados referentes a carreira dos\/as servidores\/as. N\u00edvel de Classifica\u00e7\u00e3o:\u00a0D Denomina\u00e7\u00e3o do cargo: \u00a0T\u00e9cnico em Agropecu\u00e1ria C\u00f3digo CBO: 3211-10 Requisitos de Qualifica\u00e7\u00e3o para Ingresso no Cargo: Escolaridade: M\u00e9dio Profissionalizante ou M\u00e9dio Completo + Curso T\u00e9cnico Outros: Experi\u00eancia de 12 meses Habilita\u00e7\u00e3o Profissional: Registro no Conselho competente \u2013 Resolu\u00e7\u00e3o n\u00ba [&hellip;]<\/p>\n","protected":false},"author":21,"featured_media":0,"parent":0,"menu_order":0,"comment_status":"closed","ping_status":"closed","template":"","meta":{"footnotes":""},"class_list":["post-29734","page","type-page","status-publish","hentry"],"_links":{"self":[{"href":"https:\/\/wp.ufpel.edu.br\/progep\/wp-json\/wp\/v2\/pages\/29734","targetHints":{"allow":["GET"]}}],"collection":[{"href":"https:\/\/wp.ufpel.edu.br\/progep\/wp-json\/wp\/v2\/pages"}],"about":[{"href":"https:\/\/wp.ufpel.edu.br\/progep\/wp-json\/wp\/v2\/types\/page"}],"author":[{"embeddable":true,"href":"https:\/\/wp.ufpel.edu.br\/progep\/wp-json\/wp\/v2\/users\/21"}],"replies":[{"embeddable":true,"href":"https:\/\/wp.ufpel.edu.br\/progep\/wp-json\/wp\/v2\/comments?post=29734"}],"version-history":[{"count":6,"href":"https:\/\/wp.ufpel.edu.br\/progep\/wp-json\/wp\/v2\/pages\/29734\/revisions"}],"predecessor-version":[{"id":34682,"href":"https:\/\/wp.ufpel.edu.br\/progep\/wp-json\/wp\/v2\/pages\/29734\/revisions\/34682"}],"wp:attachment":[{"href":"https:\/\/wp.ufpel.edu.br\/progep\/wp-json\/wp\/v2\/media?parent=29734"}],"curies":[{"name":"wp","href":"https:\/\/api.w.org\/{rel}","templated":true}]}}