{"id":29709,"date":"2025-02-27T10:58:18","date_gmt":"2025-02-27T13:58:18","guid":{"rendered":"https:\/\/wp.ufpel.edu.br\/progep\/?page_id=29709"},"modified":"2025-05-16T09:54:49","modified_gmt":"2025-05-16T12:54:49","slug":"como-a-auriculoterapia-pode-auxiliar-na-saude-da-mulher-campus-anglo","status":"publish","type":"page","link":"https:\/\/wp.ufpel.edu.br\/progep\/como-a-auriculoterapia-pode-auxiliar-na-saude-da-mulher-campus-anglo\/","title":{"rendered":"Capacita\u00e7\u00e3o: Como a auriculoterapia pode auxiliar na sa\u00fade da mulher &#8211; Campus Anglo"},"content":{"rendered":"<div class=\"acaoStyle\">\n<div class=\"corpoStyle\">\n<strong>O que \u00e9 auriculoterapia?\u00a0<\/strong>A auriculoterapia \u00e9 uma t\u00e9cnica derivada da acupuntura, que faz press\u00e3o em pontos espec\u00edficos da orelha para tratar e diagnosticar diversos problemas f\u00edsicos, mentais e at\u00e9 emocionais.<\/p>\n<p><strong>Facilitadoras:<br \/>\n<\/strong><span style=\"color: var(--cor-texto);font-family: var(--fonte-corpo)\">Deciane Pintanela de Carvalho (<em>Enfermeira da CSQV\/ <\/em><\/span><em style=\"color: var(--cor-texto);font-family: var(--fonte-corpo)\">Pr\u00f3-Reitoria de Gest\u00e3o de Pessoas)<\/em><span style=\"color: var(--cor-texto);font-family: var(--fonte-corpo)\"><br \/>\nAline da Rosa Pizarro <\/span><em style=\"color: var(--cor-texto);font-family: var(--fonte-corpo)\">(<span style=\"color: var(--cor-texto);font-family: var(--fonte-corpo)\">Enfermeira da CSQV\/ <\/span>Pr\u00f3-Reitoria de Gest\u00e3o de Pessoas)<br \/>\n<\/em><span style=\"color: var(--cor-texto);font-family: var(--fonte-corpo)\">T\u00e2nia Luiza Stigger Vieira (<em>T\u00e9cnica em Enfermagem da CSQV\/<\/em><\/span><em>\u00a0Pr\u00f3-Reitoria de Gest\u00e3o de Pessoas<\/em><span style=\"color: var(--cor-texto);font-family: var(--fonte-corpo)\">)<\/span><\/p>\n<p><strong>Data: <\/strong><span style=\"font-weight: 400\">21\/03\/2025 (sexta-feira)<\/span><br \/>\n*Obs.: Teremos uma turma espec\u00edfica para o Cap\u00e3o do Le\u00e3o no dia 25\/03 informa\u00e7\u00f5es neste <a class=\"linkCapao\" href=\"https:\/\/wp.ufpel.edu.br\/progep\/como-a-auriculoterapia-pode-auxiliar-na-saude-da-mulher-campus-capao-do-leao\/\">link<\/a>.<\/p>\n<p><strong>Hor\u00e1rio: <span style=\"font-weight: 400\">das 9h \u00e0s 12h<\/span><\/strong><\/p>\n<p><strong>Modalidade: <\/strong>presencial<\/p>\n<p><strong>Local: <\/strong>Campus Anglo &#8211; 211 B<\/p>\n<p><strong>Ementa:\u00a0<\/strong><br \/>\n<span style=\"font-weight: 400\">\u2013 Roda de conversa sobre benef\u00edcios da auriculoterapia para a sa\u00fade da mulher, incluindo c\u00f3licas menstruais, endometriose, perda de libido, menopausa, entre outros.<br \/>\n\u2013 Atendimento individualizado e aplica\u00e7\u00e3o da t\u00e9cnica de auriculoterapia para promover bem-estar f\u00edsico e ps\u00edquico da mulher.<\/span><\/p>\n<p><strong>P\u00fablico Alvo<\/strong>: Servidores(as) docentes, TAE\u2019s e trabalhadores(as) terceirizados(as) ativos(as) da UFPel*<\/p>\n<p><strong>N\u00famero de vagas:<\/strong>\u00a0 15 vagas (limitadas por ordem de inscri\u00e7\u00e3o)**<\/p>\n<p><strong>Per\u00edodo de inscri\u00e7\u00e3o<\/strong>: 28\/02 a 16\/03<\/p>\n<p><strong>Divulga\u00e7\u00e3o das inscri\u00e7\u00f5es homologadas<\/strong>: 17\/03**, nesta p\u00e1gina.<\/p>\n<p>*Considerando a Pol\u00edtica Nacional de Desenvolvimento de Pessoas, conforme Decreto n\u00ba 9.991\/19, somente ser\u00e3o certificados os servidores p\u00fablicos pertencentes ao Quadro Efetivo da UFPel;<br \/>\n** Quando homologadas as inscri\u00e7\u00f5es, os selecionados receber\u00e3o e-mail de confirma\u00e7\u00e3o com instru\u00e7\u00f5es.<\/p>\n<p>Observa\u00e7\u00e3o: A homologa\u00e7\u00e3o das inscri\u00e7\u00f5es dos(as) trabalhadores(as) terceirizados ficar\u00e1 condicionada \u00e0 an\u00e1lise pr\u00e9via e manifesta\u00e7\u00e3o por parte do NUGEST\/PRA.<br \/>\n<strong><a href=\"https:\/\/wp.ufpel.edu.br\/progep\/files\/2025\/03\/HOMOLOGACAO-Como-a-auriculoterapia-pode-auxiliar-na-saude-da-mulher-Campus-Anglo.pdf\" target=\"_blank\">Confira a lista de homologados aqui<\/a><\/strong><\/p>\n<p><span style=\"font-size: 14pt\"><strong>Contato:<\/strong> cdp.capacita@ufpel.edu.br<\/span><\/p>\n<\/div>\n<\/div>\n","protected":false},"excerpt":{"rendered":"<p>O que \u00e9 auriculoterapia?\u00a0A auriculoterapia \u00e9 uma t\u00e9cnica derivada da acupuntura, que faz press\u00e3o em pontos espec\u00edficos da orelha para tratar e diagnosticar diversos problemas f\u00edsicos, mentais e at\u00e9 emocionais. Facilitadoras: Deciane Pintanela de Carvalho (Enfermeira da CSQV\/ Pr\u00f3-Reitoria de Gest\u00e3o de Pessoas) Aline da Rosa Pizarro (Enfermeira da CSQV\/ Pr\u00f3-Reitoria de Gest\u00e3o de Pessoas) [&hellip;]<\/p>\n","protected":false},"author":21,"featured_media":0,"parent":0,"menu_order":0,"comment_status":"closed","ping_status":"closed","template":"","meta":{"footnotes":""},"class_list":["post-29709","page","type-page","status-publish","hentry"],"_links":{"self":[{"href":"https:\/\/wp.ufpel.edu.br\/progep\/wp-json\/wp\/v2\/pages\/29709","targetHints":{"allow":["GET"]}}],"collection":[{"href":"https:\/\/wp.ufpel.edu.br\/progep\/wp-json\/wp\/v2\/pages"}],"about":[{"href":"https:\/\/wp.ufpel.edu.br\/progep\/wp-json\/wp\/v2\/types\/page"}],"author":[{"embeddable":true,"href":"https:\/\/wp.ufpel.edu.br\/progep\/wp-json\/wp\/v2\/users\/21"}],"replies":[{"embeddable":true,"href":"https:\/\/wp.ufpel.edu.br\/progep\/wp-json\/wp\/v2\/comments?post=29709"}],"version-history":[{"count":18,"href":"https:\/\/wp.ufpel.edu.br\/progep\/wp-json\/wp\/v2\/pages\/29709\/revisions"}],"predecessor-version":[{"id":32603,"href":"https:\/\/wp.ufpel.edu.br\/progep\/wp-json\/wp\/v2\/pages\/29709\/revisions\/32603"}],"wp:attachment":[{"href":"https:\/\/wp.ufpel.edu.br\/progep\/wp-json\/wp\/v2\/media?parent=29709"}],"curies":[{"name":"wp","href":"https:\/\/api.w.org\/{rel}","templated":true}]}}