{"id":29706,"date":"2025-02-27T10:52:42","date_gmt":"2025-02-27T13:52:42","guid":{"rendered":"https:\/\/wp.ufpel.edu.br\/progep\/?page_id=29706"},"modified":"2025-06-30T16:19:12","modified_gmt":"2025-06-30T19:19:12","slug":"pratica-de-escalda-pes-com-plantas-medicinais-meditacao-guiada-aromaterapia-e-reiki","status":"publish","type":"page","link":"https:\/\/wp.ufpel.edu.br\/progep\/pratica-de-escalda-pes-com-plantas-medicinais-meditacao-guiada-aromaterapia-e-reiki\/","title":{"rendered":"Capacita\u00e7\u00e3o: Pr\u00e1tica de escalda-p\u00e9s com plantas medicinais, medita\u00e7\u00e3o guiada, aromaterapia e Reiki"},"content":{"rendered":"<div class=\"acaoStyle\">\n<div class=\"corpoStyle\">\n<strong>Facilitadoras: <\/strong><\/p>\n<p>1\u00ba momento: Teila Ceolin (Docente da Faculdade de Enfermagem) e volunta\u0301rias.<br \/>\n2\u00ba momento: Adrize Rutz Porto (Docente da Faculdade de Enfermagem)<strong><br \/>\n<\/strong><\/p>\n<p><strong>Data: <\/strong><span style=\"font-weight: 400\">18\/03\/2025 (ter\u00e7a-feira)<\/span><\/p>\n<p><strong>Hor\u00e1rio: <span style=\"font-weight: 400\">das 14h \u00e0s 16h<\/span><\/strong><\/p>\n<p><strong>Modalidade: <\/strong>presencial<\/p>\n<p><strong>Local: <\/strong><span style=\"font-weight: 400\">Campus Anglo, Sala 211 B<\/span><\/p>\n<p><strong>Ementa:\u00a0<\/strong><br \/>\n<span style=\"font-weight: 400\"><strong>1\u00ba momento:<\/strong> Pr\u00e1tica de escalda-p\u00e9s com plantas medicinais, medita\u00e7\u00e3o guiada e aromaterapia (Profa Teila Ceolin e\u00a0 volunt\u00e1rias). A pr\u00e1tica ter\u00e1 dura\u00e7\u00e3o aproximada de 30 minutos, al\u00e9m do tempo necess\u00e1rio, em torno de 30 minutos para organiza\u00e7\u00e3o do pr\u00e9 e p\u00f3s oferta da pr\u00e1tica. As participantes desfrutar\u00e3o da pr\u00e1tica de escalda-p\u00e9s com plantas medicinais, associada com aromaterapia e uma medita\u00e7\u00e3o guiada, visando o relaxamento e pr\u00e1tica de cuidado.<\/span><\/p>\n<p><strong>2\u00ba momento<\/strong>: Sess\u00e3o de reiki (Profa Adrize R. Porto) \u2013 A sess\u00e3o iniciar\u00e1 com breve explica\u00e7\u00e3o sobre o Reiki, ter\u00e1 dura\u00e7\u00e3o m\u00e9dia de cinco minutos para cada participante, prevendo-se que com 20, totalizar\u00e1 uma hora e 30 minutos. O participante poder\u00e1 escolher fazer simultaneamente ap\u00f3s a medita\u00e7\u00e3o do primeiro momento, ou posteriormente, ap\u00f3s o encerramento de todo o primeiro momento. O participante ap\u00f3s a sua sess\u00e3o de Reiki poder\u00e1 deixar a sala.<\/p>\n<p><strong>P\u00fablico Alvo<\/strong>: Servidores(as) docentes, TAE\u2019s e trabalhadores(as) terceirizados(as) ativos(as) da UFPel*<\/p>\n<p><strong>N\u00famero de vagas:<\/strong> at\u00e9 20 vagas (limitadas por ordem de inscri\u00e7\u00e3o)**<\/p>\n<p><strong>Per\u00edodo de inscri\u00e7\u00e3o<\/strong>: 28\/02 a 13\/03<\/p>\n<p><strong>Divulga\u00e7\u00e3o das inscri\u00e7\u00f5es homologadas<\/strong>: 14\/03**, nesta p\u00e1gina.<\/p>\n<p>*Considerando a Pol\u00edtica Nacional de Desenvolvimento de Pessoas, conforme Decreto n\u00ba 9.991\/19, somente ser\u00e3o certificados os servidores p\u00fablicos pertencentes ao Quadro Efetivo da UFPel;<br \/>\n** Quando homologadas as inscri\u00e7\u00f5es, os selecionados receber\u00e3o e-mail de confirma\u00e7\u00e3o com instru\u00e7\u00f5es.<\/p>\n<p>Observa\u00e7\u00e3o: A homologa\u00e7\u00e3o das inscri\u00e7\u00f5es dos(as) trabalhadores(as) terceirizados ficar\u00e1 condicionada \u00e0 an\u00e1lise pr\u00e9via e manifesta\u00e7\u00e3o por parte do NUGEST\/PRA.<\/p>\n<p><strong><a href=\"https:\/\/wp.ufpel.edu.br\/progep\/files\/2025\/03\/Homologacao-Escalda-Pes-1.pdf\" target=\"_blank\">Confira as inscri\u00e7\u00f5es homologadas aqui<\/a><\/strong><\/p>\n<p><span style=\"font-size: 14pt\"><strong>Contato:<\/strong> cdp.capacita@ufpel.edu.br<\/span><\/p>\n<\/div>\n<\/div>\n","protected":false},"excerpt":{"rendered":"<p>Facilitadoras: 1\u00ba momento: Teila Ceolin (Docente da Faculdade de Enfermagem) e volunta\u0301rias. 2\u00ba momento: Adrize Rutz Porto (Docente da Faculdade de Enfermagem) Data: 18\/03\/2025 (ter\u00e7a-feira) Hor\u00e1rio: das 14h \u00e0s 16h Modalidade: presencial Local: Campus Anglo, Sala 211 B Ementa:\u00a0 1\u00ba momento: Pr\u00e1tica de escalda-p\u00e9s com plantas medicinais, medita\u00e7\u00e3o guiada e aromaterapia (Profa Teila Ceolin e\u00a0 [&hellip;]<\/p>\n","protected":false},"author":21,"featured_media":0,"parent":0,"menu_order":0,"comment_status":"closed","ping_status":"closed","template":"","meta":{"footnotes":""},"class_list":["post-29706","page","type-page","status-publish","hentry"],"_links":{"self":[{"href":"https:\/\/wp.ufpel.edu.br\/progep\/wp-json\/wp\/v2\/pages\/29706","targetHints":{"allow":["GET"]}}],"collection":[{"href":"https:\/\/wp.ufpel.edu.br\/progep\/wp-json\/wp\/v2\/pages"}],"about":[{"href":"https:\/\/wp.ufpel.edu.br\/progep\/wp-json\/wp\/v2\/types\/page"}],"author":[{"embeddable":true,"href":"https:\/\/wp.ufpel.edu.br\/progep\/wp-json\/wp\/v2\/users\/21"}],"replies":[{"embeddable":true,"href":"https:\/\/wp.ufpel.edu.br\/progep\/wp-json\/wp\/v2\/comments?post=29706"}],"version-history":[{"count":11,"href":"https:\/\/wp.ufpel.edu.br\/progep\/wp-json\/wp\/v2\/pages\/29706\/revisions"}],"predecessor-version":[{"id":34268,"href":"https:\/\/wp.ufpel.edu.br\/progep\/wp-json\/wp\/v2\/pages\/29706\/revisions\/34268"}],"wp:attachment":[{"href":"https:\/\/wp.ufpel.edu.br\/progep\/wp-json\/wp\/v2\/media?parent=29706"}],"curies":[{"name":"wp","href":"https:\/\/api.w.org\/{rel}","templated":true}]}}