{"id":29675,"date":"2025-02-26T15:11:28","date_gmt":"2025-02-26T18:11:28","guid":{"rendered":"https:\/\/wp.ufpel.edu.br\/progep\/?page_id=29675"},"modified":"2025-07-11T16:44:59","modified_gmt":"2025-07-11T19:44:59","slug":"engenheiro-agronomo","status":"publish","type":"page","link":"https:\/\/wp.ufpel.edu.br\/progep\/engenheiro-agronomo\/","title":{"rendered":"Cargos TAE: Engenheiro Agron\u00f4mo"},"content":{"rendered":"\n<div class=\"wp-block-group\"><div class=\"wp-block-group__inner-container is-layout-constrained wp-block-group-is-layout-constrained\">\n<div class=\"logoTituloModelStyle\"><img class=\"size-medium wp-image-27184 alignleft\" src=\"https:\/\/wp.ufpel.edu.br\/progep\/files\/2025\/03\/logo-progep_atualizacao-nome_AZUL.png\" alt=\"\" \/><\/p>\n<div><strong>Engenheiro Agron\u00f4mo<\/strong><\/div>\n<\/div>\n<hr class=\"hrModelStyle\" \/>\n<div class=\"descriptionModelStyle\">Esta p\u00e1gina apresenta os dados referentes a carreira dos\/as servidores\/as.<\/div>\n<\/div><\/div>\n\n\n\n\n<div class=\"cargoDescriptionStyle\">\n<div class=\"infoCargo\">N\u00edvel de Classifica\u00e7\u00e3o:\u00a0<strong>E<\/strong><br \/> \nDenomina\u00e7\u00e3o do cargo: <strong>\u00a0Engenheiro Agron\u00f4mo<\/strong><br \/>\nC\u00f3digo CBO: <strong>9.22.20<\/strong><\/div>\n<div class=\"requisitosCargo\"><span style=\"font-size: 16pt;padding-bottom: 0.5rem\"><strong>Requisitos de Qualifica\u00e7\u00e3o para Ingresso no Cargo<\/strong>:<br \/>\n<strong>Escolaridade<\/strong>: Curso superior de Enfermagem<br \/>\n<strong>Outros<\/strong>: (&#8211;)<br \/>\n<strong>Habilita\u00e7\u00e3o Profissional: <\/strong> Registro no Conselho competente. <\/div>\n<div class=\"descSumaryCargo\"><span style=\"font-size: 16pt;font-weight: bold;padding-bottom: 0.5rem\">Descri\u00e7\u00e3o Sum\u00e1ria do Cargo:<\/span><br \/>\nElaborar e supervisionar projetos a cultivos agr\u00edcolas e pastos, planejando e controlando t\u00e9cnicas de\nutiliza\u00e7\u00e3o de terras, para possibilitar um maior rendimento e qualidade dos produtos agr\u00edcolas.\n<\/div>\n<div class=\"atividadesCargo\"><span style=\"font-size: 16pt;font-weight: bold\">Descri\u00e7\u00e3o de Atividades T\u00edpicas do Cargo:<\/span><br \/>\n<strong>\u2022 <\/strong>Elaborar m\u00e9todos e t\u00e9cnicas de cultivo de acordo com tipos de solo e clima, efetuando estudos,\nexperi\u00eancias e analisando os resultados obtidos, para melhorar a germina\u00e7\u00e3o de sementes, o\ncrescimento de plantas, a adaptabilidade dos cultivos, o rendimento das colheitas e outras\ncaracter\u00edsticas dos cultivos agr\u00edcolas.<strong><br \/>\n\u2022 Estudar os efeitos da rotatividade, drenagem, irriga\u00e7\u00e3o, adubagem e condi\u00e7\u00f5es clim\u00e1ticas sobre\nculturas agr\u00edcolas, realizando experi\u00eancias e analisando seus resultados nas fases da semeadura,\ncultivo e colheita, para determinar as t\u00e9cnicas de tratamento do solo e a explora\u00e7\u00e3o agr\u00edcola mais\nadequada a cada tipo de solo e clima.<br \/>\n\u2022 <\/strong>Elabora novos m\u00e9todos de combate \u00e0s ervas daninhas, enfermidades da lavoura e pragas de insetos,\ne\/ou aprimorar os j\u00e1 existentes, baseando-se em experi\u00eancias e pesquisas, para preservar a vida das\nplantas e assegurar o maior rendimento do cultivo.<strong><br \/>\n\u2022 Orientar agricultores e outros trabalhadores agr\u00edcolas sobre sistemas e t\u00e9cnicas de explora\u00e7\u00e3o\nagr\u00edcola, fornecendo indica\u00e7\u00f5es, \u00e9pocas e sistemas de plantio, custos dos cultivos, variedades a\nempregar e outros dados pertinentes, para aumentar a produ\u00e7\u00e3o e conseguir variedades novas ou\nmelhoradas, de maior rendimento, qualidade e valor nutritivo.<br \/>\n\u2022 <\/strong>Pode especializar-se em determinado aspecto das culturas agr\u00edcolas como na multiplica\u00e7\u00e3o de\nvariedades de plantas, combate a pragas ou em culturas espec\u00edficas.<strong><br \/>\n\u2022 Executar outras tarefas de mesma natureza e mesmo n\u00edvel de dificuldade<\/strong><\/div>\n<\/div>","protected":false},"excerpt":{"rendered":"<p>Engenheiro Agron\u00f4mo Esta p\u00e1gina apresenta os dados referentes a carreira dos\/as servidores\/as. N\u00edvel de Classifica\u00e7\u00e3o:\u00a0E Denomina\u00e7\u00e3o do cargo: \u00a0Engenheiro Agron\u00f4mo C\u00f3digo CBO: 9.22.20 Requisitos de Qualifica\u00e7\u00e3o para Ingresso no Cargo: Escolaridade: Curso superior de Enfermagem Outros: (&#8211;) Habilita\u00e7\u00e3o Profissional: Registro no Conselho competente. Descri\u00e7\u00e3o Sum\u00e1ria do Cargo: Elaborar e supervisionar projetos a cultivos agr\u00edcolas e [&hellip;]<\/p>\n","protected":false},"author":21,"featured_media":0,"parent":0,"menu_order":0,"comment_status":"closed","ping_status":"closed","template":"","meta":{"footnotes":""},"class_list":["post-29675","page","type-page","status-publish","hentry"],"_links":{"self":[{"href":"https:\/\/wp.ufpel.edu.br\/progep\/wp-json\/wp\/v2\/pages\/29675","targetHints":{"allow":["GET"]}}],"collection":[{"href":"https:\/\/wp.ufpel.edu.br\/progep\/wp-json\/wp\/v2\/pages"}],"about":[{"href":"https:\/\/wp.ufpel.edu.br\/progep\/wp-json\/wp\/v2\/types\/page"}],"author":[{"embeddable":true,"href":"https:\/\/wp.ufpel.edu.br\/progep\/wp-json\/wp\/v2\/users\/21"}],"replies":[{"embeddable":true,"href":"https:\/\/wp.ufpel.edu.br\/progep\/wp-json\/wp\/v2\/comments?post=29675"}],"version-history":[{"count":5,"href":"https:\/\/wp.ufpel.edu.br\/progep\/wp-json\/wp\/v2\/pages\/29675\/revisions"}],"predecessor-version":[{"id":35053,"href":"https:\/\/wp.ufpel.edu.br\/progep\/wp-json\/wp\/v2\/pages\/29675\/revisions\/35053"}],"wp:attachment":[{"href":"https:\/\/wp.ufpel.edu.br\/progep\/wp-json\/wp\/v2\/media?parent=29675"}],"curies":[{"name":"wp","href":"https:\/\/api.w.org\/{rel}","templated":true}]}}