{"id":29666,"date":"2025-02-26T14:51:08","date_gmt":"2025-02-26T17:51:08","guid":{"rendered":"https:\/\/wp.ufpel.edu.br\/progep\/?page_id=29666"},"modified":"2025-07-28T12:09:49","modified_gmt":"2025-07-28T15:09:49","slug":"zootecnista","status":"publish","type":"page","link":"https:\/\/wp.ufpel.edu.br\/progep\/zootecnista\/","title":{"rendered":"Cargos TAE: Zootecnista"},"content":{"rendered":"\n<div class=\"wp-block-group\"><div class=\"wp-block-group__inner-container is-layout-constrained wp-block-group-is-layout-constrained\">\n<div class=\"logoTituloModelStyle\"><img class=\"size-medium wp-image-27184 alignleft\" src=\"https:\/\/wp.ufpel.edu.br\/progep\/files\/2025\/03\/logo-progep_atualizacao-nome_AZUL.png\" alt=\"\" \/><\/p>\n<div><strong>Zootecnista<\/strong><\/div>\n<\/div>\n<hr class=\"hrModelStyle\" \/>\n<div class=\"descriptionModelStyle\">Esta p\u00e1gina apresenta os dados referentes a carreira dos\/as servidores\/as.<\/div>\n<\/div><\/div>\n\n\n<div class=\"cargoDescriptionStyle\">\n<div class=\"infoCargo\">N\u00edvel de Classifica\u00e7\u00e3o:\u00a0<strong>E<\/strong><br \/>\nDenomina\u00e7\u00e3o do cargo:<br \/>\n<strong>\u00a0Zootecnista<\/strong><br \/>\nC\u00f3digo CBO: <strong>2233-10<\/strong><\/div>\n<div class=\"requisitosCargo\"><span style=\"font-size: 16pt;padding-bottom: 0.5rem\"><strong>Requisitos de Qualifica\u00e7\u00e3o para Ingresso no Cargo<\/strong>:<\/span><br \/>\n<strong>Escolaridade<\/strong>: Curso Superior em Zootecnica<br \/>\n<strong>Outros<\/strong>: (&#8211;)<br \/>\n<strong>Habilita\u00e7\u00e3o Profissional: <\/strong> Lei n\u00ba 5.550, de 04 de dezembro de 1968 &#8211; Disp\u00f5e sobre o exerc\u00edcio da profiss\u00e3o de Zootecnista.<\/span><\/div>\n<div class=\"descSumaryCargo\"><span style=\"font-size: 16pt;font-weight: bold;padding-bottom: 0.5rem\">Descri\u00e7\u00e3o Sum\u00e1ria do Cargo:<\/span><br \/>\nFomentar produ\u00e7\u00e3o animal; contribuir para o bem-estar animal; podem promover defesa do consumidor; desenvolver atividades de pesquisa e extens\u00e3o; atuam nas produ\u00e7\u00f5es industrial e tecnol\u00f3gica e no controle de qualidade de produtos. Atuam nas \u00e1reas comercial agropecu\u00e1ria, de preserva\u00e7\u00e3o ambiental; assessorar a elabora\u00e7\u00e3o de legisla\u00e7\u00e3o pertinente. Assessorar nas atividades de ensino, pesquisa e extens\u00e3o. <\/div>\n<div class=\"atividadesCargo\"><span style=\"font-size: 16pt;font-weight: bold\">Descri\u00e7\u00e3o de Atividades T\u00edpicas do Cargo:<\/span><br \/>\n<strong>\u2022 Fomentar produ\u00e7\u00e3o animal:<br \/>\n<\/strong>Dimensionar plantel; estudar viabilidade econ\u00f4mica da atividade; estabelecer interface entre inform\u00e1tica e produ\u00e7\u00e3o animal; realizar an\u00e1lise zoot\u00e9cnica e diagn\u00f3stica de efici\u00eancia produtiva; desenvolver programas de controle sanit\u00e1rio de plant\u00e9is; elaborar projetos de instala\u00e7\u00f5es e equipamentos zoot\u00e9cnicos; desenvolver programas de melhoramento gen\u00e9tico; avaliar caracter\u00edsticas reprodutivas de animais; elaborar programas de nutri\u00e7\u00e3o animal; projetar instala\u00e7\u00f5es para animais; supervisionar implanta\u00e7\u00e3o e funcionamento dos sistemas de produ\u00e7\u00e3o; aprimorar projetos de instala\u00e7\u00f5es e equipamentos zoot\u00e9cnicos; orientar produ\u00e7\u00e3o e comercializa\u00e7\u00e3o, segundo tend\u00eancias de mercado; supervisionar qualidade dos ingredientes utilizados na alimenta\u00e7\u00e3o animal; orientar cria\u00e7\u00e3o de animais silvestres em cativeiro; selecionar linhagens vegetais para produ\u00e7\u00e3o animal; desenvolver produ\u00e7\u00e3o de forragens; adaptar tecnologia de inform\u00e1tica \u00e0 produ\u00e7\u00e3o animal.<strong><br \/>\n\u2022 Atuar na produ\u00e7\u00e3o industrial, tecnologia e controle de qualidade de produtos:<br \/>\n<\/strong>Executar an\u00e1lises laboratoriais de controle de qualidade; monitorar padr\u00f5es de qualidade de mat\u00e9rias-primas e produtos; testar produtos, equipamentos e processos; desenvolver novos produtos; aprimorar produtos.<strong><br \/>\n\u2022 Utilizar recursos de Inform\u00e1tica.<br \/>\n\u2022 Executar outras tarefas de mesma natureza e n\u00edvel de complexidade associadas ao ambiente organizacional.<\/strong><\/div>\n<\/div>","protected":false},"excerpt":{"rendered":"<p>Zootecnista Esta p\u00e1gina apresenta os dados referentes a carreira dos\/as servidores\/as. N\u00edvel de Classifica\u00e7\u00e3o:\u00a0E Denomina\u00e7\u00e3o do cargo: \u00a0Zootecnista C\u00f3digo CBO: 2233-10 Requisitos de Qualifica\u00e7\u00e3o para Ingresso no Cargo: Escolaridade: Curso Superior em Zootecnica Outros: (&#8211;) Habilita\u00e7\u00e3o Profissional: Lei n\u00ba 5.550, de 04 de dezembro de 1968 &#8211; Disp\u00f5e sobre o exerc\u00edcio da profiss\u00e3o de Zootecnista. [&hellip;]<\/p>\n","protected":false},"author":21,"featured_media":0,"parent":0,"menu_order":0,"comment_status":"closed","ping_status":"closed","template":"","meta":{"footnotes":""},"class_list":["post-29666","page","type-page","status-publish","hentry"],"_links":{"self":[{"href":"https:\/\/wp.ufpel.edu.br\/progep\/wp-json\/wp\/v2\/pages\/29666","targetHints":{"allow":["GET"]}}],"collection":[{"href":"https:\/\/wp.ufpel.edu.br\/progep\/wp-json\/wp\/v2\/pages"}],"about":[{"href":"https:\/\/wp.ufpel.edu.br\/progep\/wp-json\/wp\/v2\/types\/page"}],"author":[{"embeddable":true,"href":"https:\/\/wp.ufpel.edu.br\/progep\/wp-json\/wp\/v2\/users\/21"}],"replies":[{"embeddable":true,"href":"https:\/\/wp.ufpel.edu.br\/progep\/wp-json\/wp\/v2\/comments?post=29666"}],"version-history":[{"count":5,"href":"https:\/\/wp.ufpel.edu.br\/progep\/wp-json\/wp\/v2\/pages\/29666\/revisions"}],"predecessor-version":[{"id":35037,"href":"https:\/\/wp.ufpel.edu.br\/progep\/wp-json\/wp\/v2\/pages\/29666\/revisions\/35037"}],"wp:attachment":[{"href":"https:\/\/wp.ufpel.edu.br\/progep\/wp-json\/wp\/v2\/media?parent=29666"}],"curies":[{"name":"wp","href":"https:\/\/api.w.org\/{rel}","templated":true}]}}