{"id":29654,"date":"2025-02-26T14:30:17","date_gmt":"2025-02-26T17:30:17","guid":{"rendered":"https:\/\/wp.ufpel.edu.br\/progep\/?page_id=29654"},"modified":"2025-07-28T12:03:02","modified_gmt":"2025-07-28T15:03:02","slug":"terapeuta-ocupacional","status":"publish","type":"page","link":"https:\/\/wp.ufpel.edu.br\/progep\/terapeuta-ocupacional\/","title":{"rendered":"Cargos TAE: Terapeuta Ocupacional"},"content":{"rendered":"\n<div class=\"wp-block-group\"><div class=\"wp-block-group__inner-container is-layout-constrained wp-block-group-is-layout-constrained\">\n<div class=\"logoTituloModelStyle\"><img class=\"size-medium wp-image-27184 alignleft\" src=\"https:\/\/wp.ufpel.edu.br\/progep\/files\/2025\/03\/logo-progep_atualizacao-nome_AZUL.png\" alt=\"\" \/><\/p>\n<div><strong>Terapeuta Ocupacional<\/strong><\/div>\n<\/div>\n<hr class=\"hrModelStyle\" \/>\n<div class=\"descriptionModelStyle\">Esta p\u00e1gina apresenta os dados referentes a carreira dos\/as servidores\/as.<\/div>\n<\/div><\/div>\n\n\n<div class=\"cargoDescriptionStyle\">\n<div class=\"infoCargo\">N\u00edvel de Classifica\u00e7\u00e3o:\u00a0<strong>E<\/strong><br \/>\nDenomina\u00e7\u00e3o do cargo:<br \/>\n<strong>\u00a0Terapeuta Ocupacional<\/strong><br \/>\nC\u00f3digo CBO: <strong>2236-20<\/strong><\/div>\n<div class=\"requisitosCargo\"><span style=\"font-size: 16pt;padding-bottom: 0.5rem\"><strong>Requisitos de Qualifica\u00e7\u00e3o para Ingresso no Cargo<\/strong>:<\/span><br \/>\n<strong>Escolaridade<\/strong>: Curso superior em Terapia Ocupacional<br \/>\n<strong>Outros<\/strong>: (&#8211;)<br \/>\n<strong>Habilita\u00e7\u00e3o Profissional: <\/strong> Norma Regulamentadora: Decreto-Lei n\u00ba 938, de 13 de outubro de 1969 \u2013 Prev\u00ea sobre a profiss\u00e3o de terapeuta ocupacional e d\u00e1 outras provid\u00eancias. Registro no Conselho competente.<\/div>\n<div class=\"descSumaryCargo\"><span style=\"font-size: 16pt;font-weight: bold;padding-bottom: 0.5rem\">Descri\u00e7\u00e3o Sum\u00e1ria do Cargo:<\/span><br \/>\nExecutar m\u00e9todos e t\u00e9cnicas terap\u00eauticas e recreacional com a finalidade de restaurar, desenvolver e conservar a capacidade mental do paciente. Atender pacientes para preven\u00e7\u00e3o, habilita\u00e7\u00e3o e reabilita\u00e7\u00e3o utilizando protocolos e procedimentos espec\u00edficos de terapia ocupacional; realizar diagn\u00f3sticos espec\u00edficos; analisar condi\u00e7\u00f5es dos pacientes; orientar pacientes e familiares; desenvolver programas de preven\u00e7\u00e3o, promo\u00e7\u00e3o de sa\u00fade e qualidade de vida; exercer atividades t\u00e9cnico-cient\u00edficas. Assessorar nas atividades de ensino, pesquisa e extens\u00e3o. <\/div>\n<div class=\"atividadesCargo\"><span style=\"font-size: 16pt;font-weight: bold\">Descri\u00e7\u00e3o de Atividades T\u00edpicas do Cargo:<\/span><br \/>\n\u2022 Avaliar o paciente quanto \u00e0s suas capacidades e defici\u00eancias.<strong><br \/>\n\u2022 Eleger procedimentos de habilita\u00e7\u00e3o para atingir os objetivos propostos a partir da avalia\u00e7\u00e3o.<br \/>\n<\/strong>\u2022 Facilitar e estimular a participa\u00e7\u00e3o e colabora\u00e7\u00e3o do paciente no processo de habilita\u00e7\u00e3o ou de reabilita\u00e7\u00e3o.<strong><br \/>\n\u2022 Avaliar os efeitos da terapia, estimular e medir mudan\u00e7as e evolu\u00e7\u00e3o.<br \/>\n<\/strong>\u2022 Planejar atividades terap\u00eauticas de acordo com as prescri\u00e7\u00f5es m\u00e9dicas.<strong><br \/>\n\u2022 Redefinir os objetivos, reformular programas e orientar pacientes e familiares.<br \/>\n<\/strong>\u2022 Promover campanhas educativas; produzir manuais e folhetos explicativos.<strong><br \/>\n\u2022 Utilizar recursos de inform\u00e1tica.<br \/>\n<\/strong>\u2022 Executar outras tarefas de mesma natureza e n\u00edvel de complexidade associadas ao ambiente organizacional.<\/div>\n<\/div>","protected":false},"excerpt":{"rendered":"<p>Terapeuta Ocupacional Esta p\u00e1gina apresenta os dados referentes a carreira dos\/as servidores\/as. N\u00edvel de Classifica\u00e7\u00e3o:\u00a0E Denomina\u00e7\u00e3o do cargo: \u00a0Terapeuta Ocupacional C\u00f3digo CBO: 2236-20 Requisitos de Qualifica\u00e7\u00e3o para Ingresso no Cargo: Escolaridade: Curso superior em Terapia Ocupacional Outros: (&#8211;) Habilita\u00e7\u00e3o Profissional: Norma Regulamentadora: Decreto-Lei n\u00ba 938, de 13 de outubro de 1969 \u2013 Prev\u00ea sobre a [&hellip;]<\/p>\n","protected":false},"author":21,"featured_media":0,"parent":0,"menu_order":0,"comment_status":"closed","ping_status":"closed","template":"","meta":{"footnotes":""},"class_list":["post-29654","page","type-page","status-publish","hentry"],"_links":{"self":[{"href":"https:\/\/wp.ufpel.edu.br\/progep\/wp-json\/wp\/v2\/pages\/29654","targetHints":{"allow":["GET"]}}],"collection":[{"href":"https:\/\/wp.ufpel.edu.br\/progep\/wp-json\/wp\/v2\/pages"}],"about":[{"href":"https:\/\/wp.ufpel.edu.br\/progep\/wp-json\/wp\/v2\/types\/page"}],"author":[{"embeddable":true,"href":"https:\/\/wp.ufpel.edu.br\/progep\/wp-json\/wp\/v2\/users\/21"}],"replies":[{"embeddable":true,"href":"https:\/\/wp.ufpel.edu.br\/progep\/wp-json\/wp\/v2\/comments?post=29654"}],"version-history":[{"count":6,"href":"https:\/\/wp.ufpel.edu.br\/progep\/wp-json\/wp\/v2\/pages\/29654\/revisions"}],"predecessor-version":[{"id":35015,"href":"https:\/\/wp.ufpel.edu.br\/progep\/wp-json\/wp\/v2\/pages\/29654\/revisions\/35015"}],"wp:attachment":[{"href":"https:\/\/wp.ufpel.edu.br\/progep\/wp-json\/wp\/v2\/media?parent=29654"}],"curies":[{"name":"wp","href":"https:\/\/api.w.org\/{rel}","templated":true}]}}