{"id":29623,"date":"2025-02-25T16:39:46","date_gmt":"2025-02-25T19:39:46","guid":{"rendered":"https:\/\/wp.ufpel.edu.br\/progep\/?page_id=29623"},"modified":"2025-07-28T12:00:40","modified_gmt":"2025-07-28T15:00:40","slug":"tecnologo-formacao","status":"publish","type":"page","link":"https:\/\/wp.ufpel.edu.br\/progep\/tecnologo-formacao\/","title":{"rendered":"Cargos TAE: Tecn\u00f3logo-Forma\u00e7\u00e3o"},"content":{"rendered":"\n<div class=\"wp-block-group\"><div class=\"wp-block-group__inner-container is-layout-constrained wp-block-group-is-layout-constrained\">\n<div class=\"logoTituloModelStyle\"><img class=\"size-medium wp-image-27184 alignleft\" src=\"https:\/\/wp.ufpel.edu.br\/progep\/files\/2025\/03\/logo-progep_atualizacao-nome_AZUL.png\" alt=\"\" \/><\/p>\n<div><strong>Tecn\u00f3logo-Forma\u00e7\u00e3o<\/strong><\/div>\n<\/div>\n<hr class=\"hrModelStyle\" \/>\n<div class=\"descriptionModelStyle\">Esta p\u00e1gina apresenta os dados referentes a carreira dos\/as servidores\/as.<\/div>\n<\/div><\/div>\n\n\n<div class=\"cargoDescriptionStyle\">\n<div class=\"infoCargo\">N\u00edvel de Classifica\u00e7\u00e3o:\u00a0<strong>E<\/strong><br \/>\nDenomina\u00e7\u00e3o do cargo:<br \/>\n<strong>Tecn\u00f3logo-Forma\u00e7\u00e3o<\/strong><br \/>\nC\u00f3digo CBO: <strong>2235-05<\/strong><\/div>\n<div class=\"requisitosCargo\"><span style=\"font-size: 16pt;padding-bottom: 0.5rem\"><strong>Requisitos de Qualifica\u00e7\u00e3o para Ingresso no Cargo<\/strong>:<\/span><br \/>\n<strong>Escolaridade<\/strong>: Curso Superior na \u00e1rea<br \/>\n<strong>Outros<\/strong>: (&#8211;)<br \/>\n<strong>Habilita\u00e7\u00e3o Profissional<\/strong>.<\/div>\n<div class=\"descSumaryCargo\"><span style=\"font-size: 16pt;font-weight: bold;padding-bottom: 0.5rem\">Descri\u00e7\u00e3o Sum\u00e1ria do Cargo:<\/span><br \/>\nEstudar, planejar, projetar, especificar e executar projetos espec\u00edficos na \u00e1rea de atua\u00e7\u00e3o. Assessorar nas atividades de ensino, pesquisa e extens\u00e3o.<\/div>\n<div class=\"atividadesCargo\"><span style=\"font-size: 16pt;font-weight: bold\">Descri\u00e7\u00e3o de Atividades T\u00edpicas do Cargo:<\/span><br \/>\n\u2022 Conduzir e acompanhar o desenvolvimento do projeto.<strong><br \/>\n\u2022 Executar projetos.<br \/>\n<\/strong>\u2022 Estudar a viabilidade t\u00e9cnica-econ\u00f4mica.<strong><br \/>\n\u2022 Assistir e dar suporte t\u00e9cnico ao projeto.<br \/>\n\u2022<\/strong> Controlar atividades inerentes ao projeto.<strong><br \/>\n\u2022 Utilizar recursos de Inform\u00e1tica.<br \/>\n<\/strong>\u2022 Executar outras tarefas de mesma natureza e n\u00edvel de complexidade associadas ao ambiente organizacional.&gt;<\/div>\n<\/div>","protected":false},"excerpt":{"rendered":"<p>Tecn\u00f3logo-Forma\u00e7\u00e3o Esta p\u00e1gina apresenta os dados referentes a carreira dos\/as servidores\/as. N\u00edvel de Classifica\u00e7\u00e3o:\u00a0E Denomina\u00e7\u00e3o do cargo: Tecn\u00f3logo-Forma\u00e7\u00e3o C\u00f3digo CBO: 2235-05 Requisitos de Qualifica\u00e7\u00e3o para Ingresso no Cargo: Escolaridade: Curso Superior na \u00e1rea Outros: (&#8211;) Habilita\u00e7\u00e3o Profissional. Descri\u00e7\u00e3o Sum\u00e1ria do Cargo: Estudar, planejar, projetar, especificar e executar projetos espec\u00edficos na \u00e1rea de atua\u00e7\u00e3o. Assessorar nas [&hellip;]<\/p>\n","protected":false},"author":21,"featured_media":0,"parent":0,"menu_order":0,"comment_status":"closed","ping_status":"closed","template":"","meta":{"footnotes":""},"class_list":["post-29623","page","type-page","status-publish","hentry"],"_links":{"self":[{"href":"https:\/\/wp.ufpel.edu.br\/progep\/wp-json\/wp\/v2\/pages\/29623","targetHints":{"allow":["GET"]}}],"collection":[{"href":"https:\/\/wp.ufpel.edu.br\/progep\/wp-json\/wp\/v2\/pages"}],"about":[{"href":"https:\/\/wp.ufpel.edu.br\/progep\/wp-json\/wp\/v2\/types\/page"}],"author":[{"embeddable":true,"href":"https:\/\/wp.ufpel.edu.br\/progep\/wp-json\/wp\/v2\/users\/21"}],"replies":[{"embeddable":true,"href":"https:\/\/wp.ufpel.edu.br\/progep\/wp-json\/wp\/v2\/comments?post=29623"}],"version-history":[{"count":5,"href":"https:\/\/wp.ufpel.edu.br\/progep\/wp-json\/wp\/v2\/pages\/29623\/revisions"}],"predecessor-version":[{"id":35036,"href":"https:\/\/wp.ufpel.edu.br\/progep\/wp-json\/wp\/v2\/pages\/29623\/revisions\/35036"}],"wp:attachment":[{"href":"https:\/\/wp.ufpel.edu.br\/progep\/wp-json\/wp\/v2\/media?parent=29623"}],"curies":[{"name":"wp","href":"https:\/\/api.w.org\/{rel}","templated":true}]}}