{"id":29615,"date":"2025-02-25T16:19:38","date_gmt":"2025-02-25T19:19:38","guid":{"rendered":"https:\/\/wp.ufpel.edu.br\/progep\/?page_id=29615"},"modified":"2025-07-28T11:50:08","modified_gmt":"2025-07-28T14:50:08","slug":"tecnico-desportivo","status":"publish","type":"page","link":"https:\/\/wp.ufpel.edu.br\/progep\/tecnico-desportivo\/","title":{"rendered":"Cargos TAE: T\u00e9cnico Desportivo"},"content":{"rendered":"\n<div class=\"wp-block-group\"><div class=\"wp-block-group__inner-container is-layout-constrained wp-block-group-is-layout-constrained\">\n<div class=\"logoTituloModelStyle\"><img class=\"size-medium wp-image-27184 alignleft\" src=\"https:\/\/wp.ufpel.edu.br\/progep\/files\/2025\/03\/logo-progep_atualizacao-nome_AZUL.png\" alt=\"\" \/><\/p>\n<div><strong>T\u00e9cnico Desportivo<\/strong><\/div>\n<\/div>\n<hr class=\"hrModelStyle\" \/>\n<div class=\"descriptionModelStyle\">Esta p\u00e1gina apresenta os dados referentes a carreira dos\/as servidores\/as.<\/div>\n<\/div><\/div>\n\n\n<div class=\"cargoDescriptionStyle\">\n<div class=\"infoCargo\">N\u00edvel de Classifica\u00e7\u00e3o:\u00a0<strong>E<\/strong><br \/>\nDenomina\u00e7\u00e3o do cargo:<br \/>\n<strong>\u00a0T\u00e9cnico Desportivo<\/strong><br \/>\nC\u00f3digo CBO: <strong>2241-25<\/strong><\/div>\n<div class=\"requisitosCargo\"><span style=\"font-size: 16pt;padding-bottom: 0.5rem\"><strong>Requisitos de Qualifica\u00e7\u00e3o para Ingresso no Cargo<\/strong>:<\/span><br \/>\n<strong>Escolaridade<\/strong>: Curso Superior em Educa\u00e7\u00e3o F\u00edsica<br \/>\n<strong>Outros<\/strong>: (&#8211;)<br \/>\n<strong>Habilita\u00e7\u00e3o Profissional<\/strong>.<\/div>\n<div class=\"descSumaryCargo\"><span style=\"font-size: 16pt;font-weight: bold;padding-bottom: 0.5rem\">Descri\u00e7\u00e3o Sum\u00e1ria do Cargo:<\/span><br \/>\nEnsinar os princ\u00edpios de t\u00e9cnica de gin\u00e1stica, jogos e outras atividades esportivas; fazer a orienta\u00e7\u00e3o da pr\u00e1tica das mesmas, cuidando da aplica\u00e7\u00e3o dos regulamentos perante as competi\u00e7\u00f5es e provas desportivas. Assessorar nas atividades de ensino, pesquisa e extens\u00e3o. <\/div>\n<div class=\"atividadesCargo\"><span style=\"font-size: 16pt;font-weight: bold\">Descri\u00e7\u00e3o de Atividades T\u00edpicas do Cargo:<\/span><br \/>\n\u2022 Ensinar os princ\u00edpios e regras t\u00e9cnicas de atividades desportivas, orientando a pr\u00e1tica dessas atividades.<strong><br \/>\n\u2022 Treinar atletas nas t\u00e9cnicas de diversos jogos e outros esportes.<br \/>\n<\/strong>\u2022 Instruir atletas sobre os princ\u00edpios e regras inerentes a cada uma das modalidades esportivas.<strong><br \/>\n\u2022 Encarregar-se do preparo f\u00edsico dos atletas.<br \/>\n<\/strong>\u2022 Acompanhar e supervisionar as pr\u00e1ticas desportivas.<strong><br \/>\n\u2022 Utilizar recursos de Inform\u00e1tica.<br \/>\n\u2022<\/strong> Executar outras tarefas de mesma natureza e n\u00edvel de complexidade associadas ao ambiente organizacional<strong>.<\/strong><\/div>\n<\/div>","protected":false},"excerpt":{"rendered":"<p>T\u00e9cnico Desportivo Esta p\u00e1gina apresenta os dados referentes a carreira dos\/as servidores\/as. N\u00edvel de Classifica\u00e7\u00e3o:\u00a0E Denomina\u00e7\u00e3o do cargo: \u00a0T\u00e9cnico Desportivo C\u00f3digo CBO: 2241-25 Requisitos de Qualifica\u00e7\u00e3o para Ingresso no Cargo: Escolaridade: Curso Superior em Educa\u00e7\u00e3o F\u00edsica Outros: (&#8211;) Habilita\u00e7\u00e3o Profissional. Descri\u00e7\u00e3o Sum\u00e1ria do Cargo: Ensinar os princ\u00edpios de t\u00e9cnica de gin\u00e1stica, jogos e outras atividades [&hellip;]<\/p>\n","protected":false},"author":21,"featured_media":0,"parent":0,"menu_order":0,"comment_status":"closed","ping_status":"closed","template":"","meta":{"footnotes":""},"class_list":["post-29615","page","type-page","status-publish","hentry"],"_links":{"self":[{"href":"https:\/\/wp.ufpel.edu.br\/progep\/wp-json\/wp\/v2\/pages\/29615","targetHints":{"allow":["GET"]}}],"collection":[{"href":"https:\/\/wp.ufpel.edu.br\/progep\/wp-json\/wp\/v2\/pages"}],"about":[{"href":"https:\/\/wp.ufpel.edu.br\/progep\/wp-json\/wp\/v2\/types\/page"}],"author":[{"embeddable":true,"href":"https:\/\/wp.ufpel.edu.br\/progep\/wp-json\/wp\/v2\/users\/21"}],"replies":[{"embeddable":true,"href":"https:\/\/wp.ufpel.edu.br\/progep\/wp-json\/wp\/v2\/comments?post=29615"}],"version-history":[{"count":4,"href":"https:\/\/wp.ufpel.edu.br\/progep\/wp-json\/wp\/v2\/pages\/29615\/revisions"}],"predecessor-version":[{"id":35017,"href":"https:\/\/wp.ufpel.edu.br\/progep\/wp-json\/wp\/v2\/pages\/29615\/revisions\/35017"}],"wp:attachment":[{"href":"https:\/\/wp.ufpel.edu.br\/progep\/wp-json\/wp\/v2\/media?parent=29615"}],"curies":[{"name":"wp","href":"https:\/\/api.w.org\/{rel}","templated":true}]}}