{"id":29606,"date":"2025-02-25T16:00:36","date_gmt":"2025-02-25T19:00:36","guid":{"rendered":"https:\/\/wp.ufpel.edu.br\/progep\/?page_id=29606"},"modified":"2025-07-28T11:43:19","modified_gmt":"2025-07-28T14:43:19","slug":"restaurador-area","status":"publish","type":"page","link":"https:\/\/wp.ufpel.edu.br\/progep\/restaurador-area\/","title":{"rendered":"Cargos TAE: Restaurador-\u00c1rea"},"content":{"rendered":"\n<div class=\"wp-block-group\"><div class=\"wp-block-group__inner-container is-layout-constrained wp-block-group-is-layout-constrained\">\n<div class=\"logoTituloModelStyle\"><img class=\"size-medium wp-image-27184 alignleft\" src=\"https:\/\/wp.ufpel.edu.br\/progep\/files\/2025\/03\/logo-progep_atualizacao-nome_AZUL.png\" alt=\"\" \/><\/p>\n<div><strong>Restaurador-\u00c1rea<\/strong><\/div>\n<\/div>\n<hr class=\"hrModelStyle\" \/>\n<div class=\"descriptionModelStyle\">Esta p\u00e1gina apresenta os dados referentes a carreira dos\/as servidores\/as.<\/div>\n<\/div><\/div>\n\n\n<div class=\"cargoDescriptionStyle\">\n<div class=\"infoCargo\">N\u00edvel de Classifica\u00e7\u00e3o:\u00a0<strong>E<\/strong><br \/>\nDenomina\u00e7\u00e3o do cargo:<br \/>\n<strong>\u00a0Restaurador-\u00c1rea<\/strong><br \/>\nC\u00f3digo CBO: <strong>2624-15<\/strong><\/div>\n<div class=\"requisitosCargo\"><span style=\"font-size: 16pt;padding-bottom: 0.5rem\"><strong>Requisitos de Qualifica\u00e7\u00e3o para Ingresso no Cargo<\/strong>:<\/span><br \/>\n<strong>Escolaridade<\/strong>: Curso superior na \u00e1rea<br \/>\n<strong>Outros<\/strong>: (&#8211;)<br \/>\n<strong>Habilita\u00e7\u00e3o Profissional<\/strong>.<\/div>\n<div class=\"descSumaryCargo\"><span style=\"font-size: 16pt;font-weight: bold;padding-bottom: 0.5rem\">Descri\u00e7\u00e3o Sum\u00e1ria do Cargo:<\/span><br \/>\nRestaurar obras de arte. Coordenar e orientar trabalhos de restaura\u00e7\u00e3o e limpeza de obras de arte. Assessorar nas atividades de ensino, pesquisa e extens\u00e3o<\/div>\n<div class=\"atividadesCargo\"><span style=\"font-size: 16pt;font-weight: bold\">Descri\u00e7\u00e3o de Atividades T\u00edpicas do Cargo:<\/span><br \/>\n\u2022 Restaurar as pinturas sobre suporte de tela e madeira.<strong><br \/>\n\u2022 Restaurar as esculturas em madeira ou barro, policromadas ou n\u00e3o, de pedra sab\u00e3o, marfim.<br \/>\n<\/strong>\u2022 Controlar a conserva\u00e7\u00e3o e restaura\u00e7\u00e3o dos monumentos tombados; coordenar e orientar trabalhos de restaura\u00e7\u00e3o e limpeza de obras de arte.<strong><br \/>\n\u2022 Utilizar recursos de Inform\u00e1tica.<br \/>\n<\/strong>\u2022 Executar outras tarefas de mesma natureza e n\u00edvel de complexidade associadas ao ambiente organizacional.<\/div>\n<\/div>","protected":false},"excerpt":{"rendered":"<p>Restaurador-\u00c1rea Esta p\u00e1gina apresenta os dados referentes a carreira dos\/as servidores\/as. N\u00edvel de Classifica\u00e7\u00e3o:\u00a0E Denomina\u00e7\u00e3o do cargo: \u00a0Restaurador-\u00c1rea C\u00f3digo CBO: 2624-15 Requisitos de Qualifica\u00e7\u00e3o para Ingresso no Cargo: Escolaridade: Curso superior na \u00e1rea Outros: (&#8211;) Habilita\u00e7\u00e3o Profissional. Descri\u00e7\u00e3o Sum\u00e1ria do Cargo: Restaurar obras de arte. Coordenar e orientar trabalhos de restaura\u00e7\u00e3o e limpeza de obras [&hellip;]<\/p>\n","protected":false},"author":21,"featured_media":0,"parent":0,"menu_order":0,"comment_status":"closed","ping_status":"closed","template":"","meta":{"footnotes":""},"class_list":["post-29606","page","type-page","status-publish","hentry"],"_links":{"self":[{"href":"https:\/\/wp.ufpel.edu.br\/progep\/wp-json\/wp\/v2\/pages\/29606","targetHints":{"allow":["GET"]}}],"collection":[{"href":"https:\/\/wp.ufpel.edu.br\/progep\/wp-json\/wp\/v2\/pages"}],"about":[{"href":"https:\/\/wp.ufpel.edu.br\/progep\/wp-json\/wp\/v2\/types\/page"}],"author":[{"embeddable":true,"href":"https:\/\/wp.ufpel.edu.br\/progep\/wp-json\/wp\/v2\/users\/21"}],"replies":[{"embeddable":true,"href":"https:\/\/wp.ufpel.edu.br\/progep\/wp-json\/wp\/v2\/comments?post=29606"}],"version-history":[{"count":4,"href":"https:\/\/wp.ufpel.edu.br\/progep\/wp-json\/wp\/v2\/pages\/29606\/revisions"}],"predecessor-version":[{"id":35033,"href":"https:\/\/wp.ufpel.edu.br\/progep\/wp-json\/wp\/v2\/pages\/29606\/revisions\/35033"}],"wp:attachment":[{"href":"https:\/\/wp.ufpel.edu.br\/progep\/wp-json\/wp\/v2\/media?parent=29606"}],"curies":[{"name":"wp","href":"https:\/\/api.w.org\/{rel}","templated":true}]}}