{"id":29604,"date":"2025-02-25T15:56:45","date_gmt":"2025-02-25T18:56:45","guid":{"rendered":"https:\/\/wp.ufpel.edu.br\/progep\/?page_id=29604"},"modified":"2025-07-28T10:01:04","modified_gmt":"2025-07-28T13:01:04","slug":"quimico","status":"publish","type":"page","link":"https:\/\/wp.ufpel.edu.br\/progep\/quimico\/","title":{"rendered":"Cargos TAE: Qu\u00edmico"},"content":{"rendered":"\n<div class=\"wp-block-group\"><div class=\"wp-block-group__inner-container is-layout-constrained wp-block-group-is-layout-constrained\">\n<div class=\"logoTituloModelStyle\"><img class=\"size-medium wp-image-27184 alignleft\" src=\"https:\/\/wp.ufpel.edu.br\/progep\/files\/2025\/03\/logo-progep_atualizacao-nome_AZUL.png\" alt=\"\" \/><\/p>\n<div><strong>Qu\u00edmico<\/strong><\/div>\n<\/div>\n<hr class=\"hrModelStyle\" \/>\n<div class=\"descriptionModelStyle\">Esta p\u00e1gina apresenta os dados referentes a carreira dos\/as servidores\/as.<\/div>\n<\/div><\/div>\n\n\n<div class=\"cargoDescriptionStyle\">\n<div class=\"infoCargo\">N\u00edvel de Classifica\u00e7\u00e3o:\u00a0<strong>E<\/strong><br \/>\nDenomina\u00e7\u00e3o do cargo:<br \/>\n<strong>\u00a0Qu\u00edmico<\/strong><br \/>\nC\u00f3digo CBO: <strong>2132-05<\/strong><\/div>\n<div class=\"requisitosCargo\"><span style=\"font-size: 16pt;padding-bottom: 0.5rem\"><strong>Requisitos de Qualifica\u00e7\u00e3o para Ingresso no Cargo<\/strong>:<\/span><br \/>\n<strong>Escolaridade<\/strong>: Curso superior na \u00e1rea<br \/>\n<strong>Outros<\/strong>: (&#8211;)<br \/>\n<strong>Habilita\u00e7\u00e3o Profissional: <\/strong> Lei n\u00ba 2.800, de 18 de junho de 1956 &#8211; Cria os Conselhos Federal e Regionais de Qu\u00edmica, disp\u00f5e sobre o exerc\u00edcio da profiss\u00e3o de Qu\u00edmico. Decreto n\u00ba 85.877 &#8211; Regulamenta a Lei n\u00ba 2.800\/56. Registro do Conselho competente.<\/div>\n<div class=\"descSumaryCargo\"><span style=\"font-size: 16pt;font-weight: bold;padding-bottom: 0.5rem\">Descri\u00e7\u00e3o Sum\u00e1ria do Cargo:<\/span><br \/>\nRealizar ensaios, an\u00e1lises qu\u00edmicas e f\u00edsico-qu\u00edmicas, selecionando metodologias, materiais, reagentes de an\u00e1lise e crit\u00e9rios de amostragem, homogeneizando, dimensionando e solubilizando amostras. Produzir subst\u00e2ncias, desenvolver metodologias anal\u00edticas, interpretar dados qu\u00edmicos, monitorar impacto ambiental de subst\u00e2ncias, supervisionar procedimentos qu\u00edmicos, coordenar atividades qu\u00edmicas laboratoriais e industriais. Assessorar nas atividades de ensino, pesquisa e extens\u00e3o. <\/div>\n<div class=\"atividadesCargo\"><span style=\"font-size: 16pt;font-weight: bold\">Descri\u00e7\u00e3o de Atividades T\u00edpicas do Cargo:<\/span><br \/>\n<strong>\u2022 Realizar ensaios, an\u00e1lises qu\u00edmicas e f\u00edsico-qu\u00edmicas:<br \/>\n<\/strong>Selecionar metodologias de an\u00e1lise, materiais e reagentes de an\u00e1lise e crit\u00e9rios de amostragem; coletar; acondicionar amostras para preserva\u00e7\u00e3o; reduzir granulometria de amostras; homogenizar, quartear e dimensionar amostras; submeter amos-tras a processos qu\u00edmicos e f\u00edsicos; medir par\u00e2metros qu\u00edmicos e f\u00edsico-qu\u00edmicos de amostras.<strong><br \/>\n\u2022 Produzir subst\u00e2ncias:<br \/>\n<\/strong>Especificar mat\u00e9rias-primas; extrair, sintetizar, concentrar, purificar e secar subst\u00e2ncias; caracterizar subst\u00e2ncias e produtos; estabelecer composi\u00e7\u00e3o de produto final; assessorar em desenvolvimento de equipamentos; orientar processo de acondicionamento de produtos; estabelecer prazo de validade de produtos.<strong><br \/>\n\u2022 Desenvolver metodologias anal\u00edticas:<br \/>\n<\/strong>Pesquisar bibliografia; elaborar procedimentos anal\u00edticos; validar metodologias anal\u00edticas; estimar custo-benef\u00edcio de metodologias; anal\u00edticas.<strong><br \/>\n\u2022 Interpretar dados qu\u00edmicos:<br \/>\n<\/strong>Tratar dados; analisar resultados de ensaio; comparar resultados com par\u00e2metros anal\u00edticos e de refer\u00eancia; avaliar aplicabilidade de m\u00e9todos; rastrear causas de altera\u00e7\u00f5es em resultados; emitir pareceres, laudos e relat\u00f3rios t\u00e9cnicos.<strong><br \/>\n\u2022 Monitorar impacto ambiental de subst\u00e2ncias:<br \/>\n<\/strong>Mensurar gera\u00e7\u00e3o de res\u00edduos poluentes; identificar res\u00edduos poluentes; mensurar grau de toxicidade de subst\u00e2ncias; descartar res\u00edduos inertes; reciclar subst\u00e2nci-as; tratar res\u00edduos qu\u00edmicos, f\u00edsicos, biol\u00f3gicos e radioativos; monitorar comportamento de subst\u00e2ncias em ambiente; monitorar confinamento de subst\u00e2ncias t\u00f3xicas e\/ou radioativas; descrever a\u00e7\u00f5es preventivas e corretivas de impacto ambiental; fiscalizar descarte de res\u00edduos poluentes.<strong><br \/>\n\u2022 Supervisionar procedimentos qu\u00edmicos:<br \/>\n<\/strong>Definir metodologia de processos; supervisionar recep\u00e7\u00e3o e identifica\u00e7\u00e3o de amostras; verificar proced\u00eancia e caracter\u00edsticas de mat\u00e9ria-prima; verificar condi\u00e7\u00f5es de uso de equipamentos; supervisionar calibra\u00e7\u00e3o de equipamentos e execu-\u00e7\u00e3o de ensaios; examinar relat\u00f3rios de produ\u00e7\u00e3o; implementar a\u00e7\u00f5es preventivas e corretivas; referendar resultados.<strong><br \/>\n\u2022 Coordenar atividades qu\u00edmicas laboratoriais e industriais:<br \/>\n<\/strong>Especificar equipamentos e materiais necess\u00e1rios; controlar entrada e sa\u00edda de materiais e equipamentos; inspecionar uso de equipamentos de seguran\u00e7a.<strong><br \/>\n\u2022 Utilizar recursos de Inform\u00e1tica.<br \/>\n\u2022 Executar outras tarefas de mesma natureza e n\u00edvel de complexidade associadas ao ambiente organizacional.<\/strong><\/div>\n<\/div>","protected":false},"excerpt":{"rendered":"<p>Qu\u00edmico Esta p\u00e1gina apresenta os dados referentes a carreira dos\/as servidores\/as. N\u00edvel de Classifica\u00e7\u00e3o:\u00a0E Denomina\u00e7\u00e3o do cargo: \u00a0Qu\u00edmico C\u00f3digo CBO: 2132-05 Requisitos de Qualifica\u00e7\u00e3o para Ingresso no Cargo: Escolaridade: Curso superior na \u00e1rea Outros: (&#8211;) Habilita\u00e7\u00e3o Profissional: Lei n\u00ba 2.800, de 18 de junho de 1956 &#8211; Cria os Conselhos Federal e Regionais de Qu\u00edmica, [&hellip;]<\/p>\n","protected":false},"author":21,"featured_media":0,"parent":0,"menu_order":0,"comment_status":"closed","ping_status":"closed","template":"","meta":{"footnotes":""},"class_list":["post-29604","page","type-page","status-publish","hentry"],"_links":{"self":[{"href":"https:\/\/wp.ufpel.edu.br\/progep\/wp-json\/wp\/v2\/pages\/29604","targetHints":{"allow":["GET"]}}],"collection":[{"href":"https:\/\/wp.ufpel.edu.br\/progep\/wp-json\/wp\/v2\/pages"}],"about":[{"href":"https:\/\/wp.ufpel.edu.br\/progep\/wp-json\/wp\/v2\/types\/page"}],"author":[{"embeddable":true,"href":"https:\/\/wp.ufpel.edu.br\/progep\/wp-json\/wp\/v2\/users\/21"}],"replies":[{"embeddable":true,"href":"https:\/\/wp.ufpel.edu.br\/progep\/wp-json\/wp\/v2\/comments?post=29604"}],"version-history":[{"count":4,"href":"https:\/\/wp.ufpel.edu.br\/progep\/wp-json\/wp\/v2\/pages\/29604\/revisions"}],"predecessor-version":[{"id":35029,"href":"https:\/\/wp.ufpel.edu.br\/progep\/wp-json\/wp\/v2\/pages\/29604\/revisions\/35029"}],"wp:attachment":[{"href":"https:\/\/wp.ufpel.edu.br\/progep\/wp-json\/wp\/v2\/media?parent=29604"}],"curies":[{"name":"wp","href":"https:\/\/api.w.org\/{rel}","templated":true}]}}