{"id":29601,"date":"2025-02-25T15:53:03","date_gmt":"2025-02-25T18:53:03","guid":{"rendered":"https:\/\/wp.ufpel.edu.br\/progep\/?page_id=29601"},"modified":"2025-07-28T09:58:31","modified_gmt":"2025-07-28T12:58:31","slug":"publicitario","status":"publish","type":"page","link":"https:\/\/wp.ufpel.edu.br\/progep\/publicitario\/","title":{"rendered":"Cargos TAE: Publicit\u00e1rio"},"content":{"rendered":"\n<div class=\"wp-block-group\"><div class=\"wp-block-group__inner-container is-layout-constrained wp-block-group-is-layout-constrained\">\n<div class=\"logoTituloModelStyle\"><img class=\"size-medium wp-image-27184 alignleft\" src=\"https:\/\/wp.ufpel.edu.br\/progep\/files\/2025\/03\/logo-progep_atualizacao-nome_AZUL.png\" alt=\"\" \/><\/p>\n<div><strong>Publicit\u00e1rio<\/strong><\/div>\n<\/div>\n<hr class=\"hrModelStyle\" \/>\n<div class=\"descriptionModelStyle\">Esta p\u00e1gina apresenta os dados referentes a carreira dos\/as servidores\/as.<\/div>\n<\/div><\/div>\n\n\n<div class=\"cargoDescriptionStyle\">\n<div class=\"infoCargo\">N\u00edvel de Classifica\u00e7\u00e3o:\u00a0<strong>E<\/strong><br \/>\nDenomina\u00e7\u00e3o do cargo:<br \/>\n<strong>\u00a0Publicit\u00e1rio<\/strong><br \/>\nC\u00f3digo CBO: <strong>2531 &#8211; 10<\/strong><\/div>\n<div class=\"requisitosCargo\"><span style=\"font-size: 16pt;padding-bottom: 0.5rem\"><strong>Requisitos de Qualifica\u00e7\u00e3o para Ingresso no Cargo<\/strong>:<\/span><br \/>\n<strong>Escolaridade<\/strong>:Curso Superior em Comunica\u00e7\u00e3o Social com habilita\u00e7\u00e3o em Publicidade e Propaganda<br \/>\n<strong>Outros<\/strong>: (&#8211;)<br \/>\n<strong>Habilita\u00e7\u00e3o Profissional: <\/strong> Lei n\u00ba 4.680, de 18 de junho de 1965 &#8211; Disp\u00f5e sobre o exerc\u00edcio da profiss\u00e3o de Publicit\u00e1rio e de Agenciador de Propaganda Decreto n\u00ba 57.690, de 1 de fevereiro de 1966 &#8211; Aprova o regulamento para execu\u00e7\u00e3o da Lei n\u00ba 4.680\/65<\/div>\n<div class=\"descSumaryCargo\"><span style=\"font-size: 16pt;font-weight: bold;padding-bottom: 0.5rem\">Descri\u00e7\u00e3o Sum\u00e1ria do Cargo:<\/span><br \/>\nEstruturar estrat\u00e9gias de projeto; desenvolver propaganda e promo\u00e7\u00f5es; implantar a\u00e7\u00f5es de rela\u00e7\u00f5es p\u00fablicas e assessoria de imprensa. No desenvolvimento das atividades \u00e9 mobilizado um conjunto de capacidades comunicativas. Assessorar nas atividades de ensino, pesquisa e extens\u00e3o. <\/div>\n<div class=\"atividadesCargo\"><span style=\"font-size: 16pt;font-weight: bold\">Descri\u00e7\u00e3o de Atividades T\u00edpicas do Cargo:<\/span><br \/>\n<strong>\u2022 Estruturar estrat\u00e9gia de projeto:<br \/>\n<\/strong>Definir necessidades do usu\u00e1rio; preparar apresenta\u00e7\u00e3o do projeto para usu\u00e1rio; acompanhar execu\u00e7\u00e3o do projeto.<strong><br \/>\n\u2022 Desenvolver propaganda e promo\u00e7\u00f5es:<br \/>\n<\/strong>Contratar servi\u00e7os de publicidade; desenvolver campanhas promocionais; criar an\u00fancios para m\u00eddia impressa e eletr\u00f4nica; criar folhetos e mala direta; banners, out door e hot sites para internet e demais pe\u00e7as publicit\u00e1rias; sugerir imagens para os textos criados; contribuir na concep\u00e7\u00e3o do layout da campanha; rever processo criativo desenvolvido.<strong><br \/>\n\u2022 Implantar a\u00e7\u00f5es de rela\u00e7\u00f5es p\u00fablicas e assessoria de imprensa:<br \/>\n<\/strong>Checar informa\u00e7\u00f5es para divulga\u00e7\u00e3o; criar press release, artigos, notas, comunicados, sugest\u00e3o de pauta, jornal interno<strong>.<br \/>\n\u2022 Utilizar recursos de Inform\u00e1tica.<br \/>\n\u2022 Executar outras tarefas de mesma natureza e n\u00edvel de complexidade associadas ao ambiente organizacional.<\/strong><\/div>\n<\/div>","protected":false},"excerpt":{"rendered":"<p>Publicit\u00e1rio Esta p\u00e1gina apresenta os dados referentes a carreira dos\/as servidores\/as. N\u00edvel de Classifica\u00e7\u00e3o:\u00a0E Denomina\u00e7\u00e3o do cargo: \u00a0Publicit\u00e1rio C\u00f3digo CBO: 2531 &#8211; 10 Requisitos de Qualifica\u00e7\u00e3o para Ingresso no Cargo: Escolaridade:Curso Superior em Comunica\u00e7\u00e3o Social com habilita\u00e7\u00e3o em Publicidade e Propaganda Outros: (&#8211;) Habilita\u00e7\u00e3o Profissional: Lei n\u00ba 4.680, de 18 de junho de 1965 &#8211; [&hellip;]<\/p>\n","protected":false},"author":21,"featured_media":0,"parent":0,"menu_order":0,"comment_status":"closed","ping_status":"closed","template":"","meta":{"footnotes":""},"class_list":["post-29601","page","type-page","status-publish","hentry"],"_links":{"self":[{"href":"https:\/\/wp.ufpel.edu.br\/progep\/wp-json\/wp\/v2\/pages\/29601","targetHints":{"allow":["GET"]}}],"collection":[{"href":"https:\/\/wp.ufpel.edu.br\/progep\/wp-json\/wp\/v2\/pages"}],"about":[{"href":"https:\/\/wp.ufpel.edu.br\/progep\/wp-json\/wp\/v2\/types\/page"}],"author":[{"embeddable":true,"href":"https:\/\/wp.ufpel.edu.br\/progep\/wp-json\/wp\/v2\/users\/21"}],"replies":[{"embeddable":true,"href":"https:\/\/wp.ufpel.edu.br\/progep\/wp-json\/wp\/v2\/comments?post=29601"}],"version-history":[{"count":5,"href":"https:\/\/wp.ufpel.edu.br\/progep\/wp-json\/wp\/v2\/pages\/29601\/revisions"}],"predecessor-version":[{"id":35509,"href":"https:\/\/wp.ufpel.edu.br\/progep\/wp-json\/wp\/v2\/pages\/29601\/revisions\/35509"}],"wp:attachment":[{"href":"https:\/\/wp.ufpel.edu.br\/progep\/wp-json\/wp\/v2\/media?parent=29601"}],"curies":[{"name":"wp","href":"https:\/\/api.w.org\/{rel}","templated":true}]}}