{"id":29597,"date":"2025-02-25T15:14:20","date_gmt":"2025-02-25T18:14:20","guid":{"rendered":"https:\/\/wp.ufpel.edu.br\/progep\/?page_id=29597"},"modified":"2025-07-28T09:30:53","modified_gmt":"2025-07-28T12:30:53","slug":"odontologo","status":"publish","type":"page","link":"https:\/\/wp.ufpel.edu.br\/progep\/odontologo\/","title":{"rendered":"Cargos TAE: Odont\u00f3logo"},"content":{"rendered":"\n<div class=\"wp-block-group\"><div class=\"wp-block-group__inner-container is-layout-constrained wp-block-group-is-layout-constrained\">\n<div class=\"logoTituloModelStyle\"><img class=\"size-medium wp-image-27184 alignleft\" src=\"https:\/\/wp.ufpel.edu.br\/progep\/files\/2025\/03\/logo-progep_atualizacao-nome_AZUL.png\" alt=\"\" \/><\/p>\n<div><strong>Odont\u00f3logo<\/strong><\/div>\n<\/div>\n<hr class=\"hrModelStyle\" \/>\n<div class=\"descriptionModelStyle\">Esta p\u00e1gina apresenta os dados referentes a carreira dos\/as servidores\/as.<\/div>\n<\/div><\/div>\n\n\n<div class=\"cargoDescriptionStyle\">\n<div class=\"infoCargo\">N\u00edvel de Classifica\u00e7\u00e3o:\u00a0<strong>E<\/strong><br \/>\nDenomina\u00e7\u00e3o do cargo:<br \/>\n<strong>\u00a0Odont\u00f3logo<\/strong><br \/>\nC\u00f3digo CBO: <strong>2232<\/strong><\/div>\n<div class=\"requisitosCargo\"><span style=\"font-size: 16pt;padding-bottom: 0.5rem\"><strong>Requisitos de Qualifica\u00e7\u00e3o para Ingresso no Cargo<\/strong>:<\/span><br \/>\n<strong>Escolaridade<\/strong>: Curso Superior Odontologia<br \/>\n<strong>Outros<\/strong>: (&#8211;)<br \/>\n<strong>Habilita\u00e7\u00e3o Profissional: <\/strong> Lei n\u00ba 4.324, de 14 de abril de 1964 &#8211; Insti-tui os Conselhos Federal e Regionais de Odontologia e d\u00e1 outras provid\u00ean-cias. Decreto n\u00ba 68.704, de 04 de junho de 1971 &#8211; Regulamenta a Lei n\u00ba 4.324\/64. Lei n\u00ba 5.081, de 24 de agosto de 1966 &#8211; Regula o exerc\u00edcio da odontologia. Registro no conselho competente.<\/div>\n<div class=\"descSumaryCargo\"><span style=\"font-size: 16pt;font-weight: bold;padding-bottom: 0.5rem\">Descri\u00e7\u00e3o Sum\u00e1ria do Cargo:<\/span><br \/>\nAtender e orientar pacientes e executar tratamento odontol\u00f3gico, realizando, entre outras atividades, radiografias e ajuste oclusal, aplica\u00e7\u00e3o de anestesia, extra\u00e7\u00e3o de dentes, tratamento de doen\u00e7as gengivais e canais, cirurgias bucomaxilofaciais, implantes, tratamentos est\u00e9ticos e de reabilita\u00e7\u00e3o oral, confec\u00e7\u00e3o de pr\u00f3tese oral e extra-oral. Diagnosticar e avaliar pacientes e planejar tratamento. Realizar auditorias e per\u00edcias odontol\u00f3gicas, administrar local e condi\u00e7\u00f5es de trabalho, adotando medidas de precau\u00e7\u00e3o universal de biosseguran\u00e7a. Assessorar nas atividades de ensino, pesquisa e extens\u00e3o. <\/div>\n<div class=\"atividadesCargo\"><span style=\"font-size: 16pt;font-weight: bold\">Descri\u00e7\u00e3o de Atividades T\u00edpicas do Cargo:<\/span><br \/>\n\u2022 Examinar, identificar e tratar cl\u00ednica e\/ou cirurgicamente afec\u00e7\u00f5es dos dentes e tecidos de suporte.<strong><br \/>\n\u2022 Restabelecer forma e fun\u00e7\u00e3o.<br \/>\n\u2022 <\/strong>Analisar e interpretar resultados de exames radiol\u00f3gicos e laboratoriais para complementa\u00e7\u00e3o de diagn\u00f3stico.<br \/>\n<strong>\u2022 Manter o registro de pacientes atendidos, anotando a conclus\u00e3o do diagn\u00f3stico, tratamento e evolu\u00e7\u00e3o da afec\u00e7\u00e3o para orienta\u00e7\u00e3o terap\u00eautica adequada.<br \/>\n<\/strong>\u2022 Prescrever e administrar medicamentos.<strong><br \/>\n\u2022 Aplicar anest\u00e9sicos locais e regionais.<br \/>\n<\/strong>\u2022 Orientar e encaminhar para tratamento especializado.<strong><br \/>\n\u2022 Orientar sobre sa\u00fade, higiene e profilaxia oral, preven\u00e7\u00e3o de carie dental e doen\u00e7as periodontais.<br \/>\n<\/strong>\u2022 Utilizar recursos de Inform\u00e1tica.<strong><br \/>\n\u2022 Executar outras tarefas de mesma natureza e n\u00edvel de complexidade associadas ao ambiente organizacional.<\/strong><\/div>\n<\/div>","protected":false},"excerpt":{"rendered":"<p>Odont\u00f3logo Esta p\u00e1gina apresenta os dados referentes a carreira dos\/as servidores\/as. N\u00edvel de Classifica\u00e7\u00e3o:\u00a0E Denomina\u00e7\u00e3o do cargo: \u00a0Odont\u00f3logo C\u00f3digo CBO: 2232 Requisitos de Qualifica\u00e7\u00e3o para Ingresso no Cargo: Escolaridade: Curso Superior Odontologia Outros: (&#8211;) Habilita\u00e7\u00e3o Profissional: Lei n\u00ba 4.324, de 14 de abril de 1964 &#8211; Insti-tui os Conselhos Federal e Regionais de Odontologia e [&hellip;]<\/p>\n","protected":false},"author":21,"featured_media":0,"parent":0,"menu_order":0,"comment_status":"closed","ping_status":"closed","template":"","meta":{"footnotes":""},"class_list":["post-29597","page","type-page","status-publish","hentry"],"_links":{"self":[{"href":"https:\/\/wp.ufpel.edu.br\/progep\/wp-json\/wp\/v2\/pages\/29597","targetHints":{"allow":["GET"]}}],"collection":[{"href":"https:\/\/wp.ufpel.edu.br\/progep\/wp-json\/wp\/v2\/pages"}],"about":[{"href":"https:\/\/wp.ufpel.edu.br\/progep\/wp-json\/wp\/v2\/types\/page"}],"author":[{"embeddable":true,"href":"https:\/\/wp.ufpel.edu.br\/progep\/wp-json\/wp\/v2\/users\/21"}],"replies":[{"embeddable":true,"href":"https:\/\/wp.ufpel.edu.br\/progep\/wp-json\/wp\/v2\/comments?post=29597"}],"version-history":[{"count":4,"href":"https:\/\/wp.ufpel.edu.br\/progep\/wp-json\/wp\/v2\/pages\/29597\/revisions"}],"predecessor-version":[{"id":35031,"href":"https:\/\/wp.ufpel.edu.br\/progep\/wp-json\/wp\/v2\/pages\/29597\/revisions\/35031"}],"wp:attachment":[{"href":"https:\/\/wp.ufpel.edu.br\/progep\/wp-json\/wp\/v2\/media?parent=29597"}],"curies":[{"name":"wp","href":"https:\/\/api.w.org\/{rel}","templated":true}]}}