{"id":29589,"date":"2025-02-25T14:48:02","date_gmt":"2025-02-25T17:48:02","guid":{"rendered":"https:\/\/wp.ufpel.edu.br\/progep\/?page_id=29589"},"modified":"2025-07-14T15:16:02","modified_gmt":"2025-07-14T18:16:02","slug":"analista-de-tecnologia-da-informacao","status":"publish","type":"page","link":"https:\/\/wp.ufpel.edu.br\/progep\/analista-de-tecnologia-da-informacao\/","title":{"rendered":"Cargos TAE: Analista de Tecnologia da Informa\u00e7\u00e3o"},"content":{"rendered":"\n<div class=\"wp-block-group\"><div class=\"wp-block-group__inner-container is-layout-constrained wp-block-group-is-layout-constrained\">\n<div class=\"logoTituloModelStyle\"><img class=\"size-medium wp-image-27184 alignleft\" src=\"https:\/\/wp.ufpel.edu.br\/progep\/files\/2025\/03\/logo-progep_atualizacao-nome_AZUL.png\" alt=\"\" \/><\/p>\n<div style=\"padding: 2rem 0\"><strong>Analista de Tecnologia da Informa\u00e7\u00e3o<\/strong><\/div>\n<\/div>\n<hr class=\"hrModelStyle\" \/>\n<div class=\"descriptionModelStyle\">Esta p\u00e1gina apresenta os dados referentes a carreira dos\/as servidores\/as.<\/div>\n<\/div><\/div>\n\n\n\n<div class=\"cargoDescriptionStyle\">\n<div class=\"infoCargo\">N\u00edvel de Classifica\u00e7\u00e3o:\u00a0<strong>E<\/strong><br \/>\nDenomina\u00e7\u00e3o do cargo:<br \/>\n<strong>Analista de Tecnologia da Informa\u00e7\u00e3o<\/strong><br \/>\nC\u00f3digo CBO: <strong>2124-05<\/strong><\/div>\n<div class=\"requisitosCargo\"><span style=\"font-size: 16pt;padding-bottom: 0.5rem\"><strong>Requisitos de Qualifica\u00e7\u00e3o para Ingresso no Cargo<\/strong>:<\/span><br \/>\n<strong>Escolaridade<\/strong>: Curso Superior na \u00e1rea<br \/>\n<strong>Outros<\/strong>: (&#8211;)<br \/>\n<strong>Habilita\u00e7\u00e3o Profissional.<\/strong><\/div>\n<div class=\"descSumaryCargo\"><span style=\"font-size: 16pt;font-weight: bold;padding-bottom: 0.5rem\">Descri\u00e7\u00e3o Sum\u00e1ria do Cargo:<\/span><br \/>\nDesenvolver e implantar sistemas informatizados dimensionando requisitos e funcionalidade do sistema, especificando sua arquitetura, escolhendo ferramentas de desenvolvimento, especificando programas, codificando aplicativos. Administrar ambientes informatizados, prestar suporte t\u00e9cnico ao usu\u00e1rio e o treinamento, elaborar documenta\u00e7\u00e3o t\u00e9cnica. Estabelecer padr\u00f5es, coordenar projetos e oferecer solu\u00e7\u00f5es para ambientes informatizados e pesquisar tecnologias em inform\u00e1tica. Assessorar nas atividades de ensino, pesquisa e extens\u00e3o. <\/div>\n<div class=\"atividadesCargo\"><span style=\"font-size: 16pt;font-weight: bold\">Descri\u00e7\u00e3o de Atividades T\u00edpicas do Cargo:<\/span><br \/>\n<strong>\u2022 Desenvolver sistemas informatizados:<\/strong> Estudar as regras de neg\u00f3cio inerentes aos objetivos e abrang\u00eancia de sistema; dimensionar requisitos e funcionalidade de sistema; fazer levantamento de dados; prever taxa de crescimento do sistema; definir alternativas f\u00edsicas de implanta\u00e7\u00e3o; especificar a arquitetura do sistema; escolher ferramentas de desenvolvimento; modelar dados; especificar programas; codificar aplicativos; montar prot\u00f3tipo do sistema; testar sistema; definir infra-estrutura de hardware, software e rede; apro-var infra-estrutura de hardware, software e rede; implantar sistemas.<strong><br \/>\n\u2022 Administrar ambiente informatizado:<\/strong> Monitorar performance do sistema; administrar recursos de rede ambiente operacional, e banco de dados; executar procedimentos para melhoria de performance de sistema; identificar falhas no sistema; corrigir falhas no sistema; controlar acesso aos dados e recursos; administrar perfil de acesso \u00e0s informa\u00e7\u00f5es; realizar auditoria de sistema.<strong><br \/>\n\u2022 Prestar suporte t\u00e9cnico ao usu\u00e1rio:<\/strong> Orientar \u00e1reas de apoio; consultar documenta\u00e7\u00e3o t\u00e9cnica; consultar fontes alternativas de informa\u00e7\u00f5es; simular problema em ambiente controlado; acionar suporte de terceiros; instalar e configurar software e hardware.<strong><br \/>\n\u2022 Treinar usu\u00e1rio:<\/strong> Consultar refer\u00eancias bibliogr\u00e1ficas; preparar conte\u00fado program\u00e1tico, material did\u00e1tico e instrumentos para avalia\u00e7\u00e3o de treinamento; determinar recursos \u00e1udio-visuais, hardware e software; configurar ambiente de treinamento; ministrar treinamento.<strong><br \/>\n\u2022 Elaborar documenta\u00e7\u00e3o para ambiente informatizado:<\/strong> Descrever processos; desenhar diagrama de fluxos de informa\u00e7\u00f5es; elaborar dicion\u00e1rio de dados, manuais do sistema e relat\u00f3rios t\u00e9cnicos; emitir pareceres t\u00e9cnicos; inventariar software e hardware; documentar estrutura da rede, n\u00edveis de servi\u00e7os, capacidade e performance e solu\u00e7\u00f5es dispon\u00edveis; divulgar documenta\u00e7\u00e3o; Elaborar estudos de viabilidade t\u00e9cnica e econ\u00f4mica e especifica\u00e7\u00e3o t\u00e9cnica.<strong><br \/>\n\u2022 Estabelecer padr\u00f5es para ambiente informatizado:<\/strong> Estabelecer padr\u00e3o de hardware e software; criar normas de seguran\u00e7a; definir requisitos t\u00e9cnicos para contrata\u00e7\u00e3o de produtos e servi\u00e7os; padronizar nomenclatura; instituir padr\u00e3o de interface com usu\u00e1rio; divulgar utiliza\u00e7\u00e3o de novos padr\u00f5es; definir metodologias a serem adotadas; especificar procedimentos para recupera\u00e7\u00e3o de ambiente operacional.<strong><br \/>\n\u2022 Coordenar projetos em ambiente informatizado:<\/strong> Administrar recursos internos e externos; acompanhar execu\u00e7\u00e3o do projeto; realizar revis\u00f5es t\u00e9cnicas; avaliar qualidade de produtos gerados; validar produtos jun-to a usu\u00e1rios em cada etapa.<strong><br \/>\n\u2022 Oferecer solu\u00e7\u00f5es para ambientes informatizados: <\/strong> Propor mudan\u00e7as de processos e fun\u00e7\u00f5es; prestar consultoria t\u00e9cnica; identificar necessidade do usu\u00e1rio; avaliar proposta de fornecedores; negociar alternativas de solu\u00e7\u00e3o com usu\u00e1rio; adequar solu\u00e7\u00f5es a necessidade do usu\u00e1rio; negociar com fornecedor; demonstrar alternativas de solu\u00e7\u00e3o; propor ado\u00e7\u00e3o de novos m\u00e9todos e t\u00e9cnicas; organizar f\u00f3runs de discuss\u00e3o.<strong><br \/>\n\u2022 Pesquisar tecnologias em inform\u00e1tica: <\/strong>Pesquisar padr\u00f5es, t\u00e9cnicas e ferramentas dispon\u00edveis no mercado; identificar for-necedores; solicitar demonstra\u00e7\u00f5es de produto; avaliar novas tecnologias por meio de visitas t\u00e9cnicas; construir plataforma de testes; analisar funcionalidade do pro-duto; comparar alternativas tecnol\u00f3gicas; participar de eventos para qualifica\u00e7\u00e3o profissional.<strong><br \/>\n\u2022 Utilizar recursos de Inform\u00e1tica.<br \/>\n\u2022 Executar outras tarefas de mesma natureza e n\u00edvel de complexidade associadas ao ambiente organizacional.<\/strong><\/div>\n<\/div>","protected":false},"excerpt":{"rendered":"<p>Analista de Tecnologia da Informa\u00e7\u00e3o Esta p\u00e1gina apresenta os dados referentes a carreira dos\/as servidores\/as. N\u00edvel de Classifica\u00e7\u00e3o:\u00a0E Denomina\u00e7\u00e3o do cargo: Analista de Tecnologia da Informa\u00e7\u00e3o C\u00f3digo CBO: 2124-05 Requisitos de Qualifica\u00e7\u00e3o para Ingresso no Cargo: Escolaridade: Curso Superior na \u00e1rea Outros: (&#8211;) Habilita\u00e7\u00e3o Profissional. Descri\u00e7\u00e3o Sum\u00e1ria do Cargo: Desenvolver e implantar sistemas informatizados dimensionando [&hellip;]<\/p>\n","protected":false},"author":21,"featured_media":0,"parent":0,"menu_order":0,"comment_status":"closed","ping_status":"closed","template":"","meta":{"footnotes":""},"class_list":["post-29589","page","type-page","status-publish","hentry"],"_links":{"self":[{"href":"https:\/\/wp.ufpel.edu.br\/progep\/wp-json\/wp\/v2\/pages\/29589","targetHints":{"allow":["GET"]}}],"collection":[{"href":"https:\/\/wp.ufpel.edu.br\/progep\/wp-json\/wp\/v2\/pages"}],"about":[{"href":"https:\/\/wp.ufpel.edu.br\/progep\/wp-json\/wp\/v2\/types\/page"}],"author":[{"embeddable":true,"href":"https:\/\/wp.ufpel.edu.br\/progep\/wp-json\/wp\/v2\/users\/21"}],"replies":[{"embeddable":true,"href":"https:\/\/wp.ufpel.edu.br\/progep\/wp-json\/wp\/v2\/comments?post=29589"}],"version-history":[{"count":7,"href":"https:\/\/wp.ufpel.edu.br\/progep\/wp-json\/wp\/v2\/pages\/29589\/revisions"}],"predecessor-version":[{"id":35058,"href":"https:\/\/wp.ufpel.edu.br\/progep\/wp-json\/wp\/v2\/pages\/29589\/revisions\/35058"}],"wp:attachment":[{"href":"https:\/\/wp.ufpel.edu.br\/progep\/wp-json\/wp\/v2\/media?parent=29589"}],"curies":[{"name":"wp","href":"https:\/\/api.w.org\/{rel}","templated":true}]}}