{"id":29586,"date":"2025-02-25T14:24:01","date_gmt":"2025-02-25T17:24:01","guid":{"rendered":"https:\/\/wp.ufpel.edu.br\/progep\/?page_id=29586"},"modified":"2025-07-28T09:55:09","modified_gmt":"2025-07-28T12:55:09","slug":"psicologo-area","status":"publish","type":"page","link":"https:\/\/wp.ufpel.edu.br\/progep\/psicologo-area\/","title":{"rendered":"Cargos TAE: Psic\u00f3logo-\u00c1rea"},"content":{"rendered":"\n<div class=\"wp-block-group\"><div class=\"wp-block-group__inner-container is-layout-constrained wp-block-group-is-layout-constrained\">\n<div class=\"logoTituloModelStyle\"><img class=\"size-medium wp-image-27184 alignleft\" src=\"https:\/\/wp.ufpel.edu.br\/progep\/files\/2025\/03\/logo-progep_atualizacao-nome_AZUL.png\" alt=\"\" \/><\/p>\n<div><strong>Psic\u00f3logo-\u00c1rea<\/strong><\/div>\n<\/div>\n<hr class=\"hrModelStyle\" \/>\n<div class=\"descriptionModelStyle\">Esta p\u00e1gina apresenta os dados referentes a carreira dos\/as servidores\/as.<\/div>\n<\/div><\/div>\n\n\n<div class=\"cargoDescriptionStyle\">\n<div class=\"infoCargo\">N\u00edvel de Classifica\u00e7\u00e3o:\u00a0<strong>E<\/strong><br \/>\nDenomina\u00e7\u00e3o do cargo:<br \/>\n<strong>\u00a0Psic\u00f3logo-\u00c1rea<\/strong><br \/>\nC\u00f3digo CBO: <strong>2515<\/strong><\/div>\n<div class=\"requisitosCargo\"><span style=\"font-size: 16pt;padding-bottom: 0.5rem\"><strong>Requisitos de Qualifica\u00e7\u00e3o para Ingresso no Cargo<\/strong>:<\/span><br \/>\n<strong>Escolaridade<\/strong>: Curso Superior em Psicologia<br \/>\n<strong>Outros<\/strong>: (&#8211;)<br \/>\n<strong>Habilita\u00e7\u00e3o Profissional: <\/strong> Lei n\u00ba 4.119, de 27 de agosto de 1962 &#8211; Disp\u00f5e sobre os cursos de forma\u00e7\u00e3o em psicologia e regulamenta a profiss\u00e3o de psic\u00f3logo. Decreto-Lei n\u00ba 706, de 25 de julho de 1969 &#8211; Estende aos portadores de certificado de curso de p\u00f3s-gradua\u00e7\u00e3o em psicologia e psicologia educacional, o direito assegurado pelo art. 19 da Lei n\u00ba 4.119\/62. Lei n\u00ba 5.766, de 20 de dezembro de 1971 &#8211; Cria o Conselho Federal e os Conselhos Regionais de Psicologia e d\u00e1 outras provid\u00eancias. Decreto n\u00ba 79.822, de 17 de junho de 1977 &#8211; Regulamenta a Lei n\u00ba 5.766\/71. Registro no Conselho competente.<\/div>\n<div class=\"descSumaryCargo\"><span style=\"font-size: 16pt;font-weight: bold;padding-bottom: 0.5rem\">Descri\u00e7\u00e3o Sum\u00e1ria do Cargo:<\/span><br \/>\nEstudar, pesquisar e avaliar o desenvolvimento emocional e os processos mentais e sociais de indiv\u00edduos, grupos e institui\u00e7\u00f5es, com a finalidade de an\u00e1lise, tratamento, orienta\u00e7\u00e3o e educa\u00e7\u00e3o; diagnosticar e avaliar dist\u00farbios emocionais e mentais e de adapta\u00e7\u00e3o social, elucidando conflitos e quest\u00f5es e acompanhando o(s) paciente(s) durante o processo de tratamento ou cura; investigar os fatores inconscientes do comportamento individual e grupal, tornando-os conscientes; desenvolvem pesquisas experimentais, te\u00f3ricas e cl\u00ednicas e coordenar equipes e atividades de \u00e1rea e afins. Assessorar nas atividades de ensino, pesquisa e extens\u00e3o. <\/div>\n<div class=\"atividadesCargo\"><span style=\"font-size: 16pt;font-weight: bold\">Descri\u00e7\u00e3o de Atividades T\u00edpicas do Cargo:<\/span><br \/>\n\u2022 Elaborar, implementar e acompanhar as pol\u00edticas da institui\u00e7\u00e3o nessas \u00e1reas.<strong><br \/>\n\u2022 Assessorar institui\u00e7\u00f5es e \u00f3rg\u00e3os, analisando, facilitando e\/ou intervindo em processos psicossociais nos diferentes n\u00edveis da estrutura institucional;<br \/>\n<\/strong>\u2022 Diagnosticar e planejar programas no \u00e2mbito da sa\u00fade, trabalho e seguran\u00e7a, educa\u00e7\u00e3o e lazer; atuar na educa\u00e7\u00e3o, realizando pesquisa, diagn\u00f3sticos e interven\u00e7\u00e3o psicopedag\u00f3gica em grupo ou individual.<strong><br \/>\n\u2022 Realizar pesquisas e a\u00e7\u00f5es no campo da sa\u00fade do trabalhador, condi\u00e7\u00f5es de trabalho, acidentes de trabalho e doen\u00e7as profissionais em equipe interdisciplinar, determinando suas causas e elaborando recomenda\u00e7\u00f5es de seguran\u00e7a.<br \/>\n\u2022<\/strong> Colaborar em projetos de constru\u00e7\u00e3o e adapta\u00e7\u00e3o de equipamentos de trabalho, de forma a garantir a sa\u00fade do trabalhador.<strong><br \/>\n\u2022 Atuar no desenvolvimento de recursos humanos em an\u00e1lise de ocupa\u00e7\u00f5es e profiss\u00f5es, sele\u00e7\u00e3o, acompanhamento, an\u00e1lise de desempenho e capacita\u00e7\u00e3o de servidores.<br \/>\n<\/strong>\u2022 Realizar psicodiagn\u00f3stico e terap\u00eautica, com enfoque preventivo e\/ou curativo e t\u00e9cnicas psicol\u00f3gicas adequadas a cada caso, a fim de contribuir para que o indiv\u00edduo elabore sua inser\u00e7\u00e3o na sociedade.<strong><br \/>\n\u2022 Preparar pacientes para a entrada, perman\u00eancia e alta hospitalar.<br \/>\n<\/strong>\u2022 Atuar junto a equipes multiprofissionais, identificando e compreendendo os fatores psicol\u00f3gicos para intervir na sa\u00fade geral do indiv\u00edduo.<strong><br \/>\n\u2022 Utilizar recursos de Inform\u00e1tica.<br \/>\n<\/strong>\u2022 Executar outras tarefas de mesma natureza e n\u00edvel de complexidade associadas ao ambiente organizacional.<strong><br \/>\nObserva\u00e7\u00e3o: Atuam nas \u00e1reas de Psicologia do trabalho, Psicologia Social, Psicologia da Educa\u00e7\u00e3o e Psicologia da Sa\u00fade.<\/strong><\/div>\n<\/div>","protected":false},"excerpt":{"rendered":"<p>Psic\u00f3logo-\u00c1rea Esta p\u00e1gina apresenta os dados referentes a carreira dos\/as servidores\/as. N\u00edvel de Classifica\u00e7\u00e3o:\u00a0E Denomina\u00e7\u00e3o do cargo: \u00a0Psic\u00f3logo-\u00c1rea C\u00f3digo CBO: 2515 Requisitos de Qualifica\u00e7\u00e3o para Ingresso no Cargo: Escolaridade: Curso Superior em Psicologia Outros: (&#8211;) Habilita\u00e7\u00e3o Profissional: Lei n\u00ba 4.119, de 27 de agosto de 1962 &#8211; Disp\u00f5e sobre os cursos de forma\u00e7\u00e3o em psicologia [&hellip;]<\/p>\n","protected":false},"author":21,"featured_media":0,"parent":0,"menu_order":0,"comment_status":"closed","ping_status":"closed","template":"","meta":{"footnotes":""},"class_list":["post-29586","page","type-page","status-publish","hentry"],"_links":{"self":[{"href":"https:\/\/wp.ufpel.edu.br\/progep\/wp-json\/wp\/v2\/pages\/29586","targetHints":{"allow":["GET"]}}],"collection":[{"href":"https:\/\/wp.ufpel.edu.br\/progep\/wp-json\/wp\/v2\/pages"}],"about":[{"href":"https:\/\/wp.ufpel.edu.br\/progep\/wp-json\/wp\/v2\/types\/page"}],"author":[{"embeddable":true,"href":"https:\/\/wp.ufpel.edu.br\/progep\/wp-json\/wp\/v2\/users\/21"}],"replies":[{"embeddable":true,"href":"https:\/\/wp.ufpel.edu.br\/progep\/wp-json\/wp\/v2\/comments?post=29586"}],"version-history":[{"count":4,"href":"https:\/\/wp.ufpel.edu.br\/progep\/wp-json\/wp\/v2\/pages\/29586\/revisions"}],"predecessor-version":[{"id":35032,"href":"https:\/\/wp.ufpel.edu.br\/progep\/wp-json\/wp\/v2\/pages\/29586\/revisions\/35032"}],"wp:attachment":[{"href":"https:\/\/wp.ufpel.edu.br\/progep\/wp-json\/wp\/v2\/media?parent=29586"}],"curies":[{"name":"wp","href":"https:\/\/api.w.org\/{rel}","templated":true}]}}