{"id":29576,"date":"2025-02-25T14:01:55","date_gmt":"2025-02-25T17:01:55","guid":{"rendered":"https:\/\/wp.ufpel.edu.br\/progep\/?page_id=29576"},"modified":"2025-07-28T09:21:40","modified_gmt":"2025-07-28T12:21:40","slug":"musico","status":"publish","type":"page","link":"https:\/\/wp.ufpel.edu.br\/progep\/musico\/","title":{"rendered":"Cargos TAE: M\u00fasico"},"content":{"rendered":"\n<div class=\"wp-block-group\"><div class=\"wp-block-group__inner-container is-layout-constrained wp-block-group-is-layout-constrained\">\n<div class=\"logoTituloModelStyle\"><img class=\"size-medium wp-image-27184 alignleft\" src=\"https:\/\/wp.ufpel.edu.br\/progep\/files\/2025\/03\/logo-progep_atualizacao-nome_AZUL.png\" alt=\"\" \/><\/p>\n<div><strong>M\u00fasico<\/strong><\/div>\n<\/div>\n<hr class=\"hrModelStyle\" \/>\n<div class=\"descriptionModelStyle\">Esta p\u00e1gina apresenta os dados referentes a carreira dos\/as servidores\/as.<\/div>\n<\/div><\/div>\n\n\n<div class=\"cargoDescriptionStyle\">\n<div class=\"infoCargo\">N\u00edvel de Classifica\u00e7\u00e3o:\u00a0<strong>E<\/strong><br \/>\nDenomina\u00e7\u00e3o do cargo:<br \/>\n<strong>\u00a0M\u00fasico<\/strong><br \/>\nC\u00f3digo CBO: <strong>2626-15<\/strong><\/div>\n<div class=\"requisitosCargo\"><span style=\"font-size: 16pt;padding-bottom: 0.5rem\"><strong>Requisitos de Qualifica\u00e7\u00e3o para Ingresso no Cargo<\/strong>:<\/span><br \/>\n<strong>Escolaridade<\/strong>: Curso superior em M\u00fasica<br \/>\n<strong>Outros<\/strong>: (&#8211;)<br \/>\n<strong>Habilita\u00e7\u00e3o Profissional: <\/strong> Lei n\u00ba 3.857, de 22 de dezembro de 1960 &#8211; Cria a ordem dos m\u00fasicos do Brasil e disp\u00f5e sobre a regulamenta\u00e7\u00e3o do exerc\u00edcio da profiss\u00e3o de M\u00fasico. Registro no Conselho competente.<\/div>\n<div class=\"descSumaryCargo\"><span style=\"font-size: 16pt;font-weight: bold;padding-bottom: 0.5rem\">Descri\u00e7\u00e3o Sum\u00e1ria do Cargo:<\/span><br \/>\nArranjar obras musicais, reger e dirigir grupos vocais, instrumentais ou eventos musicais. Estudar e pesquisar m\u00fasica. Editorar partituras, elaborar textos e prestar consultoria na \u00e1rea musical. Assessorar nas atividades de ensino, pesquisa e extens\u00e3o. <\/div>\n<div class=\"atividadesCargo\"><span style=\"font-size: 16pt;font-weight: bold\">Descri\u00e7\u00e3o de Atividades T\u00edpicas do Cargo:<\/span><br \/>\n<strong>\u2022 Arranjar m\u00fasicas:<br \/>\n<\/strong>Transcrever m\u00fasicas; adaptar obras musicais; elaborar harmoniza\u00e7\u00e3o vocal para coral.<strong><br \/>\n\u2022 Reger grupos vocais e\/ou instrumentais:<br \/>\n<\/strong>Estudar repert\u00f3rio; avaliar a compet\u00eancia musical do grupo a ser dirigido; escolher edi\u00e7\u00e3o da partitura da obra a ser executada; estabelecer cronograma conforme repert\u00f3rio selecionado; definir proposta interpretativa; realizar ensaios de subgrupos instrumentais e vocais; realizar ensaio com o grupo todo; reger e dirigir ensaios parciais com solistas, bailarinos, coristas e instrumentos; reger e dirigir ensaios gerais; reger e dirigir espet\u00e1culo musical em grava\u00e7\u00e3o e ao vivo; aplicar t\u00e9cnicas de reg\u00eancia adequadas aos diferentes grupos vocais, instrumentais.<strong><br \/>\n\u2022 Realizar dire\u00e7\u00e3o musical:<br \/>\n<\/strong>Conceber e planejar o evento musical; elaborar projetos musicais; pesquisar e selecionar repert\u00f3rio para o evento; analisar propostas e roteiros de espet\u00e1culos musicais; conceber dramaturgia musical; supervisionar a produ\u00e7\u00e3o musical; selecio-nar m\u00fasicos e cantores; coordenar processo de grava\u00e7\u00e3o; coordenar atividades musicais em televis\u00e3o, r\u00e1dio e em outros ve\u00edculos de comunica\u00e7\u00e3o; definir e supervisionar a difus\u00e3o sonora em eventos; supervisionar a grava\u00e7\u00e3o, mixagem e 0p\u00f3s-produ\u00e7\u00e3o de material fonogr\u00e1fico.<strong><br \/>\n\u2022 Estudar e pesquisar m\u00fasica<br \/>\n<\/strong>Aperfei\u00e7oar-se atrav\u00e9s da audi\u00e7\u00e3o de obras musicais; Estudar instrumentos musicais, novos recursos tecnol\u00f3gicos e repert\u00f3rio; acompanhar novas propostas est\u00e9ticas no campo musical; aperfei\u00e7oar-se atrav\u00e9s de novas bibliografias e da leitura de partituras; desenvolver pesquisas na \u00e1rea musical para subsidiar obras e eventos n\u00e3o musicais; desenvolver pesquisas em pr\u00e1ticas interpretativas; pesquisar g\u00eaneros e estilos musicais;<strong><br \/>\n\u2022 Prestar consultoria musical:<br \/>\n<\/strong>Assessorar os programas de meios de comunica\u00e7\u00e3o de massa e eventos n\u00e3o musicais.<br \/>\n<strong>\u2022 Elaborar textos sobre m\u00fasica:<br \/>\n<\/strong>Redigir notas de programa, encartes de cd, dvd, v\u00eddeo e similares; elaborar pare-ceres e cr\u00edticas; redigir roteiros.<strong><br \/>\n\u2022 Utilizar recursos de Inform\u00e1tica.<br \/>\n\u2022 Executar outras tarefas de mesma natureza e n\u00edvel de complexidade associadas ao ambiente organizacional.<\/strong><\/div>\n<\/div>","protected":false},"excerpt":{"rendered":"<p>M\u00fasico Esta p\u00e1gina apresenta os dados referentes a carreira dos\/as servidores\/as. N\u00edvel de Classifica\u00e7\u00e3o:\u00a0E Denomina\u00e7\u00e3o do cargo: \u00a0M\u00fasico C\u00f3digo CBO: 2626-15 Requisitos de Qualifica\u00e7\u00e3o para Ingresso no Cargo: Escolaridade: Curso superior em M\u00fasica Outros: (&#8211;) Habilita\u00e7\u00e3o Profissional: Lei n\u00ba 3.857, de 22 de dezembro de 1960 &#8211; Cria a ordem dos m\u00fasicos do Brasil e [&hellip;]<\/p>\n","protected":false},"author":21,"featured_media":0,"parent":0,"menu_order":0,"comment_status":"closed","ping_status":"closed","template":"","meta":{"footnotes":""},"class_list":["post-29576","page","type-page","status-publish","hentry"],"_links":{"self":[{"href":"https:\/\/wp.ufpel.edu.br\/progep\/wp-json\/wp\/v2\/pages\/29576","targetHints":{"allow":["GET"]}}],"collection":[{"href":"https:\/\/wp.ufpel.edu.br\/progep\/wp-json\/wp\/v2\/pages"}],"about":[{"href":"https:\/\/wp.ufpel.edu.br\/progep\/wp-json\/wp\/v2\/types\/page"}],"author":[{"embeddable":true,"href":"https:\/\/wp.ufpel.edu.br\/progep\/wp-json\/wp\/v2\/users\/21"}],"replies":[{"embeddable":true,"href":"https:\/\/wp.ufpel.edu.br\/progep\/wp-json\/wp\/v2\/comments?post=29576"}],"version-history":[{"count":4,"href":"https:\/\/wp.ufpel.edu.br\/progep\/wp-json\/wp\/v2\/pages\/29576\/revisions"}],"predecessor-version":[{"id":35038,"href":"https:\/\/wp.ufpel.edu.br\/progep\/wp-json\/wp\/v2\/pages\/29576\/revisions\/35038"}],"wp:attachment":[{"href":"https:\/\/wp.ufpel.edu.br\/progep\/wp-json\/wp\/v2\/media?parent=29576"}],"curies":[{"name":"wp","href":"https:\/\/api.w.org\/{rel}","templated":true}]}}