{"id":29571,"date":"2025-02-25T13:54:20","date_gmt":"2025-02-25T16:54:20","guid":{"rendered":"https:\/\/wp.ufpel.edu.br\/progep\/?page_id=29571"},"modified":"2025-07-28T11:28:37","modified_gmt":"2025-07-28T14:28:37","slug":"museologo","status":"publish","type":"page","link":"https:\/\/wp.ufpel.edu.br\/progep\/museologo\/","title":{"rendered":"Cargos TAE: Muse\u00f3logo"},"content":{"rendered":"\n<div class=\"wp-block-group\"><div class=\"wp-block-group__inner-container is-layout-constrained wp-block-group-is-layout-constrained\">\n<div class=\"logoTituloModelStyle\"><img class=\"size-medium wp-image-27184 alignleft\" src=\"https:\/\/wp.ufpel.edu.br\/progep\/files\/2025\/03\/logo-progep_atualizacao-nome_AZUL.png\" alt=\"\" \/><\/p>\n<div><strong>Muse\u00f3logo<\/strong><\/div>\n<\/div>\n<hr class=\"hrModelStyle\" \/>\n<div class=\"descriptionModelStyle\">Esta p\u00e1gina apresenta os dados referentes a carreira dos\/as servidores\/as.<\/div>\n<\/div><\/div>\n\n\n<div class=\"cargoDescriptionStyle\">\n<div class=\"infoCargo\">N\u00edvel de Classifica\u00e7\u00e3o:\u00a0<strong>E<\/strong><br \/>\nDenomina\u00e7\u00e3o do cargo:<br \/>\n<strong>\u00a0Muse\u00f3logo<\/strong><br \/>\nC\u00f3digo CBO: <strong>2613-10<\/strong><\/div>\n<div class=\"requisitosCargo\"><span style=\"font-size: 16pt;padding-bottom: 0.5rem\"><strong>Requisitos de Qualifica\u00e7\u00e3o para Ingresso no Cargo<\/strong>:<\/span><br \/>\n<strong>Escolaridade<\/strong>: Curso Superior em Museologia<br \/>\n<strong>Outros<\/strong>: (&#8211;)<br \/>\n<strong>Habilita\u00e7\u00e3o Profissional: <\/strong> Lei n\u00ba 7.287, de 18 de dezembro de 1984 &#8211; Disp\u00f5e sobre a regulamenta\u00e7\u00e3o da profiss\u00e3o de Muse\u00f3logo; Decreto n\u00ba 91.775, de 16 de outubro de 1985 &#8211; Regulamenta a Lei n\u00ba 7.287\/84.<\/div>\n<div class=\"descSumaryCargo\"><span style=\"font-size: 16pt;font-weight: bold;padding-bottom: 0.5rem\">Descri\u00e7\u00e3o Sum\u00e1ria do Cargo:<\/span><br \/>\nCriar projetos de museus e exposi\u00e7\u00f5es, organizar acervos museol\u00f3gicos. Conservar acervos. Preparar a\u00e7\u00f5es educativas ou culturais, planejar e realizar atividades t\u00e9cnico-administrativas, orientar implanta\u00e7\u00e3o das atividades t\u00e9cnicas. Participar da pol\u00edtica de cria\u00e7\u00e3o e implanta\u00e7\u00e3o de museus. Assessorar nas atividades de ensino, pesquisa e extens\u00e3o. <\/div>\n<div class=\"atividadesCargo\"><span style=\"font-size: 16pt;font-weight: bold\">Descri\u00e7\u00e3o de Atividades T\u00edpicas do Cargo:<\/span><br \/>\n<strong>\u2022 Criar projetos de museus e exposi\u00e7\u00f5es:<br \/>\n<\/strong>Criar estrat\u00e9gias de desenvolvimento de museus e exposi\u00e7\u00f5es; organizar museus; criar projeto museol\u00f3gico de museus e exposi\u00e7\u00f5es; determinar conceitos e metodologias de museus e exposi\u00e7\u00f5es; realizar pesquisas relativas ao tema e acervo para a produ\u00e7\u00e3o de exposi\u00e7\u00f5es; selecionar documentos para exposi\u00e7\u00e3o; criar o projeto museogr\u00e1fico e detalhamento t\u00e9cnico; coordenar a montagem da exposi\u00e7\u00e3o; coordenar exposi\u00e7\u00f5es; determinar discurso expositivo; assessorar o projeto arquitet\u00f4nico do museu.<strong><br \/>\n\u2022 Organizar acervos museol\u00f3gicos:<br \/>\n<\/strong>Providenciar o tombamento de acervos; inventariar acervo; administrar processos de aquisi\u00e7\u00e3o e baixa do acervo; catalogar documentos\/acervos; providenciar avalia\u00e7\u00e3o financeira do acervo; descrever as caracter\u00edsticas dos acervos; identificar documentos e acervos; compor dossi\u00ea de cole\u00e7\u00f5es\/acervos; gerenciar a reserva t\u00e9c-nica; gerenciar empr\u00e9stimo de acervo.<strong><br \/>\n\u2022 Dar acesso \u00e0 informa\u00e7\u00e3o:<br \/>\n<\/strong>Atender usu\u00e1rios; formular instrumentos de pesquisa; prover bancos de dados e\/ou sistemas de recupera\u00e7\u00e3o de informa\u00e7\u00e3o; apoiar as atividades de consulta; fiscalizar a aplica\u00e7\u00e3o de legisla\u00e7\u00e3o de direitos autorais; fiscalizar a reprodu\u00e7\u00e3o e divulga\u00e7\u00e3o de imagens; orientar o usu\u00e1rio quanto ao uso dos diferentes equipamentos e bancos de dados; disponibilizar os instrumentos de pesquisa na internet; fiscalizar empr\u00e9stimos do acervo e documentos de arquivos; gerenciar atividades de consulta.<strong><br \/>\n\u2022 Conservar acervos:<br \/>\n<\/strong>Desenvolver projeto museogr\u00e1fico da reserva t\u00e9cnica; diagnosticar o estado de conserva\u00e7\u00e3o e de seguran\u00e7a do acervo; higienizar documentos\/acervos; pesquisar materiais de conserva\u00e7\u00e3o; monitorar programas de conserva\u00e7\u00e3o preventiva; orientar usu\u00e1rios e servidores quanto aos procedimentos de manuseio do acervo; monitorar as condi\u00e7\u00f5es ambientais; controlar as condi\u00e7\u00f5es de transporte, embalagem, armazenagem e acondicionamento; definir especifica\u00e7\u00f5es de material de acondicionamento e armazenagem; desenvolver programas de controle preventivo de infesta\u00e7\u00f5es qu\u00edmicas e biol\u00f3gicas; acondicionar documentos\/acervos; acompanhar o deslocamento, embalagem, transporte, desembalagem e montagem do acervo; supervisionar trabalhos de restaura\u00e7\u00e3o; armazenar documentos\/acervos.<strong><br \/>\n\u2022 Preparar a\u00e7\u00f5es educativas e\/ou culturais:<br \/>\n<\/strong>Preparar visitas t\u00e9cnicas; estabelecer estrat\u00e9gias para o p\u00fablico alvo; desenvolver a\u00e7\u00f5es educativas e\/ou culturais; interagir com o programa curricular, coordenar a\u00e7\u00f5es educativas e\/ou culturais; preparar material educativo.<strong><br \/>\n\u2022 Planejar atividades t\u00e9cnico-administrativas:<br \/>\n<\/strong>Planejar a exposi\u00e7\u00e3o; planejar a itiner\u00e2ncia da exposi\u00e7\u00e3o; planejar programas de conserva\u00e7\u00e3o preventiva; planejar a\u00e7\u00f5es educativas e\/ou culturais; planejar sistema de recupera\u00e7\u00e3o de informa\u00e7\u00e3o; participar do planejamento dos programas de preven\u00e7\u00e3o de sinistros; planejar programa\/cronograma das exposi\u00e7\u00f5es; planejar a instala\u00e7\u00e3o de equipamentos para consulta\/reprodu\u00e7\u00e3o; planejar a ocupa\u00e7\u00e3o das instala\u00e7\u00f5es f\u00edsicas; planejar a ado\u00e7\u00e3o de novas tecnologias de recupera\u00e7\u00e3o e armazenamento da informa\u00e7\u00e3o.<strong><br \/>\n\u2022 Orientar a implanta\u00e7\u00e3o de atividades t\u00e9cnicas:<br \/>\n<\/strong>Produzir normas e procedimentos t\u00e9cnicos; produzir vocabul\u00e1rios controlados\/the-saurus; capacitar pessoal t\u00e9cnico-administrativo; formar biblioteca de apoio \u00e0s atividades t\u00e9cnicas.<strong><br \/>\n\u2022 Comunicar-se:<br \/>\n<\/strong>Preparar material de divulga\u00e7\u00e3o institucional para diferentes m\u00eddias; divulgar o acervo; sensibilizar gestores e servidores para a import\u00e2ncia de arquivos; preparar materiais, atividades e palestras para o p\u00fablico.<strong><br \/>\n\u2022 Utilizar recursos de Inform\u00e1tica.<br \/>\n\u2022 Executar outras tarefas de mesma natureza e n\u00edvel de complexidade associadas ao ambiente organizacional.<\/strong><\/div>\n<\/div>","protected":false},"excerpt":{"rendered":"<p>Muse\u00f3logo Esta p\u00e1gina apresenta os dados referentes a carreira dos\/as servidores\/as. N\u00edvel de Classifica\u00e7\u00e3o:\u00a0E Denomina\u00e7\u00e3o do cargo: \u00a0Muse\u00f3logo C\u00f3digo CBO: 2613-10 Requisitos de Qualifica\u00e7\u00e3o para Ingresso no Cargo: Escolaridade: Curso Superior em Museologia Outros: (&#8211;) Habilita\u00e7\u00e3o Profissional: Lei n\u00ba 7.287, de 18 de dezembro de 1984 &#8211; Disp\u00f5e sobre a regulamenta\u00e7\u00e3o da profiss\u00e3o de Muse\u00f3logo; [&hellip;]<\/p>\n","protected":false},"author":21,"featured_media":0,"parent":0,"menu_order":0,"comment_status":"closed","ping_status":"closed","template":"","meta":{"_crdt_document":"","footnotes":""},"class_list":["post-29571","page","type-page","status-publish","hentry"],"_links":{"self":[{"href":"https:\/\/wp.ufpel.edu.br\/progep\/wp-json\/wp\/v2\/pages\/29571","targetHints":{"allow":["GET"]}}],"collection":[{"href":"https:\/\/wp.ufpel.edu.br\/progep\/wp-json\/wp\/v2\/pages"}],"about":[{"href":"https:\/\/wp.ufpel.edu.br\/progep\/wp-json\/wp\/v2\/types\/page"}],"author":[{"embeddable":true,"href":"https:\/\/wp.ufpel.edu.br\/progep\/wp-json\/wp\/v2\/users\/21"}],"replies":[{"embeddable":true,"href":"https:\/\/wp.ufpel.edu.br\/progep\/wp-json\/wp\/v2\/comments?post=29571"}],"version-history":[{"count":6,"href":"https:\/\/wp.ufpel.edu.br\/progep\/wp-json\/wp\/v2\/pages\/29571\/revisions"}],"predecessor-version":[{"id":35016,"href":"https:\/\/wp.ufpel.edu.br\/progep\/wp-json\/wp\/v2\/pages\/29571\/revisions\/35016"}],"wp:attachment":[{"href":"https:\/\/wp.ufpel.edu.br\/progep\/wp-json\/wp\/v2\/media?parent=29571"}],"curies":[{"name":"wp","href":"https:\/\/api.w.org\/{rel}","templated":true}]}}