{"id":29568,"date":"2025-02-25T11:56:34","date_gmt":"2025-02-25T14:56:34","guid":{"rendered":"https:\/\/wp.ufpel.edu.br\/progep\/?page_id=29568"},"modified":"2025-07-28T08:55:18","modified_gmt":"2025-07-28T11:55:18","slug":"meteorologista","status":"publish","type":"page","link":"https:\/\/wp.ufpel.edu.br\/progep\/meteorologista\/","title":{"rendered":"Cargos TAE: Meteorologista"},"content":{"rendered":"\n<div class=\"wp-block-group\"><div class=\"wp-block-group__inner-container is-layout-constrained wp-block-group-is-layout-constrained\">\n<div class=\"logoTituloModelStyle\"><img class=\"size-medium wp-image-27184 alignleft\" src=\"https:\/\/wp.ufpel.edu.br\/progep\/files\/2025\/03\/logo-progep_atualizacao-nome_AZUL.png\" alt=\"\" \/><\/p>\n<div><strong>Meteorologista<\/strong><\/div>\n<\/div>\n<hr class=\"hrModelStyle\" \/>\n<div class=\"descriptionModelStyle\">Esta p\u00e1gina apresenta os dados referentes a carreira dos\/as servidores\/as.<\/div>\n<\/div><\/div>\n\n\n<div class=\"cargoDescriptionStyle\">\n<div class=\"infoCargo\">N\u00edvel de Classifica\u00e7\u00e3o:\u00a0<strong>E<\/strong><br \/>\nDenomina\u00e7\u00e3o do cargo:<br \/>\n<strong>\u00a0Meteorologista<\/strong><br \/>\nC\u00f3digo CBO: <strong>2133-15<\/strong><\/div>\n<div class=\"requisitosCargo\"><span style=\"font-size: 16pt;padding-bottom: 0.5rem\"><strong>Requisitos de Qualifica\u00e7\u00e3o para Ingresso no Cargo<\/strong>:<\/span><br \/>\n<strong>Escolaridade<\/strong>: Curso superior na \u00e1rea<br \/>\n<strong>Outros<\/strong>: (&#8211;)<br \/>\n<strong>Habilita\u00e7\u00e3o Profissional<\/strong>.<\/div>\n<div class=\"descSumaryCargo\"><span style=\"font-size: 16pt;font-weight: bold;padding-bottom: 0.5rem\">Descri\u00e7\u00e3o Sum\u00e1ria do Cargo:<\/span><br \/>\nRealizar pesquisas cient\u00edficas para prognosticar fen\u00f4menos meteorol\u00f3gicos, obter e tratar dados; desenvolver sistemas computacionais, instrumenta\u00e7\u00e3o cient\u00edfica e gerenciar projetos nas suas \u00e1reas. Assessorar nas atividades de ensino, pesquisa e extens\u00e3o. <\/div>\n<div class=\"atividadesCargo\"><span style=\"font-size: 16pt;font-weight: bold\">Descri\u00e7\u00e3o de Atividades T\u00edpicas do Cargo:<\/span><br \/>\n<strong>\u2022 Realizar pesquisas cient\u00edficas:<br \/>\n<\/strong>Analisar dados experimentais; analisar dados de simula\u00e7\u00e3o; avaliar resultados; documentar resultados.<strong><br \/>\n\u2022 Prognosticar fen\u00f4menos meteorol\u00f3gicos, astron\u00f4micos e de geof\u00edsica espacial:<br \/>\n<\/strong>Diagnosticar fen\u00f4menos meteorol\u00f3gicos; analisar efeitos da circula\u00e7\u00e3o atmosf\u00e9rica; confrontar resultados de modelos; comparar resultados de modelos com dados observados; classificar periodicidade e intensidade dos fen\u00f4menos meteorol\u00f3gicos; quantificar intensidade dos fen\u00f4menos meteorol\u00f3gicos; elaborar previs\u00f5es meteorol\u00f3gicas de curt\u00edssimo prazo, de curto prazo, de m\u00e9dio prazo; elaborar previs\u00f5es clim\u00e1ticas.<strong><br \/>\n\u2022 Obter dados meteorol\u00f3gicos:<br \/>\n<\/strong>Obter dados de esta\u00e7\u00f5es meteorol\u00f3gicas; obter dados em aeronaves e navios, b\u00f3ias oce\u00e2nicas.<strong><br \/>\n\u2022 Desenvolver sistemas computacionais nas \u00e1reas de astronomia, meteorologia e geof\u00edsica espacial:<br \/>\n<\/strong>Delimitar problema; definir plataforma; definir linguagem de programa\u00e7\u00e3o; definir protocolo de comunica\u00e7\u00e3o; codificar, testar, validar e documentar programas computacionais.<strong><br \/>\n\u2022 Desenvolver instrumenta\u00e7\u00e3o cient\u00edfica nas \u00e1reas de astronomia, meteorologia e geof\u00edsica espacial:<br \/>\n<\/strong>Identificar grandezas de interesse; formular projeto conceitual; detalhar projeto t\u00e9cnico do instrumento; integrar partes de instrumentos; integrar instrumentos em sistemas; definir procedimentos de calibra\u00e7\u00e3o; calibrar instrumentos; testar instrumentos segundo condi\u00e7\u00f5es t\u00e9cnicas e ambientais de uso; elaborar manual de opera\u00e7\u00e3o e caracter\u00edsticas t\u00e9cnicas.<strong><br \/>\n\u2022 Utilizar recursos de Inform\u00e1tica.<br \/>\n\u2022 Executar outras tarefas de mesma natureza e n\u00edvel de complexidade associadas ao ambiente organizacional.<\/strong><\/div>\n<\/div>","protected":false},"excerpt":{"rendered":"<p>Meteorologista Esta p\u00e1gina apresenta os dados referentes a carreira dos\/as servidores\/as. N\u00edvel de Classifica\u00e7\u00e3o:\u00a0E Denomina\u00e7\u00e3o do cargo: \u00a0Meteorologista C\u00f3digo CBO: 2133-15 Requisitos de Qualifica\u00e7\u00e3o para Ingresso no Cargo: Escolaridade: Curso superior na \u00e1rea Outros: (&#8211;) Habilita\u00e7\u00e3o Profissional. Descri\u00e7\u00e3o Sum\u00e1ria do Cargo: Realizar pesquisas cient\u00edficas para prognosticar fen\u00f4menos meteorol\u00f3gicos, obter e tratar dados; desenvolver sistemas computacionais, [&hellip;]<\/p>\n","protected":false},"author":21,"featured_media":0,"parent":0,"menu_order":0,"comment_status":"closed","ping_status":"closed","template":"","meta":{"footnotes":""},"class_list":["post-29568","page","type-page","status-publish","hentry"],"_links":{"self":[{"href":"https:\/\/wp.ufpel.edu.br\/progep\/wp-json\/wp\/v2\/pages\/29568","targetHints":{"allow":["GET"]}}],"collection":[{"href":"https:\/\/wp.ufpel.edu.br\/progep\/wp-json\/wp\/v2\/pages"}],"about":[{"href":"https:\/\/wp.ufpel.edu.br\/progep\/wp-json\/wp\/v2\/types\/page"}],"author":[{"embeddable":true,"href":"https:\/\/wp.ufpel.edu.br\/progep\/wp-json\/wp\/v2\/users\/21"}],"replies":[{"embeddable":true,"href":"https:\/\/wp.ufpel.edu.br\/progep\/wp-json\/wp\/v2\/comments?post=29568"}],"version-history":[{"count":4,"href":"https:\/\/wp.ufpel.edu.br\/progep\/wp-json\/wp\/v2\/pages\/29568\/revisions"}],"predecessor-version":[{"id":35027,"href":"https:\/\/wp.ufpel.edu.br\/progep\/wp-json\/wp\/v2\/pages\/29568\/revisions\/35027"}],"wp:attachment":[{"href":"https:\/\/wp.ufpel.edu.br\/progep\/wp-json\/wp\/v2\/media?parent=29568"}],"curies":[{"name":"wp","href":"https:\/\/api.w.org\/{rel}","templated":true}]}}