{"id":29564,"date":"2025-02-25T11:28:12","date_gmt":"2025-02-25T14:28:12","guid":{"rendered":"https:\/\/wp.ufpel.edu.br\/progep\/?page_id=29564"},"modified":"2025-07-25T11:45:06","modified_gmt":"2025-07-25T14:45:06","slug":"medico-veterinario","status":"publish","type":"page","link":"https:\/\/wp.ufpel.edu.br\/progep\/medico-veterinario\/","title":{"rendered":"Cargos TAE: M\u00e9dico Veterin\u00e1rio"},"content":{"rendered":"\n<div class=\"wp-block-group\"><div class=\"wp-block-group__inner-container is-layout-constrained wp-block-group-is-layout-constrained\">\n<div class=\"logoTituloModelStyle\"><img class=\"size-medium wp-image-27184 alignleft\" src=\"https:\/\/wp.ufpel.edu.br\/progep\/files\/2025\/03\/logo-progep_atualizacao-nome_AZUL.png\" alt=\"\" \/><\/p>\n<div><strong>M\u00e9dico Veterin\u00e1rio<\/strong><\/div>\n<\/div>\n<hr class=\"hrModelStyle\" \/>\n<div class=\"descriptionModelStyle\">Esta p\u00e1gina apresenta os dados referentes a carreira dos\/as servidores\/as.<\/div>\n<\/div><\/div>\n\n\n<div class=\"cargoDescriptionStyle\">\n<div class=\"infoCargo\">N\u00edvel de Classifica\u00e7\u00e3o:\u00a0<strong>E<\/strong><br \/>\nDenomina\u00e7\u00e3o do cargo:<br \/>\n<strong>\u00a0M\u00e9dico Veterin\u00e1rio<\/strong><br \/>\nC\u00f3digo CBO: <strong>2233-05<\/strong><\/div>\n<div class=\"requisitosCargo\"><span style=\"font-size: 16pt;padding-bottom: 0.5rem\"><strong>Requisitos de Qualifica\u00e7\u00e3o para Ingresso no Cargo<\/strong>:<\/span><br \/>\n<strong>Escolaridade<\/strong>: Curso superior em Medicina Veterin\u00e1ria<br \/>\n<strong>Outros<\/strong>: (&#8211;)<br \/>\n<strong>Habilita\u00e7\u00e3o Profissional: <\/strong>Lei n\u00ba 5.517, de 23 de outubro de 1968 \u2013 Disp\u00f5e sobre o exerc\u00edcio da profiss\u00e3o de M\u00e9dico Veterin\u00e1rio e cria os Conselhos Federal e Regional de Medicina Veterin\u00e1ria. Decreto n\u00ba 64.704, de 17 de junho de 1969 \u2013 Aprova o regulamento do exerc\u00edcio da profiss\u00e3o de M\u00e9dico Veterin\u00e1rio e dos Conselhos de Medicina Veterin\u00e1ria. Registro no Conselho competente.<\/div>\n<div class=\"descSumaryCargo\"><span style=\"font-size: 16pt;font-weight: bold;padding-bottom: 0.5rem\">Descri\u00e7\u00e3o Sum\u00e1ria do Cargo:<\/span><br \/>\nLei n\u00ba 5.517, de 23 de outubro de 1968 \u2013 Disp\u00f5e sobre o exerc\u00edcio da profiss\u00e3o de M\u00e9dico Veterin\u00e1rio e cria os Conselhos Federal e Regional de Medicina Veterin\u00e1ria. Decreto n\u00ba 64.704, de 17 de junho de 1969 \u2013 Aprova o regulamento do exerc\u00edcio da profiss\u00e3o de M\u00e9dico Veterin\u00e1rio e dos Conselhos de Medicina Veterin\u00e1ria. Registro no<br \/>\nConselho competente. <\/div>\n<div class=\"atividadesCargo\"><span style=\"font-size: 16pt;font-weight: bold\">Descri\u00e7\u00e3o de Atividades T\u00edpicas do Cargo:<\/span><br \/>\n<strong>\u2022 Fomentar produ\u00e7\u00e3o animal:<br \/>\n<\/strong>Dimensionar plantel; estudar viabilidade econ\u00f4mica da atividade; estabelecer interface entre inform\u00e1tica e produ\u00e7\u00e3o animal; realizar an\u00e1lise zoot\u00e9cnica; realizar diagn\u00f3stico de efici\u00eancia produtiva; desenvolver programas de controle sanit\u00e1rio de plant\u00e9is; elaborar projetos de instala\u00e7\u00f5es e equipamentos zoot\u00e9cnicos; desenvolver programas de melhoramento gen\u00e9tico; avaliar caracter\u00edsticas reprodutivas de animais; elaborar programas de nutri\u00e7\u00e3o animal; projetar instala\u00e7\u00f5es para animais; supervisionar implanta\u00e7\u00e3o e funcionamento dos sistemas de produ\u00e7\u00e3o; aprimorar projetos de instala\u00e7\u00f5es e equipamentos zoot\u00e9cnicos; supervisionar qualidade dos ingredientes utilizados na alimenta\u00e7\u00e3o animal; orientar cria\u00e7\u00e3o de animais silvestres em cativeiro; controlar servi\u00e7os de insemina\u00e7\u00e3o artificial; adaptar tecnologia de inform\u00e1tica \u00e0 produ\u00e7\u00e3o animal.<strong><br \/>\n\u2022 Praticar cl\u00ednica m\u00e9dica veterin\u00e1ria, em todas as suas especialidades:<br \/>\n<\/strong>Realizar e interpretar resultados exame cl\u00ednico de animais; diagnosticar patologias; prescrever tratamento; indicar medidas de prote\u00e7\u00e3o e preven\u00e7\u00e3o; realizar seda\u00e7\u00e3o, anestesia, e tranquiliza\u00e7\u00e3o de animais; realizar cirurgias e interven\u00e7\u00f5es de odontologia veterin\u00e1ria; coletar material para exames laboratoriais; realizar exames auxiliares de diagn\u00f3stico; realizar necr\u00f3psias.<strong><br \/>\n\u2022 Exercer defesa sanit\u00e1ria animal:<br \/>\n<\/strong>Elaborar diagn\u00f3stico situacional para elabora\u00e7\u00e3o de programas; elaborar e executar programas de controle e erradica\u00e7\u00e3o de doen\u00e7as; coletar material para diagn\u00f3stico de doen\u00e7as; executar atividades de vigil\u00e2ncia epidemiol\u00f3gica; realizar sacrif\u00edcio de animais; analisar relat\u00f3rio t\u00e9cnico de produtos de uso veterin\u00e1rio; analisar material para diagn\u00f3stico de doen\u00e7as; avaliar programas de controle e erradica\u00e7\u00e3o de doen\u00e7as; notificar doen\u00e7as de interesse \u00e0 sa\u00fade animal; controlar tr\u00e2nsito de animais, eventos agropecu\u00e1rios e propriedades.<strong><br \/>\n\u2022 Promover sa\u00fade p\u00fablica<br \/>\n<\/strong>Analisar processamento, fabrica\u00e7\u00e3o e rotulagem de produtos; avaliar riscos do uso de insumos; coletar e analisar produtos para an\u00e1lise laboratorial; inspecionar produtos de origem animal; fazer levantamento epidemiol\u00f3gico de zoonoses; elaborar programas de controle e erradica\u00e7\u00e3o de zoonoses; elaborar programas de controle de pragas e vetores; executar programas de controle de qualidade de alimentos; executar programas de controle e erradica\u00e7\u00e3o de zoonoses; executar programas de controle de pragas e vetores; orientar acondicionamento e destino de lixo causador de danos \u00e0 sa\u00fade p\u00fablica; elaborar programas de controle de qualidade de alimentos; notificar ocorr\u00eancias de zoonoses \u00e0s autoridades competentes.<strong><br \/>\n\u2022 Elaborar laudos, pareceres e atestados:<br \/>\n<\/strong>Emitir atestado de sa\u00fade animal; emitir laudo de necr\u00f3psia; emitir parecer t\u00e9cnico; emitir laudo t\u00e9cnico; realizar atividades de peritagem em demandas judiciais; elaborar projetos t\u00e9cnicos.<strong><br \/>\n\u2022 Atuar na produ\u00e7\u00e3o industrial, tecnologia e controle de qualidade de produtos:<br \/>\n<\/strong>Executar an\u00e1lises laboratoriais de controle de qualidade; monitorar padr\u00f5es de qualidade de mat\u00e9rias-primas e produtos; testar produtos, equipamentos e processos; desenvolver novos produtos; aprimorar produtos.<br \/>\n<strong>\u2022 Atuar na \u00e1rea de biotecnologia:<\/strong><br \/>\nManipular genes e embri\u00f5es de animais; manipular microorganismos e subunidades, para utiliza\u00e7\u00e3o em processos biotecnol\u00f3gicos; utilizar t\u00e9cnicas de criopreserva\u00e7\u00e3o de material biol\u00f3gico; realizar fertiliza\u00e7\u00e3o in vitro; desenvolver produtos com t\u00e9cnica de biologia molecular; participar em comiss\u00f5es de biosseguran\u00e7a; adotar medidas de biosseguran\u00e7a.<strong><br \/>\n\u2022 Utilizar recursos de Inform\u00e1tica.<br \/>\n\u2022 Executar outras tarefas de mesma natureza e n\u00edvel de complexidade associadas ao ambiente organizacional.<\/strong><\/div>\n<\/div>","protected":false},"excerpt":{"rendered":"<p>M\u00e9dico Veterin\u00e1rio Esta p\u00e1gina apresenta os dados referentes a carreira dos\/as servidores\/as. N\u00edvel de Classifica\u00e7\u00e3o:\u00a0E Denomina\u00e7\u00e3o do cargo: \u00a0M\u00e9dico Veterin\u00e1rio C\u00f3digo CBO: 2233-05 Requisitos de Qualifica\u00e7\u00e3o para Ingresso no Cargo: Escolaridade: Curso superior em Medicina Veterin\u00e1ria Outros: (&#8211;) Habilita\u00e7\u00e3o Profissional: Lei n\u00ba 5.517, de 23 de outubro de 1968 \u2013 Disp\u00f5e sobre o exerc\u00edcio da [&hellip;]<\/p>\n","protected":false},"author":21,"featured_media":0,"parent":0,"menu_order":0,"comment_status":"closed","ping_status":"closed","template":"","meta":{"footnotes":""},"class_list":["post-29564","page","type-page","status-publish","hentry"],"_links":{"self":[{"href":"https:\/\/wp.ufpel.edu.br\/progep\/wp-json\/wp\/v2\/pages\/29564","targetHints":{"allow":["GET"]}}],"collection":[{"href":"https:\/\/wp.ufpel.edu.br\/progep\/wp-json\/wp\/v2\/pages"}],"about":[{"href":"https:\/\/wp.ufpel.edu.br\/progep\/wp-json\/wp\/v2\/types\/page"}],"author":[{"embeddable":true,"href":"https:\/\/wp.ufpel.edu.br\/progep\/wp-json\/wp\/v2\/users\/21"}],"replies":[{"embeddable":true,"href":"https:\/\/wp.ufpel.edu.br\/progep\/wp-json\/wp\/v2\/comments?post=29564"}],"version-history":[{"count":6,"href":"https:\/\/wp.ufpel.edu.br\/progep\/wp-json\/wp\/v2\/pages\/29564\/revisions"}],"predecessor-version":[{"id":35026,"href":"https:\/\/wp.ufpel.edu.br\/progep\/wp-json\/wp\/v2\/pages\/29564\/revisions\/35026"}],"wp:attachment":[{"href":"https:\/\/wp.ufpel.edu.br\/progep\/wp-json\/wp\/v2\/media?parent=29564"}],"curies":[{"name":"wp","href":"https:\/\/api.w.org\/{rel}","templated":true}]}}