{"id":29561,"date":"2025-02-25T11:17:08","date_gmt":"2025-02-25T14:17:08","guid":{"rendered":"https:\/\/wp.ufpel.edu.br\/progep\/?page_id=29561"},"modified":"2025-07-25T11:41:19","modified_gmt":"2025-07-25T14:41:19","slug":"medico-area","status":"publish","type":"page","link":"https:\/\/wp.ufpel.edu.br\/progep\/medico-area\/","title":{"rendered":"Cargos TAE: M\u00e9dico-\u00c1rea"},"content":{"rendered":"\n<div class=\"wp-block-group\"><div class=\"wp-block-group__inner-container is-layout-constrained wp-block-group-is-layout-constrained\">\n<div class=\"logoTituloModelStyle\"><img class=\"size-medium wp-image-27184 alignleft\" src=\"https:\/\/wp.ufpel.edu.br\/progep\/files\/2025\/03\/logo-progep_atualizacao-nome_AZUL.png\" alt=\"\" \/><\/p>\n<div><strong>M\u00e9dico-\u00c1rea<\/strong><\/div>\n<\/div>\n<hr class=\"hrModelStyle\" \/>\n<div class=\"descriptionModelStyle\">Esta p\u00e1gina apresenta os dados referentes a carreira dos\/as servidores\/as.<\/div>\n<\/div><\/div>\n\n\n<div class=\"cargoDescriptionStyle\">\n<div class=\"infoCargo\">N\u00edvel de Classifica\u00e7\u00e3o:\u00a0<strong>E<\/strong><br \/>\nDenomina\u00e7\u00e3o do cargo:<br \/>\n<strong>\u00a0M\u00e9dico-\u00c1rea<\/strong><br \/>\nC\u00f3digo CBO: <strong>2231<\/strong><\/div>\n<div class=\"requisitosCargo\"><span style=\"font-size: 16pt;padding-bottom: 0.5rem\"><strong>Requisitos de Qualifica\u00e7\u00e3o para Ingresso no Cargo<\/strong>:<\/span><br \/>\n<strong>Escolaridade<\/strong>: Curso superior em Medicina<br \/>\n<strong>Outros<\/strong>: (&#8211;)<br \/>\n<strong>Habilita\u00e7\u00e3o Profissional: <\/strong> Lei n\u00ba 3.268, de 30 de setembro de 1957 &#8211; Disp\u00f5e sobre os Conselhos de Medicina, e d\u00e1 outras provid\u00eancias. &#8211; Decreto n\u00ba 44.045, de 19 de julho de 1958 &#8211; Aprova o regulamento do Conselho Federal e Conselhos Regionais de Medicina a que se refere a Lei n\u00ba 3.268\/57. &#8211; Lei n\u00ba 6.932, de 07 de julho de 1981 &#8211; Disp\u00f5e sobre as atividades do m\u00e9dico residente e d\u00e1 outras provid\u00eancias. Registro no Conselho competente.<\/div>\n<div class=\"descSumaryCargo\"><span style=\"font-size: 16pt;font-weight: bold;padding-bottom: 0.5rem\">Descri\u00e7\u00e3o Sum\u00e1ria do Cargo:<\/span><br \/>\nRealizar consultas e atendimentos m\u00e9dicos; tratar pacientes; implementar a\u00e7\u00f5es para\u00a0\u00a0 promo\u00e7\u00e3o\u00a0\u00a0 da\u00a0\u00a0 sa\u00fade;\u00a0\u00a0 coordenar\u00a0\u00a0 programas\u00a0\u00a0 e\u00a0\u00a0 servi\u00e7os\u00a0\u00a0 em\u00a0\u00a0 sa\u00fade,\u00a0\u00a0 efetuar per\u00edcias,\u00a0\u00a0 auditorias\u00a0\u00a0 e\u00a0\u00a0 sindic\u00e2ncias\u00a0\u00a0 m\u00e9dicas;\u00a0\u00a0 elaborar\u00a0\u00a0 documentos\u00a0\u00a0 e\u00a0\u00a0 difundir conhecimentos da \u00e1rea m\u00e9dica. Assessorar nas atividades de ensino, pesquisa e extens\u00e3o.<\/div>\n<div class=\"atividadesCargo\"><span style=\"font-size: 16pt;font-weight: bold\">Descri\u00e7\u00e3o de Atividades T\u00edpicas do Cargo:<\/span><br \/>\n<strong>\u2022 Aplicar os conhecimentos de medicina na preven\u00e7\u00e3o, diagn\u00f3stico e tratamento das doen\u00e7as do corpo humano.<br \/>\n<\/strong>\u2022 Efetuar exames m\u00e9dicos, fazer diagn\u00f3stico, prescrever e ministrar tratamento para diversas doen\u00e7as, perturba\u00e7\u00f5es e les\u00f5es do organismo humano e aplicar os m\u00e9todos da medicina preventiva.<strong><br \/>\n\u2022 Praticar interven\u00e7\u00f5es cir\u00fargicas para corre\u00e7\u00e3o e tratamento de les\u00f5es, doen\u00e7as e perturba\u00e7\u00f5es do corpo humano.<br \/>\n<\/strong>\u2022 Aplicar as leis e regulamentos de sa\u00fade p\u00fablica, para salvaguardar e promover a sa\u00fade da coletividade.<strong><br \/>\n\u2022 Realizar per\u00edcias m\u00e9dicas.<br \/>\n<\/strong>\u2022 Realizar pesquisas sobre natureza, causas e desenvolvimento de enfermidades.<strong><br \/>\n\u2022 Estudar o organismo humano, e os microorganismos e fazem aplica\u00e7\u00e3o de suas descobertas.<br \/>\n<\/strong>\u2022 Utilizar recursos de Inform\u00e1tica.<strong><br \/>\n\u2022 Executar outras tarefas de mesma natureza e n\u00edvel de complexidade associadas ao ambiente organizacional.<\/strong><\/div>\n<\/div>","protected":false},"excerpt":{"rendered":"<p>M\u00e9dico-\u00c1rea Esta p\u00e1gina apresenta os dados referentes a carreira dos\/as servidores\/as. N\u00edvel de Classifica\u00e7\u00e3o:\u00a0E Denomina\u00e7\u00e3o do cargo: \u00a0M\u00e9dico-\u00c1rea C\u00f3digo CBO: 2231 Requisitos de Qualifica\u00e7\u00e3o para Ingresso no Cargo: Escolaridade: Curso superior em Medicina Outros: (&#8211;) Habilita\u00e7\u00e3o Profissional: Lei n\u00ba 3.268, de 30 de setembro de 1957 &#8211; Disp\u00f5e sobre os Conselhos de Medicina, e d\u00e1 [&hellip;]<\/p>\n","protected":false},"author":21,"featured_media":0,"parent":0,"menu_order":0,"comment_status":"closed","ping_status":"closed","template":"","meta":{"footnotes":""},"class_list":["post-29561","page","type-page","status-publish","hentry"],"_links":{"self":[{"href":"https:\/\/wp.ufpel.edu.br\/progep\/wp-json\/wp\/v2\/pages\/29561","targetHints":{"allow":["GET"]}}],"collection":[{"href":"https:\/\/wp.ufpel.edu.br\/progep\/wp-json\/wp\/v2\/pages"}],"about":[{"href":"https:\/\/wp.ufpel.edu.br\/progep\/wp-json\/wp\/v2\/types\/page"}],"author":[{"embeddable":true,"href":"https:\/\/wp.ufpel.edu.br\/progep\/wp-json\/wp\/v2\/users\/21"}],"replies":[{"embeddable":true,"href":"https:\/\/wp.ufpel.edu.br\/progep\/wp-json\/wp\/v2\/comments?post=29561"}],"version-history":[{"count":4,"href":"https:\/\/wp.ufpel.edu.br\/progep\/wp-json\/wp\/v2\/pages\/29561\/revisions"}],"predecessor-version":[{"id":35491,"href":"https:\/\/wp.ufpel.edu.br\/progep\/wp-json\/wp\/v2\/pages\/29561\/revisions\/35491"}],"wp:attachment":[{"href":"https:\/\/wp.ufpel.edu.br\/progep\/wp-json\/wp\/v2\/media?parent=29561"}],"curies":[{"name":"wp","href":"https:\/\/api.w.org\/{rel}","templated":true}]}}