{"id":29558,"date":"2025-02-25T11:08:36","date_gmt":"2025-02-25T14:08:36","guid":{"rendered":"https:\/\/wp.ufpel.edu.br\/progep\/?page_id=29558"},"modified":"2025-07-25T11:18:37","modified_gmt":"2025-07-25T14:18:37","slug":"jornalista","status":"publish","type":"page","link":"https:\/\/wp.ufpel.edu.br\/progep\/jornalista\/","title":{"rendered":"Cargos TAE: Jornalista"},"content":{"rendered":"\n<div class=\"wp-block-group\"><div class=\"wp-block-group__inner-container is-layout-constrained wp-block-group-is-layout-constrained\">\n<div class=\"logoTituloModelStyle\"><img class=\"size-medium wp-image-27184 alignleft\" src=\"https:\/\/wp.ufpel.edu.br\/progep\/files\/2025\/03\/logo-progep_atualizacao-nome_AZUL.png\" alt=\"\" \/><\/p>\n<div><strong>Jornalista<\/strong><\/div>\n<\/div>\n<hr class=\"hrModelStyle\" \/>\n<div class=\"descriptionModelStyle\">Esta p\u00e1gina apresenta os dados referentes a carreira dos\/as servidores\/as.<\/div>\n<\/div><\/div>\n\n\n<div class=\"cargoDescriptionStyle\">\n<div class=\"infoCargo\">N\u00edvel de Classifica\u00e7\u00e3o:\u00a0<strong>E<\/strong><br \/>\nDenomina\u00e7\u00e3o do cargo:<br \/>\n<strong>\u00a0Jornalista<\/strong><br \/>\nC\u00f3digo CBO: <strong>2611-25<\/strong><\/div>\n<div class=\"requisitosCargo\"><span style=\"font-size: 16pt;padding-bottom: 0.5rem\"><strong>Requisitos de Qualifica\u00e7\u00e3o para Ingresso no Cargo<\/strong>:<\/span><br \/>\n<strong>Escolaridade<\/strong>: Curso superior em Jornalismo ou Comunica\u00e7\u00e3o Social com habilita\u00e7\u00e3o em Jornalismo<br \/>\n<strong>Outros<\/strong>: (&#8211;)<br \/>\n<strong>Habilita\u00e7\u00e3o Profissional: <\/strong> Decreto-Lei n. \u00ba 972, de 17 de outubro de 1969 &#8211; Disp\u00f5e sobre o exerc\u00edcio da profiss\u00e3o de jornalista. Decreto n.\u00ba 83.284, de 13 de mar\u00e7o de 1979 \u2013 D\u00e1 nova regulamenta\u00e7\u00e3o do Decreto-Lei n.\u00ba 972, de 17 de outubro de 1969, que disp\u00f5e sobre o exerc\u00edcio da profis-s\u00e3o de jornalista, em decorr\u00eancia das altera\u00e7\u00f5es introduzidas pela Lei n\u00ba 6.612 de 07 de dezembro de 1978. Registro no Conselho competente.<\/div>\n<div class=\"descSumaryCargo\"><span style=\"font-size: 16pt;font-weight: bold;padding-bottom: 0.5rem\">Descri\u00e7\u00e3o Sum\u00e1ria do Cargo:<\/span><br \/>\nRecolher, redigir, registrar atrav\u00e9s de imagens e de sons, interpretar e organizar informa\u00e7\u00f5es e not\u00edcias a serem difundidas, expondo, analisando e comentando os acontecimentos. Fazer sele\u00e7\u00e3o, revis\u00e3o e preparo definitivo das mat\u00e9rias jornal\u00edsticas a serem divulgadas em jornais, revistas, televis\u00e3o, r\u00e1dio, internet, assessorias de imprensa e quaisquer outros meios de comunica\u00e7\u00e3o com o p\u00fablico. Assessorar nas atividades de ensino, pesquisa e extens\u00e3o. <\/div>\n<div class=\"atividadesCargo\"><span style=\"font-size: 16pt;font-weight: bold\">Descri\u00e7\u00e3o de Atividades T\u00edpicas do Cargo:<\/span><br \/>\n<strong>\u2022 Informar ao p\u00fablico:<br \/>\n<\/strong>Elaborar not\u00edcias para divulga\u00e7\u00e3o; processar a informa\u00e7\u00e3o; priorizar a atualidade da not\u00edcia; divulgar not\u00edcias com objetividade; honrar o compromisso \u00e9tico com o interesse p\u00fablico; respeitar a intimidade, a vida privada, a honra e a imagem das pessoas; adequar a linguagem ao ve\u00edculo.<strong><br \/>\n\u2022 Iniciar o processo de informa\u00e7\u00e3o:<br \/>\n<\/strong>Fazer reuni\u00e3o da pauta; elaborar, distribuir e executar pauta; orientar a produ\u00e7\u00e3o; assegurar o direito de resposta.<strong><br \/>\n\u2022 Coletar informa\u00e7\u00e3o:<br \/>\n<\/strong>Definir, buscar e entrevistar fontes de informa\u00e7\u00e3o; selecionar dados; confrontar dados, fatos e vers\u00f5es; apurar e pesquisar informa\u00e7\u00f5es.<strong><br \/>\n\u2022 Registrar informa\u00e7\u00e3o:<br \/>\n<\/strong>Redigir textos jornal\u00edsticos; fotografar e gravar imagens jornal\u00edsticas; gravar entrevistas jornal\u00edsticas; ilustrar mat\u00e9rias jornal\u00edsticas; revisar os registros da informa\u00e7\u00e3o; editar informa\u00e7\u00e3o.<strong><br \/>\n\u2022 Qualificar a informa\u00e7\u00e3o:<br \/>\n<\/strong>Questionar, interpretar e hierarquizar a informa\u00e7\u00e3o; contextualizar fatos; organizar mat\u00e9rias jornal\u00edsticas; planejar a distribui\u00e7\u00e3o das informa\u00e7\u00f5es no ve\u00edculo de comunica\u00e7\u00e3o; formatar a mat\u00e9ria jornal\u00edstica; abastecer e acessar banco de dados, imagens e sons.<strong><br \/>\n\u2022 Utilizar recursos de Inform\u00e1tica.<br \/>\n\u2022 Executar outras tarefas de mesma natureza e n\u00edvel de complexidade associadas ao ambiente organizacional.<\/strong><\/div>\n<\/div>","protected":false},"excerpt":{"rendered":"<p>Jornalista Esta p\u00e1gina apresenta os dados referentes a carreira dos\/as servidores\/as. N\u00edvel de Classifica\u00e7\u00e3o:\u00a0E Denomina\u00e7\u00e3o do cargo: \u00a0Jornalista C\u00f3digo CBO: 2611-25 Requisitos de Qualifica\u00e7\u00e3o para Ingresso no Cargo: Escolaridade: Curso superior em Jornalismo ou Comunica\u00e7\u00e3o Social com habilita\u00e7\u00e3o em Jornalismo Outros: (&#8211;) Habilita\u00e7\u00e3o Profissional: Decreto-Lei n. \u00ba 972, de 17 de outubro de 1969 &#8211; [&hellip;]<\/p>\n","protected":false},"author":21,"featured_media":0,"parent":0,"menu_order":0,"comment_status":"closed","ping_status":"closed","template":"","meta":{"_crdt_document":"","footnotes":""},"class_list":["post-29558","page","type-page","status-publish","hentry"],"_links":{"self":[{"href":"https:\/\/wp.ufpel.edu.br\/progep\/wp-json\/wp\/v2\/pages\/29558","targetHints":{"allow":["GET"]}}],"collection":[{"href":"https:\/\/wp.ufpel.edu.br\/progep\/wp-json\/wp\/v2\/pages"}],"about":[{"href":"https:\/\/wp.ufpel.edu.br\/progep\/wp-json\/wp\/v2\/types\/page"}],"author":[{"embeddable":true,"href":"https:\/\/wp.ufpel.edu.br\/progep\/wp-json\/wp\/v2\/users\/21"}],"replies":[{"embeddable":true,"href":"https:\/\/wp.ufpel.edu.br\/progep\/wp-json\/wp\/v2\/comments?post=29558"}],"version-history":[{"count":4,"href":"https:\/\/wp.ufpel.edu.br\/progep\/wp-json\/wp\/v2\/pages\/29558\/revisions"}],"predecessor-version":[{"id":35030,"href":"https:\/\/wp.ufpel.edu.br\/progep\/wp-json\/wp\/v2\/pages\/29558\/revisions\/35030"}],"wp:attachment":[{"href":"https:\/\/wp.ufpel.edu.br\/progep\/wp-json\/wp\/v2\/media?parent=29558"}],"curies":[{"name":"wp","href":"https:\/\/api.w.org\/{rel}","templated":true}]}}