{"id":29548,"date":"2025-02-25T10:41:05","date_gmt":"2025-02-25T13:41:05","guid":{"rendered":"https:\/\/wp.ufpel.edu.br\/progep\/?page_id=29548"},"modified":"2025-07-25T10:34:17","modified_gmt":"2025-07-25T13:34:17","slug":"fonoaudiologo","status":"publish","type":"page","link":"https:\/\/wp.ufpel.edu.br\/progep\/fonoaudiologo\/","title":{"rendered":"Cargos TAE: Fonoaudi\u00f3logo"},"content":{"rendered":"\n<div class=\"wp-block-group\"><div class=\"wp-block-group__inner-container is-layout-constrained wp-block-group-is-layout-constrained\">\n<div class=\"logoTituloModelStyle\"><img class=\"size-medium wp-image-27184 alignleft\" src=\"https:\/\/wp.ufpel.edu.br\/progep\/files\/2025\/03\/logo-progep_atualizacao-nome_AZUL.png\" alt=\"\" \/><\/p>\n<div><strong>Fonoaudi\u00f3logo<\/strong><\/div>\n<\/div>\n<hr class=\"hrModelStyle\" \/>\n<div class=\"descriptionModelStyle\">Esta p\u00e1gina apresenta os dados referentes a carreira dos\/as servidores\/as.<\/div>\n<\/div><\/div>\n\n\n\n<div class=\"cargoDescriptionStyle\">\n<div class=\"infoCargo\">N\u00edvel de Classifica\u00e7\u00e3o:\u00a0<strong>E<\/strong><br \/>\nDenomina\u00e7\u00e3o do cargo:<br \/>\n<strong>\u00a0Fonoaudi\u00f3logo<\/strong><br \/>\nC\u00f3digo CBO: <strong>2238-10<\/strong><\/div>\n<div class=\"requisitosCargo\"><span style=\"font-size: 16pt;padding-bottom: 0.5rem\"><strong>Requisitos de Qualifica\u00e7\u00e3o para Ingresso no Cargo<\/strong>:<\/span><br \/>\n<strong>Escolaridade<\/strong>: Curso superior em Fonoaudiologia<br \/>\n<strong>Outros<\/strong>: (&#8211;)<br \/>\n<strong>Habilita\u00e7\u00e3o Profissional: Lei n\u00ba 6.965 de 09 de dezembro de 1981 &#8211; Disp\u00f5e\u00a0\u00a0 sobre\u00a0\u00a0 a\u00a0\u00a0 regulamenta\u00e7\u00e3o\u00a0\u00a0 da\u00a0\u00a0 profiss\u00e3o\u00a0\u00a0 de\u00a0\u00a0 Fonoaudi\u00f3logo.\u00a0\u00a0 Registro no Conselho competente.<\/strong><\/div>\n<div class=\"descSumaryCargo\"><span style=\"font-size: 16pt;font-weight: bold;padding-bottom: 0.5rem\">Descri\u00e7\u00e3o Sum\u00e1ria do Cargo:<\/span><br \/>\nAtender pacientes para preven\u00e7\u00e3o, habilita\u00e7\u00e3o e reabilita\u00e7\u00e3o, utilizando protocolos e procedimentos espec\u00edficos de fonoaudiologia; tratar de pacientes; efetuar avalia\u00e7\u00e3o e diagn\u00f3stico fonoaudiol\u00f3gico; orientar pacientes e familiares; desenvolver programas de preven\u00e7\u00e3o, promo\u00e7\u00e3o da sa\u00fade e qualidade de vida. Assessorar nas atividades de ensino, pesquisa e extens\u00e3o. <\/div>\n<div class=\"atividadesCargo\"><span style=\"font-size: 16pt;font-weight: bold\">Descri\u00e7\u00e3o de Atividades T\u00edpicas do Cargo:<\/span><br \/>\n<strong>\u2022 Tratar pacientes:<br \/>\n<\/strong>Eleger procedimentos terap\u00eauticos; habilitar sistema auditivo; reabilitar o sistema vestibular; desenvolver percep\u00e7\u00e3o auditiva; tratar dist\u00farbios vocais; tratar altera\u00e7\u00f5es da fala, de linguagem oral, leitura e escrita; tratar altera\u00e7\u00f5es de degluti\u00e7\u00e3o; tratar altera\u00e7\u00f5es de flu\u00eancia; tratar altera\u00e7\u00f5es das fun\u00e7\u00f5es orofaciais; desenvolver cogni\u00e7\u00e3o; adequar fun\u00e7\u00f5es percepto-cognitivas; avaliar resultados do tratamento.<strong><br \/>\n\u2022 Aplicar procedimentos fonoaudiol\u00f3gicos:<br \/>\n<\/strong>Prescrever atividades; preparar material terap\u00eautico; indicar e adaptar tecnologia assistiva; introduzir formas alternativas de comunica\u00e7\u00e3o; prescrever e adaptar \u00f3rteses e pr\u00f3teses; aplicar procedimentos de adapta\u00e7\u00e3o pr\u00e9 e p\u00f3s-cir\u00fargico; aplicar procedimentos espec\u00edficos de reabilita\u00e7\u00e3o em UTI; aperfei\u00e7oar padr\u00f5es faciais, habilidades comunicativas e de voz; estimular ades\u00e3o e continuidade do tratamento; reorientar condutas terap\u00eauticas.<strong><br \/>\n\u2022 Orientar pacientes e familiares:<br \/>\n<\/strong>Explicar procedimentos e rotinas; demonstrar procedimentos e t\u00e9cnicas; orientar t\u00e9cnicas ergon\u00f4micas; verificar a compreens\u00e3o da orienta\u00e7\u00e3o; esclarecer d\u00favidas.<strong><br \/>\n\u2022 Desenvolver programas de preven\u00e7\u00e3o, promo\u00e7\u00e3o de sa\u00fade e qualidade de vida:<br \/>\n<\/strong>Planejar programas e campanhas de preven\u00e7\u00e3o e promo\u00e7\u00e3o e estrat\u00e9gias e atividades terap\u00eauticas; utilizar procedimentos de preven\u00e7\u00e3o e promo\u00e7\u00e3o de defici\u00eancia, hand-cap e incapacidade.<strong><br \/>\n\u2022 Promover campanhas educativas.<br \/>\n\u2022 <\/strong>Produzir manuais e folhetos explicativos.<br \/>\n<strong>\u2022 Elaborar relat\u00f3rios e laudos.<br \/>\n<\/strong>\u2022 Utilizar recursos de inform\u00e1tica.<strong><br \/>\n\u2022 Executar outras tarefas de mesma natureza e n\u00edvel de complexidade associadas ao ambiente organizacional.<\/strong><\/div>\n<\/div>","protected":false},"excerpt":{"rendered":"<p>Fonoaudi\u00f3logo Esta p\u00e1gina apresenta os dados referentes a carreira dos\/as servidores\/as. N\u00edvel de Classifica\u00e7\u00e3o:\u00a0E Denomina\u00e7\u00e3o do cargo: \u00a0Fonoaudi\u00f3logo C\u00f3digo CBO: 2238-10 Requisitos de Qualifica\u00e7\u00e3o para Ingresso no Cargo: Escolaridade: Curso superior em Fonoaudiologia Outros: (&#8211;) Habilita\u00e7\u00e3o Profissional: Lei n\u00ba 6.965 de 09 de dezembro de 1981 &#8211; Disp\u00f5e\u00a0\u00a0 sobre\u00a0\u00a0 a\u00a0\u00a0 regulamenta\u00e7\u00e3o\u00a0\u00a0 da\u00a0\u00a0 profiss\u00e3o\u00a0\u00a0 de\u00a0\u00a0 Fonoaudi\u00f3logo.\u00a0\u00a0 [&hellip;]<\/p>\n","protected":false},"author":21,"featured_media":0,"parent":0,"menu_order":0,"comment_status":"closed","ping_status":"closed","template":"","meta":{"footnotes":""},"class_list":["post-29548","page","type-page","status-publish","hentry"],"_links":{"self":[{"href":"https:\/\/wp.ufpel.edu.br\/progep\/wp-json\/wp\/v2\/pages\/29548","targetHints":{"allow":["GET"]}}],"collection":[{"href":"https:\/\/wp.ufpel.edu.br\/progep\/wp-json\/wp\/v2\/pages"}],"about":[{"href":"https:\/\/wp.ufpel.edu.br\/progep\/wp-json\/wp\/v2\/types\/page"}],"author":[{"embeddable":true,"href":"https:\/\/wp.ufpel.edu.br\/progep\/wp-json\/wp\/v2\/users\/21"}],"replies":[{"embeddable":true,"href":"https:\/\/wp.ufpel.edu.br\/progep\/wp-json\/wp\/v2\/comments?post=29548"}],"version-history":[{"count":4,"href":"https:\/\/wp.ufpel.edu.br\/progep\/wp-json\/wp\/v2\/pages\/29548\/revisions"}],"predecessor-version":[{"id":35020,"href":"https:\/\/wp.ufpel.edu.br\/progep\/wp-json\/wp\/v2\/pages\/29548\/revisions\/35020"}],"wp:attachment":[{"href":"https:\/\/wp.ufpel.edu.br\/progep\/wp-json\/wp\/v2\/media?parent=29548"}],"curies":[{"name":"wp","href":"https:\/\/api.w.org\/{rel}","templated":true}]}}