{"id":29539,"date":"2025-02-25T10:16:03","date_gmt":"2025-02-25T13:16:03","guid":{"rendered":"https:\/\/wp.ufpel.edu.br\/progep\/?page_id=29539"},"modified":"2025-07-25T10:07:58","modified_gmt":"2025-07-25T13:07:58","slug":"farmaceutico-habilitacao","status":"publish","type":"page","link":"https:\/\/wp.ufpel.edu.br\/progep\/farmaceutico-habilitacao\/","title":{"rendered":"Cargos TAE: Farmac\u00eautico-Habilita\u00e7\u00e3o"},"content":{"rendered":"\n<div class=\"wp-block-group\"><div class=\"wp-block-group__inner-container is-layout-constrained wp-block-group-is-layout-constrained\">\n<div class=\"logoTituloModelStyle\"><img class=\"size-medium wp-image-27184 alignleft\" src=\"https:\/\/wp.ufpel.edu.br\/progep\/files\/2025\/03\/logo-progep_atualizacao-nome_AZUL.png\" alt=\"\" \/><\/p>\n<div><strong>Farmac\u00eautico-Habilita\u00e7\u00e3o<\/strong><\/div>\n<\/div>\n<hr class=\"hrModelStyle\" \/>\n<div class=\"descriptionModelStyle\">Esta p\u00e1gina apresenta os dados referentes a carreira dos\/as servidores\/as.<\/div>\n<\/div><\/div>\n\n\n<div class=\"cargoDescriptionStyle\">\n<div class=\"infoCargo\">N\u00edvel de Classifica\u00e7\u00e3o:\u00a0<strong>E<\/strong><br \/>\nDenomina\u00e7\u00e3o do cargo:<br \/>\n<strong>Farmac\u00eautico-Habilita\u00e7\u00e3o<\/strong><br \/>\nC\u00f3digo CBO: <strong>2234-05<\/strong><\/div>\n<div class=\"requisitosCargo\"><span style=\"font-size: 16pt;padding-bottom: 0.5rem\"><strong>Requisitos de Qualifica\u00e7\u00e3o para Ingresso no Cargo<\/strong>:<\/span><br \/>\n<strong>Escolaridade<\/strong>: Curso superior em Farm\u00e1cia<br \/>\n<strong>Outros<\/strong>: (&#8211;)<br \/>\n<strong>Habilita\u00e7\u00e3o Profissional: <\/strong> Lei n\u00ba 3.820, de 11 de novembro de 1960 &#8211; Cria o Conselho Federal e os Conselhos regionais de Farm\u00e1cia, e d\u00e1 outras provid\u00eancias. &#8211; Decreto n\u00ba 85.878, de 09 de abril de 1981 &#8211; Regulamenta a Lei n\u00ba 3.820\/60. *Altera\u00e7\u00f5es: Lei n\u00ba 9.120\/95; lei n\u00ba 4.817 e Lei n\u00ba 5.724\/71. Registro no Conselho competente.<\/div>\n<div class=\"descSumaryCargo\"><span style=\"font-size: 16pt;font-weight: bold;padding-bottom: 0.5rem\">Descri\u00e7\u00e3o Sum\u00e1ria do Cargo:<\/span><br \/>\nRealizar tarefas espec\u00edficas de desenvolvimento, produ\u00e7\u00e3o, dispensa\u00e7\u00e3o, controle, armazenamento, distribui\u00e7\u00e3o e transporte de produtos da \u00e1rea farmac\u00eautica tais como medicamentos, alimentos especiais, cosm\u00e9ticos, imunobiol\u00f3gicos, domissanit\u00e1rios e insumos correlatos. Realizar an\u00e1lises cl\u00ednicas, toxicol\u00f3gicas, fisioqu\u00edmicas, biol\u00f3gicas, microbiol\u00f3gicas e bromatol\u00f3gicas; participar da elabora\u00e7\u00e3o, coordena\u00e7\u00e3o e implementa\u00e7\u00e3o de pol\u00edticas de medicamentos; orientar sobre uso de produtos e prestam servi\u00e7os farmac\u00eauticos. Podem realizar pesquisa sobre os efeitos de medicamentos e outras subst\u00e2ncias sobre \u00f3rg\u00e3os, tecidos e fun\u00e7\u00f5es vitais dos seres humanos e dos animais. Assessorar nas atividades de ensino, pesquisa e extens\u00e3o. <\/div>\n<div class=\"atividadesCargo\"><span style=\"font-size: 16pt;font-weight: bold\">Descri\u00e7\u00e3o de Atividades T\u00edpicas do Cargo:<\/span><br \/>\n<strong>\u2022 Dispensar medicamentos, imunobiol\u00f3gicos, cosm\u00e9ticos, alimentos especiais e correlatos:<br \/>\n<\/strong>Selecionar produtos farmac\u00eauticos; criar crit\u00e9rios e sistemas de dispensa\u00e7\u00e3o; ava-liar prescri\u00e7\u00e3o; proceder a dispensa\u00e7\u00e3o; instruir sobre medicamentos e correlatos; notificar f\u00e1rmaco-vigil\u00e2ncia.<strong><br \/>\n\u2022 Produzir medicamentos, alimentos, cosm\u00e9ticos, insumos, imunobiol\u00f3gicos, domissanit\u00e1rios e correlatos:<br \/>\n<\/strong>Definir especifica\u00e7\u00f5es t\u00e9cnicas de mat\u00e9ria-prima, embalagem, materiais, equipa-mentos e instala\u00e7\u00f5es; selecionar fornecedores; determinar procedimentos de produ\u00e7\u00e3o e manipula\u00e7\u00e3o; programar produ\u00e7\u00e3o e manipula\u00e7\u00e3o; manipular medicamentos.<strong><br \/>\n\u2022 Garantir a qualidade de produtos e servi\u00e7os farmac\u00eauticos:<br \/>\n<\/strong>Monitorar produtos, processos, \u00e1reas e equipamentos; emitir laudos, pareceres e relat\u00f3rios; controlar descarte de produtos e materiais; participar em a\u00e7\u00f5es de prote\u00e7\u00e3o ao meio ambiente e \u00e0 pessoa.<strong><br \/>\n\u2022 Realizar an\u00e1lises cl\u00ednicas, toxicol\u00f3gicas, f\u00edsico-qu\u00edmicas, biol\u00f3gicas e micro-biol\u00f3gicas:<br \/>\n<\/strong>Preparar reagentes, equipamentos e vidraria; orientar coleta, coletar e preparar amostras; eleger m\u00e9todo de an\u00e1lise; executar an\u00e1lises; efetuar an\u00e1lise cr\u00edtica dos resultados; cultivar microorganismos para teste e produ\u00e7\u00e3o; selecionar animais para teste e produ\u00e7\u00e3o.<strong><br \/>\n\u2022 Supervisionar armazenamento, distribui\u00e7\u00e3o e transporte de produtos:<br \/>\n<\/strong>Comprovar origem dos produtos; fixar crit\u00e9rios de armazenamento; fracionar produtos; colaborar na defini\u00e7\u00e3o de log\u00edstica de distribui\u00e7\u00e3o.<strong><br \/>\n\u2022 Efetuar pesquisas t\u00e9cnocient\u00edficas:<br \/>\n<\/strong>Elaborar projetos; colher dados; apreciar resultados; propor a\u00e7\u00f5es.<strong><br \/>\n\u2022 Prestar servi\u00e7os:<br \/>\n<\/strong>Orientar usu\u00e1rio no uso de produtos; aplicar injet\u00e1veis; realizar pequenos curativos; medir press\u00e3o arterial; prestar servi\u00e7os de inaloterapia.<strong><br \/>\n\u2022 Utilizar recursos de Inform\u00e1tica.<br \/>\n\u2022 Executar outras tarefas de mesma natureza e n\u00edvel de complexidade associadas ao ambiente organizacional.<\/strong><\/div>\n<\/div>","protected":false},"excerpt":{"rendered":"<p>Farmac\u00eautico-Habilita\u00e7\u00e3o Esta p\u00e1gina apresenta os dados referentes a carreira dos\/as servidores\/as. N\u00edvel de Classifica\u00e7\u00e3o:\u00a0E Denomina\u00e7\u00e3o do cargo: Farmac\u00eautico-Habilita\u00e7\u00e3o C\u00f3digo CBO: 2234-05 Requisitos de Qualifica\u00e7\u00e3o para Ingresso no Cargo: Escolaridade: Curso superior em Farm\u00e1cia Outros: (&#8211;) Habilita\u00e7\u00e3o Profissional: Lei n\u00ba 3.820, de 11 de novembro de 1960 &#8211; Cria o Conselho Federal e os Conselhos regionais [&hellip;]<\/p>\n","protected":false},"author":21,"featured_media":0,"parent":0,"menu_order":0,"comment_status":"closed","ping_status":"closed","template":"","meta":{"footnotes":""},"class_list":["post-29539","page","type-page","status-publish","hentry"],"_links":{"self":[{"href":"https:\/\/wp.ufpel.edu.br\/progep\/wp-json\/wp\/v2\/pages\/29539","targetHints":{"allow":["GET"]}}],"collection":[{"href":"https:\/\/wp.ufpel.edu.br\/progep\/wp-json\/wp\/v2\/pages"}],"about":[{"href":"https:\/\/wp.ufpel.edu.br\/progep\/wp-json\/wp\/v2\/types\/page"}],"author":[{"embeddable":true,"href":"https:\/\/wp.ufpel.edu.br\/progep\/wp-json\/wp\/v2\/users\/21"}],"replies":[{"embeddable":true,"href":"https:\/\/wp.ufpel.edu.br\/progep\/wp-json\/wp\/v2\/comments?post=29539"}],"version-history":[{"count":8,"href":"https:\/\/wp.ufpel.edu.br\/progep\/wp-json\/wp\/v2\/pages\/29539\/revisions"}],"predecessor-version":[{"id":35013,"href":"https:\/\/wp.ufpel.edu.br\/progep\/wp-json\/wp\/v2\/pages\/29539\/revisions\/35013"}],"wp:attachment":[{"href":"https:\/\/wp.ufpel.edu.br\/progep\/wp-json\/wp\/v2\/media?parent=29539"}],"curies":[{"name":"wp","href":"https:\/\/api.w.org\/{rel}","templated":true}]}}