{"id":29532,"date":"2025-02-25T10:09:49","date_gmt":"2025-02-25T13:09:49","guid":{"rendered":"https:\/\/wp.ufpel.edu.br\/progep\/?page_id=29532"},"modified":"2025-07-25T09:57:06","modified_gmt":"2025-07-25T12:57:06","slug":"engenheiro-de-seguranca-do-trabalho","status":"publish","type":"page","link":"https:\/\/wp.ufpel.edu.br\/progep\/engenheiro-de-seguranca-do-trabalho\/","title":{"rendered":"Cargos TAE: Engenheiro de Seguran\u00e7a do Trabalho"},"content":{"rendered":"\n<div class=\"wp-block-group\"><div class=\"wp-block-group__inner-container is-layout-constrained wp-block-group-is-layout-constrained\">\n<div class=\"logoTituloModelStyle\"><img class=\"size-medium wp-image-27184 alignleft\" src=\"https:\/\/wp.ufpel.edu.br\/progep\/files\/2025\/03\/logo-progep_atualizacao-nome_AZUL.png\" alt=\"\" \/><\/p>\n<div style=\"padding: 2rem 0\"><strong>Engenheiro de Seguran\u00e7a do Trabalho<\/strong><\/div>\n<\/div>\n<hr class=\"hrModelStyle\" \/>\n<div class=\"descriptionModelStyle\">Esta p\u00e1gina apresenta os dados referentes a carreira dos\/as servidores\/as.<\/div>\n<\/div><\/div>\n\n\n<div class=\"cargoDescriptionStyle\">\n<div class=\"infoCargo\">N\u00edvel de Classifica\u00e7\u00e3o:\u00a0<strong>E<\/strong><br \/>\nDenomina\u00e7\u00e3o do cargo:<br \/>\n<strong>\u00a0Engenheiro de Seguran\u00e7a do Trabalho<\/strong><br \/>\nC\u00f3digo CBO: <strong>2149-15<\/strong><\/div>\n<div class=\"requisitosCargo\"><span style=\"font-size: 16pt;padding-bottom: 0.5rem\"><strong>Requisitos de Qualifica\u00e7\u00e3o para Ingresso no Cargo<\/strong>:<\/span><br \/>\n<strong>Escolaridade<\/strong>: Curso Superior em Engenharia com especializa\u00e7\u00e3o em Seguran\u00e7a do Trabalho<br \/>\n<strong>Outros<\/strong>: (&#8211;)<br \/>\n<strong>Habilita\u00e7\u00e3o Profissional: <\/strong> Lei n\u00ba 7.410, de 27 de novembro de 1985<br \/>\n&#8211; Disp\u00f5e sobre a especializa\u00e7\u00e3o de Engenheiros e Arquitetos em Engenharia de Seguran\u00e7a do Trabalho, a profiss\u00e3o de T\u00e9cnico de Seguran\u00e7a do Trabalho. Decreto n\u00ba 92.530, de 09 de abril de 1986 &#8211; Regulamenta a Lei n\u00ba 7.410\/85. Registro no Conselho competente.<\/div>\n<div class=\"descSumaryCargo\"><span style=\"font-size: 16pt;font-weight: bold;padding-bottom: 0.5rem\">Descri\u00e7\u00e3o Sum\u00e1ria do Cargo:<\/span><br \/>\nControlar perdas potenciais e reais de processos, produtos e servi\u00e7os ao identificar, determinar e analisar causas de perdas, estabelecendo plano de a\u00e7\u00f5es preventivas e corretivas. Gerencia atividades de seguran\u00e7a do trabalho e do meio ambiente e coordena equipes, treinamentos e atividades de trabalho. Emitir e divulgar documentos t\u00e9cnicos como relat\u00f3rios, mapas de risco e contratos.<br \/>\nAssessorar nas atividades de ensino, pesquisa e extens\u00e3o. <\/div>\n<div class=\"atividadesCargo\"><span style=\"font-size: 16pt;font-weight: bold\">Descri\u00e7\u00e3o de Atividades T\u00edpicas do Cargo:<\/span><br \/>\n<strong>\u2022 Controlar perdas potenciais e reais de processos, produtos e servi\u00e7os:<br \/>\n<\/strong>Identificar, determinar e analisar causas de perdas; estabelecer plano de a\u00e7\u00f5es preventivas e corretivas; medir par\u00e2metros de processos, produtos e servi\u00e7os; ajustar processos, produtos e servi\u00e7os para elimina\u00e7\u00e3o ou redu\u00e7\u00e3o de perdas; avaliar efic\u00e1cia de ajustes; inspecionar funcionamento de processos, produtos e servi\u00e7os; padronizar sistemas e opera\u00e7\u00f5es; auditar processos, produtos e servi\u00e7os.<strong><br \/>\n\u2022 Supervisionar sistemas, processos e m\u00e9todos industriais:<br \/>\n<\/strong>Analisar projetos industriais; coletar dados de processo; criar banco de dados de processos e projetos; processar e interpretar dados e resultados; comparar processos para sua otimiza\u00e7\u00e3o bem como de produtos e servi\u00e7os; atualizar dados de registros; implantar ferramentas de controle de qualidade; monitorar desempenho de processos.<strong><br \/>\n\u2022 Gerenciar seguran\u00e7a do trabalho e do meio ambiente:<br \/>\n<\/strong>Inspecionar instala\u00e7\u00f5es; classificar exposi\u00e7\u00e3o a riscos potenciais; quantificar concentra\u00e7\u00e3o, intensidade e distribui\u00e7\u00e3o de agentes agressivos; montar programas de preven\u00e7\u00e3o ambiental; providenciar sinaliza\u00e7\u00f5es de seguran\u00e7a; dimensionar sistemas de preven\u00e7\u00e3o e combate a inc\u00eandios; solicitar autoriza\u00e7\u00e3o para aquisi\u00e7\u00e3o de produtos controlados; determinar procedimentos de seguran\u00e7a para \u00e1reas confinadas; determinar procedimentos de seguran\u00e7a para trabalho com eletricidade; determinar procedimentos de seguran\u00e7a em armazenagem, transporte e utiliza\u00e7\u00e3o de produtos qu\u00edmicos; determinar procedimentos de seguran\u00e7a para redu\u00e7\u00e3o ou elimina\u00e7\u00e3o de ru\u00eddos industriais; providenciar avalia\u00e7\u00e3o ergon\u00f4mica de postos de trabalho; determinar tipos de equipamentos de prote\u00e7\u00e3o individual e coletiva con-forme riscos; verificar procedimentos de descarte de rejeitos industriais; controlar emiss\u00e3o de efluentes l\u00edquidos, gasosos e s\u00f3lidos.<strong><br \/>\n\u2022 Emitir documenta\u00e7\u00e3o t\u00e9cnica:<br \/>\n<\/strong>Emitir relat\u00f3rios, mapa de risco, pareceres t\u00e9cnicos e laudos periciais; divulgar resultados e planos de trabalho; documentar mem\u00f3ria t\u00e9cnica de m\u00e9todos, proces-sos e produtos; emitir programas de preven\u00e7\u00e3o conforme normas legais, preparar ART (anota\u00e7\u00e3o de responsabilidade t\u00e9cnica).<strong><br \/>\n\u2022 Utilizar recursos de Inform\u00e1tica.<br \/>\n\u2022 Executar outras tarefas de mesma natureza e n\u00edvel de complexidade associadas ao ambiente organizacional.<\/strong><\/div>\n<\/div>","protected":false},"excerpt":{"rendered":"<p>Engenheiro de Seguran\u00e7a do Trabalho Esta p\u00e1gina apresenta os dados referentes a carreira dos\/as servidores\/as. N\u00edvel de Classifica\u00e7\u00e3o:\u00a0E Denomina\u00e7\u00e3o do cargo: \u00a0Engenheiro de Seguran\u00e7a do Trabalho C\u00f3digo CBO: 2149-15 Requisitos de Qualifica\u00e7\u00e3o para Ingresso no Cargo: Escolaridade: Curso Superior em Engenharia com especializa\u00e7\u00e3o em Seguran\u00e7a do Trabalho Outros: (&#8211;) Habilita\u00e7\u00e3o Profissional: Lei n\u00ba 7.410, de [&hellip;]<\/p>\n","protected":false},"author":21,"featured_media":0,"parent":0,"menu_order":0,"comment_status":"closed","ping_status":"closed","template":"","meta":{"footnotes":""},"class_list":["post-29532","page","type-page","status-publish","hentry"],"_links":{"self":[{"href":"https:\/\/wp.ufpel.edu.br\/progep\/wp-json\/wp\/v2\/pages\/29532","targetHints":{"allow":["GET"]}}],"collection":[{"href":"https:\/\/wp.ufpel.edu.br\/progep\/wp-json\/wp\/v2\/pages"}],"about":[{"href":"https:\/\/wp.ufpel.edu.br\/progep\/wp-json\/wp\/v2\/types\/page"}],"author":[{"embeddable":true,"href":"https:\/\/wp.ufpel.edu.br\/progep\/wp-json\/wp\/v2\/users\/21"}],"replies":[{"embeddable":true,"href":"https:\/\/wp.ufpel.edu.br\/progep\/wp-json\/wp\/v2\/comments?post=29532"}],"version-history":[{"count":8,"href":"https:\/\/wp.ufpel.edu.br\/progep\/wp-json\/wp\/v2\/pages\/29532\/revisions"}],"predecessor-version":[{"id":35012,"href":"https:\/\/wp.ufpel.edu.br\/progep\/wp-json\/wp\/v2\/pages\/29532\/revisions\/35012"}],"wp:attachment":[{"href":"https:\/\/wp.ufpel.edu.br\/progep\/wp-json\/wp\/v2\/media?parent=29532"}],"curies":[{"name":"wp","href":"https:\/\/api.w.org\/{rel}","templated":true}]}}