{"id":29524,"date":"2025-02-25T10:05:07","date_gmt":"2025-02-25T13:05:07","guid":{"rendered":"https:\/\/wp.ufpel.edu.br\/progep\/?page_id=29524"},"modified":"2025-07-11T16:42:41","modified_gmt":"2025-07-11T19:42:41","slug":"engenheiro-area","status":"publish","type":"page","link":"https:\/\/wp.ufpel.edu.br\/progep\/engenheiro-area\/","title":{"rendered":"Cargos TAE: Engenheiro-\u00c1rea"},"content":{"rendered":"\n<div class=\"wp-block-group\"><div class=\"wp-block-group__inner-container is-layout-constrained wp-block-group-is-layout-constrained\">\n<div class=\"logoTituloModelStyle\"><img class=\"size-medium wp-image-27184 alignleft\" src=\"https:\/\/wp.ufpel.edu.br\/progep\/files\/2025\/03\/logo-progep_atualizacao-nome_AZUL.png\" alt=\"\" \/><\/p>\n<div><strong>Engenheiro-\u00c1rea<\/strong><\/div>\n<\/div>\n<hr class=\"hrModelStyle\" \/>\n<div class=\"descriptionModelStyle\">Esta p\u00e1gina apresenta os dados referentes a carreira dos\/as servidores\/as.<\/div>\n<\/div><\/div>\n\n\n\n\n<div class=\"cargoDescriptionStyle\">\n<div class=\"infoCargo\">N\u00edvel de Classifica\u00e7\u00e3o:\u00a0<strong>E<\/strong><br \/>\nDenomina\u00e7\u00e3o do cargo: <strong>\u00a0Engenheiro-\u00c1rea<\/strong><br \/>\nC\u00f3digo CBO: <strong>2142<\/strong><\/div>\n<div class=\"requisitosCargo\"><span style=\"font-size: 16pt;padding-bottom: 0.5rem\"><strong>Requisitos de Qualifica\u00e7\u00e3o para Ingresso no Cargo<\/strong>:<\/span><br \/>\n<strong>Escolaridade<\/strong>: Curso superior na \u00e1rea<br \/>\n<strong>Outros<\/strong>: (&#8211;)<br \/>\n<strong>Habilita\u00e7\u00e3o Profissional:<\/strong>  Lei n\u00ba 5.194, de 24 de dezembro de 1966 &#8211; Regula o exerc\u00edcio das profiss\u00f5es de Engenheiro e Engenheiro Agr\u00f4nomo. Lei n\u00ba 8.195, de 26 de junho de 1991 &#8211; Altera a Lei n\u00ba 5.194\/66. O Decreto n\u00ba 241\/67, incluiu entre as profiss\u00f5es cujo exerc\u00edcio \u00e9 regulado pela lei n\u00ba 5.194\/66, a profiss\u00e3o de Engenheiro de Opera\u00e7\u00e3o. Registro do Conselho competente.<\/div>\n<div class=\"descSumaryCargo\"><span style=\"font-size: 16pt;font-weight: bold;padding-bottom: 0.5rem\">Descri\u00e7\u00e3o Sum\u00e1ria do Cargo:<\/span><br \/>\nDesenvolver projetos de engenharia; executar obras; planejar, or\u00e7ar e contratar empreendimentos; coordenar a opera\u00e7\u00e3o e a manuten\u00e7\u00e3o dos mesmos. Controlar a qualidade dos suprimentos e servi\u00e7os comprados e executados. Elaborar normas e documenta\u00e7\u00e3o t\u00e9cnica. Assessorar nas atividades de ensino, pesquisa e extens\u00e3o. <\/div>\n<div class=\"atividadesCargo\"><span style=\"font-size: 16pt;font-weight: bold\">Descri\u00e7\u00e3o de Atividades T\u00edpicas do Cargo:<\/span><br \/>\n\u2022 Supervisionar, coordenar e dar orienta\u00e7\u00e3o t\u00e9cnica; elaborar estudos, planejamentos, projetos e especifica\u00e7\u00f5es em geral de regi\u00f5es, zonas, cidades, obras, estruturas, transporte, explora\u00e7\u00e3o de recursos naturais e desenvolvimento da produ\u00e7\u00e3o industrial e agropecu\u00e1ria.<br \/>\n<strong>\u2022 Realizar estudos de viabilidade t\u00e9cnico-econ\u00f4mica; prestar assist\u00eancia, assessoria e consultoria; dar vistoria, per\u00edcia, avalia\u00e7\u00e3o, arbitramento, laudo e parecer t\u00e9cnico.<\/strong><br \/>\n\u2022 Desempenhar atividades de an\u00e1lise, experimenta\u00e7\u00e3o, ensaio e divulga\u00e7\u00e3o t\u00e9cnica.<br \/>\n\u2022 <strong>Elaborar or\u00e7amento; realizar atividades de padroniza\u00e7\u00e3o, mensura\u00e7\u00e3o, e controle de qualidade.<\/strong>\n\u2022 Executar e fiscalizar obras e servi\u00e7os t\u00e9cnicos; conduzir equipe de instala\u00e7\u00e3o, montagem, opera\u00e7\u00e3o, reparo ou manuten\u00e7\u00e3o.<br \/>\n<strong>\u2022 Elaborar projetos, assessorando e supervisionando a sua realiza\u00e7\u00e3o.<\/strong><br \/>\n\u2022 Orientar e controlar processo de produ\u00e7\u00e3o ou servi\u00e7o de manuten\u00e7\u00e3o.<br \/>\n<strong>\u2022 Projetar a forma de produtos industriais; instala\u00e7\u00f5es e sistemas.<\/strong><br \/>\n\u2022 Pesquisar e elaborar processos.<br \/>\n<strong>\u2022 Estudar e estabelecer m\u00e9todos de utiliza\u00e7\u00e3o eficaz e econ\u00f4mica de materiais e equipamentos, bem como de gerenciamento de pessoal.<\/strong><br \/>\n\u2022 Utilizar recursos de Inform\u00e1tica.<br \/>\n<strong>\u2022 Executar outras tarefas de mesma natureza e n\u00edvel de complexidade associadas ao ambiente organizacional.<\/strong><\/div>\n<\/div>","protected":false},"excerpt":{"rendered":"<p>Engenheiro-\u00c1rea Esta p\u00e1gina apresenta os dados referentes a carreira dos\/as servidores\/as. N\u00edvel de Classifica\u00e7\u00e3o:\u00a0E Denomina\u00e7\u00e3o do cargo: \u00a0Engenheiro-\u00c1rea C\u00f3digo CBO: 2142 Requisitos de Qualifica\u00e7\u00e3o para Ingresso no Cargo: Escolaridade: Curso superior na \u00e1rea Outros: (&#8211;) Habilita\u00e7\u00e3o Profissional: Lei n\u00ba 5.194, de 24 de dezembro de 1966 &#8211; Regula o exerc\u00edcio das profiss\u00f5es de Engenheiro e [&hellip;]<\/p>\n","protected":false},"author":21,"featured_media":0,"parent":0,"menu_order":0,"comment_status":"closed","ping_status":"closed","template":"","meta":{"footnotes":""},"class_list":["post-29524","page","type-page","status-publish","hentry"],"_links":{"self":[{"href":"https:\/\/wp.ufpel.edu.br\/progep\/wp-json\/wp\/v2\/pages\/29524","targetHints":{"allow":["GET"]}}],"collection":[{"href":"https:\/\/wp.ufpel.edu.br\/progep\/wp-json\/wp\/v2\/pages"}],"about":[{"href":"https:\/\/wp.ufpel.edu.br\/progep\/wp-json\/wp\/v2\/types\/page"}],"author":[{"embeddable":true,"href":"https:\/\/wp.ufpel.edu.br\/progep\/wp-json\/wp\/v2\/users\/21"}],"replies":[{"embeddable":true,"href":"https:\/\/wp.ufpel.edu.br\/progep\/wp-json\/wp\/v2\/comments?post=29524"}],"version-history":[{"count":6,"href":"https:\/\/wp.ufpel.edu.br\/progep\/wp-json\/wp\/v2\/pages\/29524\/revisions"}],"predecessor-version":[{"id":35476,"href":"https:\/\/wp.ufpel.edu.br\/progep\/wp-json\/wp\/v2\/pages\/29524\/revisions\/35476"}],"wp:attachment":[{"href":"https:\/\/wp.ufpel.edu.br\/progep\/wp-json\/wp\/v2\/media?parent=29524"}],"curies":[{"name":"wp","href":"https:\/\/api.w.org\/{rel}","templated":true}]}}