{"id":29520,"date":"2025-02-24T17:48:40","date_gmt":"2025-02-24T20:48:40","guid":{"rendered":"https:\/\/wp.ufpel.edu.br\/progep\/?page_id=29520"},"modified":"2025-07-28T08:48:05","modified_gmt":"2025-07-28T11:48:05","slug":"enfermeiro-area","status":"publish","type":"page","link":"https:\/\/wp.ufpel.edu.br\/progep\/enfermeiro-area\/","title":{"rendered":"\u00a0Cargos TAE: Enfermeiro-\u00c1rea"},"content":{"rendered":"\n<div class=\"wp-block-group\"><div class=\"wp-block-group__inner-container is-layout-constrained wp-block-group-is-layout-constrained\">\n<div class=\"logoTituloModelStyle\"><img class=\"size-medium wp-image-27184 alignleft\" src=\"https:\/\/wp.ufpel.edu.br\/progep\/files\/2025\/03\/logo-progep_atualizacao-nome_AZUL.png\" alt=\"\" \/><\/p>\n<div><strong>Enfermeiro-\u00c1rea<\/strong><\/div>\n<\/div>\n<hr class=\"hrModelStyle\" \/>\n<div class=\"descriptionModelStyle\">Esta p\u00e1gina apresenta os dados referentes a carreira dos\/as servidores\/as.<\/div>\n<\/div><\/div>\n\n\n\n<div class=\"cargoDescriptionStyle\">\n<div class=\"infoCargo\">N\u00edvel de Classifica\u00e7\u00e3o:\u00a0<strong>E<\/strong> <br \/>\nDenomina\u00e7\u00e3o do cargo: <strong>\u00a0Enfermeiro-\u00c1rea<\/strong> <br \/>\nC\u00f3digo CBO: <strong>2235-05<\/strong><\/div>\n<div class=\"requisitosCargo\"><span style=\"font-size: 16pt;padding-bottom: 0.5rem\"><strong>Requisitos de Qualifica\u00e7\u00e3o para Ingresso no Cargo<\/strong>:<\/span><br \/>\n<strong>Escolaridade<\/strong>: Curso superior de Enfermagem<br \/>\n<strong>Outros<\/strong>: (&#8211;)<br \/>\n<strong>Habilita\u00e7\u00e3o Profissional: <\/strong> Lei n\u00ba 7.498, de 25 de junho 1986 &#8211; Disp\u00f5e sobre a regulamenta\u00e7\u00e3o do exerc\u00edcio da Enfermagem. Decreto n\u00ba 94.406, de 08 de junho 1987 &#8211; Regulamenta a Lei n\u00ba 7.498\/86. Registro no Conselho competente<\/div>\n<div class=\"descSumaryCargo\"><span style=\"font-size: 16pt;font-weight: bold;padding-bottom: 0.5rem\">Descri\u00e7\u00e3o Sum\u00e1ria do Cargo:<\/span><br \/>\nPrestar assist\u00eancia ao paciente e\/ou usu\u00e1rio em cl\u00ednicas, hospitais, ambulat\u00f3rios, navios, postos de sa\u00fade e em domic\u00edlio, realizar consultas e procedimentos de maior complexidade e prescrevendo a\u00e7\u00f5es; implementar a\u00e7\u00f5es para a promo\u00e7\u00e3o da sa\u00fade junto \u00e0 comunidade. Assessorar nas atividades de ensino, pesquisa e extens\u00e3o. <\/div>\n<div class=\"atividadesCargo\"><span style=\"font-size: 16pt;font-weight: bold\">Descri\u00e7\u00e3o de Atividades T\u00edpicas do Cargo:<\/span><br \/>\n<strong>\u2022 Prestar assist\u00eancia ao paciente:<\/strong>\nRealizar consultas de enfermagem; prescrever a\u00e7\u00f5es de enfermagem; prestar assist\u00eancia direta a pacientes graves; realizar procedimentos de maior complexidade; solicitar exames; acionar equipe multiprofissional de sa\u00fade; registrar observa\u00e7\u00f5es, cuidados e procedimentos prestados; analisar a assist\u00eancia prestada pela equipe de enfermagem; realizar evolu\u00e7\u00e3o cl\u00ednica de pacientes.<br \/>\n<strong>\u2022 Coordenar servi\u00e7os de enfermagem:<\/strong>\nPadronizar normas e procedimentos de enfermagem; monitorar processo de trabalho; aplicar m\u00e9todos para avalia\u00e7\u00e3o de qualidade; selecionar materiais e equipamentos.<br \/>\n<strong>\u2022 Planejar a\u00e7\u00f5es de enfermagem:<\/strong>\nLevantar necessidades e problemas; diagnosticar situa\u00e7\u00e3o; identificar \u00e1reas de risco; estabelecer prioridades; elaborar projetos de a\u00e7\u00e3o; avaliar resultados.<br \/>\n<strong>\u2022 Implementar a\u00e7\u00f5es para promo\u00e7\u00e3o da sa\u00fade:<\/strong>\nParticipar de trabalhos de equipes multidisciplinares; elaborar material educativo; orientar participa\u00e7\u00e3o da comunidade em a\u00e7\u00f5es educativas; definir estrat\u00e9gias de promo\u00e7\u00e3o da sa\u00fade para situa\u00e7\u00f5es e grupos espec\u00edficos; participar de campanhas de combate aos agravos da sa\u00fade; orientar equipe para controle de infec\u00e7\u00e3o nas unidades de sa\u00fade; participar de programas e campanhas de sa\u00fade do trabalhador; participar da elabora\u00e7\u00e3o de projetos e pol\u00edticas de sa\u00fade.<br \/>\n<strong>\u2022 Comunicar-se:<\/strong>\nTrabalhar em equipe; demonstrar capacidade de lideran\u00e7a; demonstrar habilidade para negocia\u00e7\u00e3o.<br \/>\n<strong>\u2022 Utilizar recursos de Inform\u00e1tica.<\/strong><br \/>\n<strong>\u2022 Executar outras tarefas de mesma natureza e n\u00edvel de complexidade associadas ao ambiente organizacional.<\/strong><\/div>\n<\/div><\/span>","protected":false},"excerpt":{"rendered":"<p>Enfermeiro-\u00c1rea Esta p\u00e1gina apresenta os dados referentes a carreira dos\/as servidores\/as. N\u00edvel de Classifica\u00e7\u00e3o:\u00a0E Denomina\u00e7\u00e3o do cargo: \u00a0Enfermeiro-\u00c1rea C\u00f3digo CBO: 2235-05 Requisitos de Qualifica\u00e7\u00e3o para Ingresso no Cargo: Escolaridade: Curso superior de Enfermagem Outros: (&#8211;) Habilita\u00e7\u00e3o Profissional: Lei n\u00ba 7.498, de 25 de junho 1986 &#8211; Disp\u00f5e sobre a regulamenta\u00e7\u00e3o do exerc\u00edcio da Enfermagem. Decreto [&hellip;]<\/p>\n","protected":false},"author":21,"featured_media":0,"parent":0,"menu_order":0,"comment_status":"closed","ping_status":"closed","template":"","meta":{"footnotes":""},"class_list":["post-29520","page","type-page","status-publish","hentry"],"_links":{"self":[{"href":"https:\/\/wp.ufpel.edu.br\/progep\/wp-json\/wp\/v2\/pages\/29520","targetHints":{"allow":["GET"]}}],"collection":[{"href":"https:\/\/wp.ufpel.edu.br\/progep\/wp-json\/wp\/v2\/pages"}],"about":[{"href":"https:\/\/wp.ufpel.edu.br\/progep\/wp-json\/wp\/v2\/types\/page"}],"author":[{"embeddable":true,"href":"https:\/\/wp.ufpel.edu.br\/progep\/wp-json\/wp\/v2\/users\/21"}],"replies":[{"embeddable":true,"href":"https:\/\/wp.ufpel.edu.br\/progep\/wp-json\/wp\/v2\/comments?post=29520"}],"version-history":[{"count":4,"href":"https:\/\/wp.ufpel.edu.br\/progep\/wp-json\/wp\/v2\/pages\/29520\/revisions"}],"predecessor-version":[{"id":35498,"href":"https:\/\/wp.ufpel.edu.br\/progep\/wp-json\/wp\/v2\/pages\/29520\/revisions\/35498"}],"wp:attachment":[{"href":"https:\/\/wp.ufpel.edu.br\/progep\/wp-json\/wp\/v2\/media?parent=29520"}],"curies":[{"name":"wp","href":"https:\/\/api.w.org\/{rel}","templated":true}]}}