{"id":29516,"date":"2025-02-24T17:43:28","date_gmt":"2025-02-24T20:43:28","guid":{"rendered":"https:\/\/wp.ufpel.edu.br\/progep\/?page_id=29516"},"modified":"2025-06-30T16:13:27","modified_gmt":"2025-06-30T19:13:27","slug":"economista","status":"publish","type":"page","link":"https:\/\/wp.ufpel.edu.br\/progep\/economista\/","title":{"rendered":"Cargos TAE: Economista"},"content":{"rendered":"<div style=\"margin-top: -1.5rem;background: linear-gradient(90deg, rgba(241,245,249,1) 0%, rgba(226,232,240,1) 100%);border-radius: .75rem\">\n<p><img class=\"size-medium wp-image-27184 alignleft\" src=\"https:\/\/wp.ufpel.edu.br\/progep\/files\/2024\/12\/logo-1.png\" alt=\"\" width=\"400\" height=\"154\" \/><\/p>\n<div style=\"padding: 4rem 0.3rem;text-align: center\"><span style=\"font-size: 24pt\"><strong>Economista<\/strong><\/span><\/div>\n<\/div>\n<hr style=\"border-radius: 16px;border: solid gray 0.1rem;margin-bottom: 2rem\" \/>\n<p style=\"text-indent: 2.5rem;padding: 0 1rem\"><span style=\"font-family: 'comic sans ms', sans-serif;font-size: 16pt\">Esta p\u00e1gina apresenta os dados referentes a carreira dos\/as servidores\/as.<\/span><\/p>\n<div class=\"cargoDescriptionStyle\">\n<div class=\"infoCargo\"><span style=\"font-family: 'comic sans ms', sans-serif\">N\u00edvel de Classifica\u00e7\u00e3o:\u00a0<strong>E<\/strong><\/span><br \/>\n<span style=\"font-family: 'comic sans ms', sans-serif\">Denomina\u00e7\u00e3o do cargo:<br \/>\n<strong>Economista<\/strong><\/span><br \/>\n<span style=\"font-family: 'comic sans ms', sans-serif\">C\u00f3digo CBO:\u00a0<strong>2512-05<\/strong><\/span><\/div>\n<div class=\"requisitosCargo\"><span style=\"font-family: 'comic sans ms', sans-serif;font-size: 16pt;padding-bottom: 0.5rem\"><strong>Requisitos de Qualifica\u00e7\u00e3o para Ingresso no Cargo<\/strong>:<\/span><br \/>\n<span style=\"font-family: 'comic sans ms', sans-serif\"><strong>Escolaridade<\/strong>:Curso superior em Ci\u00eancias Econ\u00f4micas.<\/span><br \/>\n<span style=\"font-family: 'comic sans ms', sans-serif\"><strong>Outros<\/strong>: (&#8211;)<\/span><br \/>\n<strong><span style=\"font-family: 'comic sans ms', sans-serif\">Habilita\u00e7\u00e3o Profissional: <\/span><\/strong><span style=\"font-family: 'comic sans ms', sans-serif\">Lei n\u00ba 1.411, de 13 de agosto de 1951 \u2013 Disp\u00f5e sobre a profiss\u00e3o de Economista. Decreto n\u00ba 31.794, de 21 de no-vembro de 1952 \u2013 Disp\u00f5e sobre a regulamenta\u00e7\u00e3o do exerc\u00edcio da profis-s\u00e3o de Economista. Lei n\u00ba 6.537, de 19 de junho de 1978 &#8211; Altera dispositi-vos da Lei n\u00ba 1.411\/51. Registro no Conselho competente.<\/span><\/div>\n<div class=\"descSumaryCargo\"><span style=\"font-family: 'comic sans ms', sans-serif;font-size: 16pt;font-weight: bold;padding-bottom: 0.5rem\">Descri\u00e7\u00e3o Sum\u00e1ria do Cargo:<\/span><br \/>\n<span style=\"font-family: 'comic sans ms', sans-serif\">Analisar o ambiente econ\u00f4mico; elaborar e executar projetos de pesquisa econ\u00f4mica, de mercado e de viabilidade econ\u00f4mica, dentre outros. Participar do planejamento estrat\u00e9gico e de curto prazo e avaliar pol\u00edticas de impacto coletivo para o governo, ONG e outras organiza\u00e7\u00f5es. Gerir programa\u00e7\u00e3o econ\u00f4mico-financeira; atuar nos mercados internos e externos; examinar finan\u00e7as empresariais. Exercer media\u00e7\u00e3o, per\u00edcia e arbitragem. Assessorar nas atividades de ensino, pesquisa e extens\u00e3o. <\/span><\/div>\n<div class=\"atividadesCargo\"><span style=\"font-family: 'comic sans ms', sans-serif;font-size: 16pt;font-weight: bold\">Descri\u00e7\u00e3o de Atividades T\u00edpicas do Cargo:<\/span><br \/>\n<span style=\"font-family: 'comic sans ms', sans-serif\">\u2022 Analisar ambiente econ\u00f4mico.<\/span><strong><span style=\"font-family: 'comic sans ms', sans-serif\"><br \/>\n\u2022 Elaborar e executar projetos (pesquisa econ\u00f4mica, de mercados, viabilidade econ\u00f4mica etc).<br \/>\n<\/span><\/strong><span style=\"font-family: 'comic sans ms', sans-serif\">\u2022 Participar do planejamento estrat\u00e9gico e de curto prazo<\/span><strong><span style=\"font-family: 'comic sans ms', sans-serif\">.<br \/>\n\u2022 Avaliar pol\u00edticas de impacto coletivo (governo, ongs, outras organiza\u00e7\u00f5es).<br \/>\n<\/span><\/strong><span style=\"font-family: 'comic sans ms', sans-serif\">\u2022 Gerir programa\u00e7\u00e3o econ\u00f4mico-financeira.<\/span><strong><span style=\"font-family: 'comic sans ms', sans-serif\"><br \/>\n\u2022 Examinar finan\u00e7as empresariais e exercer media\u00e7\u00e3o, per\u00edcia e arbitragem.<br \/>\n<\/span><\/strong><span style=\"font-family: 'comic sans ms', sans-serif\">\u2022 Analisar os dados econ\u00f4micos e estat\u00edsticos coletados por diversas fontes e diferentes n\u00edveis, interpretando seu significado e os fen\u00f4menos a\u00ed retratados para decidir sua utiliza\u00e7\u00e3o nas solu\u00e7\u00f5es de problemas ou pol\u00edticas a se-rem adotadas.<\/span><strong><span style=\"font-family: 'comic sans ms', sans-serif\"><br \/>\n\u2022 Fazer previs\u00f5es de altera\u00e7\u00f5es de procura de bens e servi\u00e7os, pre\u00e7os, taxas, juros, situa\u00e7\u00e3o de mercado de trabalho e outros de interesse econ\u00f4mico, servindo-se de pesquisas, an\u00e1lises e dados estat\u00edsticos para aconselhar ou propor pol\u00edticas econ\u00f4micas adequadas \u00e0 natureza da Institui\u00e7\u00e3o \u00e0s mencionadas situa\u00e7\u00f5es.<br \/>\n<\/span><\/strong><span style=\"font-family: 'comic sans ms', sans-serif\">\u2022 Tra\u00e7ar planos econ\u00f4micos, baseando-se nos estudos e an\u00e1lises efetuados e em informes coletados sobre os aspectos conjunturais e estruturais da economia.<\/span><strong><span style=\"font-family: 'comic sans ms', sans-serif\"><br \/>\n\u2022 Utilizar recursos de Inform\u00e1tica.<br \/>\n<\/span><\/strong><span style=\"font-family: 'comic sans ms', sans-serif\">\u2022 Executar outras tarefas de mesma natureza e n\u00edvel de complexidade associadas ao ambiente organizacional.<\/span><\/div>\n<\/div>\n","protected":false},"excerpt":{"rendered":"<p>Economista Esta p\u00e1gina apresenta os dados referentes a carreira dos\/as servidores\/as. N\u00edvel de Classifica\u00e7\u00e3o:\u00a0E Denomina\u00e7\u00e3o do cargo: Economista C\u00f3digo CBO:\u00a02512-05 Requisitos de Qualifica\u00e7\u00e3o para Ingresso no Cargo: Escolaridade:Curso superior em Ci\u00eancias Econ\u00f4micas. Outros: (&#8211;) Habilita\u00e7\u00e3o Profissional: Lei n\u00ba 1.411, de 13 de agosto de 1951 \u2013 Disp\u00f5e sobre a profiss\u00e3o de Economista. Decreto n\u00ba 31.794, [&hellip;]<\/p>\n","protected":false},"author":21,"featured_media":0,"parent":0,"menu_order":0,"comment_status":"closed","ping_status":"closed","template":"","meta":{"footnotes":""},"class_list":["post-29516","page","type-page","status-publish","hentry"],"_links":{"self":[{"href":"https:\/\/wp.ufpel.edu.br\/progep\/wp-json\/wp\/v2\/pages\/29516","targetHints":{"allow":["GET"]}}],"collection":[{"href":"https:\/\/wp.ufpel.edu.br\/progep\/wp-json\/wp\/v2\/pages"}],"about":[{"href":"https:\/\/wp.ufpel.edu.br\/progep\/wp-json\/wp\/v2\/types\/page"}],"author":[{"embeddable":true,"href":"https:\/\/wp.ufpel.edu.br\/progep\/wp-json\/wp\/v2\/users\/21"}],"replies":[{"embeddable":true,"href":"https:\/\/wp.ufpel.edu.br\/progep\/wp-json\/wp\/v2\/comments?post=29516"}],"version-history":[{"count":4,"href":"https:\/\/wp.ufpel.edu.br\/progep\/wp-json\/wp\/v2\/pages\/29516\/revisions"}],"predecessor-version":[{"id":34235,"href":"https:\/\/wp.ufpel.edu.br\/progep\/wp-json\/wp\/v2\/pages\/29516\/revisions\/34235"}],"wp:attachment":[{"href":"https:\/\/wp.ufpel.edu.br\/progep\/wp-json\/wp\/v2\/media?parent=29516"}],"curies":[{"name":"wp","href":"https:\/\/api.w.org\/{rel}","templated":true}]}}