{"id":29511,"date":"2025-02-24T17:26:04","date_gmt":"2025-02-24T20:26:04","guid":{"rendered":"https:\/\/wp.ufpel.edu.br\/progep\/?page_id=29511"},"modified":"2025-07-11T16:37:05","modified_gmt":"2025-07-11T19:37:05","slug":"diretor-de-producao","status":"publish","type":"page","link":"https:\/\/wp.ufpel.edu.br\/progep\/diretor-de-producao\/","title":{"rendered":"Cargos TAE: Diretor de Produ\u00e7\u00e3o"},"content":{"rendered":"\n<div class=\"wp-block-group\"><div class=\"wp-block-group__inner-container is-layout-constrained wp-block-group-is-layout-constrained\">\n<div class=\"logoTituloModelStyle\"><img class=\"size-medium wp-image-27184 alignleft\" src=\"https:\/\/wp.ufpel.edu.br\/progep\/files\/2025\/03\/logo-progep_atualizacao-nome_AZUL.png\" alt=\"\" \/><\/p>\n<div><strong>Diretor de Produ\u00e7\u00e3o<\/strong><\/div>\n<\/div>\n<hr class=\"hrModelStyle\" \/>\n<div class=\"descriptionModelStyle\">Esta p\u00e1gina apresenta os dados referentes a carreira dos\/as servidores\/as.<\/div>\n<\/div><\/div>\n\n\n\n\n<div class=\"cargoDescriptionStyle\">\n<div class=\"infoCargo\">N\u00edvel de Classifica\u00e7\u00e3o:\u00a0<strong>E<\/strong><br \/>\nDenomina\u00e7\u00e3o do cargo: <strong>Diretor de Produ\u00e7\u00e3o<\/strong><br \/>\nC\u00f3digo CBO:\u00a0<strong>173.90<\/strong><\/div>\n<div class=\"requisitosCargo\"><span style=\"font-size: 16pt;padding-bottom: 0.5rem\"><strong>Requisitos de Qualifica\u00e7\u00e3o para Ingresso no Cargo<\/strong>:<\/span><br \/>\n<strong>Escolaridade<\/strong>: Curso superior em Comunica\u00e7\u00e3o Social, Artes Pl\u00e1sticas e Artes C\u00eanicas mais habilita\u00e7\u00e3o.<br \/>\n<strong>Outros<\/strong>: (&#8211;)<br \/>\n<strong>Habilita\u00e7\u00e3o Profissional<\/strong>.<\/div>\n<div class=\"descSumaryCargo\"><span style=\"font-size: 16pt;font-weight: bold;padding-bottom: 0.5rem\">Descri\u00e7\u00e3o Sum\u00e1ria do Cargo:<\/span><br \/>\nDirigir, criando, coordenando, supervisionando e avaliando aspectos art\u00edsticos, t\u00e9cnicos e financeiros referentes a realiza\u00e7\u00e3o de filmes, pe\u00e7as de teatro, espet\u00e1culos de dan\u00e7a, \u00f3pera e musicais, programas de televis\u00e3o e r\u00e1dio, v\u00eddeos, multim\u00eddia e pe\u00e7as publicit\u00e1rias. Assessorar nas atividades de ensino, pesquisa e extens\u00e3o<\/div>\n<div class=\"atividadesCargo\"><span style=\"font-size: 16pt;font-weight: bold\">Descri\u00e7\u00e3o de Atividades T\u00edpicas do Cargo:<\/span><br \/>\n<strong>\u2022 Dirigir realiza\u00e7\u00f5es em artes c\u00eanicas, musicais, audiovisuais e multim\u00eddia:<\/strong> Dirigir as equipes durante a realiza\u00e7\u00e3o; supervisionar a cria\u00e7\u00e3o, a pr\u00e9-produ\u00e7\u00e3o, a organiza\u00e7\u00e3o da produ\u00e7\u00e3o, a realiza\u00e7\u00e3o, a montagem, a apresenta\u00e7\u00e3o, a p\u00f3s-produ\u00e7\u00e3o e finaliza\u00e7\u00e3o; administrar o tempo da realiza\u00e7\u00e3o; conduzir o ritmo interno da obra; dirigir ensaios, atores, cen\u00e1rios e loca\u00e7\u00f5es.<br \/>\n<strong>\u2022 Criar projetos: <\/strong> Considerar o projeto do ponto de vista t\u00e9cnico, operacional, financeiro e art\u00edstico; criar o formato da obra, elaborar roteiros.<br \/> \n<strong> \u2022 Coordenar equipes: <\/strong> Coordenar equipes de produ\u00e7\u00e3o, roteiro, dire\u00e7\u00e3o de arte, dire\u00e7\u00e3o de fotografia, de som, de imagens, de m\u00fasica, de efeitos especiais, de coreografia, de figurino, de apresenta\u00e7\u00e3o.<br \/>\n<strong> \u2022 Decupar projeto: <\/strong> Realizar leitura t\u00e9cnica e est\u00e9tica do roteiro; atribuir compet\u00eancias aos diferentes setores; estabelecer e acompanhar par\u00e2metros e diretrizes para cada setor da realiza\u00e7\u00e3o; demarcar a utiliza\u00e7\u00e3o de equipamentos.<br \/>\n<strong> \u2022 Planejar produ\u00e7\u00e3o: <\/strong>Aprovar o cronograma de produ\u00e7\u00e3o; analisar as provid\u00eancias tomadas por cada setor; adequar a realiza\u00e7\u00e3o \u00e0s circunst\u00e2ncias (art\u00edsticas, t\u00e9cnicas, financeira, etc&#8230;); planejar a utiliza\u00e7\u00e3o de equipamentos e recursos t\u00e9cnicos; realizar testes t\u00e9cnicos; cumprir a grade de programa\u00e7\u00e3o.<br \/>\n<strong> \u2022 Desenvolver id\u00e9ias: <\/strong> Pesquisar temas; conceituar projetos; selecionar os temas a serem trabalhados; pesquisar as caracter\u00edsticas do p\u00fablico-alvo; selecionar material para a elabora\u00e7\u00e3o do programa; coletar informa\u00e7\u00f5es, dados; registrar a id\u00e9ia ou argumento.<br \/>\n<strong> \u2022 Comunicar-se: <\/strong> Interagir com as equipes; promover reuni\u00f5es com as equipes; disponibilizar informa\u00e7\u00f5es para a equipe; divulgar a realiza\u00e7\u00e3o na m\u00eddia; compartilhar as id\u00e9ias com a equipe. <br \/>\n <strong> \u2022 Utilizar recursos de Inform\u00e1tica.<br \/>\n\u2022 Executar outras tarefas de mesma natureza e n\u00edvel de complexidade associadas ao ambiente organizacional.\n<\/strong><\/div>\n<\/div>","protected":false},"excerpt":{"rendered":"<p>Diretor de Produ\u00e7\u00e3o Esta p\u00e1gina apresenta os dados referentes a carreira dos\/as servidores\/as. N\u00edvel de Classifica\u00e7\u00e3o:\u00a0E Denomina\u00e7\u00e3o do cargo: Diretor de Produ\u00e7\u00e3o C\u00f3digo CBO:\u00a0173.90 Requisitos de Qualifica\u00e7\u00e3o para Ingresso no Cargo: Escolaridade: Curso superior em Comunica\u00e7\u00e3o Social, Artes Pl\u00e1sticas e Artes C\u00eanicas mais habilita\u00e7\u00e3o. Outros: (&#8211;) Habilita\u00e7\u00e3o Profissional. Descri\u00e7\u00e3o Sum\u00e1ria do Cargo: Dirigir, criando, coordenando, [&hellip;]<\/p>\n","protected":false},"author":21,"featured_media":0,"parent":0,"menu_order":0,"comment_status":"closed","ping_status":"closed","template":"","meta":{"footnotes":""},"class_list":["post-29511","page","type-page","status-publish","hentry"],"_links":{"self":[{"href":"https:\/\/wp.ufpel.edu.br\/progep\/wp-json\/wp\/v2\/pages\/29511","targetHints":{"allow":["GET"]}}],"collection":[{"href":"https:\/\/wp.ufpel.edu.br\/progep\/wp-json\/wp\/v2\/pages"}],"about":[{"href":"https:\/\/wp.ufpel.edu.br\/progep\/wp-json\/wp\/v2\/types\/page"}],"author":[{"embeddable":true,"href":"https:\/\/wp.ufpel.edu.br\/progep\/wp-json\/wp\/v2\/users\/21"}],"replies":[{"embeddable":true,"href":"https:\/\/wp.ufpel.edu.br\/progep\/wp-json\/wp\/v2\/comments?post=29511"}],"version-history":[{"count":5,"href":"https:\/\/wp.ufpel.edu.br\/progep\/wp-json\/wp\/v2\/pages\/29511\/revisions"}],"predecessor-version":[{"id":35050,"href":"https:\/\/wp.ufpel.edu.br\/progep\/wp-json\/wp\/v2\/pages\/29511\/revisions\/35050"}],"wp:attachment":[{"href":"https:\/\/wp.ufpel.edu.br\/progep\/wp-json\/wp\/v2\/media?parent=29511"}],"curies":[{"name":"wp","href":"https:\/\/api.w.org\/{rel}","templated":true}]}}