{"id":29507,"date":"2025-02-24T17:00:46","date_gmt":"2025-02-24T20:00:46","guid":{"rendered":"https:\/\/wp.ufpel.edu.br\/progep\/?page_id=29507"},"modified":"2025-07-14T15:19:48","modified_gmt":"2025-07-14T18:19:48","slug":"coreografo","status":"publish","type":"page","link":"https:\/\/wp.ufpel.edu.br\/progep\/coreografo\/","title":{"rendered":"Cargos TAE: Core\u00f3grafo"},"content":{"rendered":"\n<div class=\"wp-block-group\"><div class=\"wp-block-group__inner-container is-layout-constrained wp-block-group-is-layout-constrained\">\n<div class=\"logoTituloModelStyle\"><img class=\"size-medium wp-image-27184 alignleft\" src=\"https:\/\/wp.ufpel.edu.br\/progep\/files\/2025\/03\/logo-progep_atualizacao-nome_AZUL.png\" alt=\"\" \/><\/p>\n<div><strong>Core\u00f3grafo<\/strong><\/div>\n<\/div>\n<hr class=\"hrModelStyle\" \/>\n<div class=\"descriptionModelStyle\">Esta p\u00e1gina apresenta os dados referentes a carreira dos\/as servidores\/as.<\/div>\n<\/div><\/div>\n\n\n\n\n<div class=\"cargoDescriptionStyle\">\n<div class=\"infoCargo\">N\u00edvel de Classifica\u00e7\u00e3o:\u00a0<strong>E<\/strong><br \/>\nDenomina\u00e7\u00e3o do cargo: <strong>Core\u00f3grafo<\/strong><br \/>\nC\u00f3digo CBO:\u00a0<strong>2628-15<\/strong><\/div>\n<div class=\"requisitosCargo\"><span style=\"font-size: 16pt;padding-bottom: 0.5rem\"><strong>Requisitos de Qualifica\u00e7\u00e3o para Ingresso no Cargo<\/strong>:<\/span><br \/>\n<strong>Escolaridade<\/strong>: Curso superior em Artes C\u00eanicas, Teatro ou Educa\u00e7\u00e3o F\u00edsica.<br \/>\n<strong>Outros<\/strong>: (&#8211;)<br \/>\n<strong>Habilita\u00e7\u00e3o Profissional<\/strong>.<\/div>\n<div class=\"descSumaryCargo\"><span style=\"font-size: 16pt;font-weight: bold;padding-bottom: 0.5rem\">Descri\u00e7\u00e3o Sum\u00e1ria do Cargo:<\/span> <br \/>\nConceber e concretizar projeto c\u00eanico em dan\u00e7a, realizando montagens de obras coreogr\u00e1ficas; executar apresenta\u00e7\u00f5es p\u00fablicas de dan\u00e7a e, para tanto, preparar o corpo, pesquisar movimentos, gestos, dan\u00e7a, e ensaiar coreografias. Assessorar nas atividades de ensino, pesquisa e extens\u00e3o. Assessorar nas atividades de ensino, pesquisa e extens\u00e3o.<\/div>\n<div class=\"atividadesCargo\"><span style=\"font-size: 16pt;font-weight: bold\">Descri\u00e7\u00e3o de Atividades T\u00edpicas do Cargo:<\/span> <br \/>\n<strong>\u2022 Realizar apresenta\u00e7\u00e3o p\u00fablica de dan\u00e7a: <\/strong>Supervisionar equipe de: bailarinos, ilumina\u00e7\u00e3o, multim\u00eddia, cenografia, m\u00fasica, adere\u00e7os e figurinos, maquiagem e caracteriza\u00e7\u00e3o. <br \/>\n<strong> \u2022 Conceber projeto c\u00eanico em dan\u00e7a: <\/strong> Desenvolver id\u00e9ia ou tema; escolher m\u00fasica, texto, imagens, objetos etc; levantar elementos sobre o tema a partir de v\u00e1rios meios (literatura, documenta\u00e7\u00e3o etc); improvisar movimentos; experimentar movimentos, seq\u00fc\u00eancias de movimento; criar movimentos nas variadas linguagens de dan\u00e7a; configurar roteiros e ou estruturas coreogr\u00e1ficas em movimentos; configurar elementos da dan\u00e7a (espa\u00e7o, tempo, formas, movimento, etc); selecionar t\u00e9cnicas corporais; investigar outras linguagens art\u00edsticas (teatro, cinema, circo, etc); selecionar equipe art\u00edstica; recriar passos codificados; selecionar, registrar e reelaborar gestos, passos e seq\u00fc\u00eancias; considerar o espa\u00e7o e o p\u00fablico na concep\u00e7\u00e3o c\u00eanica; conceber solu\u00e7\u00f5es c\u00eanicas; definir realiza\u00e7\u00e3o do projeto em conjunto com produ\u00e7\u00e3o executiva e dire\u00e7\u00e3o art\u00edstica. <br \/>\n<strong>\u2022 Concretizar projeto c\u00eanico realizando montagem da obra coreogr\u00e1fica:<\/strong>\nTranspor id\u00e9ias, imagens, sensa\u00e7\u00f5es em linguagem coreogr\u00e1fica; elaborar a\u00e7\u00f5es f\u00edsicas no espa\u00e7o e no tempo; construir qualidade dram\u00e1tica do e pelo movimento; expressar imagens, id\u00e9ias, narrativas na obra coreogr\u00e1fica; expressar sentimentos e sensa\u00e7\u00f5es na obra coreogr\u00e1fica; articular as partes da obra coreogr\u00e1fica; coordenar equipes de cria\u00e7\u00e3o; selecionar elenco; participar de provas de figurino, maquiagem e adere\u00e7os; participar de sess\u00f5es de registro e grava\u00e7\u00e3o de imagens; gerir projeto em conjunto com produ\u00e7\u00e3o executiva e dire\u00e7\u00e3o art\u00edstica; gerir estrat\u00e9gias de difus\u00e3o do projeto em conjunto com produ\u00e7\u00e3o e dire\u00e7\u00e3o (m\u00eddia, imprensa etc).<br \/>\n<strong>\u2022 Ensaiar coreografia:<\/strong>\nExperimentar a\u00e7\u00f5es, passos, gestos e movimentos; experimentar o uso de objetos na dan\u00e7a; transmitir proposta coreogr\u00e1fica a diferentes elencos; participar de en-saios gerais; fazer marca\u00e7\u00f5es de luz, som, cena, espa\u00e7o. <br \/>\n<strong>\u2022 Preparar o corpo para dan\u00e7a:<\/strong>\nAvaliar natureza e n\u00edvel de dificuldade dos movimentos.<br \/>\n<strong>\u2022 Pesquisar movimentos, gestos e dan\u00e7a:<\/strong> Investigar linguagens; incorporar diferentes linguagens art\u00edsticas; levantar material sobre o tema; explorar material coletado (objetos, elementos coreogr\u00e1ficos, m\u00fasi-ca etc); selecionar material coletado (objetos, elementos coreogr\u00e1ficos, m\u00fasica etc); desenvolver experimenta\u00e7\u00e3o e improvisos; estudar diferentes t\u00e9cnicas, m\u00e9to-dos e estilos art\u00edsticos; registrar processo de pesquisa desenvolvido por meio gr\u00e1fico, audiovisual etc. <br \/>\n<strong>\u2022 Utilizar recursos de Inform\u00e1tica.<\/strong><br \/>\n<strong>\u2022 Executar outras tarefas de mesma natureza e n\u00edvel de complexidade associadas ao ambiente organizacional.<\/strong><\/div>\n<\/div>","protected":false},"excerpt":{"rendered":"<p>Core\u00f3grafo Esta p\u00e1gina apresenta os dados referentes a carreira dos\/as servidores\/as. N\u00edvel de Classifica\u00e7\u00e3o:\u00a0E Denomina\u00e7\u00e3o do cargo: Core\u00f3grafo C\u00f3digo CBO:\u00a02628-15 Requisitos de Qualifica\u00e7\u00e3o para Ingresso no Cargo: Escolaridade: Curso superior em Artes C\u00eanicas, Teatro ou Educa\u00e7\u00e3o F\u00edsica. Outros: (&#8211;) Habilita\u00e7\u00e3o Profissional. Descri\u00e7\u00e3o Sum\u00e1ria do Cargo: Conceber e concretizar projeto c\u00eanico em dan\u00e7a, realizando montagens de [&hellip;]<\/p>\n","protected":false},"author":21,"featured_media":0,"parent":0,"menu_order":0,"comment_status":"closed","ping_status":"closed","template":"","meta":{"footnotes":""},"class_list":["post-29507","page","type-page","status-publish","hentry"],"_links":{"self":[{"href":"https:\/\/wp.ufpel.edu.br\/progep\/wp-json\/wp\/v2\/pages\/29507","targetHints":{"allow":["GET"]}}],"collection":[{"href":"https:\/\/wp.ufpel.edu.br\/progep\/wp-json\/wp\/v2\/pages"}],"about":[{"href":"https:\/\/wp.ufpel.edu.br\/progep\/wp-json\/wp\/v2\/types\/page"}],"author":[{"embeddable":true,"href":"https:\/\/wp.ufpel.edu.br\/progep\/wp-json\/wp\/v2\/users\/21"}],"replies":[{"embeddable":true,"href":"https:\/\/wp.ufpel.edu.br\/progep\/wp-json\/wp\/v2\/comments?post=29507"}],"version-history":[{"count":4,"href":"https:\/\/wp.ufpel.edu.br\/progep\/wp-json\/wp\/v2\/pages\/29507\/revisions"}],"predecessor-version":[{"id":35061,"href":"https:\/\/wp.ufpel.edu.br\/progep\/wp-json\/wp\/v2\/pages\/29507\/revisions\/35061"}],"wp:attachment":[{"href":"https:\/\/wp.ufpel.edu.br\/progep\/wp-json\/wp\/v2\/media?parent=29507"}],"curies":[{"name":"wp","href":"https:\/\/api.w.org\/{rel}","templated":true}]}}