{"id":29500,"date":"2025-02-24T16:51:19","date_gmt":"2025-02-24T19:51:19","guid":{"rendered":"https:\/\/wp.ufpel.edu.br\/progep\/?page_id=29500"},"modified":"2025-07-11T16:17:28","modified_gmt":"2025-07-11T19:17:28","slug":"contador","status":"publish","type":"page","link":"https:\/\/wp.ufpel.edu.br\/progep\/contador\/","title":{"rendered":"Cargos TAE: Contador"},"content":{"rendered":"\n<div class=\"wp-block-group\"><div class=\"wp-block-group__inner-container is-layout-constrained wp-block-group-is-layout-constrained\">\n<div class=\"logoTituloModelStyle\"><img class=\"size-medium wp-image-27184 alignleft\" src=\"https:\/\/wp.ufpel.edu.br\/progep\/files\/2025\/03\/logo-progep_atualizacao-nome_AZUL.png\" alt=\"\" \/><\/p>\n<div><strong>Contador<\/strong><\/div>\n<\/div>\n<hr class=\"hrModelStyle\" \/>\n<div class=\"descriptionModelStyle\">Esta p\u00e1gina apresenta os dados referentes a carreira dos\/as servidores\/as.<\/div>\n<\/div><\/div>\n\n\n\n<div class=\"cargoDescriptionStyle\">\n<div class=\"infoCargo\">N\u00edvel de Classifica\u00e7\u00e3o:\u00a0<strong>E<\/strong><br \/>\nDenomina\u00e7\u00e3o do cargo: <strong>Contador<\/strong><br \/>\nC\u00f3digo CBO:\u00a0<strong>2522-10<\/strong><\/div>\n<div class=\"requisitosCargo\"><span style=\"font-size: 16pt;padding-bottom: 0.5rem\"><strong>Requisitos de Qualifica\u00e7\u00e3o para Ingresso no Cargo<\/strong>:<\/span> <br \/>\n<strong>Escolaridade<\/strong>: Curso superior em Ci\u00eancias Cont\u00e1beis<br \/>\n<strong>Outros<\/strong>: (&#8211;)<br \/>\n<strong>Habilita\u00e7\u00e3o Profissional:<\/strong> Decreto-Lei n\u00ba 9.295, de 27 de maio de 1946 &#8211; Define as atribui\u00e7\u00f5es do Contador. Decreto-Lei n\u00ba 9.710, de 03 de setembro de 1946 &#8211; D\u00e1 nova reda\u00e7\u00e3o a dispositivos do Decreto-Lei n\u00ba 9.295\/46. Lei n\u00ba 570, de 22 de dezembro de 1948 &#8211; Altera dispositivos do Decreto-Lei n\u00ba 9.295\/46. Registro no Conselho competente.<\/div>\n<div class=\"descSumaryCargo\"><span style=\"font-size: 16pt;font-weight: bold;padding-bottom: 0.5rem\">Descri\u00e7\u00e3o Sum\u00e1ria do Cargo:<\/span><br \/>\nAdministrar os tributos; registrar atos e fatos cont\u00e1beis; controlar o ativo permanente; gerenciar custos; preparar obriga\u00e7\u00f5es acess\u00f3rias, tais como: declara\u00e7\u00f5es acess\u00f3rias ao fisco, \u00f3rg\u00e3os competentes e contribuintes e administrar o registro dos livros nos \u00f3rg\u00e3os apropriados; elaborar demonstra\u00e7\u00f5es cont\u00e1beis; prestar consultoria e informa\u00e7\u00f5es gerenciais; realizar auditoria interna e externa; atender solicita\u00e7\u00f5es de \u00f3rg\u00e3os fiscalizadores e realizar per\u00edcia. Assessorar nas atividades de ensino, pesquisa e extens\u00e3o.<\/div>\n<div class=\"atividadesCargo\"><span style=\"font-size: 16pt;font-weight: bold\">Descri\u00e7\u00e3o de Atividades T\u00edpicas do Cargo:<\/span><br \/>\n<strong>\u2022 Administrar os tributos da institui\u00e7\u00e3o:<\/strong> Apurar os impostos devidos; apontar as possibilidades de uso dos incentivos fiscais; gerar os dados para preenchimento das guias; levantar informa\u00e7\u00f5es para recupera\u00e7\u00e3o de impostos; solicitar aos \u00f3rg\u00e3os regime especial de procedimentos fiscais, municipais, estaduais e federais; identificar possibilidade de redu\u00e7\u00e3o de impostos.<br \/> \n<strong>\u2022 Registrar atos e fatos cont\u00e1beis:<\/strong> Identificar as necessidades de informa\u00e7\u00f5es da Institui\u00e7\u00e3o; estruturar plano de contas; definir procedimentos cont\u00e1beis; realizar manuten\u00e7\u00e3o do plano de contas; parametrizar aplicativos cont\u00e1beis\/fiscais e de suporte; administrar fluxo de documentos; classificar os documentos; escriturar livros fiscais e cont\u00e1beis; conciliar saldo de contas; gerar di\u00e1rio\/raz\u00e3o. <br \/> \n<strong>\u2022 Controlar o ativo permanente:<\/strong> Classificar o bem na contabilidade e no sistema patrimonial; escriturar ficha decr\u00e9dito de impostos na aquisi\u00e7\u00e3o de ativo fixo; definir a taxa de amortiza\u00e7\u00e3o, de-precia\u00e7\u00e3o e exaust\u00e3o; registrar a movimenta\u00e7\u00e3o dos ativos; realizar o controle f\u00edsi-co com o cont\u00e1bil. <br \/>\n <strong>\u2022 Gerenciar custos: <\/strong> Definir sistema de custo e rateios; estruturar centros de custo; orientar as \u00e1reas da Institui\u00e7\u00e3o sobre custos; apurar e analisar custos; confrontar as informa\u00e7\u00f5es cont\u00e1beis com custos.<br \/>\n<strong>\u2022 Preparar obriga\u00e7\u00f5es acess\u00f3rias:<\/strong> Administrar o registro dos livros nos \u00f3rg\u00e3os apropriados: disponibilizar informa\u00e7\u00f5es cadastrais aos bancos e fornecedores: preparar declara\u00e7\u00f5es acess\u00f3rias ao fisco, \u00f3rg\u00e3os competentes e contribuintes; atender a auditoria externa.<br \/>\n<strong> \u2022 Elaborar demonstra\u00e7\u00f5es cont\u00e1beis:<\/strong> Emitir balancetes; montar balan\u00e7os e demais demonstrativos cont\u00e1beis; consolidar demonstra\u00e7\u00f5es cont\u00e1beis; preparar as notas explicativas das demonstra\u00e7\u00f5es cont\u00e1beis.<br \/>\n<strong> \u2022 Prestar consultoria e informa\u00e7\u00f5es gerenciais: <\/strong> Analisar balancete cont\u00e1bil; fazer relat\u00f3rios gerenciais econ\u00f4micos e financeiros; calcular \u00edndices econ\u00f4micos e financeiros; elaborar or\u00e7amento; acompanhar a execu\u00e7\u00e3o do or\u00e7amento; analisar os relat\u00f3rios; assessorar a gest\u00e3o Instituiciorial. <br \/>\n<strong> \u2022 Atender solicita\u00e7\u00f5es de \u00f3rg\u00e3os fiscalizadores: <\/strong> Preparar documenta\u00e7\u00e3o e relat\u00f3rios auxiliares; disponibilizar documentos com controle; acompanhar os trabalhos de fiscaliza\u00e7\u00e3o; justificar os procedimentos adotados; providenciar defesa. <br \/>\n<strong> \u2022 Comunicar-se: <\/strong> Prestar informa\u00e7\u00f5es sobre balan\u00e7os. <br \/> \n<strong> \u2022 Utilizar recursos de Inform\u00e1tica. <br \/>\n\u2022 Executar outras tarefas de mesma natureza e n\u00edvel de complexidade associadas ao ambiente organizacional.<\/strong><\/div>\n<\/div>","protected":false},"excerpt":{"rendered":"<p>Contador Esta p\u00e1gina apresenta os dados referentes a carreira dos\/as servidores\/as. N\u00edvel de Classifica\u00e7\u00e3o:\u00a0E Denomina\u00e7\u00e3o do cargo: Contador C\u00f3digo CBO:\u00a02522-10 Requisitos de Qualifica\u00e7\u00e3o para Ingresso no Cargo: Escolaridade: Curso superior em Ci\u00eancias Cont\u00e1beis Outros: (&#8211;) Habilita\u00e7\u00e3o Profissional: Decreto-Lei n\u00ba 9.295, de 27 de maio de 1946 &#8211; Define as atribui\u00e7\u00f5es do Contador. Decreto-Lei n\u00ba 9.710, [&hellip;]<\/p>\n","protected":false},"author":21,"featured_media":0,"parent":0,"menu_order":0,"comment_status":"closed","ping_status":"closed","template":"","meta":{"footnotes":""},"class_list":["post-29500","page","type-page","status-publish","hentry"],"_links":{"self":[{"href":"https:\/\/wp.ufpel.edu.br\/progep\/wp-json\/wp\/v2\/pages\/29500","targetHints":{"allow":["GET"]}}],"collection":[{"href":"https:\/\/wp.ufpel.edu.br\/progep\/wp-json\/wp\/v2\/pages"}],"about":[{"href":"https:\/\/wp.ufpel.edu.br\/progep\/wp-json\/wp\/v2\/types\/page"}],"author":[{"embeddable":true,"href":"https:\/\/wp.ufpel.edu.br\/progep\/wp-json\/wp\/v2\/users\/21"}],"replies":[{"embeddable":true,"href":"https:\/\/wp.ufpel.edu.br\/progep\/wp-json\/wp\/v2\/comments?post=29500"}],"version-history":[{"count":10,"href":"https:\/\/wp.ufpel.edu.br\/progep\/wp-json\/wp\/v2\/pages\/29500\/revisions"}],"predecessor-version":[{"id":34999,"href":"https:\/\/wp.ufpel.edu.br\/progep\/wp-json\/wp\/v2\/pages\/29500\/revisions\/34999"}],"wp:attachment":[{"href":"https:\/\/wp.ufpel.edu.br\/progep\/wp-json\/wp\/v2\/media?parent=29500"}],"curies":[{"name":"wp","href":"https:\/\/api.w.org\/{rel}","templated":true}]}}