{"id":29486,"date":"2025-02-24T16:07:25","date_gmt":"2025-02-24T19:07:25","guid":{"rendered":"https:\/\/wp.ufpel.edu.br\/progep\/?page_id=29486"},"modified":"2025-06-30T16:13:12","modified_gmt":"2025-06-30T19:13:12","slug":"dietas-da-moda-tendencia-vs-ciencia-nutricional","status":"publish","type":"page","link":"https:\/\/wp.ufpel.edu.br\/progep\/dietas-da-moda-tendencia-vs-ciencia-nutricional\/","title":{"rendered":"Capacita\u00e7\u00e3o: Capacita na Web: Dietas da Moda: Tend\u00eancia vs Ci\u00eancia Nutricional"},"content":{"rendered":"<div class=\"acaoStyle\">\n<div class=\"corpoStyle\">\n<strong>Facilitador(a): <\/strong>Anne y Castro Marques (Docente da Faculdade de Nutri\u00e7\u00e3o\/UFPEL)<br \/>\n<b><\/b><\/p>\n<p><b>Modalidade:\u00a0<\/b><em>Online<\/em>.<\/p>\n<p><strong>Carga hor\u00e1ria:<\/strong> 2 horas<\/p>\n<p class=\"v1MsoNormal\"><strong>Data<\/strong>: 14 de mar\u00e7o de 2025<\/p>\n<p><strong>Hor\u00e1rio: <span style=\"font-weight: 400\">das 9h \u00e0s 11h<\/span><\/strong><\/p>\n<p class=\"v1MsoNormal\"><strong>Realiza\u00e7\u00e3o<\/strong>: Plataforma Webconf<\/p>\n<p><strong>Ementa: <\/strong>Dieta mediterr\u00e2nea; Dieta DASH; Dieta vegetariana\/vegana; Dieta low fat; Dieta low carb; Dieta cetog\u00eanica; Jejum intermitente.<\/p>\n<p class=\"v1MsoNormal\"><strong>P\u00fablico Alvo<\/strong>: Servidores\/as docentes, TAE\u2019s e trabalhadores\/as terceirizados\/as ativos\/as da UFPel*<\/p>\n<p><strong>Per\u00edodo de inscri\u00e7\u00e3o<\/strong>: de 24\/02 a 11\/03<\/p>\n<p><strong>Divulga\u00e7\u00e3o das inscri\u00e7\u00f5es homologadas<\/strong>: 12\/03**, nesta p\u00e1gina.<\/p>\n<p>*Considerando a Pol\u00edtica Nacional de Desenvolvimento de Pessoas, conforme Decreto n\u00ba 9.991\/19, somente ser\u00e3o certificados os\/as servidores\/as p\u00fablicos\/as pertencentes ao Quadro Efetivo da UFPel.<\/p>\n<p>**Quando homologadas as inscri\u00e7\u00f5es, os\/as selecionados\/as receber\u00e3o e-mail com instru\u00e7\u00f5es de acesso \u00e0 Plataforma E-projeto da UFPel.<\/p>\n<p><strong><a href=\"https:\/\/wp.ufpel.edu.br\/progep\/files\/2025\/03\/HOMOLOGACAO-Dietas-da-moda.pdf\" target=\"_blank\">Confira as inscri\u00e7\u00f5es homologadas<\/a><\/strong><\/p>\n<p><strong>Contato SFS:<\/strong>\u00a0cdp.capacita@ufpel.edu.br\n<\/div>\n<\/div>\n","protected":false},"excerpt":{"rendered":"<p>Facilitador(a): Anne y Castro Marques (Docente da Faculdade de Nutri\u00e7\u00e3o\/UFPEL) Modalidade:\u00a0Online. Carga hor\u00e1ria: 2 horas Data: 14 de mar\u00e7o de 2025 Hor\u00e1rio: das 9h \u00e0s 11h Realiza\u00e7\u00e3o: Plataforma Webconf Ementa: Dieta mediterr\u00e2nea; Dieta DASH; Dieta vegetariana\/vegana; Dieta low fat; Dieta low carb; Dieta cetog\u00eanica; Jejum intermitente. P\u00fablico Alvo: Servidores\/as docentes, TAE\u2019s e trabalhadores\/as terceirizados\/as ativos\/as [&hellip;]<\/p>\n","protected":false},"author":21,"featured_media":0,"parent":0,"menu_order":0,"comment_status":"closed","ping_status":"closed","template":"","meta":{"footnotes":""},"class_list":["post-29486","page","type-page","status-publish","hentry"],"_links":{"self":[{"href":"https:\/\/wp.ufpel.edu.br\/progep\/wp-json\/wp\/v2\/pages\/29486","targetHints":{"allow":["GET"]}}],"collection":[{"href":"https:\/\/wp.ufpel.edu.br\/progep\/wp-json\/wp\/v2\/pages"}],"about":[{"href":"https:\/\/wp.ufpel.edu.br\/progep\/wp-json\/wp\/v2\/types\/page"}],"author":[{"embeddable":true,"href":"https:\/\/wp.ufpel.edu.br\/progep\/wp-json\/wp\/v2\/users\/21"}],"replies":[{"embeddable":true,"href":"https:\/\/wp.ufpel.edu.br\/progep\/wp-json\/wp\/v2\/comments?post=29486"}],"version-history":[{"count":8,"href":"https:\/\/wp.ufpel.edu.br\/progep\/wp-json\/wp\/v2\/pages\/29486\/revisions"}],"predecessor-version":[{"id":34232,"href":"https:\/\/wp.ufpel.edu.br\/progep\/wp-json\/wp\/v2\/pages\/29486\/revisions\/34232"}],"wp:attachment":[{"href":"https:\/\/wp.ufpel.edu.br\/progep\/wp-json\/wp\/v2\/media?parent=29486"}],"curies":[{"name":"wp","href":"https:\/\/api.w.org\/{rel}","templated":true}]}}