{"id":29479,"date":"2025-02-24T15:30:09","date_gmt":"2025-02-24T18:30:09","guid":{"rendered":"https:\/\/wp.ufpel.edu.br\/progep\/?page_id=29479"},"modified":"2025-06-30T16:12:59","modified_gmt":"2025-06-30T19:12:59","slug":"projeto-mulheres-lideres","status":"publish","type":"page","link":"https:\/\/wp.ufpel.edu.br\/progep\/projeto-mulheres-lideres\/","title":{"rendered":"Capacita\u00e7\u00e3o: Programa Mulheres L\u00edderes &#8211; Mulheres na Lideran\u00e7a: Desafios, Conquistas e o Futuro da Gest\u00e3o Universit\u00e1ria"},"content":{"rendered":"<div class=\"acaoStyle\">\n<div class=\"corpoStyle\">\n<strong>Facilitadoras:\u00a0\u00a0<\/strong>Ursula Rosa da Silva (Reitora da Universidade Federal de Pelotas) e Suzane da Rocha Vieira Gon\u00e7alves (Reitora da Universidade Federal do Rio Grande)<strong><br \/>\n<\/strong><\/p>\n<p><strong>Data: <\/strong><span style=\"font-weight: 400\">13\/03\/2025 (quinta-feira)<\/span><\/p>\n<p><strong>Hor\u00e1rio: <span style=\"font-weight: 400\">das 15h \u00e0s 17h<\/span><\/strong><\/p>\n<p><strong>Modalidade: <\/strong>presencial<\/p>\n<p><strong>Local: <\/strong><span style=\"font-weight: 400\">Audit\u00f3rio da Reitoria<\/span><\/p>\n<p><strong>Ementa:\u00a0<\/strong><br \/>\n<span style=\"font-weight: 400\">O encontro abordar\u00e1 os desafios e as conquistas das mulheres em posi\u00e7\u00f5es de lideran\u00e7a no meio acad\u00eamico, com destaque para as experi\u00eancias das Reitoras da UFPEL e FURG. Ser\u00e3o discutidos os dilemas enfrentados por mulheres que ocupam cargos de decis\u00e3o, as barreiras estruturais e culturais que ainda persistem e as estrat\u00e9gias para promover uma gest\u00e3o mais inclusiva e equitativa. Al\u00e9m disso, ser\u00e3o debatidos os impactos do protagonismo feminino na educa\u00e7\u00e3o superior e o papel das universidades na constru\u00e7\u00e3o de um futuro com mais representatividade e diversidade.<\/span><\/p>\n<p><strong>P\u00fablico Alvo<\/strong>: Servidores(as) docentes, TAE\u2019s e trabalhadores(as) terceirizados(as) ativos(as) da UFPel*<\/p>\n<p><strong>Per\u00edodo de inscri\u00e7\u00e3o<\/strong>: 24\/02 a 10\/03<\/p>\n<p><strong>Divulga\u00e7\u00e3o das inscri\u00e7\u00f5es homologadas<\/strong>: 11\/03**, nesta p\u00e1gina.<\/p>\n<p>*Considerando a Pol\u00edtica Nacional de Desenvolvimento de Pessoas, conforme Decreto n\u00ba 9.991\/19, somente ser\u00e3o certificados os servidores p\u00fablicos pertencentes ao Quadro Efetivo da UFPel;<br \/>\n** Quando homologadas as inscri\u00e7\u00f5es, os selecionados receber\u00e3o e-mail de confirma\u00e7\u00e3o com instru\u00e7\u00f5es.<\/p>\n<p>Observa\u00e7\u00e3o: A homologa\u00e7\u00e3o das inscri\u00e7\u00f5es dos(as) trabalhadores(as) terceirizados ficar\u00e1 condicionada \u00e0 an\u00e1lise pr\u00e9via e manifesta\u00e7\u00e3o por parte do NUGEST\/PRA.<br \/>\n<strong><a href=\"https:\/\/wp.ufpel.edu.br\/progep\/files\/2025\/03\/Homologacao-Mulheres-Lideres.pdf\" target=\"_blank\" rel=\"noopener\">Confira a lista de homologados<\/a><\/strong><\/p>\n<p><span style=\"font-size: 14pt\"><strong>Contato:<\/strong> cdp.capacita@ufpel.edu.br<\/span><\/p>\n<\/div>\n<\/div>\n","protected":false},"excerpt":{"rendered":"<p>Facilitadoras:\u00a0\u00a0Ursula Rosa da Silva (Reitora da Universidade Federal de Pelotas) e Suzane da Rocha Vieira Gon\u00e7alves (Reitora da Universidade Federal do Rio Grande) Data: 13\/03\/2025 (quinta-feira) Hor\u00e1rio: das 15h \u00e0s 17h Modalidade: presencial Local: Audit\u00f3rio da Reitoria Ementa:\u00a0 O encontro abordar\u00e1 os desafios e as conquistas das mulheres em posi\u00e7\u00f5es de lideran\u00e7a no meio acad\u00eamico, [&hellip;]<\/p>\n","protected":false},"author":21,"featured_media":0,"parent":0,"menu_order":0,"comment_status":"closed","ping_status":"closed","template":"","meta":{"footnotes":""},"class_list":["post-29479","page","type-page","status-publish","hentry"],"_links":{"self":[{"href":"https:\/\/wp.ufpel.edu.br\/progep\/wp-json\/wp\/v2\/pages\/29479","targetHints":{"allow":["GET"]}}],"collection":[{"href":"https:\/\/wp.ufpel.edu.br\/progep\/wp-json\/wp\/v2\/pages"}],"about":[{"href":"https:\/\/wp.ufpel.edu.br\/progep\/wp-json\/wp\/v2\/types\/page"}],"author":[{"embeddable":true,"href":"https:\/\/wp.ufpel.edu.br\/progep\/wp-json\/wp\/v2\/users\/21"}],"replies":[{"embeddable":true,"href":"https:\/\/wp.ufpel.edu.br\/progep\/wp-json\/wp\/v2\/comments?post=29479"}],"version-history":[{"count":16,"href":"https:\/\/wp.ufpel.edu.br\/progep\/wp-json\/wp\/v2\/pages\/29479\/revisions"}],"predecessor-version":[{"id":34230,"href":"https:\/\/wp.ufpel.edu.br\/progep\/wp-json\/wp\/v2\/pages\/29479\/revisions\/34230"}],"wp:attachment":[{"href":"https:\/\/wp.ufpel.edu.br\/progep\/wp-json\/wp\/v2\/media?parent=29479"}],"curies":[{"name":"wp","href":"https:\/\/api.w.org\/{rel}","templated":true}]}}