{"id":29467,"date":"2025-02-24T14:38:45","date_gmt":"2025-02-24T17:38:45","guid":{"rendered":"https:\/\/wp.ufpel.edu.br\/progep\/?page_id=29467"},"modified":"2025-07-11T15:22:10","modified_gmt":"2025-07-11T18:22:10","slug":"auditor","status":"publish","type":"page","link":"https:\/\/wp.ufpel.edu.br\/progep\/auditor\/","title":{"rendered":"Cargos TAE: Auditor"},"content":{"rendered":"\n<div class=\"wp-block-group\"><div class=\"wp-block-group__inner-container is-layout-constrained wp-block-group-is-layout-constrained\">\n<div class=\"logoTituloModelStyle\"><img class=\"size-medium wp-image-27184 alignleft\" src=\"https:\/\/wp.ufpel.edu.br\/progep\/files\/2025\/03\/logo-progep_atualizacao-nome_AZUL.png\" alt=\"\" \/><\/p>\n<div><strong>Auditor<\/strong><\/div>\n<\/div>\n<hr class=\"hrModelStyle\" \/>\n<div class=\"descriptionModelStyle\">Esta p\u00e1gina apresenta os dados referentes a carreira dos\/as servidores\/as.<\/div>\n<\/div><\/div>\n\n\n\n<div class=\"cargoDescriptionStyle\">\n<div class=\"infoCargo\">N\u00edvel de Classifica\u00e7\u00e3o:\u00a0<strong>E<\/strong><br \/>\nDenomina\u00e7\u00e3o do cargo: <strong>Assistente Social<\/strong><br \/>\nC\u00f3digo CBO:\u00a0<strong>2522-05<\/strong>\n<\/div>\n<div class=\"requisitosCargo\"><span style=\"font-size: 16pt;padding-bottom: 0.5rem\"><strong>Requisitos de Qualifica\u00e7\u00e3o para Ingresso no Cargo<\/strong>:<\/span><br \/>\n<strong>Escolaridade<\/strong>: Curso Superior em Economia, Direito ou Ci\u00eancias Cont\u00e1beis.<br \/>\n<strong>Outros<\/strong>: (&#8211;)<br \/>\n<strong>Habilita\u00e7\u00e3o Profissional.<\/strong><\/div>\n<div class=\"descSumaryCargo\"><span style=\"font-size: 16pt;font-weight: bold;padding-bottom: 0.5rem\">Descri\u00e7\u00e3o Sum\u00e1ria do Cargo:<\/span><br \/>\nRealizar auditagem, acompanhar as execu\u00e7\u00f5es or\u00e7ament\u00e1rias, financeiras, patrimoniais e de pessoal. Emitir pareceres e elaborar relat\u00f3rios. Assessorar nas atividades de ensino, pesquisa e extens\u00e3o.<\/div>\n<div class=\"atividadesCargo\"><span style=\"font-size: 16pt;font-weight: bold\">Descri\u00e7\u00e3o de Atividades T\u00edpicas do Cargo:<\/span><br \/>\n\u2022 Realizar auditagem obedecendo a programas de auditoria previamente ela-borada para identificar irregularidades. <br \/>\n<strong>\u2022 Acompanhar as execu\u00e7\u00f5es or\u00e7ament\u00e1rias, financeiras e patrimoniais.<\/strong><br \/>\n\u2022 Observar o cumprimento das normas, regulamentos, plano, programas, projetos e custos para assegurar o perfeito desenvolvimento da institui\u00e7\u00e3o.<br \/>\n<strong>\u2022 Identificar os problemas existentes no cumprimento das normas de controle interno relativos as administra\u00e7\u00f5es or\u00e7ament\u00e1rias, financeiras e patrimoniais e de pessoal. <\/strong> <br \/>\n\u2022 Elaborar relat\u00f3rios parciais e globais de auditagem realizadas, assinalando as eventuais falhas encontradas para fornecer subs\u00eddios necess\u00e1rios a tomada de decis\u00f5es.<br \/>\n\u2022<strong> Emitir parecer sobre mat\u00e9ria de natureza or\u00e7ament\u00e1ria, financeira e patrimonial e de pessoal que lhe forem submetidos a exames, estudando e analisando processos para subsidiar decis\u00e3o superior.<\/strong><br \/>\n\u2022 Utilizar recursos de Inform\u00e1tica.<br \/>\n\u2022<strong> Executar outras tarefas de mesma natureza e n\u00edvel de complexidade associadas ao ambiente organizacional.<\/strong><\/div>\n<\/div>","protected":false},"excerpt":{"rendered":"<p>Auditor Esta p\u00e1gina apresenta os dados referentes a carreira dos\/as servidores\/as. N\u00edvel de Classifica\u00e7\u00e3o:\u00a0E Denomina\u00e7\u00e3o do cargo: Assistente Social C\u00f3digo CBO:\u00a02522-05 Requisitos de Qualifica\u00e7\u00e3o para Ingresso no Cargo: Escolaridade: Curso Superior em Economia, Direito ou Ci\u00eancias Cont\u00e1beis. Outros: (&#8211;) Habilita\u00e7\u00e3o Profissional. Descri\u00e7\u00e3o Sum\u00e1ria do Cargo: Realizar auditagem, acompanhar as execu\u00e7\u00f5es or\u00e7ament\u00e1rias, financeiras, patrimoniais e de [&hellip;]<\/p>\n","protected":false},"author":21,"featured_media":0,"parent":0,"menu_order":0,"comment_status":"closed","ping_status":"closed","template":"","meta":{"footnotes":""},"class_list":["post-29467","page","type-page","status-publish","hentry"],"_links":{"self":[{"href":"https:\/\/wp.ufpel.edu.br\/progep\/wp-json\/wp\/v2\/pages\/29467","targetHints":{"allow":["GET"]}}],"collection":[{"href":"https:\/\/wp.ufpel.edu.br\/progep\/wp-json\/wp\/v2\/pages"}],"about":[{"href":"https:\/\/wp.ufpel.edu.br\/progep\/wp-json\/wp\/v2\/types\/page"}],"author":[{"embeddable":true,"href":"https:\/\/wp.ufpel.edu.br\/progep\/wp-json\/wp\/v2\/users\/21"}],"replies":[{"embeddable":true,"href":"https:\/\/wp.ufpel.edu.br\/progep\/wp-json\/wp\/v2\/comments?post=29467"}],"version-history":[{"count":6,"href":"https:\/\/wp.ufpel.edu.br\/progep\/wp-json\/wp\/v2\/pages\/29467\/revisions"}],"predecessor-version":[{"id":35044,"href":"https:\/\/wp.ufpel.edu.br\/progep\/wp-json\/wp\/v2\/pages\/29467\/revisions\/35044"}],"wp:attachment":[{"href":"https:\/\/wp.ufpel.edu.br\/progep\/wp-json\/wp\/v2\/media?parent=29467"}],"curies":[{"name":"wp","href":"https:\/\/api.w.org\/{rel}","templated":true}]}}