{"id":29462,"date":"2025-02-24T14:36:17","date_gmt":"2025-02-24T17:36:17","guid":{"rendered":"https:\/\/wp.ufpel.edu.br\/progep\/?page_id=29462"},"modified":"2025-07-11T15:12:37","modified_gmt":"2025-07-11T18:12:37","slug":"assistente-social","status":"publish","type":"page","link":"https:\/\/wp.ufpel.edu.br\/progep\/assistente-social\/","title":{"rendered":"Cargos TAE: Assistente Social"},"content":{"rendered":"\n<div class=\"wp-block-group\"><div class=\"wp-block-group__inner-container is-layout-constrained wp-block-group-is-layout-constrained\">\n<div class=\"logoTituloModelStyle\"><img class=\"size-medium wp-image-27184 alignleft\" src=\"https:\/\/wp.ufpel.edu.br\/progep\/files\/2025\/03\/logo-progep_atualizacao-nome_AZUL.png\" alt=\"\" \/><\/p>\n<div><strong>Assistente Social<\/strong><\/div>\n<\/div>\n<hr class=\"hrModelStyle\" \/>\n<div class=\"descriptionModelStyle\">Esta p\u00e1gina apresenta os dados referentes a carreira dos\/as servidores\/as.<\/div>\n<\/div><\/div>\n\n\n\n\n<div class=\"cargoDescriptionStyle\">\n<div class=\"infoCargo\">N\u00edvel de Classifica\u00e7\u00e3o:\u00a0<strong>E<\/strong><br \/>\nDenomina\u00e7\u00e3o do cargo:\n<strong>Assistente Social<\/strong><br \/>\nC\u00f3digo CBO:\u00a0<strong>2516-05<\/strong><\/div>\n<div class=\"requisitosCargo\"><span style=\"font-size: 16pt;padding-bottom: 0.5rem\"><strong>Requisitos de Qualifica\u00e7\u00e3o para Ingresso no Cargo<\/strong>:<\/span>\n<strong>Escolaridade<\/strong>: Curso superior em Servi\u00e7o Social <br \/>\n<strong>Outros<\/strong>: (&#8211;)<br \/>\n<strong>Habilita\u00e7\u00e3o Profissional:<\/strong> Lei n\u00ba 8.662, de 07 de junho de 1993 &#8211; Disp\u00f5e sobre a profiss\u00e3o de Assistente Social. Registro no Conselho competente.<\/div>\n<div class=\"descSumaryCargo\"><span style=\"font-size: 16pt;font-weight: bold;padding-bottom: 0.5rem\">Descri\u00e7\u00e3o Sum\u00e1ria do Cargo:<\/span><br \/>\nPrestar servi\u00e7os sociais orientando indiv\u00edduos, fam\u00edlias, comunidade e institui\u00e7\u00f5es sobre direitos e deveres (normas, c\u00f3digos e legisla\u00e7\u00e3o), servi\u00e7os e recursos sociais e programas de educa\u00e7\u00e3o; planejar, coordenar e avaliar planos, programas e projetos sociais em diferentes \u00e1reas de atua\u00e7\u00e3o profissional (seguridade, educa\u00e7\u00e3o, trabalho, jur\u00eddica, habita\u00e7\u00e3o e outras); desempenhar tarefas administrativas e articular recursos financeiros dispon\u00edveis. Assessorar nas atividades de ensino, pesquisa e extens\u00e3o.<\/div>\n<div class=\"atividadesCargo\"><span style=\"font-size: 16pt;font-weight: bold\">Descri\u00e7\u00e3o de Atividades T\u00edpicas do Cargo:<\/span><br \/>\n<strong>\u2022 Orientar indiv\u00edduos, fam\u00edlias, grupos, comunidades e institui\u00e7\u00f5es:<\/strong> Esclarecer d\u00favidas, orientar sobre direitos e deveres, acesso a direitos institu\u00eddos, rotinas da institui\u00e7\u00e3o, cuidados especiais, servi\u00e7os e recursos sociais, normas, c\u00f3digos e legisla\u00e7\u00e3o e sobre processos, procedimentos e t\u00e9cnicas; ensinar a otimiza\u00e7\u00e3o do uso de recursos; organizar e facilitar; assessorar na elabora\u00e7\u00e3o de programas e projetos sociais; organizar cursos, palestras, reuni\u00f5es.<br \/>\n<strong>\u2022 Planejar pol\u00edticas sociais:<\/strong> Elaborar planos, programas e projetos espec\u00edficos; delimitar o problema; definir p\u00fablico-alvo, objetivos, metas e metodologia; formular propostas; estabelecer prioridades e crit\u00e9rios de atendimento; programar atividades.<br \/>\n<strong>\u2022 Pesquisar a realidade social:<\/strong> Realizar estudo s\u00f3cio-econ\u00f4mico; pesquisar interesses da popula\u00e7\u00e3o; perfil dos usu\u00e1rios; caracter\u00edsticas da \u00e1rea de atua\u00e7\u00e3o; informa\u00e7\u00f5es in loco; entidades e institui\u00e7\u00f5es; realizar pesquisas bibliogr\u00e1ficas e documentais; estudar viabilidade de projetos propostos; coletar, organizar, compilar, tabular e difundir dados.<br \/>\n<strong>\u2022 Executar procedimentos t\u00e9cnicos:<\/strong> Registrar atendimentos; informar situa\u00e7\u00f5es-problema; requisitar acomoda\u00e7\u00f5es e vagas em equipamentos sociais da IFE; formular relat\u00f3rios, pareceres t\u00e9cnicos e rotinas e procedimento; formular instrumental (formul\u00e1rios, question\u00e1rios, etc).<br \/>\n<strong>\u2022 Monitorar as a\u00e7\u00f5es em desenvolvimento:<\/strong> Acompanhar e acompanhar resultados da execu\u00e7\u00e3o de programas, projetos e planos; analisar as t\u00e9cnicas utilizadas; apurar custos; verificar atendimento dos compromissos acordados com o usu\u00e1rio; criar crit\u00e9rios e indicadores para avalia\u00e7\u00e3o; aplicar instrumentos de avalia\u00e7\u00e3o; avaliar cumprimento dos objetivos e programas, projetos e planos propostos; avaliar satisfa\u00e7\u00e3o dos usu\u00e1rios.<br \/>\n<strong>\u2022 Articular recursos dispon\u00edveis:<\/strong> Identificar equipamentos sociais dispon\u00edveis; identificar recursos financeiros dispon\u00edveis; negociar com entidades e institui\u00e7\u00f5es; formar uma rede de atendimento; identificar vagas no mercado de trabalho para coloca\u00e7\u00e3o; realocar recursos dispo-n\u00edveis; participar de comiss\u00f5es t\u00e9cnicas.<br \/>\n<strong>\u2022 Coordenar equipes e atividades:<\/strong> Coordenar projetos e grupos de trabalho; recrutar selecionar e pessoal; participar do planejamento de atividades de treinamento e avalia\u00e7\u00e3o de desempenho dos recursos humanos da institui\u00e7\u00e3o.<br \/>\n<strong>\u2022 Desempenhar tarefas administrativas:<\/strong> Providenciar documenta\u00e7\u00e3o oficial; cadastrar usu\u00e1rios, entidades e recursos; controlar fluxo de documentos; administrar recursos financeiros; controlar custos; controlar dados estat\u00edsticos.<br \/>\n<strong>\n\u2022 Utilizar recursos de Inform\u00e1tica. <br \/>\n\u2022 Executar outras tarefas de mesma natureza e n\u00edvel de complexidade associadas ao ambiente organizacional.<\/span><\/strong><\/div>\n<\/div>","protected":false},"excerpt":{"rendered":"<p>Assistente Social Esta p\u00e1gina apresenta os dados referentes a carreira dos\/as servidores\/as. N\u00edvel de Classifica\u00e7\u00e3o:\u00a0E Denomina\u00e7\u00e3o do cargo: Assistente Social C\u00f3digo CBO:\u00a02516-05 Requisitos de Qualifica\u00e7\u00e3o para Ingresso no Cargo: Escolaridade: Curso superior em Servi\u00e7o Social Outros: (&#8211;) Habilita\u00e7\u00e3o Profissional: Lei n\u00ba 8.662, de 07 de junho de 1993 &#8211; Disp\u00f5e sobre a profiss\u00e3o de Assistente [&hellip;]<\/p>\n","protected":false},"author":21,"featured_media":0,"parent":0,"menu_order":0,"comment_status":"closed","ping_status":"closed","template":"","meta":{"footnotes":""},"class_list":["post-29462","page","type-page","status-publish","hentry"],"_links":{"self":[{"href":"https:\/\/wp.ufpel.edu.br\/progep\/wp-json\/wp\/v2\/pages\/29462","targetHints":{"allow":["GET"]}}],"collection":[{"href":"https:\/\/wp.ufpel.edu.br\/progep\/wp-json\/wp\/v2\/pages"}],"about":[{"href":"https:\/\/wp.ufpel.edu.br\/progep\/wp-json\/wp\/v2\/types\/page"}],"author":[{"embeddable":true,"href":"https:\/\/wp.ufpel.edu.br\/progep\/wp-json\/wp\/v2\/users\/21"}],"replies":[{"embeddable":true,"href":"https:\/\/wp.ufpel.edu.br\/progep\/wp-json\/wp\/v2\/comments?post=29462"}],"version-history":[{"count":6,"href":"https:\/\/wp.ufpel.edu.br\/progep\/wp-json\/wp\/v2\/pages\/29462\/revisions"}],"predecessor-version":[{"id":35043,"href":"https:\/\/wp.ufpel.edu.br\/progep\/wp-json\/wp\/v2\/pages\/29462\/revisions\/35043"}],"wp:attachment":[{"href":"https:\/\/wp.ufpel.edu.br\/progep\/wp-json\/wp\/v2\/media?parent=29462"}],"curies":[{"name":"wp","href":"https:\/\/api.w.org\/{rel}","templated":true}]}}