{"id":29450,"date":"2025-02-24T11:44:52","date_gmt":"2025-02-24T14:44:52","guid":{"rendered":"https:\/\/wp.ufpel.edu.br\/progep\/?page_id=29450"},"modified":"2025-07-11T15:00:55","modified_gmt":"2025-07-11T18:00:55","slug":"arquivista","status":"publish","type":"page","link":"https:\/\/wp.ufpel.edu.br\/progep\/arquivista\/","title":{"rendered":"Cargos TAE: Arquivista"},"content":{"rendered":"\n<div class=\"wp-block-group\"><div class=\"wp-block-group__inner-container is-layout-constrained wp-block-group-is-layout-constrained\">\n<div class=\"logoTituloModelStyle\"><img class=\"size-medium wp-image-27184 alignleft\" src=\"https:\/\/wp.ufpel.edu.br\/progep\/files\/2025\/03\/logo-progep_atualizacao-nome_AZUL.png\" alt=\"\" \/><\/p>\n<div><strong>Arquivista<\/strong><\/div>\n<\/div>\n<hr class=\"hrModelStyle\" \/>\n<div class=\"descriptionModelStyle\">Esta p\u00e1gina apresenta os dados referentes a carreira dos\/as servidores\/as.<\/div>\n<\/div><\/div>\n\n\n\n<div class=\"cargoDescriptionStyle\">\n<div class=\"infoCargo\">\nN\u00edvel de Classifica\u00e7\u00e3o:\u00a0<strong>E<\/strong><br \/>\nDenomina\u00e7\u00e3o do cargo:<strong> Arquivista<\/strong><br \/>\nC\u00f3digo CBO:\u00a0<strong>2613-05<\/strong>\n<\/div>\n<div class=\"requisitosCargo\">\n<span style=\"font-size: 16pt;padding-bottom: 0.5rem\"><strong>Requisitos de Qualifica\u00e7\u00e3o para Ingresso no Cargo<\/strong>:<\/span><br \/>\n<strong>Escolaridade<\/strong>: Curso superior completo de Arquivologia<br \/>\n<strong>Outros<\/strong>: (&#8211;)<br \/>\n<strong>Habilita\u00e7\u00e3o Profissional:<\/strong> Lei n\u00ba 6.546, de 04 de julho de 1978 &#8211; Disp\u00f5e sobre a regulamenta\u00e7\u00e3o de Arquivista Decreto n\u00ba 82.590, de 6 de no-vembro de 1985.<\/div>\n<div class=\"descSumaryCargo\"><span style=\"font-size: 16pt;font-weight: bold;padding-bottom: 0.5rem\">Descri\u00e7\u00e3o Sum\u00e1ria do Cargo:<\/span><br \/>\nOrganizar documenta\u00e7\u00e3o de arquivos institucionais e pessoais, criar projetos de museus e exposi\u00e7\u00f5es, organizar acervos musicol\u00f3gicos p\u00fablicos e privados. Dar acesso \u00e0 informa\u00e7\u00e3o, conservar acervos. Preparar a\u00e7\u00f5es educativas ou culturais, planejar e realizar atividades t\u00e9cnico-administrativas, orientar implanta\u00e7\u00e3o das atividades t\u00e9cnicas. Participar da pol\u00edtica de cria\u00e7\u00e3o e implanta\u00e7\u00e3o de museus e institui\u00e7\u00f5es arquiv\u00edstica. Assessorar nas atividades de ensino, pesquisa e extens\u00e3o.<\/div>\n<div class=\"atividadesCargo\"><span style=\"font-size: 16pt;font-weight: bold\">Descri\u00e7\u00e3o de Atividades T\u00edpicas do Cargo:<\/span><br \/>\n<strong>\u2022 Organizar documenta\u00e7\u00e3o de arquivos institucionais e pessoais:<\/strong> Classificar documentos de arquivo; codificar documentos de arquivo; decidir o suporte do registro de informa\u00e7\u00e3o; descrever o do documento (Forma e conte\u00fado); registrar documentos de arquivo; elaborar tabelas de temporalidade; estabelecer crit\u00e9rios de amostragem para guarda de documentos de arquivo; descartar documentos de arquivo; classificar documentos por grau de sigilo; elaborar plano de classifica\u00e7\u00e3o; identificar fundos de arquivos; estabelecer plano de destina\u00e7\u00e3o de documentos; avaliar documenta\u00e7\u00e3o; ordenar documentos; consultar normas internacionais de descri\u00e7\u00e3o arquiv\u00edstica; gerir dep\u00f3sitos de armazenamento; identificar a produ\u00e7\u00e3o e o fluxo documental; identificar compet\u00eancias, fun\u00e7\u00f5es e atividades dos \u00f3rg\u00e3os produtores de documentos; levantar a estrutura organizacional dos \u00f3rg\u00e3os produtores de documentos; realizar pesquisa hist\u00f3rica e administrativa; transferir documentos para guarda intermedi\u00e1ria; diagnosticar a situa\u00e7\u00e3o dos ar-quivos; recolher documentos para guarda permanente; definir a tipologia do documento; acompanhar a elimina\u00e7\u00e3o do documento descartado.<br \/>\n<strong>\u2022 Dar acesso \u00e0 informa\u00e7\u00e3o:<\/strong> Atender usu\u00e1rios; formular instrumentos de pesquisa; prover bancos de dados e\/ou sistemas de recupera\u00e7\u00e3o de informa\u00e7\u00e3o; apoiar as atividades de consulta; realizar empr\u00e9stimos de documentos e acervos; autenticar reprodu\u00e7\u00e3o de documentos de arquivo; emitir certid\u00f5es sobre documentos de arquivo; fiscalizar a aplica\u00e7\u00e3o de legisla\u00e7\u00e3o de direitos autorais, a reprodu\u00e7\u00e3o e divulga\u00e7\u00e3o de imagens; orientar o usu\u00e1rio quanto ao uso dos diferentes equipamentos e bancos de dados; disponibilizar os instrumentos de pesquisa na internet; fiscalizar empr\u00e9stimos do acervo e documentos de arquivos; gerenciar atividades de consulta.<br \/>\n<strong>\u2022 Conservar acervos:<\/strong> Diagnosticar o estado de conserva\u00e7\u00e3o do acervo; estabelecer procedimentos de seguran\u00e7a do acervo; higienizar documentos\/acervos; pesquisar materiais de conserva\u00e7\u00e3o; monitorar programas de conserva\u00e7\u00e3o preventiva; orientar usu\u00e1rios e funcion\u00e1rios quanto aos procedimentos de manuseio do acervo; monitorar as condi\u00e7\u00f5es ambientais; controlar as condi\u00e7\u00f5es de transporte, embalagem, armazenagem e acondicionamento; definir especifica\u00e7\u00f5es de material de acondicionamento e armazenagem; desenvolver programas de controle preventivo de infesta\u00e7\u00f5es qu\u00edmicas e biol\u00f3gicas; acondicionar documentos\/acervos; assesso-rar o projeto arquitet\u00f4nico do arquivo; definir migra\u00e7\u00e3o para outro tipo de suporte; supervisionar trabalhos de restaura\u00e7\u00e3o; armazenar documentos\/acervos.<br \/>\n<strong>\u2022 Preparar a\u00e7\u00f5es educativas e\/ou culturais:<\/strong> Ministrar cursos e palestras; preparar visitas t\u00e9cnicas; desenvolver e coordenar a\u00e7\u00f5es educativas e\/ou culturais; preparar material educativo; participar da forma-\u00e7\u00e3o\/capacita\u00e7\u00e3o de profissionais de museus\/arquivos;.<br \/>\n<strong>\u2022 Planejar atividades t\u00e9cnico-administrativas:<\/strong> Planejar a altera\u00e7\u00e3o do suporte da informa\u00e7\u00e3o, programas de conserva\u00e7\u00e3o preventiva, a\u00e7\u00f5es educativas e\/ou culturais, sistemas de recupera\u00e7\u00e3o de informa\u00e7\u00e3o, a implanta\u00e7\u00e3o de programas de gest\u00e3o de documentos e de preven\u00e7\u00e3o de sinistros; planejar sistemas de documenta\u00e7\u00e3o musicol\u00f3gica; planejar a instala\u00e7\u00e3o de equipamentos para consulta\/reprodu\u00e7\u00e3o; planejar a implanta\u00e7\u00e3o do gerenciamento de documentos eletr\u00f4nicos e ado\u00e7\u00e3o de novas tecnologias para recupera\u00e7\u00e3o e armazenamento da informa\u00e7\u00e3o; planejar a ocupa\u00e7\u00e3o das instala\u00e7\u00f5es f\u00edsicas; administrar prazos.<br \/>\n<strong>\u2022 Orientar a implanta\u00e7\u00e3o de atividades t\u00e9cnicas:<\/strong> Implantar procedimentos de arquivo; produzir normas e procedimentos t\u00e9cnicos; autorizar a elimina\u00e7\u00e3o de documentos p\u00fablicos; produzir vocabul\u00e1rios controlados\/ thesaurus; orientar a organiza\u00e7\u00e3o de arquivos correntes; atualizar os cadastros das institui\u00e7\u00f5es; supervisionar a implanta\u00e7\u00e3o e a execu\u00e7\u00e3o do programa de gest\u00e3o de documentos; o programa de gest\u00e3o de documentos de arquivos; formar biblioteca de apoio \u00e0s atividades t\u00e9cnicas; gerar condi\u00e7\u00f5es para o gerenciamento eletr\u00f4nico de documentos; considerar aspectos jur\u00eddicos relativos a constitui\u00e7\u00e3o dos arquivos; participar de comiss\u00f5es t\u00e9cnicas.<br \/>\n<strong>\u2022 Realizar atividades t\u00e9cnico-administrativas:<\/strong> Solicitar compras de materiais e equipamentos; construir estat\u00edsticas de freq\u00fc\u00eancia e relat\u00f3rios t\u00e9cnicos; Construir laudos e pareceres t\u00e9cnicos e administrativos; solicitar a contrata\u00e7\u00e3o de servi\u00e7os de terceiros.<br \/>\n<strong>\u2022 Comunicar-se:<\/strong> Divulgar o acervo; sensibilizar para a import\u00e2ncia de arquivos; participar de palestras, conv\u00eanios e reuni\u00f5es cient\u00edficas; preparar materiais, atividades e palestras para o p\u00fablico interno; estabelecer di\u00e1logo com usu\u00e1rio; apresentar trabalhos t\u00e9cnicos e cient\u00edficos; manter interc\u00e2mbio com profissionais de Institui\u00e7\u00f5es cong\u00eaneres. <br \/>\n<strong>\u2022 Utilizar recursos de Inform\u00e1tica.<br \/>\n\u2022 Executar outras tarefas de mesma natureza e n\u00edvel de complexidade associadas ao ambiente organizacional.<\/strong><\/div>\n<\/div>","protected":false},"excerpt":{"rendered":"<p>Arquivista Esta p\u00e1gina apresenta os dados referentes a carreira dos\/as servidores\/as. N\u00edvel de Classifica\u00e7\u00e3o:\u00a0E Denomina\u00e7\u00e3o do cargo: Arquivista C\u00f3digo CBO:\u00a02613-05 Requisitos de Qualifica\u00e7\u00e3o para Ingresso no Cargo: Escolaridade: Curso superior completo de Arquivologia Outros: (&#8211;) Habilita\u00e7\u00e3o Profissional: Lei n\u00ba 6.546, de 04 de julho de 1978 &#8211; Disp\u00f5e sobre a regulamenta\u00e7\u00e3o de Arquivista Decreto n\u00ba [&hellip;]<\/p>\n","protected":false},"author":21,"featured_media":0,"parent":0,"menu_order":0,"comment_status":"closed","ping_status":"closed","template":"","meta":{"footnotes":""},"class_list":["post-29450","page","type-page","status-publish","hentry"],"_links":{"self":[{"href":"https:\/\/wp.ufpel.edu.br\/progep\/wp-json\/wp\/v2\/pages\/29450","targetHints":{"allow":["GET"]}}],"collection":[{"href":"https:\/\/wp.ufpel.edu.br\/progep\/wp-json\/wp\/v2\/pages"}],"about":[{"href":"https:\/\/wp.ufpel.edu.br\/progep\/wp-json\/wp\/v2\/types\/page"}],"author":[{"embeddable":true,"href":"https:\/\/wp.ufpel.edu.br\/progep\/wp-json\/wp\/v2\/users\/21"}],"replies":[{"embeddable":true,"href":"https:\/\/wp.ufpel.edu.br\/progep\/wp-json\/wp\/v2\/comments?post=29450"}],"version-history":[{"count":6,"href":"https:\/\/wp.ufpel.edu.br\/progep\/wp-json\/wp\/v2\/pages\/29450\/revisions"}],"predecessor-version":[{"id":35005,"href":"https:\/\/wp.ufpel.edu.br\/progep\/wp-json\/wp\/v2\/pages\/29450\/revisions\/35005"}],"wp:attachment":[{"href":"https:\/\/wp.ufpel.edu.br\/progep\/wp-json\/wp\/v2\/media?parent=29450"}],"curies":[{"name":"wp","href":"https:\/\/api.w.org\/{rel}","templated":true}]}}