{"id":29441,"date":"2025-02-24T11:36:38","date_gmt":"2025-02-24T14:36:38","guid":{"rendered":"https:\/\/wp.ufpel.edu.br\/progep\/?page_id=29441"},"modified":"2025-07-14T15:18:03","modified_gmt":"2025-07-14T18:18:03","slug":"arquiteto-e-urbanista","status":"publish","type":"page","link":"https:\/\/wp.ufpel.edu.br\/progep\/arquiteto-e-urbanista\/","title":{"rendered":"Cargos TAE: Arquiteto e Urbanista"},"content":{"rendered":"\n<div class=\"wp-block-group\"><div class=\"wp-block-group__inner-container is-layout-constrained wp-block-group-is-layout-constrained\">\n<div class=\"logoTituloModelStyle\"><img class=\"size-medium wp-image-27184 alignleft\" src=\"https:\/\/wp.ufpel.edu.br\/progep\/files\/2025\/03\/logo-progep_atualizacao-nome_AZUL.png\" alt=\"\" \/><\/p>\n<div><strong>Arquiteto e Urbanista<\/strong><\/div>\n<\/div>\n<hr class=\"hrModelStyle\" \/>\n<div class=\"descriptionModelStyle\">Esta p\u00e1gina apresenta os dados referentes a carreira dos\/as servidores\/as.<\/div>\n<\/div><\/div>\n\n\n\n\n<div class=\"cargoDescriptionStyle\">\n<div class=\"infoCargo\">N\u00edvel de Classifica\u00e7\u00e3o:\u00a0<strong>E<\/strong><br \/>\nDenomina\u00e7\u00e3o do cargo:\n<strong>Arquiteto e Urbanista<\/strong><br \/>\nC\u00f3digo CBO:\u00a0<strong>2141-25<\/strong><\/div>\n<div class=\"requisitosCargo\"><span style=\"font-size: 16pt;padding-bottom: 0.5rem\"><strong>Requisitos de Qualifica\u00e7\u00e3o para Ingresso no Cargo<\/strong>:<\/span>\n<strong>Escolaridade<\/strong>: Curso superior completo de Arquitetura<br \/>\n<strong>Outros<\/strong>: (&#8211;)<br \/>\n<strong>Habilita\u00e7\u00e3o Profissional:<\/strong> Lei n\u00ba 5.194, de 24 de dezembro de 1966 &#8211; regula o exerc\u00edcio a profiss\u00e3o de Arquiteto. Registro no Conselho competente.<\/div>\n<div class=\"descSumaryCargo\"><span style=\"font-size: 16pt;font-weight: bold;padding-bottom: 0.5rem\">Descri\u00e7\u00e3o Sum\u00e1ria do Cargo:<\/span><br \/>\nElaborar planos e projetos associados \u00e0 arquitetura em todas as suas etapas, definindo materiais, acabamentos, t\u00e9cnicas, metodologias, analisando dados e informa\u00e7\u00f5es.\nFiscalizar e executar obras e servi\u00e7os, desenvolver estudos de viabilidade financeiros, econ\u00f4micos, ambientais. Prestar servi\u00e7os de consultoria e assessoramento, bem como estabelecer pol\u00edticas de gest\u00e3o. Assessorar nas atividades de ensino, pesquisa e extens\u00e3o.<\/div>\n<div class=\"atividadesCargo\"><span style=\"font-size: 16pt;font-weight: bold\">Descri\u00e7\u00e3o de Atividades T\u00edpicas do Cargo:<\/span><br \/>\n<strong>\u2022 Elaborar planos, programas e projetos:<\/strong> Identificar necessidades do usu\u00e1rio; coletar informa\u00e7\u00f5es e dados; analisar dados e informa\u00e7\u00f5es; elaborar diagn\u00f3stico; buscar um conceito arquitet\u00f4nico compat\u00edvel com a demanda; definir conceito projetual; elaborar metodologia, estudos preliminares e alternativas; pr\u00e9-dimensionar o empreendimento proposto; compatibilizar projetos complementares; definir t\u00e9cnicas e materiais; elaborar planos diretores e setoriais, detalhamento t\u00e9cnico construtivo e or\u00e7amento do projeto; buscar aprova\u00e7\u00e3o do projeto junto aos \u00f3rg\u00e3os competentes; registrar responsabilidade t\u00e9cnica (ART); elaborar manual do usu\u00e1rio.<br \/>\n<strong>\u2022 Fiscalizar obras e servi\u00e7os:<\/strong> Assegurar fidelidade quanto ao projeto; fiscalizar obras e servi\u00e7os quanto ao anda-mento f\u00edsico, financeiro e legal; conferir medi\u00e7\u00f5es; monitorar controle de qualidade dos materiais e servi\u00e7os; ajustar projeto a imprevistos.<br \/>\n\u2022 Prestar servi\u00e7os de consultoria e assessoria:Avaliar m\u00e9todos e solu\u00e7\u00f5es t\u00e9cnicas; promover integra\u00e7\u00e3o entre comunidade e planos e entre estas e os bens edificados, programas e projetos; elaborar laudos,per\u00edcias e pareceres t\u00e9cnicos; realizar estudo de p\u00f3s-ocupa\u00e7\u00e3o; coordenar equipes de planos, programas e projetos.<br \/>\n<strong>\u2022 Gerenciar execu\u00e7\u00e3o de obras e servi\u00e7os:<\/strong> Preparar cronograma f\u00edsico e financeiro; elaborar o caderno de encargos; cumprir exig\u00eancias legais de garantia dos servi\u00e7os prestados; implementar par\u00e2metros de seguran\u00e7a; selecionar prestadores de servi\u00e7o, m\u00e3o-de-obra e fornecedores; acompanhar execu\u00e7\u00e3o de servi\u00e7os espec\u00edficos; aprovar os materiais e sistemas envolvidos na obra; efetuar medi\u00e7\u00f5es do servi\u00e7o executado; aprovar os servi\u00e7os executados; entregar a obra executada; executar reparos e servi\u00e7os de garantia da obra.<br \/>\n<strong>\u2022 Desenvolver estudos de viabilidade:<\/strong> Analisar documenta\u00e7\u00e3o do empreendimento proposto; verificar adequa\u00e7\u00e3o do projeto \u00e0 legisla\u00e7\u00e3o, condi\u00e7\u00f5es ambientais e institucionais; avaliar alternativas de implanta\u00e7\u00e3o do projeto; Identificar alternativas de operacionaliza\u00e7\u00e3o e de financiamento; elaborar relat\u00f3rios conclusivos de viabilidade.<br \/>\n<strong>\u2022 Estabelecer pol\u00edticas de gest\u00e3o:<\/strong> Assessorar formula\u00e7\u00e3o de pol\u00edticas p\u00fablicas; estabelecer diretrizes para legisla\u00e7\u00e3o Urban\u00edstica; estabelecer diretrizes para legisla\u00e7\u00e3o ambiental, preserva\u00e7\u00e3o do patrim\u00f4nio hist\u00f3rico e cultural; monitorar implementa\u00e7\u00e3o de programas, planos e pro-jetos; estabelecer programas de seguran\u00e7a, manuten\u00e7\u00e3o e controle dos espa\u00e7os e estruturas; capacitar a sociedade para participa\u00e7\u00e3o nas pol\u00edticas p\u00fablicas.<br \/>\n<strong>\u2022 Ordenar uso e ocupa\u00e7\u00e3o do territ\u00f3rio:<\/strong> Analisar e sistematizar legisla\u00e7\u00e3o existente; legisla\u00e7\u00e3o existente; definir diretrizes para uso e ocupa\u00e7\u00e3o do espa\u00e7o; monitorar a implementa\u00e7\u00e3o da legisla\u00e7\u00e3o urban\u00edstica.<br \/><strong>\u2022 Utilizar recursos de Inform\u00e1tica. <br \/>\n\u2022 Executar outras tarefas de mesma natureza e n\u00edvel de complexidade associadas ao ambiente organizacional.<\/strong><\/div>\n<\/div>","protected":false},"excerpt":{"rendered":"<p>Arquiteto e Urbanista Esta p\u00e1gina apresenta os dados referentes a carreira dos\/as servidores\/as. N\u00edvel de Classifica\u00e7\u00e3o:\u00a0E Denomina\u00e7\u00e3o do cargo: Arquiteto e Urbanista C\u00f3digo CBO:\u00a02141-25 Requisitos de Qualifica\u00e7\u00e3o para Ingresso no Cargo: Escolaridade: Curso superior completo de Arquitetura Outros: (&#8211;) Habilita\u00e7\u00e3o Profissional: Lei n\u00ba 5.194, de 24 de dezembro de 1966 &#8211; regula o exerc\u00edcio a [&hellip;]<\/p>\n","protected":false},"author":21,"featured_media":0,"parent":0,"menu_order":0,"comment_status":"closed","ping_status":"closed","template":"","meta":{"_crdt_document":"","footnotes":""},"class_list":["post-29441","page","type-page","status-publish","hentry"],"_links":{"self":[{"href":"https:\/\/wp.ufpel.edu.br\/progep\/wp-json\/wp\/v2\/pages\/29441","targetHints":{"allow":["GET"]}}],"collection":[{"href":"https:\/\/wp.ufpel.edu.br\/progep\/wp-json\/wp\/v2\/pages"}],"about":[{"href":"https:\/\/wp.ufpel.edu.br\/progep\/wp-json\/wp\/v2\/types\/page"}],"author":[{"embeddable":true,"href":"https:\/\/wp.ufpel.edu.br\/progep\/wp-json\/wp\/v2\/users\/21"}],"replies":[{"embeddable":true,"href":"https:\/\/wp.ufpel.edu.br\/progep\/wp-json\/wp\/v2\/comments?post=29441"}],"version-history":[{"count":11,"href":"https:\/\/wp.ufpel.edu.br\/progep\/wp-json\/wp\/v2\/pages\/29441\/revisions"}],"predecessor-version":[{"id":35060,"href":"https:\/\/wp.ufpel.edu.br\/progep\/wp-json\/wp\/v2\/pages\/29441\/revisions\/35060"}],"wp:attachment":[{"href":"https:\/\/wp.ufpel.edu.br\/progep\/wp-json\/wp\/v2\/media?parent=29441"}],"curies":[{"name":"wp","href":"https:\/\/api.w.org\/{rel}","templated":true}]}}