{"id":29343,"date":"2025-02-21T08:16:27","date_gmt":"2025-02-21T11:16:27","guid":{"rendered":"https:\/\/wp.ufpel.edu.br\/progep\/?page_id=29343"},"modified":"2025-07-04T12:50:31","modified_gmt":"2025-07-04T15:50:31","slug":"tecnico-de-tecnologia-da-informacao","status":"publish","type":"page","link":"https:\/\/wp.ufpel.edu.br\/progep\/tecnico-de-tecnologia-da-informacao\/","title":{"rendered":"Cargos TAE: T\u00e9cnico de Tecnologia da Informa\u00e7\u00e3o"},"content":{"rendered":"\n<div class=\"wp-block-group\"><div class=\"wp-block-group__inner-container is-layout-constrained wp-block-group-is-layout-constrained\">\n<div class=\"logoTituloModelStyle\"><img class=\"size-medium wp-image-27184 alignleft\" src=\"https:\/\/wp.ufpel.edu.br\/progep\/files\/2025\/03\/logo-progep_atualizacao-nome_AZUL.png\" alt=\"\" \/><\/p>\n<div style=\"padding: 2rem 0\"><strong>T\u00e9cnico de Tecnologia da Informa\u00e7\u00e3o<\/strong><\/div>\n<\/div>\n<hr class=\"hrModelStyle\" \/>\n<div class=\"descriptionModelStyle\">Esta p\u00e1gina apresenta os dados referentes a carreira dos\/as servidores\/as.<\/div>\n<\/div><\/div>\n\n<div class=\"cargoDescriptionStyle\">\n<div class=\"infoCargo\">N\u00edvel de Classifica\u00e7\u00e3o:\u00a0<strong>D<\/strong><br \/>Denomina\u00e7\u00e3o do cargo:<br \/><strong>T\u00e9cnico de Tecnologia da Informa\u00e7\u00e3o<\/strong><br \/>C\u00f3digo CBO:\u00a0<strong>3171-10<\/strong><\/div>\n<div class=\"requisitosCargo\">\n<strong>Requisitos de Qualifica\u00e7\u00e3o para Ingresso no Cargo<\/strong>:<br \/>\n<strong>Escolaridade<\/strong>: M\u00e9dio Profissionalizante ou M\u00e9dio Completo + Curso T\u00e9cnico em eletr\u00f4nica com \u00eanfase em sistemas computacionais<br \/><strong>Outros<\/strong>: (&#8211;)<br \/>\n<strong>Habilita\u00e7\u00e3o Profissional.<\/strong>\n<\/div>\n<div class=\"descSumaryCargo\">\n<strong>Descri\u00e7\u00e3o Sum\u00e1ria do Cargo:<\/strong><br \/>\nDesenvolver sistemas e aplica\u00e7\u00f5es, determinando interface gr\u00e1fica, crit\u00e9rios ergon\u00f4micos de navega\u00e7\u00e3o, montagem da estrutura de banco de dados e codifica\u00e7\u00e3o de programas; projetar, implantar e realizar manuten\u00e7\u00e3o de sistemas e aplica\u00e7\u00f5es; selecionar recursos de trabalho, tais como metodologias de desenvolvimento de sistemas, linguagem de programa\u00e7\u00e3o e ferramentas de desenvolvimento.<br \/>Assessorar nas atividades de ensino, pesquisa e extens\u00e3o.\n<\/div>\n<div class=\"atividadesCargo\"><strong>Descri\u00e7\u00e3o de Atividades T\u00edpicas do Cargo:<\/strong><br \/>\n\u2022 <strong>Desenvolver sistemas e aplica\u00e7\u00f5es:<\/strong><br \/>\nDesenvolver interface gr\u00e1fica; aplicar crit\u00e9rios ergon\u00f4micos de navega\u00e7\u00e3o em sistemas e aplica\u00e7\u00f5es; montar estrutura de banco de dados; codificar programas; prover sistemas de rotinas de seguran\u00e7a; compilar programas; testar programas; gerar aplicativos para instala\u00e7\u00e3o e gerenciamento de sistemas; documentar sistemas e aplica\u00e7\u00f5es.<br \/>\n\u2022 <strong>Realizar manuten\u00e7\u00e3o de sistemas e aplica\u00e7\u00f5es:<\/strong><br \/>\nAlterar sistemas e aplica\u00e7\u00f5es; alterar estrutura de armazenamento de dados; atualizar informa\u00e7\u00f5es gr\u00e1ficas e textuais; converter sistemas e aplica\u00e7\u00f5es para outras linguagens ou plataformas; atualizar documenta\u00e7\u00f5es de sistemas e aplica\u00e7\u00f5es; fornecer suporte t\u00e9cnico; monitorar desempenho e performance de sistemas e aplica\u00e7\u00f5es; implantar sistemas e aplica\u00e7\u00f5es; instalar programas; adaptar conte\u00fado para m\u00e9dias interativas; homologar sistemas e aplica\u00e7\u00f5es junto a usu\u00e1rios; treinar usu\u00e1rios; verificar resultados obtidos; avaliar objetivos e metas de projetos de sistemas e aplica\u00e7\u00f5es.<br \/>\n\u2022 <strong>Projetar sistemas e aplica\u00e7\u00f5es:<\/strong><br \/>\nIdentificar demanda de mercado; coletar dados; desenvolver leiaute de telas e relat\u00f3rios; elaborar anteprojeto, projetos conceitual, l\u00f3gico, estrutural, f\u00edsico e gr\u00e1fico; definir crit\u00e9rios ergon\u00f4micos e de navega\u00e7\u00e3o em sistemas e aplica\u00e7\u00f5es; definir interface de comunica\u00e7\u00e3o e interatividade; elaborar croquis e desenhos para gera\u00e7\u00e3o de programas em CNC; projetar dispositivos, ferramentas e posicionamento de pe\u00e7as em m\u00e1quinas; dimensionar vida \u00fatil de sistema e aplica\u00e7\u00f5es; modelar estrutura de banco de dados.<br \/>\n\u2022 <strong>Selecionar recursos de trabalho:<\/strong><br \/>\nSelecionar metodologias de desenvolvimento de sistemas; selecionar\u00a0 linguagem de programa\u00e7\u00e3o; selecionar ferramentas de desenvolvimento; especificar configura\u00e7\u00f5es de m\u00e1quinas e equipamentos (hardware); especificar m\u00e1quinas, ferramentas, acess\u00f3rios e suprimentos; compor equipe t\u00e9cnica; especificar recursos e estrat\u00e9gias de comunica\u00e7\u00e3o e comercializa\u00e7\u00e3o; solicitar consultoria t\u00e9cnica.<br \/>\n\u2022<strong> Planejar etapas e a\u00e7\u00f5es de trabalho:<\/strong><br \/>\nDefinir cronograma de trabalho; reunir-se com equipe de trabalho ou cliente; definir padroniza\u00e7\u00f5es de sistemas e aplica\u00e7\u00f5es; especificar atividades e tarefas; distribuir tarefas.<br \/>\n\u2022 <strong>Executar outras tarefas de mesma natureza e n\u00edvel de complexidade associadas ao ambiente organizacional.<\/strong>\n<\/div>\n<\/div>","protected":false},"excerpt":{"rendered":"<p>T\u00e9cnico de Tecnologia da Informa\u00e7\u00e3o Esta p\u00e1gina apresenta os dados referentes a carreira dos\/as servidores\/as. N\u00edvel de Classifica\u00e7\u00e3o:\u00a0DDenomina\u00e7\u00e3o do cargo:T\u00e9cnico de Tecnologia da Informa\u00e7\u00e3oC\u00f3digo CBO:\u00a03171-10 Requisitos de Qualifica\u00e7\u00e3o para Ingresso no Cargo: Escolaridade: M\u00e9dio Profissionalizante ou M\u00e9dio Completo + Curso T\u00e9cnico em eletr\u00f4nica com \u00eanfase em sistemas computacionaisOutros: (&#8211;) Habilita\u00e7\u00e3o Profissional. Descri\u00e7\u00e3o Sum\u00e1ria do Cargo: [&hellip;]<\/p>\n","protected":false},"author":21,"featured_media":0,"parent":0,"menu_order":0,"comment_status":"closed","ping_status":"closed","template":"","meta":{"footnotes":""},"class_list":["post-29343","page","type-page","status-publish","hentry"],"_links":{"self":[{"href":"https:\/\/wp.ufpel.edu.br\/progep\/wp-json\/wp\/v2\/pages\/29343","targetHints":{"allow":["GET"]}}],"collection":[{"href":"https:\/\/wp.ufpel.edu.br\/progep\/wp-json\/wp\/v2\/pages"}],"about":[{"href":"https:\/\/wp.ufpel.edu.br\/progep\/wp-json\/wp\/v2\/types\/page"}],"author":[{"embeddable":true,"href":"https:\/\/wp.ufpel.edu.br\/progep\/wp-json\/wp\/v2\/users\/21"}],"replies":[{"embeddable":true,"href":"https:\/\/wp.ufpel.edu.br\/progep\/wp-json\/wp\/v2\/comments?post=29343"}],"version-history":[{"count":33,"href":"https:\/\/wp.ufpel.edu.br\/progep\/wp-json\/wp\/v2\/pages\/29343\/revisions"}],"predecessor-version":[{"id":34679,"href":"https:\/\/wp.ufpel.edu.br\/progep\/wp-json\/wp\/v2\/pages\/29343\/revisions\/34679"}],"wp:attachment":[{"href":"https:\/\/wp.ufpel.edu.br\/progep\/wp-json\/wp\/v2\/media?parent=29343"}],"curies":[{"name":"wp","href":"https:\/\/api.w.org\/{rel}","templated":true}]}}