{"id":29294,"date":"2025-02-19T17:25:48","date_gmt":"2025-02-19T20:25:48","guid":{"rendered":"https:\/\/wp.ufpel.edu.br\/progep\/?page_id=29294"},"modified":"2026-03-12T18:20:09","modified_gmt":"2026-03-12T21:20:09","slug":"atribuicao-dos-cargos","status":"publish","type":"page","link":"https:\/\/wp.ufpel.edu.br\/progep\/atribuicao-dos-cargos\/","title":{"rendered":"Cargos TAE: Atribui\u00e7\u00e3o dos Cargos"},"content":{"rendered":"\n<div class=\"wp-block-group\"><div class=\"wp-block-group__inner-container is-layout-constrained wp-block-group-is-layout-constrained\">\n<div class=\"logoTituloModelStyle\"><img class=\"size-medium wp-image-27184 alignleft\" src=\"https:\/\/wp.ufpel.edu.br\/progep\/files\/2025\/03\/logo-progep_atualizacao-nome_AZUL.png\" alt=\"\" \/><\/p>\n<div><strong>Atribui\u00e7\u00e3o dos Cargos<\/strong><\/div>\n<\/div>\n<hr class=\"hrModelStyle\" \/>\n<div class=\"descriptionModelStyle\">A p\u00e1gina de <strong>Atribui\u00e7\u00e3o dos Cargos<\/strong> servir\u00e1 de cat\u00e1logo dos cargos presentes na <strong>UFPEL<\/strong>, no qual possibilitar\u00e1 a consulta de como \u00e9 descrito os cargos. Selecione abaixo o desejado.<\/div>\n<\/div><\/div>\n\n\n<div class=\"cargosAtribuicaoStyle\">\n<strong class=\"collapseomatic \" id=\"id69e7111e44347\" rel=\"-highlander\" tabindex=\"0\" title=\"Cargos de N\u00edvel A\"    >Cargos de N\u00edvel A<\/strong><div id=\"target-id69e7111e44347\" class=\"collapseomatic_content \">\n<div class=\"cargos\">\n<a href=\"https:\/\/wp.ufpel.edu.br\/progep\/cargos-tae-auxiliar-de-carpintaria\/\">Auxiliar de Carpintaria<\/a>\n<a href=\"https:\/\/wp.ufpel.edu.br\/progep\/cargos-tae-auxiliar-operacional\/\">Auxiliar Operacional<\/a>\n<a href=\"https:\/\/wp.ufpel.edu.br\/progep\/cargos-tae-operador-de-maquina-de-lavanderia\/\">Operador de Maquina de Lavanderia<\/a>\n<a href=\"https:\/\/wp.ufpel.edu.br\/progep\/cargo-tae-servente-de-limpeza\/\">Servente de Limpeza<\/a>\n<a href=\"https:\/\/wp.ufpel.edu.br\/progep\/cargo-tae-servente-de-obras\/\">Servente de Obras<\/a>\n<\/div>\n<\/div>\n<\/div>\n\n<div class=\"cargosAtribuicaoStyle\">\n<strong class=\"collapseomatic \" id=\"id69e7111e443ae\" rel=\"-highlander\" tabindex=\"0\" title=\"Cargos de N\u00edvel B\"    >Cargos de N\u00edvel B<\/strong><div id=\"target-id69e7111e443ae\" class=\"collapseomatic_content \">\n<div class=\"cargos\">\n<a href=\"https:\/\/wp.ufpel.edu.br\/progep\/cargos-tae-assistente-de-camera\/\">Assistente de C\u00e2mera<\/a>\n<a href=\"https:\/\/wp.ufpel.edu.br\/progep\/cargos-tae-assistente-de-som\/\">Assistente de Som<\/a>\n<a href=\"https:\/\/wp.ufpel.edu.br\/progep\/cargo-tae-atendente-de-consultorio-area\/\">Atendente de Consultorio-area<\/a>\n<a href=\"https:\/\/wp.ufpel.edu.br\/progep\/cargo-tae-auxiliar-de-agropecuaria\/\">Auxiliar de Agropecuaria<\/a>\n<a href=\"https:\/\/wp.ufpel.edu.br\/progep\/cargo-tae-auxiliar-de-anatomia-e-necropsia\/\">Auxiliar de Anatomia e Necropsia<\/a>\n<a href=\"https:\/\/wp.ufpel.edu.br\/progep\/cargo-tae-auxiliar-de-farmacia\/\">Auxiliar de Farmacia<\/a>\n<a href=\"https:\/\/wp.ufpel.edu.br\/progep\/cargo-tae-auxiliar-de-ind-e-conserv-de-alimentos\">Auxiliar de Ind e Conserv de Alimentos<\/a>\n<a href=\"https:\/\/wp.ufpel.edu.br\/progep\/cargo-tae-auxiliar-de-laboratorio\/\">Auxiliar de Laboratorio<\/a>\n<a href=\"https:\/\/wp.ufpel.edu.br\/progep\/cargo-tae-bombeiro-hidraulico\/\">Bombeiro Hidraulico<\/a>\n<a href=\"https:\/\/wp.ufpel.edu.br\/progep\/cargo-tae-copeiro\/\">Copeiro<\/a>\n<a href=\"https:\/\/wp.ufpel.edu.br\/progep\/cargo-tae-costureiro\/\">Costureiro<\/a>\n<a href=\"https:\/\/wp.ufpel.edu.br\/progep\/cargos-tae-jardineiro\/\">Jardineiro<\/a>\n<a href=\"https:\/\/wp.ufpel.edu.br\/progep\/cargos-tae-pintor-area\/\">Pintor-area<\/a>\n<\/div>\n<\/div>\n<\/div>\n\n\n\n\n\n\n\n<div class=\"cargosAtribuicaoStyle\">\n<strong class=\"collapseomatic \" id=\"id69e7111e443dc\" rel=\"-highlander\" tabindex=\"0\" title=\"Cargos de N\u00edvel C\"    >Cargos de N\u00edvel C<\/strong><div id=\"target-id69e7111e443dc\" class=\"collapseomatic_content \">\n<div class=\"cargos\"><a href=\"https:\/\/wp.ufpel.edu.br\/progep\/administrador-de-edificios\/\">Administrador de Edif\u00edcios<\/a>\n<a href=\"https:\/\/wp.ufpel.edu.br\/progep\/almoxarife\/\">Almoxarife<\/a>\n<a href=\"https:\/\/wp.ufpel.edu.br\/progep\/assistente-de-aluno\/\">Assistente de Aluno<\/a>\n<a href=\"https:\/\/wp.ufpel.edu.br\/progep\/assistente-de-laboratorio\/\">Assistente de Laborat\u00f3rio<\/a>\n<a href=\"https:\/\/wp.ufpel.edu.br\/progep\/assistente-de-tecnologia-da-informacao\/\">Assist. de Tec. da Informa\u00e7\u00e3o<\/a>\n<a href=\"https:\/\/wp.ufpel.edu.br\/progep\/auxiliar-de-biblioteca\/\">Auxiliar de Biblioteca<\/a> <a href=\"https:\/\/wp.ufpel.edu.br\/progep\/auxiliar-de-enfermagem\/\">Auxiliar de Enfermagem<\/a><a href=\"https:\/\/wp.ufpel.edu.br\/progep\/auxiliar-de-veterinaria-e-zootecnia\/\">Aux. de Veterin\u00e1ria e Zootecnia<\/a>\n<a href=\"https:\/\/wp.ufpel.edu.br\/progep\/auxiliar-em-administracao\/\">Aux. em Administra\u00e7\u00e3o<\/a>\n<a href=\"https:\/\/wp.ufpel.edu.br\/progep\/continuo\/\">Continuo<\/a>\n<a href=\"https:\/\/wp.ufpel.edu.br\/progep\/contra-regra\/\">Contra Regra<\/a>\n<a href=\"https:\/\/wp.ufpel.edu.br\/progep\/costureiro-de-espetaculo-cenario\/\">Costureiro de Espet\u00e1culo-Cen\u00e1rio<\/a>\n<a href=\"https:\/\/wp.ufpel.edu.br\/progep\/contramestre-oficio\/\">Contramestre-Of\u00edcio<\/a>\n<a href=\"https:\/\/wp.ufpel.edu.br\/progep\/cozinheiro\/\">Cozinheiro<\/a>\n<a href=\"https:\/\/wp.ufpel.edu.br\/progep\/fotografo\/\">Fotografo<\/a> <a href=\"https:\/\/wp.ufpel.edu.br\/progep\/impressor\/\">Impressor<\/a> <a href=\"https:\/\/wp.ufpel.edu.br\/progep\/motorista\/\">Motorista<\/a>\n<a href=\"https:\/\/wp.ufpel.edu.br\/progep\/cargos-tae-operador-de-caldeira\/\">Operador de Caldeira<\/a>\n<a href=\"https:\/\/wp.ufpel.edu.br\/progep\/operador-de-maquinas-agricolas\/\">Operador de Maq. Agr\u00edcolas<\/a>\n<a href=\"https:\/\/wp.ufpel.edu.br\/progep\/operador-de-maquina-copiadora\/\">Operador de M\u00e1quina Copiadora<\/a> <a href=\"https:\/\/wp.ufpel.edu.br\/progep\/operador-de-radio-telecomunicacoes\/\">Operador de R\u00e1dio Telecom.<\/a> \n<a href=\"https:\/\/wp.ufpel.edu.br\/progep\/cargos-tae-porteiro\/\">Porteiro<\/a>\n<a href=\"https:\/\/wp.ufpel.edu.br\/progep\/cargos-tae-telefonista\/\">Telefonista<\/a>\n<a href=\"https:\/\/wp.ufpel.edu.br\/progep\/sonoplasta\/\">Sonoplasta<\/a><\/div>\n<\/div>\n<\/div>\n\n<div class=\"cargosAtribuicaoStyle\">\n<strong class=\"collapseomatic \" id=\"id69e7111e44405\" rel=\"-highlander\" tabindex=\"0\" title=\"Cargos de N\u00edvel D\"    >Cargos de N\u00edvel D<\/strong><div id=\"target-id69e7111e44405\" class=\"collapseomatic_content \">\n<div class=\"cargos\">\n<a href=\"https:\/\/wp.ufpel.edu.br\/progep\/assistente-em-administracao\/\">Assis. em Administra\u00e7\u00e3o<\/a>\n<a href=\"https:\/\/wp.ufpel.edu.br\/progep\/diagramador\/\">Diagramador<\/a>\n<a href=\"https:\/\/wp.ufpel.edu.br\/progep\/editor-de-imagens\/\">Editor de Imagens<\/a>\n<a href=\"https:\/\/wp.ufpel.edu.br\/progep\/cargos-tae-mestre-de-edificacoes-e-infraestrutura\/\">Mestre de Edificacoes e Infraestrutura<\/a>\n<a href=\"https:\/\/wp.ufpel.edu.br\/progep\/operador-de-camera-de-cinema-e-tv\/\">Op. de C\u00e2mera de Cinema e TV<\/a> \n<a href=\"https:\/\/wp.ufpel.edu.br\/progep\/tecnico-de-laboratorio-area\/\">T\u00e9cnico de Laborat\u00f3rio \u00c1rea<\/a> \n<a href=\"https:\/\/wp.ufpel.edu.br\/progep\/tecnico-de-tecnologia-da-informacao\/\">T\u00e9c. de Tecnologia da Informa\u00e7\u00e3o<\/a> \n<a href=\"https:\/\/wp.ufpel.edu.br\/progep\/tecnico-em-agropecuaria\/\">T\u00e9cnico em Agropecu\u00e1ria<\/a>\n<a href=\"https:\/\/wp.ufpel.edu.br\/progep\/cargos-tae-tecnico-em-alimentos-e-laticinios\/\">T\u00e9cnico em Alimentos e Laticinios<\/a> \n<a href=\"https:\/\/wp.ufpel.edu.br\/progep\/tec-em-anatomia-e-necropsia\/\">T\u00e9c. em Anatomia e Necropsia<\/a>\n<a href=\"https:\/\/wp.ufpel.edu.br\/progep\/tecnico-em-arquivo\/\">T\u00e9cnico em Arquivo<\/a>\n<a href=\"https:\/\/wp.ufpel.edu.br\/progep\/tecnico-em-artes-graficas\/\">T\u00e9cnico em Artes Gr\u00e1ficas<\/a>\n<a href=\"https:\/\/wp.ufpel.edu.br\/progep\/tecnico-em-audiovisual\/\">T\u00e9cnico em Audiovisual<\/a>\n<a href=\"https:\/\/wp.ufpel.edu.br\/progep\/cargos-tae-tecnico-em-edificacoes\/\">T\u00e9cnico em Edificacoes<\/a> \n<a href=\"https:\/\/wp.ufpel.edu.br\/progep\/cargos-tae-tecnico-equipamento-medico-odontologico\/\">T\u00e9cnico Equipamento M\u00e9dico Odontol\u00f3gico<\/a> \n<a href=\"https:\/\/wp.ufpel.edu.br\/progep\/tecnico-em-contabilidade\/\">T\u00e9cnico em Contabilidade<\/a>\n<a href=\"https:\/\/wp.ufpel.edu.br\/progep\/tecnico-em-edificacoes\/\">T\u00e9cnico em Edifica\u00e7\u00f5es<\/a>\n<a href=\"https:\/\/wp.ufpel.edu.br\/progep\/tecnico-em-eletroeletronica\/\">T\u00e9cnico em Eletroeletr\u00f4nica<\/a>\n<a href=\"https:\/\/wp.ufpel.edu.br\/progep\/tecnico-em-eletromecanica\/\">T\u00e9cnico em Eletromec\u00e2nica<\/a>\n<a href=\"https:\/\/wp.ufpel.edu.br\/progep\/tecnico-em-eletronica\/\">T\u00e9cnico em Eletr\u00f4nica<\/a>\n<a href=\"https:\/\/wp.ufpel.edu.br\/progep\/tecnico-em-eletrotecnica\/\">T\u00e9cnico em Eletrot\u00e9cnica<\/a>\n<a href=\"https:\/\/wp.ufpel.edu.br\/progep\/tecnico-em-enfermagem\/\">T\u00e9cnico em Enfermagem<\/a>\n<a href=\"https:\/\/wp.ufpel.edu.br\/progep\/tecnico-em-farmacia\/\">T\u00e9cnico em Farm\u00e1cia<\/a>\n<a href=\"https:\/\/wp.ufpel.edu.br\/progep\/tecnico-em-geologia\/\">T\u00e9cnico em Geologia<\/a>\n<a href=\"https:\/\/wp.ufpel.edu.br\/progep\/tecnico-em-hidrologia\/\">T\u00e9cnico em Hidrologia<\/a>\n<a href=\"https:\/\/wp.ufpel.edu.br\/progep\/tecnico-em-higiene-dental\/\">T\u00e9cnico em Higiene Dental<\/a>\n<a href=\"https:\/\/wp.ufpel.edu.br\/progep\/tecnico-em-instrumentacao\/\">T\u00e9c. em Instrumenta\u00e7\u00e3o<\/a>\n<a href=\"https:\/\/wp.ufpel.edu.br\/progep\/tecnico-em-meteorologia\/\">T\u00e9cnico em Meteorologia<\/a>\n<a href=\"https:\/\/wp.ufpel.edu.br\/progep\/tecnico-em-musica\/\">T\u00e9cnico em M\u00fasica<\/a>\n<a href=\"https:\/\/wp.ufpel.edu.br\/progep\/tecnico-em-otica\/\">T\u00e9cnico em \u00d3tica<\/a>\n<a href=\"https:\/\/wp.ufpel.edu.br\/progep\/tecnico-em-protese-dentaria\/\">T\u00e9cnico em Pr\u00f3tese Dent\u00e1ria<\/a>\n<a href=\"https:\/\/wp.ufpel.edu.br\/progep\/tecnico-em-quimica\/\">T\u00e9cnico em Qu\u00edmica<\/a>\n<a href=\"https:\/\/wp.ufpel.edu.br\/progep\/tecnico-em-radiologia\/\">T\u00e9cnico em Radiologia<\/a>\n<a href=\"https:\/\/wp.ufpel.edu.br\/progep\/tecnico-em-restauracao\/\">T\u00e9cnico em Restaura\u00e7\u00e3o<\/a>\n<a href=\"https:\/\/wp.ufpel.edu.br\/progep\/tecnico-em-saneamento\/\">T\u00e9cnico em Saneamento<\/a>\n<a href=\"https:\/\/wp.ufpel.edu.br\/progep\/tecnico-em-seguranca-do-trabalho\/\">T\u00e9c. em Seguran\u00e7a do Trabalho<\/a>\n<a href=\"https:\/\/wp.ufpel.edu.br\/progep\/tecnico-em-som\/\">T\u00e9cnico em Som<\/a>\n<a href=\"https:\/\/wp.ufpel.edu.br\/progep\/tecnico-em-telecomunicacao\/\">T\u00e9c. em Telecomunica\u00e7\u00e3o<\/a>\n<a href=\"https:\/\/wp.ufpel.edu.br\/progep\/tecnico-em-equipamentos-medico-odontologicos\/\">T\u00e9c. Equip. M\u00e9dico Odontol\u00f3gico<\/a>\n<a href=\"https:\/\/wp.ufpel.edu.br\/progep\/tradutor-interprete-de-linguagem-de-sinais\/\">Tradutor Int. de Linguagem de Sinais<\/a>\n<a href=\"https:\/\/wp.ufpel.edu.br\/progep\/vigilante\/\">Vigilante<\/a><\/div>\n<\/div>\n<\/div>\n\n<div class=\"cargosAtribuicaoStyle\">\n<strong class=\"collapseomatic \" id=\"id69e7111e44435\" rel=\"-highlander\" tabindex=\"0\" title=\"Cargos de N\u00edvel E\"    >Cargos de N\u00edvel E<\/strong><div id=\"target-id69e7111e44435\" class=\"collapseomatic_content \">\n<div class=\"cargos\">\n\n<a href=\"https:\/\/wp.ufpel.edu.br\/progep\/administrador\/\">Administrador <\/a>\n<a href=\"https:\/\/wp.ufpel.edu.br\/progep\/analista-de-tecnologia-da-informacao\/\">Analista de Tec. da Informa\u00e7\u00e3o<\/a>\n<a href=\"https:\/\/wp.ufpel.edu.br\/progep\/arqueologo\/\"> Arque\u00f3logo<\/a>\n<a href=\"https:\/\/wp.ufpel.edu.br\/progep\/arquiteto-e-urbanista\/\"> Arquiteto e Urbanista<\/a>\n<a href=\"https:\/\/wp.ufpel.edu.br\/progep\/arquivista\/\">Arquivista<\/a>\n<a href=\"https:\/\/wp.ufpel.edu.br\/progep\/assistente-social\/\">Assistente Social<\/a>\n<a href=\"https:\/\/wp.ufpel.edu.br\/progep\/auditor\/\">Auditor<\/a>\n<a href=\"https:\/\/wp.ufpel.edu.br\/progep\/bibliotecario-documentalista\/\">Bibliotec\u00e1rio-Documentalista<\/a>\n<a href=\"https:\/\/wp.ufpel.edu.br\/progep\/biologo\/\">Bi\u00f3logo<\/a>\n<a href=\"https:\/\/wp.ufpel.edu.br\/progep\/contador\/\">Contador<\/a>\n<a href=\"https:\/\/wp.ufpel.edu.br\/progep\/coreografo\/\">Core\u00f3grafo<\/a>\n<a href=\"https:\/\/wp.ufpel.edu.br\/progep\/diretor-de-producao\/\">Diretor de Produ\u00e7\u00e3o<\/a>\n<a href=\"https:\/\/wp.ufpel.edu.br\/progep\/cargos-tae-economista\/\">Economista<\/a>\n<a href=\"https:\/\/wp.ufpel.edu.br\/progep\/enfermeiro-area\/\">Enfermeiro<\/a>\n<a href=\"https:\/\/wp.ufpel.edu.br\/progep\/engenheiro-area\/\">Engenheiro<\/a><br \/>\n<a href=\"https:\/\/wp.ufpel.edu.br\/progep\/engenheiro-agronomo\/\">Engenheiro Agron\u00f4mo<\/a>\n<a href=\"https:\/\/wp.ufpel.edu.br\/progep\/engenheiro-de-seguranca-do-trabalho\/\">Engenheiro de Seg. do Trabalho<\/a>\n<a href=\"https:\/\/wp.ufpel.edu.br\/progep\/farmaceutico-habilitacao\/\">Farmac\u00eautico<\/a>\n<a href=\"https:\/\/wp.ufpel.edu.br\/progep\/farmaceutico-bioquimico\/\">Farmac\u00eautico Bioqu\u00edmico<\/a>\n<a href=\"https:\/\/wp.ufpel.edu.br\/progep\/fisioterapeuta\/\">Fisioterapeuta<\/a>\n<a href=\"https:\/\/wp.ufpel.edu.br\/progep\/fonoaudiologo\/\">Fonoaudi\u00f3logo<\/a>\n<a href=\"https:\/\/wp.ufpel.edu.br\/progep\/geologo\/\">Ge\u00f3logo<\/a>\n<a href=\"https:\/\/wp.ufpel.edu.br\/progep\/jornalista\/\">Jornalista<\/a>\n<a href=\"https:\/\/wp.ufpel.edu.br\/progep\/medico-area\/\">M\u00e9dico-\u00c1rea<\/a>\n<a href=\"https:\/\/wp.ufpel.edu.br\/progep\/medico-veterinario\/\">M\u00e9dico Veterin\u00e1rio<\/a>\n<a href=\"https:\/\/wp.ufpel.edu.br\/progep\/meteorologista\/\">Meteorologista<\/a>\n<a href=\"https:\/\/wp.ufpel.edu.br\/progep\/museologo\/\">Muse\u00f3logo<\/a>\n<a href=\"https:\/\/wp.ufpel.edu.br\/progep\/musico\/\">M\u00fasico<\/a>\n<a href=\"https:\/\/wp.ufpel.edu.br\/progep\/nutricionista-habilitacao\/\">Nutricionista-Habilita\u00e7\u00e3o<\/a>\n<a href=\"https:\/\/wp.ufpel.edu.br\/progep\/odontologo\/\">Odont\u00f3logo<\/a>\n<a href=\"https:\/\/wp.ufpel.edu.br\/progep\/pedagogo-area\/\">Pedagogo-\u00c1rea<\/a>\n<a href=\"https:\/\/wp.ufpel.edu.br\/progep\/produtor-cultural\/\">Produtor Cultural<\/a>\n<a href=\"https:\/\/wp.ufpel.edu.br\/progep\/psicologo-area\/\">Psic\u00f3logo Area<\/a>\n<a href=\"https:\/\/wp.ufpel.edu.br\/progep\/publicitario\/\">Publicit\u00e1rio<\/a>\n<a href=\"https:\/\/wp.ufpel.edu.br\/progep\/quimico\/\">Qu\u00edmico<\/a>\n<a href=\"https:\/\/wp.ufpel.edu.br\/progep\/relacoes-publicas\/\">Rela\u00e7\u00f5es P\u00fablicas<\/a>\n<a href=\"https:\/\/wp.ufpel.edu.br\/progep\/restaurador-area\/\">Restaurador<\/a>\n<a href=\"https:\/\/wp.ufpel.edu.br\/progep\/secretario-executivo\/\">Secret\u00e1rio Executivo<\/a>\n<a href=\"https:\/\/wp.ufpel.edu.br\/progep\/tecnico-desportivo\/\">T\u00e9cnico Desportivo<\/a>\n<a href=\"https:\/\/wp.ufpel.edu.br\/progep\/tecnico-em-assuntos-educacionais\/\">T\u00e9cnico em Assuntos Educacionais<\/a>\n<a href=\"https:\/\/wp.ufpel.edu.br\/progep\/tecnologo-formacao\/\">Tecn\u00f3logo-Forma\u00e7\u00e3o<\/a>\n<a href=\"https:\/\/wp.ufpel.edu.br\/progep\/terapeuta-ocupacional\/\">Terapeuta Ocupacional<\/a>\n<a href=\"https:\/\/wp.ufpel.edu.br\/progep\/tradutor-interprete\/\">Tradutor Interpr\u00e9te<\/a>\n<a href=\"https:\/\/wp.ufpel.edu.br\/progep\/zootecnista\/\">Zootecnista<\/a><\/div>\n<\/div>\n<\/div>","protected":false},"excerpt":{"rendered":"<p>Atribui\u00e7\u00e3o dos Cargos A p\u00e1gina de Atribui\u00e7\u00e3o dos Cargos servir\u00e1 de cat\u00e1logo dos cargos presentes na UFPEL, no qual possibilitar\u00e1 a consulta de como \u00e9 descrito os cargos. Selecione abaixo o desejado.<\/p>\n","protected":false},"author":21,"featured_media":0,"parent":0,"menu_order":0,"comment_status":"closed","ping_status":"closed","template":"","meta":{"footnotes":""},"class_list":["post-29294","page","type-page","status-publish","hentry"],"_links":{"self":[{"href":"https:\/\/wp.ufpel.edu.br\/progep\/wp-json\/wp\/v2\/pages\/29294","targetHints":{"allow":["GET"]}}],"collection":[{"href":"https:\/\/wp.ufpel.edu.br\/progep\/wp-json\/wp\/v2\/pages"}],"about":[{"href":"https:\/\/wp.ufpel.edu.br\/progep\/wp-json\/wp\/v2\/types\/page"}],"author":[{"embeddable":true,"href":"https:\/\/wp.ufpel.edu.br\/progep\/wp-json\/wp\/v2\/users\/21"}],"replies":[{"embeddable":true,"href":"https:\/\/wp.ufpel.edu.br\/progep\/wp-json\/wp\/v2\/comments?post=29294"}],"version-history":[{"count":3,"href":"https:\/\/wp.ufpel.edu.br\/progep\/wp-json\/wp\/v2\/pages\/29294\/revisions"}],"predecessor-version":[{"id":40813,"href":"https:\/\/wp.ufpel.edu.br\/progep\/wp-json\/wp\/v2\/pages\/29294\/revisions\/40813"}],"wp:attachment":[{"href":"https:\/\/wp.ufpel.edu.br\/progep\/wp-json\/wp\/v2\/media?parent=29294"}],"curies":[{"name":"wp","href":"https:\/\/api.w.org\/{rel}","templated":true}]}}